{"id":335,"date":"2021-12-19T14:42:06","date_gmt":"2021-12-19T13:42:06","guid":{"rendered":"https:\/\/sites.ffkarate.fr\/hautevienne\/?page_id=335"},"modified":"2024-12-12T14:42:26","modified_gmt":"2024-12-12T13:42:26","slug":"gestion-site-cdk-87","status":"publish","type":"page","link":"https:\/\/sites.ffkarate.fr\/hautevienne\/gestion-site-cdk-87\/","title":{"rendered":"Gestion site CDK 87"},"content":{"rendered":"<div class=\"wpb-content-wrapper\"><p>[vc_row][vc_column width=\u00a0\u00bb1\/3&Prime;][\/vc_column][vc_column width=\u00a0\u00bb1\/3&Prime;][ffk_peoplecard title=\u00a0\u00bbMichel FAUGERAS\u00a0\u00bb subtitle=\u00a0\u00bbGestion SITE du CDK 87&Prime;][\/vc_column][vc_column width=\u00a0\u00bb1\/3&Prime;][\/vc_column][\/vc_row][vc_row][vc_column][vc_column_text]<strong>RAPPEL pour les publications des stages\u00a0 =&gt;<\/strong><\/p>\n<p>Les clubs sont libres d&rsquo;organiser les stages qu&rsquo;ils souhaitent, avec les intervenants qu&rsquo;ils d\u00e9sirent.<\/p>\n<p>Cependant, <strong>et apr\u00e8s validation par le Comit\u00e9 D\u00e9partemental de la Haute-Vienne de Karat\u00e9 (CDK 87)<\/strong>, pour figurer sur le pr\u00e9sent site \u00a0<strong>les r\u00e8gles suivantes doivent \u00eatre connues et respect\u00e9es<\/strong>:<\/p>\n<p>1\/ <strong>Les intervenants<\/strong> doivent <strong>\u00eatre en conformit\u00e9 <\/strong>avec <strong>la F\u00e9d\u00e9ration .<\/strong><\/p>\n<p>2\/ Lorsque les <strong>stages<\/strong> sont <strong>hors F\u00e9d\u00e9ration<\/strong>, <strong>l\u2019assurance responsabilit\u00e9 civile du club (donc de la F\u00e9d\u00e9ration) ne fonctionne pas en cas de probl\u00e8mes<\/strong>. <strong>Cette information est importante<\/strong>.<\/p>\n<p>3\/ <strong>Pour \u00eatre admise et publi\u00e9e sur le site<\/strong>, toute affiche d&rsquo;information\u00a0 doit imp\u00e9rativement <strong>\u00eatre dot\u00e9e<\/strong> du <strong>logo type de reconnaissance du CDK 87.<\/strong><\/p>\n<p>4\/ <strong>T\u00e9l\u00e9chargement<\/strong> du logo <a href=\"https:\/\/sites.ffkarate.fr\/hautevienne\/wp-content\/uploads\/sites\/142\/2021\/12\/cropped-C_RVB_HAUTEVIENNE.png\"><strong>ICI<\/strong><\/a>[\/vc_column_text][\/vc_column][\/vc_row]<\/p>\n<\/div>","protected":false},"excerpt":{"rendered":"<p>[vc_row][vc_column width=\u00a0\u00bb1\/3&Prime;][\/vc_column][vc_column width=\u00a0\u00bb1\/3&Prime;][ffk_peoplecard title=\u00a0\u00bbMichel FAUGERAS\u00a0\u00bb subtitle=\u00a0\u00bbGestion SITE du CDK 87&Prime;][\/vc_column][vc_column width=\u00a0\u00bb1\/3&Prime;][\/vc_column][\/vc_row][vc_row][vc_column][vc_column_text]RAPPEL pour les publications des stages\u00a0 =&gt; Les clubs sont libres d&rsquo;organiser les stages qu&rsquo;ils souhaitent, avec les intervenants qu&rsquo;ils d\u00e9sirent. Cependant, et apr\u00e8s validation par le Comit\u00e9 D\u00e9partemental de la Haute-Vienne de Karat\u00e9 (CDK 87), pour figurer sur le pr\u00e9sent site \u00a0les r\u00e8gles suivantes [&hellip;]<\/p>\n","protected":false},"author":210,"featured_media":0,"parent":0,"menu_order":0,"comment_status":"closed","ping_status":"closed","template":"","meta":{"footnotes":""},"class_list":["post-335","page","type-page","status-publish","hentry"],"_links":{"self":[{"href":"https:\/\/sites.ffkarate.fr\/hautevienne\/wp-json\/wp\/v2\/pages\/335","targetHints":{"allow":["GET"]}}],"collection":[{"href":"https:\/\/sites.ffkarate.fr\/hautevienne\/wp-json\/wp\/v2\/pages"}],"about":[{"href":"https:\/\/sites.ffkarate.fr\/hautevienne\/wp-json\/wp\/v2\/types\/page"}],"author":[{"embeddable":true,"href":"https:\/\/sites.ffkarate.fr\/hautevienne\/wp-json\/wp\/v2\/users\/210"}],"replies":[{"embeddable":true,"href":"https:\/\/sites.ffkarate.fr\/hautevienne\/wp-json\/wp\/v2\/comments?post=335"}],"version-history":[{"count":10,"href":"https:\/\/sites.ffkarate.fr\/hautevienne\/wp-json\/wp\/v2\/pages\/335\/revisions"}],"predecessor-version":[{"id":2278,"href":"https:\/\/sites.ffkarate.fr\/hautevienne\/wp-json\/wp\/v2\/pages\/335\/revisions\/2278"}],"wp:attachment":[{"href":"https:\/\/sites.ffkarate.fr\/hautevienne\/wp-json\/wp\/v2\/media?parent=335"}],"curies":[{"name":"wp","href":"https:\/\/api.w.org\/{rel}","templated":true}]}}