{"id":376,"date":"2021-12-20T15:35:14","date_gmt":"2021-12-20T14:35:14","guid":{"rendered":"https:\/\/sites.ffkarate.fr\/hautevienne\/?page_id=376"},"modified":"2022-01-08T19:32:02","modified_gmt":"2022-01-08T18:32:02","slug":"technique","status":"publish","type":"page","link":"https:\/\/sites.ffkarate.fr\/hautevienne\/technique\/","title":{"rendered":"Technique"},"content":{"rendered":"<div class=\"wpb-content-wrapper\"><p>[vc_row][vc_column][vc_column_text]<strong>DIRECTEUR TECHNIQUE DEPARTEMENTAL<\/strong><\/p>\n<p><strong>Daniel THOMAS<\/strong><\/p>\n<p>&nbsp;<\/p>\n<p><em>Le Directeur Technique D\u00e9partemental, Daniel THOMAS, consid\u00e8re sa mission comme une possibilit\u00e9 d&rsquo;ouverture \u00e0 toutes les propositions, initiatives, id\u00e9es susceptibles de favoriser le d\u00e9veloppement de notre discipline. Il fera en sorte, avec l&rsquo;aide des diff\u00e9rentes commissions, que le Comit\u00e9 D\u00e9partemental Karat\u00e9 Haute-Vienne soit un lien fort entre tous les pratiquants.<\/em><\/p>\n<p>&nbsp;<\/p>\n<p><strong>MISSIONS<\/strong><\/p>\n<p>La Direction Technique D\u00e9partementale est le point pivot du Comit\u00e9 D\u00e9partemental entre les \u00ab\u00a0\u00e9lus\u00a0\u00bb et les responsables des commissions techniques et les pratiquants.<\/p>\n<p>Le Directeur Technique D\u00e9partemental a pour vocation de mettre en place, avec l&rsquo;aide des commissions et des membres du Comit\u00e9 Directeur, les moyens techniques et humains pour remplir les objectifs de d\u00e9veloppement fix\u00e9s par l&rsquo;ensemble du Comit\u00e9 D\u00e9partemental.<\/p>\n<p>Pour l&rsquo;aider dans ses missions, le Directeur Technique D\u00e9partemental s&rsquo;appuie sur les diverses commissions techniques mises en place dans les domaines pr\u00e9cis tels que l&rsquo;arbitrage, la formations, les grades, les disciplines associ\u00e9es et le sport-sant\u00e9.[\/vc_column_text][\/vc_column][\/vc_row]<\/p>\n<\/div>","protected":false},"excerpt":{"rendered":"<p>[vc_row][vc_column][vc_column_text]DIRECTEUR TECHNIQUE DEPARTEMENTAL Daniel THOMAS &nbsp; Le Directeur Technique D\u00e9partemental, Daniel THOMAS, consid\u00e8re sa mission comme une possibilit\u00e9 d&rsquo;ouverture \u00e0 toutes les propositions, initiatives, id\u00e9es susceptibles de favoriser le d\u00e9veloppement de notre discipline. Il fera en sorte, avec l&rsquo;aide des diff\u00e9rentes commissions, que le Comit\u00e9 D\u00e9partemental Karat\u00e9 Haute-Vienne soit un lien fort entre tous les [&hellip;]<\/p>\n","protected":false},"author":210,"featured_media":0,"parent":0,"menu_order":0,"comment_status":"closed","ping_status":"closed","template":"","meta":{"footnotes":""},"class_list":["post-376","page","type-page","status-publish","hentry"],"_links":{"self":[{"href":"https:\/\/sites.ffkarate.fr\/hautevienne\/wp-json\/wp\/v2\/pages\/376","targetHints":{"allow":["GET"]}}],"collection":[{"href":"https:\/\/sites.ffkarate.fr\/hautevienne\/wp-json\/wp\/v2\/pages"}],"about":[{"href":"https:\/\/sites.ffkarate.fr\/hautevienne\/wp-json\/wp\/v2\/types\/page"}],"author":[{"embeddable":true,"href":"https:\/\/sites.ffkarate.fr\/hautevienne\/wp-json\/wp\/v2\/users\/210"}],"replies":[{"embeddable":true,"href":"https:\/\/sites.ffkarate.fr\/hautevienne\/wp-json\/wp\/v2\/comments?post=376"}],"version-history":[{"count":6,"href":"https:\/\/sites.ffkarate.fr\/hautevienne\/wp-json\/wp\/v2\/pages\/376\/revisions"}],"predecessor-version":[{"id":521,"href":"https:\/\/sites.ffkarate.fr\/hautevienne\/wp-json\/wp\/v2\/pages\/376\/revisions\/521"}],"wp:attachment":[{"href":"https:\/\/sites.ffkarate.fr\/hautevienne\/wp-json\/wp\/v2\/media?parent=376"}],"curies":[{"name":"wp","href":"https:\/\/api.w.org\/{rel}","templated":true}]}}