{"id":283,"date":"2017-05-04T11:01:16","date_gmt":"2017-05-04T09:01:16","guid":{"rendered":"https:\/\/sites.ffkarate.fr\/hautsdefrance\/?page_id=283"},"modified":"2025-12-13T05:14:24","modified_gmt":"2025-12-13T04:14:24","slug":"juridique","status":"publish","type":"page","link":"https:\/\/sites.ffkarate.fr\/hautsdefrance\/juridique\/","title":{"rendered":"Juridique"},"content":{"rendered":"<div class=\"wpb-content-wrapper\"><p>[vc_row][vc_column width=\u00a0\u00bb1\/4&Prime;][vc_single_image image=\u00a0\u00bb130&Prime;][vc_column_text][\/vc_column_text][vc_column_text]<a href=\"https:\/\/sites.ffkarate.fr\/hautsdefrance\/wp-content\/uploads\/sites\/113\/2023\/11\/Status-LRHFKDA.pdf\">Status<\/a><br \/>\n<a href=\"https:\/\/sites.ffkarate.fr\/hautsdefrance\/wp-content\/uploads\/sites\/113\/2023\/11\/reglement-interieur-type-de-ligue-regionale.pdf\">R\u00e9glement<\/a><br \/>\n<a href=\"https:\/\/sites.ffkarate.fr\/hautsdefrance\/wp-content\/uploads\/sites\/113\/2025\/12\/Indemnites-bareme-24-28-V2.pdf\">Indemnit\u00e9s<\/a>[\/vc_column_text][\/vc_column][vc_column width=\u00a0\u00bb3\/4&Prime;][vc_column_text]<\/p>\n<h3 style=\"text-align: left\">Assembl\u00e9es G\u00e9n\u00e9rales<\/h3>\n<p style=\"text-align: left\"><strong>2016-2017<\/strong><\/p>\n<p style=\"text-align: left\"><a href=\"https:\/\/sites.ffkarate.fr\/hautsdefrance\/wp-content\/uploads\/sites\/113\/2017\/05\/AnnonceAGLigues20161217.pdf\">Annonce AG Constitutive et Elective<\/a><\/p>\n<p style=\"text-align: left\"><strong>2017-2018<\/strong><\/p>\n<p><a href=\"https:\/\/sites.ffkarate.fr\/hautsdefrance\/wp-content\/uploads\/sites\/113\/2018\/09\/PV_AG-19112017.pdf\">PV AGO LRHDFKDA 19112017<\/a><\/p>\n<p><strong>2018-2019<\/strong><\/p>\n<p><a href=\"https:\/\/sites.ffkarate.fr\/hautsdefrance\/wp-content\/uploads\/sites\/113\/2018\/12\/PV-AGO-01122018.pdf\">PV-AGO LRHDFKDA 01122018<\/a><\/p>\n<p><a href=\"https:\/\/sites.ffkarate.fr\/hautsdefrance\/wp-content\/uploads\/sites\/113\/2018\/12\/PV-AGE-01122018.pdf\">PV AGE LRHDFKDA 01122018<\/a><\/p>\n<p><strong>2019-2020<\/strong><\/p>\n<p><a href=\"https:\/\/sites.ffkarate.fr\/hautsdefrance\/wp-content\/uploads\/sites\/113\/2020\/08\/PV-AGE-011219-HDF-1.pdf\">PV AGE LRHDKKDA 01122019<\/a><\/p>\n<p><strong>2020-2021<\/strong><\/p>\n<p><a href=\"https:\/\/sites.ffkarate.fr\/hautsdefrance\/wp-content\/uploads\/sites\/113\/2021\/03\/PV-AGE-AGO-031020.pdf\">PV AGO et AGE LRHDFKDA 03102020<\/a><\/p>\n<p><strong>2021-2022<\/strong><\/p>\n<p><a href=\"https:\/\/sites.ffkarate.fr\/hautsdefrance\/wp-content\/uploads\/sites\/113\/2022\/10\/AGO-20112021.pdf\">PV AGO LRHDFKDA 20112021<\/a><\/p>\n<p><strong>2022-2023<\/strong><\/p>\n<p><a href=\"https:\/\/sites.ffkarate.fr\/hautsdefrance\/wp-content\/uploads\/sites\/113\/2023\/09\/PV-AGO-AGE-LRHDF261122.pdf\">PV AGO et AGE LRHDFKDA 26112022<\/a><\/p>\n<p><strong>2023-2024<\/strong><\/p>\n<p><a href=\"https:\/\/sites.ffkarate.fr\/hautsdefrance\/wp-content\/uploads\/sites\/113\/2024\/06\/PV-AGE-21062024-.pdf\">PV AGE LRHDFKDA 21 juin 2024<\/a><\/p>\n<p><a href=\"https:\/\/sites.ffkarate.fr\/hautsdefrance\/wp-content\/uploads\/sites\/113\/2025\/01\/21.12.2024-Assemblee-Generale-Ordinaire.pdf\">PV AGO LRHDFKDA 21 d\u00e9cembre 2024<\/a><\/p>\n<p><strong>2024-2025<\/strong><\/p>\n<p>[\/vc_column_text][\/vc_column][\/vc_row]<\/p>\n<\/div>","protected":false},"excerpt":{"rendered":"<p>[vc_row][vc_column width=\u00a0\u00bb1\/4&Prime;][vc_single_image image=\u00a0\u00bb130&Prime;][vc_column_text][\/vc_column_text][vc_column_text]Status R\u00e9glement Indemnit\u00e9s[\/vc_column_text][\/vc_column][vc_column width=\u00a0\u00bb3\/4&Prime;][vc_column_text] Assembl\u00e9es G\u00e9n\u00e9rales 2016-2017 Annonce AG Constitutive et Elective 2017-2018 PV AGO LRHDFKDA 19112017 2018-2019 PV-AGO LRHDFKDA 01122018 PV AGE LRHDFKDA 01122018 2019-2020 PV AGE LRHDKKDA 01122019 2020-2021 PV AGO et AGE LRHDFKDA 03102020 2021-2022 PV AGO LRHDFKDA 20112021 2022-2023 PV AGO et AGE LRHDFKDA 26112022 2023-2024 PV AGE LRHDFKDA [&hellip;]<\/p>\n","protected":false},"author":161,"featured_media":0,"parent":0,"menu_order":0,"comment_status":"closed","ping_status":"closed","template":"","meta":{"footnotes":""},"class_list":["post-283","page","type-page","status-publish","hentry"],"_links":{"self":[{"href":"https:\/\/sites.ffkarate.fr\/hautsdefrance\/wp-json\/wp\/v2\/pages\/283","targetHints":{"allow":["GET"]}}],"collection":[{"href":"https:\/\/sites.ffkarate.fr\/hautsdefrance\/wp-json\/wp\/v2\/pages"}],"about":[{"href":"https:\/\/sites.ffkarate.fr\/hautsdefrance\/wp-json\/wp\/v2\/types\/page"}],"author":[{"embeddable":true,"href":"https:\/\/sites.ffkarate.fr\/hautsdefrance\/wp-json\/wp\/v2\/users\/161"}],"replies":[{"embeddable":true,"href":"https:\/\/sites.ffkarate.fr\/hautsdefrance\/wp-json\/wp\/v2\/comments?post=283"}],"version-history":[{"count":13,"href":"https:\/\/sites.ffkarate.fr\/hautsdefrance\/wp-json\/wp\/v2\/pages\/283\/revisions"}],"predecessor-version":[{"id":7445,"href":"https:\/\/sites.ffkarate.fr\/hautsdefrance\/wp-json\/wp\/v2\/pages\/283\/revisions\/7445"}],"wp:attachment":[{"href":"https:\/\/sites.ffkarate.fr\/hautsdefrance\/wp-json\/wp\/v2\/media?parent=283"}],"curies":[{"name":"wp","href":"https:\/\/api.w.org\/{rel}","templated":true}]}}