{"id":262,"date":"2015-02-15T14:21:49","date_gmt":"2015-02-15T13:21:49","guid":{"rendered":"https:\/\/sites.ffkarate.fr\/liguehautsdeseine\/?page_id=262"},"modified":"2015-02-15T14:21:49","modified_gmt":"2015-02-15T13:21:49","slug":"kumite-jeunes","status":"publish","type":"page","link":"https:\/\/sites.ffkarate.fr\/hautsdeseine\/kumite-jeunes\/","title":{"rendered":"Kumit\u00e9 Jeunes"},"content":{"rendered":"<div class=\"wpb-content-wrapper\"><p>[vc_row][vc_column][vc_column_text]<\/p>\n<p style=\"text-align: left\">Les entra\u00eenements communs d\u00e9partementaux\u00a0enfants sont dispens\u00e9s par <strong>Yann RETORY<\/strong>\u00a0(double vainqueur\u00a0du championnat de\u00a0France s\u00e9niors honneur, multiple champion des Hauts de Seine).<\/p>\n<p style=\"text-align: left\">Les entra\u00eenements sont ouverts aux<strong> pupilles<\/strong> et<strong> benjamins.<\/strong> Les entra\u00eenements sont ouverts \u00e0 tout enfant d\u00e9sirant faire de la comp\u00e9tition.<\/p>\n<p style=\"text-align: center\"><a href=\"https:\/\/sites.ffkarate.fr\/hautsdeseine\/wp-content\/uploads\/sites\/57\/2018\/10\/Yann.jpg\"><img decoding=\"async\" class=\"alignnone wp-image-5616\" src=\"https:\/\/sites.ffkarate.fr\/hautsdeseine\/wp-content\/uploads\/sites\/57\/2018\/10\/Yann-576x1024.jpg\" alt=\"Yann\" width=\"338\" height=\"600\" \/><\/a><\/p>\n<hr \/>\n<h2 style=\"text-align: left\">Planning des Entra\u00eenements Elite D\u00e9partementaux Jeunes\u00a0Saison 2019-2020<\/h2>\n<p><em>Plus d&rsquo;Entrainements Elite D\u00e9partementaux pr\u00e9vus cette saison&#8230;<\/em><\/p>\n<div><\/div>\n<div>\n<hr \/>\n<\/div>\n<h2 style=\"text-align: left\">Un Champion dans ton club<\/h2>\n<p style=\"text-align: left\">Le\u00a0<span style=\"color: #1423a0\"><strong>Comit\u00e9 D\u00e9partemental de Karat\u00e9 des Hauts de Seine<\/strong><\/span>, vous propose l&rsquo;\u00e9v\u00e9nement :\u00a0<b>\u00ab\u00a0Un Champion dans ton Club\u00a0\u00bb<\/b>\u00a0avec\u00a0<b>Johan LOPES<\/b>\u00a0(vice champion d&rsquo;Europe et de France, entra\u00eeneur adolescents et adultes du 92) et\u00a0<b>Benjamin BIAGIOTTI<\/b>\u00a0(Directeur Technique D\u00e9partemental).<\/p>\n<p style=\"text-align: left\">Ils se proposent de venir dispenser un cours dans votre club. Son orientation sera port\u00e9 sur l&rsquo;approche du Kumite Sportif, Johan apportant ses connaissances du Haut Niveau et Benjamin son approche p\u00e9dagogique.<\/p>\n<p style=\"text-align: left\">Peu importe le public, il est m\u00eame possible de regrouper plusieurs cours en un (tout d\u00e9pend la taille de votre dojo aussi).<\/p>\n<p style=\"text-align: left\"><span style=\"color: #dc2d5a\"><b>L&rsquo;op\u00e9ration est totalement gratuite pour votre club.<\/b><\/span><\/p>\n<p style=\"text-align: left\"><b>Contact :<\/b><br \/>\n<span style=\"color: #000000\"><strong>Benjamin BIAGIOTTI<\/strong><\/span><br \/>\nTel : 06 26 17 25 53<br \/>\nMail :\u00a0<span style=\"color: #1423a0\"><strong><a style=\"color: #1423a0\" href=\"mailto:ben.biagiotti@hotmail.fr\">ben.biagiotti@hotmail.fr<\/a><\/strong><\/span><\/p>\n<p><iframe loading=\"lazy\" title=\"Un Champion de karat\u00e9 dans ton club - 18.12.2018\" width=\"500\" height=\"281\" src=\"https:\/\/www.youtube.com\/embed\/brszgsz0UxE?feature=oembed\" frameborder=\"0\" allow=\"accelerometer; autoplay; clipboard-write; encrypted-media; gyroscope; picture-in-picture; web-share\" referrerpolicy=\"strict-origin-when-cross-origin\" allowfullscreen><\/iframe><\/p>\n<h2>Photos des Entra\u00eenements Elites D\u00e9partementaux\u00a0Jeunes<\/h2>\n<div style=\"border: 0px solid black;color: white;font-size: 17px;padding: 3px;background-color: #1423a0\"><strong>Saison 2019- 2020 :<\/strong><\/div>\n<p>&nbsp;<\/p>\n<div id=\"attachment_7932\" style=\"width: 610px\" class=\"wp-caption aligncenter\"><img decoding=\"async\" aria-describedby=\"caption-attachment-7932\" class=\"wp-image-7932\" src=\"https:\/\/sites.ffkarate.fr\/hautsdeseine\/wp-content\/uploads\/sites\/57\/2020\/03\/20200301_EE92_Photo_La_Garenne-Colombes-1024x768.jpg\" alt=\"20200301_EE92_Photo_La_Garenne-Colombes\" width=\"600\" height=\"450\" \/><p id=\"caption-attachment-7932\" class=\"wp-caption-text\"><strong>Dimanche 1er mars 2020 \u00e0 La Garenne-Colombes<\/strong><\/p><\/div>\n<div id=\"attachment_7569\" style=\"width: 610px\" class=\"wp-caption aligncenter\"><img decoding=\"async\" aria-describedby=\"caption-attachment-7569\" class=\"wp-image-7569\" src=\"https:\/\/sites.ffkarate.fr\/hautsdeseine\/wp-content\/uploads\/sites\/57\/2019\/12\/20191207_EE92_Photo_Courbevoie-1024x484.jpg\" alt=\"20191207_EE92_Photo_Courbevoie\" width=\"600\" height=\"284\" \/><p id=\"caption-attachment-7569\" class=\"wp-caption-text\"><strong>Dimanche 7 d\u00e9cembre 2019 \u00e0 Courbevoie<\/strong><\/p><\/div>\n<div style=\"border: 0px solid black;color: white;font-size: 17px;padding: 3px;background-color: #1423a0\"><strong>Saison 2018- 2019 :<\/strong><\/div>\n<p>&nbsp;<\/p>\n<div id=\"attachment_6822\" style=\"width: 610px\" class=\"wp-caption aligncenter\"><img decoding=\"async\" aria-describedby=\"caption-attachment-6822\" class=\"wp-image-6822\" src=\"https:\/\/sites.ffkarate.fr\/hautsdeseine\/wp-content\/uploads\/sites\/57\/2019\/05\/01-1024x310.jpg\" alt=\"01\" width=\"600\" height=\"182\" \/><p id=\"caption-attachment-6822\" class=\"wp-caption-text\"><strong>Journ\u00e9e des Samoura\u00efs &#8211; Dimanche 19 mai 2019 &#8211; Courbevoie (92)<\/strong><\/p><\/div>\n<div id=\"attachment_6819\" style=\"width: 610px\" class=\"wp-caption aligncenter\"><img decoding=\"async\" aria-describedby=\"caption-attachment-6819\" class=\"wp-image-6819\" src=\"https:\/\/sites.ffkarate.fr\/hautsdeseine\/wp-content\/uploads\/sites\/57\/2019\/05\/20190519_EEE92_Courbevoie-1024x545.jpg\" alt=\"20190519_EEE92_Courbevoie\" width=\"600\" height=\"319\" \/><p id=\"caption-attachment-6819\" class=\"wp-caption-text\"><strong>Dimanche 19 mai 2019 \u00e0 Courbevoie<\/strong><\/p><\/div>\n<div id=\"attachment_6491\" style=\"width: 609px\" class=\"wp-caption aligncenter\"><img decoding=\"async\" aria-describedby=\"caption-attachment-6491\" class=\"wp-image-6491\" src=\"https:\/\/sites.ffkarate.fr\/hautsdeseine\/wp-content\/uploads\/sites\/57\/2019\/03\/20190317_EEE92_Courbevoie-1024x501.jpg\" alt=\"20190317_EEE92_Courbevoie\" width=\"599\" height=\"293\" \/><p id=\"caption-attachment-6491\" class=\"wp-caption-text\"><strong>Dimanche 17 Mars 2019 \u00e0 Courbevoie<\/strong><\/p><\/div>\n<div id=\"attachment_6022\" style=\"width: 610px\" class=\"wp-caption aligncenter\"><a href=\"https:\/\/sites.ffkarate.fr\/hautsdeseine\/wp-content\/uploads\/sites\/57\/2018\/11\/20181125_EEE92_Gennevilliers.jpg\"><img decoding=\"async\" aria-describedby=\"caption-attachment-6022\" class=\"wp-image-6022\" src=\"https:\/\/sites.ffkarate.fr\/hautsdeseine\/wp-content\/uploads\/sites\/57\/2018\/11\/20181125_EEE92_Gennevilliers-1024x502.jpg\" alt=\"20181125_EEE92_Gennevilliers\" width=\"600\" height=\"294\" \/><\/a><p id=\"caption-attachment-6022\" class=\"wp-caption-text\"><strong>Dimanche 25 novembre 2018 \u00e0 Gennevilliers<\/strong><\/p><\/div>\n<p><iframe loading=\"lazy\" title=\"Entra\u00eenement Combat \u00c9lite Jeunes PUP\/BEN 92\" width=\"500\" height=\"281\" src=\"https:\/\/www.youtube.com\/embed\/2HGKpW0PEhw?feature=oembed\" frameborder=\"0\" allow=\"accelerometer; autoplay; clipboard-write; encrypted-media; gyroscope; picture-in-picture; web-share\" referrerpolicy=\"strict-origin-when-cross-origin\" allowfullscreen><\/iframe><\/p>\n<p style=\"text-align: center\">Retour en vid\u00e9o sur l\u2019<strong>Entra\u00eenement Combat \u00c9lite Jeunes<\/strong>\u00a0du<strong>\u00a0dimanche 7 Octobre 2018<\/strong>\u00a0\u00e0\u00a0<strong>Courbevoie<\/strong>.<\/p>\n<div id=\"attachment_5712\" style=\"width: 610px\" class=\"wp-caption aligncenter\"><a href=\"https:\/\/sites.ffkarate.fr\/hautsdeseine\/wp-content\/uploads\/sites\/57\/2018\/10\/20181007_EEE92_Courbevoie_Reduit_V1.0.jpg\"><img decoding=\"async\" aria-describedby=\"caption-attachment-5712\" class=\"wp-image-5712\" src=\"https:\/\/sites.ffkarate.fr\/hautsdeseine\/wp-content\/uploads\/sites\/57\/2018\/10\/20181007_EEE92_Courbevoie_Reduit_V1.0.jpg\" alt=\"20181007_EEE92_Courbevoie_Reduit_V1.0\" width=\"600\" height=\"318\" \/><\/a><p id=\"caption-attachment-5712\" class=\"wp-caption-text\"><strong>Dimanche 7 octobre 2018 \u00e0 Courbevoie<\/strong><\/p><\/div>\n<p>&nbsp;<\/p>\n<div style=\"border: 0px solid black;color: white;font-size: 17px;padding: 3px;background-color: #00607c\"><strong>Saison 2017 &#8211; 2018 :<\/strong><\/div>\n<p>&nbsp;<\/p>\n<p><iframe loading=\"lazy\" title=\"Journee Des Samoura\u00efs Karat\u00e9 - 06.05.2018\" width=\"500\" height=\"281\" src=\"https:\/\/www.youtube.com\/embed\/ocRUtHczql0?feature=oembed\" frameborder=\"0\" allow=\"accelerometer; autoplay; clipboard-write; encrypted-media; gyroscope; picture-in-picture; web-share\" referrerpolicy=\"strict-origin-when-cross-origin\" allowfullscreen><\/iframe><\/p>\n<p style=\"text-align: center\"><strong>Journ\u00e9e des Samoura\u00efs &#8211; Dimanche 6 mai 2018 \u00e0 Courbevoie<\/strong><\/p>\n<p><iframe loading=\"lazy\" title=\"Rassemblement de pr\u00e9-s\u00e9lection karat\u00e9 au tournoi IDF\" width=\"500\" height=\"281\" src=\"https:\/\/www.youtube.com\/embed\/nELQ25NONIk?feature=oembed\" frameborder=\"0\" allow=\"accelerometer; autoplay; clipboard-write; encrypted-media; gyroscope; picture-in-picture; web-share\" referrerpolicy=\"strict-origin-when-cross-origin\" allowfullscreen><\/iframe><\/p>\n<p style=\"text-align: center\"><b>Rassemblement de pr\u00e9-s\u00e9lection\u00a0au tournoi IDF Kumite\/Kata &#8211; Dimanche 6 mai 2018 \u00e0 Courbevoie<\/b><\/p>\n<div id=\"attachment_4703\" style=\"width: 610px\" class=\"wp-caption aligncenter\"><a href=\"https:\/\/sites.ffkarate.fr\/hautsdeseine\/wp-content\/uploads\/sites\/57\/2017\/12\/20171216_EEE92_Courbevoie.jpg\"><img decoding=\"async\" aria-describedby=\"caption-attachment-4703\" class=\"wp-image-4703\" src=\"https:\/\/sites.ffkarate.fr\/hautsdeseine\/wp-content\/uploads\/sites\/57\/2017\/12\/20171216_EEE92_Courbevoie-1024x576.jpg\" alt=\"20171216_EEE92_Courbevoie\" width=\"600\" height=\"338\" \/><\/a><p id=\"caption-attachment-4703\" class=\"wp-caption-text\"><strong>Samedi 16 d\u00e9cembre 2017 \u00e0 Courbevoie<\/strong><\/p><\/div>\n<div id=\"attachment_4560\" style=\"width: 610px\" class=\"wp-caption aligncenter\"><a href=\"https:\/\/sites.ffkarate.fr\/hautsdeseine\/wp-content\/uploads\/sites\/57\/2017\/11\/20171126_EEE92_Vanves.jpg\"><img decoding=\"async\" aria-describedby=\"caption-attachment-4560\" class=\"wp-image-4560\" src=\"https:\/\/sites.ffkarate.fr\/hautsdeseine\/wp-content\/uploads\/sites\/57\/2017\/11\/20171126_EEE92_Vanves-1024x580.jpg\" alt=\"20171126_EEE92_Vanves\" width=\"600\" height=\"340\" \/><\/a><p id=\"caption-attachment-4560\" class=\"wp-caption-text\"><strong>Dimanche 26 novembre 2017 \u00e0 Vanves<\/strong><\/p><\/div>\n<p>&nbsp;<\/p>\n<div style=\"border: 0px solid black;color: white;font-size: 17px;padding: 3px;background-color: #00607c\"><strong>Saison 2016 &#8211; 2017 :<\/strong><\/div>\n<p>&nbsp;<\/p>\n<div id=\"attachment_2787\" style=\"width: 610px\" class=\"wp-caption aligncenter\"><a href=\"https:\/\/sites.ffkarate.fr\/hautsdeseine\/wp-content\/uploads\/sites\/57\/2016\/10\/2016102_EEE92_La_Garenne_Colombes.jpg\"><img decoding=\"async\" aria-describedby=\"caption-attachment-2787\" class=\"wp-image-2787\" src=\"https:\/\/sites.ffkarate.fr\/liguehautsdeseine\/wp-content\/uploads\/sites\/4\/2016\/10\/2016102_EEE92_La_Garenne_Colombes-1024x768.jpg\" alt=\"2016102_eee92_la_garenne_colombes\" width=\"600\" height=\"450\" \/><\/a><p id=\"caption-attachment-2787\" class=\"wp-caption-text\"><strong>Dimanche 2 octobre 2016 \u00e0 La Garenne-Colombes<\/strong><\/p><\/div>\n<p>&nbsp;<\/p>\n<div style=\"border: 0px solid black;color: white;font-size: 17px;padding: 3px;background-color: #00607c\"><strong>Saison 2015 &#8211; 2016 :<\/strong><\/div>\n<p>&nbsp;<\/p>\n<div id=\"attachment_2428\" style=\"width: 610px\" class=\"wp-caption aligncenter\"><a href=\"https:\/\/sites.ffkarate.fr\/hautsdeseine\/wp-content\/uploads\/sites\/57\/2016\/05\/20160597_EEE92_Colombes.jpg\"><img decoding=\"async\" aria-describedby=\"caption-attachment-2428\" class=\"wp-image-2428 size-full\" src=\"https:\/\/sites.ffkarate.fr\/hautsdeseine\/wp-content\/uploads\/sites\/57\/2016\/05\/20160597_EEE92_Colombes.jpg\" alt=\"20160597_EEE92_Colombes\" width=\"600\" height=\"307\" \/><\/a><p id=\"caption-attachment-2428\" class=\"wp-caption-text\"><strong>Samedi 7 mai 2016 \u00e0 Colombes<\/strong><\/p><\/div>\n<div id=\"attachment_2190\" style=\"width: 610px\" class=\"wp-caption aligncenter\"><a href=\"https:\/\/sites.ffkarate.fr\/hautsdeseine\/wp-content\/uploads\/sites\/57\/2016\/04\/20160410_EEE92_Vaucresson.jpg\"><img decoding=\"async\" aria-describedby=\"caption-attachment-2190\" class=\"wp-image-2190\" src=\"https:\/\/sites.ffkarate.fr\/liguehautsdeseine\/wp-content\/uploads\/sites\/4\/2016\/04\/20160410_EEE92_Vaucresson-1024x470.jpg\" alt=\"20160410_EEE92_Vaucresson\" width=\"600\" height=\"276\" \/><\/a><p id=\"caption-attachment-2190\" class=\"wp-caption-text\"><strong>Dimanche 10 avril 2016 \u00e0 Vaucresson<\/strong><\/p><\/div>\n<p>&nbsp;<\/p>\n<div id=\"attachment_2084\" style=\"width: 610px\" class=\"wp-caption aligncenter\"><a href=\"https:\/\/sites.ffkarate.fr\/hautsdeseine\/wp-content\/uploads\/sites\/57\/2016\/04\/20160403_EEE92_Courbevoie.jpg\"><img decoding=\"async\" aria-describedby=\"caption-attachment-2084\" class=\"wp-image-2084 size-full\" src=\"https:\/\/sites.ffkarate.fr\/hautsdeseine\/wp-content\/uploads\/sites\/57\/2016\/04\/20160403_EEE92_Courbevoie.jpg\" alt=\"20160403_EEE92_Courbevoie\" width=\"600\" height=\"228\" \/><\/a><p id=\"caption-attachment-2084\" class=\"wp-caption-text\"><strong>Dimanche 3 avril 2016 \u00e0 Courbevoie<\/strong><\/p><\/div>\n<p>&nbsp;<\/p>\n<div id=\"attachment_1775\" style=\"width: 610px\" class=\"wp-caption aligncenter\"><a href=\"https:\/\/sites.ffkarate.fr\/hautsdeseine\/wp-content\/uploads\/sites\/57\/2016\/02\/20160207_EEE92_Levallois.jpg\"><img decoding=\"async\" aria-describedby=\"caption-attachment-1775\" class=\"wp-image-1775\" src=\"https:\/\/sites.ffkarate.fr\/liguehautsdeseine\/wp-content\/uploads\/sites\/4\/2016\/02\/20160207_EEE92_Levallois-1024x416.jpg\" alt=\"20160207_EEE92_Levallois\" width=\"600\" height=\"244\" \/><\/a><p id=\"caption-attachment-1775\" class=\"wp-caption-text\"><strong>Dimanche 7 f\u00e9vrier 2016 \u00e0 Levallois<\/strong><\/p><\/div>\n<p>&nbsp;<\/p>\n<div id=\"attachment_1702\" style=\"width: 610px\" class=\"wp-caption aligncenter\"><a href=\"https:\/\/sites.ffkarate.fr\/hautsdeseine\/wp-content\/uploads\/sites\/57\/2016\/01\/20160116_EEE92_Gennevilliers.jpg\"><img decoding=\"async\" aria-describedby=\"caption-attachment-1702\" class=\"wp-image-1702 size-full\" src=\"https:\/\/sites.ffkarate.fr\/hautsdeseine\/wp-content\/uploads\/sites\/57\/2016\/01\/20160116_EEE92_Gennevilliers.jpg\" alt=\"20160116_EEE92_Gennevilliers\" width=\"600\" height=\"337\" \/><\/a><p id=\"caption-attachment-1702\" class=\"wp-caption-text\"><strong>Samedi 16 janvier 2016 \u00e0 Gennevilliers<\/strong><\/p><\/div>\n<p>&nbsp;<\/p>\n<div id=\"attachment_1295\" style=\"width: 610px\" class=\"wp-caption aligncenter\"><a href=\"https:\/\/sites.ffkarate.fr\/hautsdeseine\/wp-content\/uploads\/sites\/57\/2015\/10\/20151008_EEE92_Villeneuve.jpg\"><img decoding=\"async\" aria-describedby=\"caption-attachment-1295\" class=\"wp-image-1295\" src=\"https:\/\/sites.ffkarate.fr\/liguehautsdeseine\/wp-content\/uploads\/sites\/4\/2015\/10\/20151008_EEE92_Villeneuve-1024x454.jpg\" alt=\"20151008_EEE92_Villeneuve\" width=\"600\" height=\"266\" \/><\/a><p id=\"caption-attachment-1295\" class=\"wp-caption-text\"><strong>Dimanche 18 octobre 2015 \u00e0 Villeneuve-La-Garenne<\/strong><\/p><\/div>\n<p>&nbsp;<\/p>\n<div id=\"attachment_1181\" style=\"width: 610px\" class=\"wp-caption aligncenter\"><a href=\"https:\/\/sites.ffkarate.fr\/hautsdeseine\/wp-content\/uploads\/sites\/57\/2015\/10\/20151004_EEE92_LGC.jpg\"><img decoding=\"async\" aria-describedby=\"caption-attachment-1181\" class=\"wp-image-1181\" src=\"https:\/\/sites.ffkarate.fr\/liguehautsdeseine\/wp-content\/uploads\/sites\/4\/2015\/10\/20151004_EEE92_LGC-1024x501.jpg\" alt=\"20151004_EEE92_LGC\" width=\"600\" height=\"294\" \/><\/a><p id=\"caption-attachment-1181\" class=\"wp-caption-text\"><strong>Dimanche 4 octobre 2015 \u00e0 La Garenne-Colombes<\/strong><\/p><\/div>\n<p>&nbsp;<\/p>\n<div id=\"attachment_1120\" style=\"width: 610px\" class=\"wp-caption aligncenter\"><a href=\"https:\/\/sites.ffkarate.fr\/hautsdeseine\/wp-content\/uploads\/sites\/57\/2015\/09\/20150020_EEE92_Courbevoie.jpg\"><img decoding=\"async\" aria-describedby=\"caption-attachment-1120\" class=\"wp-image-1120\" src=\"https:\/\/sites.ffkarate.fr\/liguehautsdeseine\/wp-content\/uploads\/sites\/4\/2015\/09\/20150020_EEE92_Courbevoie-1024x549.jpg\" alt=\"\" width=\"600\" height=\"322\" \/><\/a><p id=\"caption-attachment-1120\" class=\"wp-caption-text\"><strong>Dimanche 20 septembre 2015 \u00e0 Courbevoie<\/strong><\/p><\/div>\n<p>&nbsp;<\/p>\n<div style=\"border: 0px solid black;color: white;font-size: 17px;padding: 3px;background-color: #00607c\"><strong>Saison 2014 &#8211; 2015 :<\/strong><\/div>\n<p>&nbsp;<\/p>\n<div id=\"attachment_818\" style=\"width: 610px\" class=\"wp-caption aligncenter\"><a href=\"https:\/\/sites.ffkarate.fr\/hautsdeseine\/wp-content\/uploads\/sites\/57\/2015\/08\/20150516_EEE92_Courbevoie.jpg\"><img decoding=\"async\" aria-describedby=\"caption-attachment-818\" class=\"wp-image-818 size-full\" src=\"https:\/\/sites.ffkarate.fr\/hautsdeseine\/wp-content\/uploads\/sites\/57\/2015\/08\/20150516_EEE92_Courbevoie.jpg\" alt=\"20150516_EEE92_Courbevoie\" width=\"600\" height=\"450\" \/><\/a><p id=\"caption-attachment-818\" class=\"wp-caption-text\"><strong>Samedi 16 mai 2015 \u00e0 Courbevoie<\/strong><\/p><\/div>\n<div id=\"attachment_817\" style=\"width: 610px\" class=\"wp-caption aligncenter\"><a href=\"https:\/\/sites.ffkarate.fr\/hautsdeseine\/wp-content\/uploads\/sites\/57\/2015\/08\/20150503_EEE92_Issy-Les-Moulineaux.jpg\"><img decoding=\"async\" aria-describedby=\"caption-attachment-817\" class=\"wp-image-817 size-full\" src=\"https:\/\/sites.ffkarate.fr\/hautsdeseine\/wp-content\/uploads\/sites\/57\/2015\/08\/20150503_EEE92_Issy-Les-Moulineaux.jpg\" alt=\"20150503_EEE92_Issy-Les-Moulineaux\" width=\"600\" height=\"413\" \/><\/a><p id=\"caption-attachment-817\" class=\"wp-caption-text\"><strong>Dimanche 3 mai 2015 \u00e0 Issy-Les-Moulineaux<\/strong><\/p><\/div>[\/vc_column_text][\/vc_column][\/vc_row][vc_row][vc_column][vc_column_text][\/vc_column_text][\/vc_column][\/vc_row][vc_row][vc_column][vc_column_text]1526065894[\/vc_column_text][\/vc_column][\/vc_row][vc_row][vc_column][vc_column_text][\/vc_column_text][\/vc_column][\/vc_row][vc_row][vc_column][vc_column_text]1526450431[\/vc_column_text][\/vc_column][\/vc_row][vc_row][vc_column][vc_column_text][\/vc_column_text][\/vc_column][\/vc_row][vc_row][vc_column][vc_column_text]1539069696[\/vc_column_text][\/vc_column][\/vc_row][vc_row][vc_column][vc_column_text][\/vc_column_text][\/vc_column][\/vc_row][vc_row][vc_column][vc_column_text]1544441270[\/vc_column_text][\/vc_column][\/vc_row]<\/p>\n<\/div>","protected":false},"excerpt":{"rendered":"<p>[vc_row][vc_column][vc_column_text] Les entra\u00eenements communs d\u00e9partementaux\u00a0enfants sont dispens\u00e9s par Yann RETORY\u00a0(double vainqueur\u00a0du championnat de\u00a0France s\u00e9niors honneur, multiple champion des Hauts de Seine). Les entra\u00eenements sont ouverts aux pupilles et benjamins. Les entra\u00eenements sont ouverts \u00e0 tout enfant d\u00e9sirant faire de la comp\u00e9tition. Planning des Entra\u00eenements Elite D\u00e9partementaux Jeunes\u00a0Saison 2019-2020 Plus d&rsquo;Entrainements Elite D\u00e9partementaux pr\u00e9vus cette saison&#8230; [&hellip;]<\/p>\n","protected":false},"author":87,"featured_media":0,"parent":0,"menu_order":0,"comment_status":"closed","ping_status":"open","template":"","meta":{"footnotes":""},"class_list":["post-262","page","type-page","status-publish","hentry"],"_links":{"self":[{"href":"https:\/\/sites.ffkarate.fr\/hautsdeseine\/wp-json\/wp\/v2\/pages\/262","targetHints":{"allow":["GET"]}}],"collection":[{"href":"https:\/\/sites.ffkarate.fr\/hautsdeseine\/wp-json\/wp\/v2\/pages"}],"about":[{"href":"https:\/\/sites.ffkarate.fr\/hautsdeseine\/wp-json\/wp\/v2\/types\/page"}],"author":[{"embeddable":true,"href":"https:\/\/sites.ffkarate.fr\/hautsdeseine\/wp-json\/wp\/v2\/users\/87"}],"replies":[{"embeddable":true,"href":"https:\/\/sites.ffkarate.fr\/hautsdeseine\/wp-json\/wp\/v2\/comments?post=262"}],"version-history":[{"count":0,"href":"https:\/\/sites.ffkarate.fr\/hautsdeseine\/wp-json\/wp\/v2\/pages\/262\/revisions"}],"wp:attachment":[{"href":"https:\/\/sites.ffkarate.fr\/hautsdeseine\/wp-json\/wp\/v2\/media?parent=262"}],"curies":[{"name":"wp","href":"https:\/\/api.w.org\/{rel}","templated":true}]}}