{"id":3108,"date":"2016-12-09T09:46:19","date_gmt":"2016-12-09T08:46:19","guid":{"rendered":"https:\/\/sites.ffkarate.fr\/hautsdeseine\/?page_id=3108"},"modified":"2023-10-12T14:10:17","modified_gmt":"2023-10-12T12:10:17","slug":"coaching","status":"publish","type":"page","link":"https:\/\/sites.ffkarate.fr\/hautsdeseine\/competitions-2\/coaching\/","title":{"rendered":"Coaching"},"content":{"rendered":"<div class=\"wpb-content-wrapper\"><p>[vc_row][vc_column][vc_column_text]<\/p>\n<h4 style=\"text-align: center\"><span style=\"color: #1423a0\"><strong>Bienvenue sur la page enti\u00e8rement d\u00e9di\u00e9e aux coachs exer\u00e7ant sur le Comit\u00e9 D\u00e9partemental<\/strong><\/span><\/h4>\n<p>[\/vc_column_text][vc_column_text]<\/p>\n<h2><strong><span style=\"color: #1423a0\">Conditions pour coacher sur le d\u00e9partement<\/span><\/strong><\/h2>\n<p>[\/vc_column_text][vc_single_image image=\u00a0\u00bb14028&Prime; title=\u00a0\u00bbFlyer des conditions pour coacher\u00a0\u00bb][vc_column_text]<\/p>\n<hr \/>\n<p>[\/vc_column_text][\/vc_column][\/vc_row][vc_row][vc_column][vc_column_text]<span style=\"color: #1423a0\"><strong>Conditions d&rsquo;obtention de la carte de coach pour les comp\u00e9titions du d\u00e9partement :<\/strong><\/span><\/p>\n<p>Les professeurs\/entra\u00eeneurs, pour obtenir leur accr\u00e9ditation le jour de la comp\u00e9tition \u00a0doivent :<\/p>\n<ul>\n<li>Etre <span style=\"color: #dc2d5a\"><strong>majeurs<\/strong><\/span> et <span style=\"color: #dc2d5a\"><strong>licenci\u00e9<\/strong><\/span> \u00e0 la FFKDA<\/li>\n<li>Etre minimum <span style=\"color: #dc2d5a\"><strong>ceinture noire 1\u00e8re dan<\/strong><\/span><\/li>\n<li>\u00catre minimum <span style=\"color: #dc2d5a\"><strong>DAF<\/strong><\/span><\/li>\n<li>Assister au<span style=\"color: #dc2d5a\"><strong> meeting des coaches<\/strong><\/span> organis\u00e9 et dirig\u00e9 par le responsable technique de l\u2019organisme (<em>DTD, commissaire sportif, DTR<\/em>) \u00e0 sa premi\u00e8re comp\u00e9tition.<\/li>\n<li>Porter la <span style=\"color: #dc2d5a\"><strong>carte d\u2019accr\u00e9ditation<\/strong><\/span> sp\u00e9cifique pour les coache.<\/li>\n<li>Porter une <span style=\"color: #dc2d5a\"><strong>tenue sportive r\u00e9glementaire<\/strong><\/span>, surv\u00eatement complet pantalon et veste de surv\u00eatement \u00e0 l\u2019effigie du club et chaussures de sport.<\/li>\n<\/ul>\n<p>Lors des comp\u00e9titions, les coachs respectant les conditions \u00e9num\u00e9r\u00e9es ci-dessus, pourront r\u00e9cup\u00e9rer une carte coach \u00e0 une table r\u00e9serv\u00e9e sp\u00e9cialement pour eux :<\/p>\n<ul>\n<li>La <span style=\"color: #dc2d5a\"><strong>licence<\/strong><\/span> de la saison en cours est indispensable pour percevoir\u00a0la carte coach.<\/li>\n<\/ul>\n<p><span style=\"color: #1423a0\"><strong>Les cartes de coach sont valables jusqu&rsquo;au 31 juin 2016.<\/strong><\/span><\/p>\n<p><span style=\"color: #dc2d5a\"><strong>Si le coach dispose d&rsquo;une carte de coach titulaire d\u00e9livr\u00e9e par le FFK, il n&rsquo;a pas l&rsquo;obligation de faire de demande de carte pour les comp\u00e9titions territoriales.<\/strong><\/span>[\/vc_column_text][vc_column_text]<\/p>\n<hr \/>\n<p>[\/vc_column_text][\/vc_column][\/vc_row][vc_row][vc_column][vc_column_text]<span style=\"color: #1423a0\"><strong>Fiche de renseignement carte coach :<\/strong><\/span><\/p>\n<p>Les coachs ayant d\u00e9j\u00e0 compl\u00e9t\u00e9s et remis la fiche de renseignements au service comp\u00e9tition\u00a0sont identifi\u00e9s et r\u00e9pertori\u00e9s sur une base de donn\u00e9es. Ceux-ci n&rsquo;auront plus la n\u00e9cessit\u00e9 de remplir une nouvelle fiche de renseignements mais devront la renouveler chaque saison.<\/p>\n<p>Le nombre de coaches, de <span style=\"color: #dc2d5a\"><strong>un<\/strong><\/span> \u00e0 <span style=\"color: #dc2d5a\"><strong>quatre maximum<\/strong><\/span> par club, pouvant s\u2019inscrire \u00e0 chaque comp\u00e9tition est proportionnel au nombre d\u2019athl\u00e8tes inscrits.<\/p>\n<ul>\n<li><span style=\"text-decoration: underline\">De 1 \u00e0 3 athl\u00e8tes inscrits<\/span> : 1 coach maximum par club.<\/li>\n<li><span style=\"text-decoration: underline\">De 4 \u00e0 6 athl\u00e8tes inscrits<\/span> : 2 coaches maximum par club.<\/li>\n<li><span style=\"text-decoration: underline\">De 7 \u00e0 9 athl\u00e8tes inscrits<\/span> : 3 coaches maximum par club.<\/li>\n<li><span style=\"text-decoration: underline\">A partir de 10 athl\u00e8tes inscrits<\/span> : 4 coaches maximum par club.<\/li>\n<\/ul>\n<p>Pour les coachs n\u2019ayant jamais compl\u00e9t\u00e9 la fiche de renseignements, veuillez la renvoyer\u00a0au plus tard <strong><span style=\"color: #dc2d5a\">5\u00a0jours<\/span><\/strong> avant la comp\u00e9tition concern\u00e9e par mail\u00a0au secr\u00e9tariat du comit\u00e9 :<span style=\"color: #1423a0\"> <strong><a style=\"color: #1423a0\" href=\"mailto:cd92.ffkarate@gmail.com\">cd92.ffkarate@gmail.com<\/a><\/strong><\/span>\u00a0(<span style=\"text-decoration: underline\">merci de joindre \u00e9galement au mail une copie de votre dipl\u00f4me<\/span>).<\/p>\n<p>Retrouvez la fiche de renseignement \u00e0 compl\u00e9ter en haut, sur le c\u00f4t\u00e9 droit de cette page.[\/vc_column_text][vc_column_text]<\/p>\n<hr \/>\n<p>[\/vc_column_text][\/vc_column][\/vc_row][vc_row][vc_column][vc_column_text]<span style=\"color: #1423a0\"><strong>Pendant la comp\u00e9tition :<\/strong><\/span><\/p>\n<p>Le jour de la comp\u00e9tition, les professeurs\/entra\u00eeneurs doivent :<\/p>\n<ul>\n<li>Avoir un <strong><span style=\"color: #dc2d5a\">comportement exemplaire<\/span><\/strong> en toute circonstance.<\/li>\n<li><span style=\"color: #dc2d5a\"><strong>Respecter les zones<\/strong><\/span> qui leurs sont attribu\u00e9es pour coacher.<\/li>\n<li><strong><span style=\"color: #dc2d5a\">Rester assis<\/span><\/strong> sur les chaises mises en place pour le coaching.<\/li>\n<li>Les coaches <strong><span style=\"color: #dc2d5a\">ne doivent pas se lever de leurs chaises<\/span><\/strong> durant tout le temps des combats.<\/li>\n<li>En aucun cas le coach ne doit <span style=\"color: #dc2d5a\"><strong>traverser les surfaces de comp\u00e9titions<\/strong><\/span> (<em>tatamis<\/em>).<\/li>\n<li>Si un coach ne respecte pas les r\u00e8gles d\u2019\u00e9thique et de bonne conduite, <strong><span style=\"color: #dc2d5a\">il se verra retirer la carte d\u2019accr\u00e9ditation<\/span><\/strong> par le Directeur Technique D\u00e9partemental ou son repr\u00e9sentant et ne pourra plus coacher pendant tout le temps de la comp\u00e9tition. (<em>En fonction de la gravit\u00e9 des faits, la commission disciplinaire de la f\u00e9d\u00e9ration pourrait \u00eatre saisie<\/em>).<\/li>\n<li>Durant toute la dur\u00e9e de la comp\u00e9tition <strong><span style=\"color: #dc2d5a\">le coach est responsable du comportement et des actes des athl\u00e8tes de son club<\/span><\/strong>.<\/li>\n<\/ul>\n<p>[\/vc_column_text][vc_column_text]<\/p>\n<hr \/>\n<p>[\/vc_column_text][vc_column_text][\/vc_column_text][\/vc_column][\/vc_row][vc_row][vc_column][vc_column_text]<span style=\"color: #1423a0\"><strong>Meeting coach :<\/strong><\/span><\/p>\n<p>Le Comit\u00e9 D\u00e9partemental des Hauts-De-Seine,\u00a0pr\u00e9voit de programmer, \u00e0 chaque comp\u00e9tition, environ <span style=\"color: #dc2d5a\"><strong>30 minutes<\/strong><\/span>\u00a0avant le d\u00e9but de celle-ci,\u00a0une r\u00e9union pour les coachs du club.[\/vc_column_text][vc_column_text]<\/p>\n<hr \/>\n<p>[\/vc_column_text][\/vc_column][\/vc_row][vc_row][vc_column][vc_column_text]<\/p>\n<h2>Equipements du comp\u00e9titeur<\/h2>\n<p>Ce chapitre vous rappelle que les \u00e9quipements\u00a0\u00a0sont obligatoires pour chaque comp\u00e9titeur de mini poussins \u00e0 v\u00e9t\u00e9rans &#8211; <strong><span style=\"color: #dc2d5a\">Le comit\u00e9 d\u00e9partemental du 92 ne pr\u00eate plus aucun \u00e9quipement<\/span><\/strong>. <strong>Si un \u00e9quipement venait \u00e0 manquer, le comp\u00e9titeur se verrait dans l&rsquo;impossibilit\u00e9 de participer \u00e0 la comp\u00e9tition.<\/strong><\/p>\n<p><span style=\"color: #1423a0\"><strong>Equipements pour les combats (de poussins \u00e0 v\u00e9t\u00e9rans) :<\/strong><\/span><\/p>\n<ul>\n<li>Karat\u00e9 gi blanc &#8211;\u00a0\u00a0<em>L\u2019\u00e9cusson du club peut \u00eatre port\u00e9 sur le c\u00f4t\u00e9 gauche de la veste et ne doit pas mesurer plus de 100 cm\u00b2<\/em><\/li>\n<li>Ceinture rouge et ceinture bleue<\/li>\n<li>Gants rouges et gants bleus<\/li>\n<li>Prot\u00e8ge dents (adapt\u00e9 en cas d\u2019appareil dentaire)<\/li>\n<li>Prot\u00e8ges pieds rouges et prot\u00e8ges pieds bleus<\/li>\n<li>Prot\u00e8ges tibias<\/li>\n<li>Coquille pour les combattants<\/li>\n<li>Prot\u00e8ge poitrine pour les combattantes cadettes, juniors, espoirs et seniors.<\/li>\n<li>Plastron r\u00e9versible bleu-rouge et casque pour les comp\u00e9titeurs (trices) en cat\u00e9gories Mini-Poussins, Poussins, Pupilles, Benjamins et Minimes.<\/li>\n<\/ul>\n<p><span style=\"color: #1423a0\"><strong>Equipements pour les katas (de poussins \u00e0 v\u00e9t\u00e9rans) :<\/strong><\/span><\/p>\n<ul>\n<li>Karat\u00e9 gi blanc\u00a0&#8211;\u00a0\u00a0<em>L\u2019\u00e9cusson du club peut \u00eatre port\u00e9 sur le c\u00f4t\u00e9 gauche de la veste et ne doit pas mesurer plus de 100 cm\u00b2<\/em><\/li>\n<li>Ceinture rouge et ceinture bleue<\/li>\n<\/ul>\n<p>La possession du passeport sportif est obligatoire pour participer \u00e0 une comp\u00e9tition. Il doit contenir :<\/p>\n<ul>\n<li>Un\u00a0<strong>passeport sportif<\/strong>\u00a0en r\u00e8gle.<\/li>\n<li><strong>Deux timbres de licence<\/strong> dont celui de l\u2019ann\u00e9e en cours.<\/li>\n<li>Une\u00a0<strong>autorisation parentale<\/strong>\u00a0pour les mineurs.<\/li>\n<li><em>Un justificatif d\u2019identit\u00e9 fran\u00e7aise ou un justificatif de naissance en France \u00e0 partir de la cat\u00e9gorie MINIMES pour les championnats de d\u00e9partement, de ligue, de l\u2019Inter-R\u00e9gion et de France<\/em>.<\/li>\n<\/ul>\n<p>[\/vc_column_text][\/vc_column][\/vc_row]<\/p>\n<\/div>","protected":false},"excerpt":{"rendered":"<p>[vc_row][vc_column][vc_column_text] Bienvenue sur la page enti\u00e8rement d\u00e9di\u00e9e aux coachs exer\u00e7ant sur le Comit\u00e9 D\u00e9partemental [\/vc_column_text][vc_column_text] Conditions pour coacher sur le d\u00e9partement [\/vc_column_text][vc_single_image image=\u00a0\u00bb14028&Prime; title=\u00a0\u00bbFlyer des conditions pour coacher\u00a0\u00bb][vc_column_text] [\/vc_column_text][\/vc_column][\/vc_row][vc_row][vc_column][vc_column_text]Conditions d&rsquo;obtention de la carte de coach pour les comp\u00e9titions du d\u00e9partement : Les professeurs\/entra\u00eeneurs, pour obtenir leur accr\u00e9ditation le jour de la comp\u00e9tition \u00a0doivent : Etre [&hellip;]<\/p>\n","protected":false},"author":87,"featured_media":0,"parent":8770,"menu_order":0,"comment_status":"closed","ping_status":"closed","template":"","meta":{"footnotes":""},"class_list":["post-3108","page","type-page","status-publish","hentry"],"_links":{"self":[{"href":"https:\/\/sites.ffkarate.fr\/hautsdeseine\/wp-json\/wp\/v2\/pages\/3108","targetHints":{"allow":["GET"]}}],"collection":[{"href":"https:\/\/sites.ffkarate.fr\/hautsdeseine\/wp-json\/wp\/v2\/pages"}],"about":[{"href":"https:\/\/sites.ffkarate.fr\/hautsdeseine\/wp-json\/wp\/v2\/types\/page"}],"author":[{"embeddable":true,"href":"https:\/\/sites.ffkarate.fr\/hautsdeseine\/wp-json\/wp\/v2\/users\/87"}],"replies":[{"embeddable":true,"href":"https:\/\/sites.ffkarate.fr\/hautsdeseine\/wp-json\/wp\/v2\/comments?post=3108"}],"version-history":[{"count":10,"href":"https:\/\/sites.ffkarate.fr\/hautsdeseine\/wp-json\/wp\/v2\/pages\/3108\/revisions"}],"predecessor-version":[{"id":9534,"href":"https:\/\/sites.ffkarate.fr\/hautsdeseine\/wp-json\/wp\/v2\/pages\/3108\/revisions\/9534"}],"up":[{"embeddable":true,"href":"https:\/\/sites.ffkarate.fr\/hautsdeseine\/wp-json\/wp\/v2\/pages\/8770"}],"wp:attachment":[{"href":"https:\/\/sites.ffkarate.fr\/hautsdeseine\/wp-json\/wp\/v2\/media?parent=3108"}],"curies":[{"name":"wp","href":"https:\/\/api.w.org\/{rel}","templated":true}]}}