{"id":8371,"date":"2020-11-07T12:03:50","date_gmt":"2020-11-07T11:03:50","guid":{"rendered":"https:\/\/sites.ffkarate.fr\/hautsdeseine\/?page_id=8371"},"modified":"2020-11-07T12:03:50","modified_gmt":"2020-11-07T11:03:50","slug":"scolaire-unss","status":"publish","type":"page","link":"https:\/\/sites.ffkarate.fr\/hautsdeseine\/scolaire-unss\/","title":{"rendered":"Scolaire &#8211; UNSS"},"content":{"rendered":"<div class=\"wpb-content-wrapper\"><p>[vc_row][vc_column][vc_column_text]<\/p>\n<h2>UNSS<\/h2>\n<p><span style=\"color: #1423a0\"><strong>Etes-vous une personne travaillant au sein de l\u2019Education nationale ?<\/strong><\/span><br \/>\n<strong><span style=\"color: #dc2d5a\">Connaissez-vous une personne travaillant au sein d\u2019\u00e9tablissements secondaires dans votre commune ou communes limitrophes ?<\/span><\/strong><\/p>\n<p>Dans le cadre du Projet D\u00e9partemental visant \u00ab <strong>l\u2019ouverture<\/strong> \u00bb et le d\u00e9veloppement de notre discipline au sein du public Jeune, le CDK 92 axe sa nouvelle dynamique vers les \u00e9tablissements scolaires.<\/p>\n<p>Le CDK92 s&rsquo;est rapproch\u00e9\u00a0de l\u2019UNSS 92,\u00a0<strong>Rachid BOUARIF<\/strong>\u00a0et\u00a0<strong>Benjamin BIAGIOTTI<\/strong>\u00a0se proposent d\u2019animer une s\u00e9ance d\u00e9couverte au sein des Associations Sportives des \u00e9tablissements de votre Commune.<\/p>\n<p>Alors n&rsquo;h\u00e9sitez plus et contactez :<\/p>\n<p><span style=\"color: #dc2d5a\"><strong>Benjamin BIAGIOTTI<\/strong><\/span><br \/>\nT\u00e8l :\u00a006 26 17 25 53<br \/>\nM\u00e8l :\u00a0<span style=\"color: #1423a0\"><strong><a style=\"color: #1423a0\" href=\"mailto:ben.biagiotti@hotmail.fr\" target=\"_blank\" rel=\"noopener\">ben.biagiotti@hotmail.fr<\/a><\/strong><\/span><\/p>\n<p><span style=\"color: #1423a0\"><strong><a style=\"color: #1423a0\" href=\"https:\/\/sites.ffkarate.fr\/hautsdeseine\/wp-content\/uploads\/sites\/57\/2020\/11\/20201107_Courrier_UNSS92.pdf\" target=\"_blank\" rel=\"noopener\">Lettre de Rachid BOUARIF et Benjamin BIAGIOTTI<\/a><\/strong><\/span>\u00a0\u2b05 Cliquez sur le lien<\/p>\n<p><span style=\"color: #1423a0\"><strong><a style=\"color: #1423a0\" href=\"https:\/\/sites.ffkarate.fr\/hautsdeseine\/wp-content\/uploads\/sites\/57\/2020\/11\/20201107_Affiche_UNSS92_V1.1.pdf\" target=\"_blank\" rel=\"noopener\">Affiche au format PDF<\/a><\/strong><\/span> \u2b05 Cliquez sur le lien<\/p>\n<p><a href=\"https:\/\/sites.ffkarate.fr\/hautsdeseine\/wp-content\/uploads\/sites\/57\/2020\/11\/20201107_Affiche_UNSS92_V1.1.jpg\"><img decoding=\"async\" class=\" wp-image-8379 aligncenter\" src=\"https:\/\/sites.ffkarate.fr\/hautsdeseine\/wp-content\/uploads\/sites\/57\/2020\/11\/20201107_Affiche_UNSS92_V1.1-1024x709.jpg\" alt=\"20201107_Affiche_UNSS92_V1.1\" width=\"600\" height=\"415\" \/><\/a><\/p>\n<p>&nbsp;<\/p>\n<p>&nbsp;[\/vc_column_text][\/vc_column][\/vc_row]<\/p>\n<\/div>","protected":false},"excerpt":{"rendered":"<p>[vc_row][vc_column][vc_column_text] UNSS Etes-vous une personne travaillant au sein de l\u2019Education nationale ? Connaissez-vous une personne travaillant au sein d\u2019\u00e9tablissements secondaires dans votre commune ou communes limitrophes ? Dans le cadre du Projet D\u00e9partemental visant \u00ab l\u2019ouverture \u00bb et le d\u00e9veloppement de notre discipline au sein du public Jeune, le CDK 92 axe sa nouvelle dynamique [&hellip;]<\/p>\n","protected":false},"author":87,"featured_media":0,"parent":0,"menu_order":0,"comment_status":"closed","ping_status":"closed","template":"","meta":{"footnotes":""},"class_list":["post-8371","page","type-page","status-publish","hentry"],"_links":{"self":[{"href":"https:\/\/sites.ffkarate.fr\/hautsdeseine\/wp-json\/wp\/v2\/pages\/8371","targetHints":{"allow":["GET"]}}],"collection":[{"href":"https:\/\/sites.ffkarate.fr\/hautsdeseine\/wp-json\/wp\/v2\/pages"}],"about":[{"href":"https:\/\/sites.ffkarate.fr\/hautsdeseine\/wp-json\/wp\/v2\/types\/page"}],"author":[{"embeddable":true,"href":"https:\/\/sites.ffkarate.fr\/hautsdeseine\/wp-json\/wp\/v2\/users\/87"}],"replies":[{"embeddable":true,"href":"https:\/\/sites.ffkarate.fr\/hautsdeseine\/wp-json\/wp\/v2\/comments?post=8371"}],"version-history":[{"count":0,"href":"https:\/\/sites.ffkarate.fr\/hautsdeseine\/wp-json\/wp\/v2\/pages\/8371\/revisions"}],"wp:attachment":[{"href":"https:\/\/sites.ffkarate.fr\/hautsdeseine\/wp-json\/wp\/v2\/media?parent=8371"}],"curies":[{"name":"wp","href":"https:\/\/api.w.org\/{rel}","templated":true}]}}