{"id":8771,"date":"2015-01-08T11:33:29","date_gmt":"2015-01-08T11:33:29","guid":{"rendered":"https:\/\/sites.ffkarate.fr\/testclone\/?page_id=59"},"modified":"2025-12-20T12:33:45","modified_gmt":"2025-12-20T11:33:45","slug":"stages","status":"publish","type":"page","link":"https:\/\/sites.ffkarate.fr\/hautsdeseine\/stages\/","title":{"rendered":"Stages d\u00e9partementaux"},"content":{"rendered":"<div class=\"wpb-content-wrapper\"><p>[vc_row][vc_column][vc_column_text]<\/p>\n<h4><span style=\"color: #1423a0\">Stages organis\u00e9s par le Comit\u00e9 D\u00e9partemental de Karat\u00e9 des Hauts-De-Seine<\/span><\/h4>\n<p>[\/vc_column_text][vc_column_text]La <strong><span style=\"color: #1423a0\">commission arbitrage<\/span><\/strong> du <strong><span style=\"color: #dc2d5a\">CDKarate92<\/span><\/strong> en co-organisation avec le <span style=\"color: #1423a0\"><strong>CDKarate95<\/strong><\/span>\u00a0vous propose un <span style=\"color: #dc2d5a\"><strong>stage d\u2019arbitrage<\/strong><\/span> le <strong><span style=\"color: #1423a0\">samedi 3 janvier 2026<\/span><\/strong>\u00a0de<strong> <span style=\"color: #dc2d5a\">9h00<\/span><\/strong> \u00e0<strong>\u00a0<span style=\"color: #dc2d5a\">16<\/span><\/strong><span style=\"color: #1423a0\"><span style=\"color: #dc2d5a\"><strong>h00<\/strong><\/span><span style=\"color: #000000\">.<\/span><\/span><\/p>\n<p>Ce stage sera anim\u00e9 par :<\/p>\n<ul>\n<li><strong><span style=\"color: #1423a0\">Laura DA SILVA<\/span>\u00a0<\/strong>(<em>Arbitre mondiale et adjointe au responsable d\u00e9partemental des Hauts-De-Seine<\/em>)<\/li>\n<li><span style=\"color: #dc2d5a\"><strong>Yacine FARES<\/strong>\u00a0<\/span>(<em>Responsable d\u00e9partemental du Val d&rsquo;Oise<\/em>)<\/li>\n<\/ul>\n<p>Stage <span style=\"color: #1423a0\"><strong>gratuit<\/strong><\/span> et <span style=\"color: #dc2d5a\"><strong>ouvert<\/strong><span style=\"color: #000000\"> \u00e0 tous les <span style=\"color: #1423a0\"><strong>arbitres<\/strong><\/span>, <span style=\"color: #1423a0\"><strong><span style=\"color: #dc2d5a\">coachs<\/span><\/strong><span style=\"color: #000000\"> et aux <\/span><strong>DAF et DIF<\/strong><span style=\"color: #000000\"> dans le cadre de leurs heures de <\/span><\/span>vie associative. Tenue officielle obligatoire pour les aribtres.<\/span><\/span><\/p>\n<p><span style=\"color: #dc2d5a\"><strong>Programme :<\/strong><\/span><\/p>\n<ul>\n<li>\u00c9tude des mises \u00e0 jour effectu\u00e9es r\u00e9cemment sur les r\u00e8glements kata et combat<\/li>\n<li>Pratiques et mise en situations<\/li>\n<li>Questions diverses<\/li>\n<\/ul>\n<p><span style=\"color: #dc2d5a\"><strong>Adresse :<\/strong><\/span><br \/>\nGymnase Municipal Maurice Baquet<br \/>\n11 avenue Albert Sarraut<br \/>\n95190 Goussainville<\/p>\n<p><span style=\"color: #dc2d5a\"><strong>Renseignements\u00a0:<\/strong><\/span><br \/>\n<strong>Mohammed DAOUD<\/strong><br \/>\nT\u00e9l. : 06 22 16 54 02<br \/>\nMail : <span style=\"color: #1423a0\"><strong><a style=\"color: #1423a0\" href=\"mailto:daoudmohammed@hotmail.fr\">daoudmohammed@hotmail.fr<\/a><\/strong><\/span>[\/vc_column_text][vc_single_image image=\u00a0\u00bb18160&Prime;][vc_column_text]<\/p>\n<hr \/>\n<p>[\/vc_column_text][\/vc_column][\/vc_row][vc_row][vc_column][vc_empty_space height=\u00a0\u00bb20px\u00a0\u00bb][vc_message message_box_style=\u00a0\u00bbclassic\u00a0\u00bb message_box_color=\u00a0\u00bbalert-info\u00a0\u00bb style=\u00a0\u00bbrounded\u00a0\u00bb]Dans le cadre de notre mission d\u2019aide au d\u00e9veloppement de vos activit\u00e9s, nous diffuserons ici vos avis et affiches de stages dans la mesure du possible et de nos disponibilit\u00e9s.<\/p>\n<p>Vous pouvez les envoyer suffisamment \u00e0 l\u2019avance \u00e0 <span style=\"color: #1423a0\"><strong><a style=\"color: #1423a0\" href=\"mailto:cd92.ffkarate@gmail.com\">cd92.ffkarate@gmail.com<\/a><\/strong><\/span>.<\/p>\n<p>Pour \u00eatre publi\u00e9 sur le site du CDK92, votre stage doit \u00eatre autoris\u00e9 par l\u2019instance f\u00e9d\u00e9rale (<em>Article L331-7 du code du sport<\/em>), respecter la r\u00e8glementation et respecter notamment les conditions suivantes :<\/p>\n<ul>\n<li>Etre organis\u00e9 dans les Hauts-De-Seine par un club de notre comp\u00e9tence territoriale.<\/li>\n<li>Etre destin\u00e9 aux licenci\u00e9s FFK et pour une activit\u00e9 du ressort de la FFKDA, couverte par l\u2019assurance-licence FFK.<\/li>\n<li>Etre dirig\u00e9 par un professeur licenci\u00e9 FFK et titulaire d\u2019un dipl\u00f4me autorisant l\u2019enseignement de la discipline concern\u00e9e (<em>Dipl\u00f4me f\u00e9d\u00e9ral ou dipl\u00f4me d\u2019\u00e9tat<\/em>).<\/li>\n<li>Ne pas faire \u00e9tat de titres, grades, dipl\u00f4mes non officiels ou mensongers.<\/li>\n<li>Ne pas interf\u00e9rer avec une manifestation officielle destin\u00e9e au m\u00eame public licenci\u00e9 sur le m\u00eame territoire.<\/li>\n<\/ul>\n<p>[\/vc_message][vc_column_text][\/vc_column_text][\/vc_column][\/vc_row][vc_row][vc_column][ffk_postgrid category=\u00a0\u00bb19&Prime;][\/vc_column][\/vc_row][vc_row][vc_column]<script type=\"text\/javascript\">\n\/* <![CDATA[ *\/\nvar gform;gform||(document.addEventListener(\"gform_main_scripts_loaded\",function(){gform.scriptsLoaded=!0}),document.addEventListener(\"gform\/theme\/scripts_loaded\",function(){gform.themeScriptsLoaded=!0}),window.addEventListener(\"DOMContentLoaded\",function(){gform.domLoaded=!0}),gform={domLoaded:!1,scriptsLoaded:!1,themeScriptsLoaded:!1,isFormEditor:()=>\"function\"==typeof InitializeEditor,callIfLoaded:function(o){return!(!gform.domLoaded||!gform.scriptsLoaded||!gform.themeScriptsLoaded&&!gform.isFormEditor()||(gform.isFormEditor()&&console.warn(\"The use of gform.initializeOnLoaded() is deprecated in the form editor context and will be removed in Gravity Forms 3.1.\"),o(),0))},initializeOnLoaded:function(o){gform.callIfLoaded(o)||(document.addEventListener(\"gform_main_scripts_loaded\",()=>{gform.scriptsLoaded=!0,gform.callIfLoaded(o)}),document.addEventListener(\"gform\/theme\/scripts_loaded\",()=>{gform.themeScriptsLoaded=!0,gform.callIfLoaded(o)}),window.addEventListener(\"DOMContentLoaded\",()=>{gform.domLoaded=!0,gform.callIfLoaded(o)}))},hooks:{action:{},filter:{}},addAction:function(o,r,e,t){gform.addHook(\"action\",o,r,e,t)},addFilter:function(o,r,e,t){gform.addHook(\"filter\",o,r,e,t)},doAction:function(o){gform.doHook(\"action\",o,arguments)},applyFilters:function(o){return gform.doHook(\"filter\",o,arguments)},removeAction:function(o,r){gform.removeHook(\"action\",o,r)},removeFilter:function(o,r,e){gform.removeHook(\"filter\",o,r,e)},addHook:function(o,r,e,t,n){null==gform.hooks[o][r]&&(gform.hooks[o][r]=[]);var d=gform.hooks[o][r];null==n&&(n=r+\"_\"+d.length),gform.hooks[o][r].push({tag:n,callable:e,priority:t=null==t?10:t})},doHook:function(r,o,e){var t;if(e=Array.prototype.slice.call(e,1),null!=gform.hooks[r][o]&&((o=gform.hooks[r][o]).sort(function(o,r){return o.priority-r.priority}),o.forEach(function(o){\"function\"!=typeof(t=o.callable)&&(t=window[t]),\"action\"==r?t.apply(null,e):e[0]=t.apply(null,e)})),\"filter\"==r)return e[0]},removeHook:function(o,r,t,n){var e;null!=gform.hooks[o][r]&&(e=(e=gform.hooks[o][r]).filter(function(o,r,e){return!!(null!=n&&n!=o.tag||null!=t&&t!=o.priority)}),gform.hooks[o][r]=e)}});\n\/* ]]> *\/\n<\/script>\n\n                <div class='gf_browser_gecko gform_wrapper gform_legacy_markup_wrapper gform-theme--no-framework' data-form-theme='legacy' data-form-index='0' id='gform_wrapper_1' >\n                        <div class='gform_heading'>\n                            <h3 class=\"gform_title\">Contact<\/h3>\n                            <p class='gform_description'><\/p>\n                        <\/div><form method='post' enctype='multipart\/form-data'  id='gform_1'  action='\/hautsdeseine\/wp-json\/wp\/v2\/pages\/8771' data-formid='1' novalidate>\n                        <div class='gform-body gform_body'><ul id='gform_fields_1' class='gform_fields top_label form_sublabel_below description_below validation_below'><li id=\"field_1_1\" class=\"gfield gfield--type-name field_sublabel_below gfield--no-description field_description_below field_validation_below gfield_visibility_visible\"  ><label class='gfield_label gform-field-label gfield_label_before_complex' >Identit\u00e9<\/label><div class='ginput_complex ginput_container ginput_container--name no_prefix has_first_name no_middle_name has_last_name no_suffix gf_name_has_2 ginput_container_name gform-grid-row' id='input_1_1'>\n                            \n                            <span id='input_1_1_3_container' class='name_first gform-grid-col gform-grid-col--size-auto' >\n                                                    <input type='text' name='input_1.3' id='input_1_1_3' value=''   aria-required='false'     \/>\n                                                    <label for='input_1_1_3' class='gform-field-label gform-field-label--type-sub '>Pr\u00e9nom<\/label>\n                                                <\/span>\n                            \n                            <span id='input_1_1_6_container' class='name_last gform-grid-col gform-grid-col--size-auto' >\n                                                    <input type='text' name='input_1.6' id='input_1_1_6' value=''   aria-required='false'     \/>\n                                                    <label for='input_1_1_6' class='gform-field-label gform-field-label--type-sub '>Nom<\/label>\n                                                <\/span>\n                            \n                        <\/div><\/li><li id=\"field_1_2\" class=\"gfield gfield--type-email gfield_contains_required field_sublabel_below gfield--no-description field_description_below field_validation_below gfield_visibility_visible\"  ><label class='gfield_label gform-field-label' for='input_1_2'>E-mail<span class=\"gfield_required\"><span class=\"gfield_required gfield_required_asterisk\">*<\/span><\/span><\/label><div class='ginput_container ginput_container_email'>\n                            <input name='input_2' id='input_1_2' type='email' value='' class='medium'    aria-required=\"true\" aria-invalid=\"false\"  \/>\n                        <\/div><\/li><li id=\"field_1_3\" class=\"gfield gfield--type-textarea field_sublabel_below gfield--no-description field_description_below field_validation_below gfield_visibility_visible\"  ><label class='gfield_label gform-field-label' for='input_1_3'>Votre message<\/label><div class='ginput_container ginput_container_textarea'><textarea name='input_3' id='input_1_3' class='textarea medium'      aria-invalid=\"false\"   rows='10' cols='50'><\/textarea><\/div><\/li><\/ul><\/div>\n        <div class='gform-footer gform_footer top_label'> <input type='submit' id='gform_submit_button_1' class='gform_button button' onclick='gform.submission.handleButtonClick(this);' data-submission-type='submit' value='Envoyer'  \/> \n            <input type='hidden' class='gform_hidden' name='gform_submission_method' data-js='gform_submission_method_1' value='postback' \/>\n            <input type='hidden' class='gform_hidden' name='gform_theme' data-js='gform_theme_1' id='gform_theme_1' value='legacy' \/>\n            <input type='hidden' class='gform_hidden' name='gform_style_settings' data-js='gform_style_settings_1' id='gform_style_settings_1' value='[]' \/>\n            <input type='hidden' class='gform_hidden' name='is_submit_1' value='1' \/>\n            <input type='hidden' class='gform_hidden' name='gform_submit' value='1' \/>\n            \n            <input type='hidden' class='gform_hidden' name='gform_currency' data-currency='EUR' value='syQ3kg229wSJVhy25qUzPhc+wgHEn2atfjc\/CUwI6xczmLw\/QH+49w\/4bvVNClxORsivHm3QMRraFsscnFh8GVgDKeP4GRaMcy\/TB27yCsmfFaQ=' \/>\n            <input type='hidden' class='gform_hidden' name='gform_unique_id' value='' \/>\n            <input type='hidden' class='gform_hidden' name='state_1' value='WyJbXSIsIjU3NDUxNjFlOWEyZjczODJmMTVlZDFkZGExMWE5Y2QxIl0=' \/>\n            <input type='hidden' autocomplete='off' class='gform_hidden' name='gform_target_page_number_1' id='gform_target_page_number_1' value='0' \/>\n            <input type='hidden' autocomplete='off' class='gform_hidden' name='gform_source_page_number_1' id='gform_source_page_number_1' value='1' \/>\n            <input type='hidden' name='gform_field_values' value='' \/>\n            \n        <\/div>\n                        <input\n                    class=\"apbct_special_field apbct_email_id__gravity_form\"\n                    name=\"apbct__email_id__gravity_form\"\n                    aria-label=\"apbct__label_id__gravity_form\"\n                    type=\"text\" size=\"30\" maxlength=\"200\" autocomplete=\"off\"\n                    value=\"\"\n                \/><\/form>\n                        <\/div><script type=\"text\/javascript\">\n\/* <![CDATA[ *\/\n gform.initializeOnLoaded( function() {gformInitSpinner( 1, 'https:\/\/sites.ffkarate.fr\/hautsdeseine\/wp-content\/plugins\/gravityforms\/images\/spinner.svg', true );jQuery('#gform_ajax_frame_1').on('load',function(){var contents = jQuery(this).contents().find('*').html();var is_postback = contents.indexOf('GF_AJAX_POSTBACK') >= 0;if(!is_postback){return;}var form_content = jQuery(this).contents().find('#gform_wrapper_1');var is_confirmation = jQuery(this).contents().find('#gform_confirmation_wrapper_1').length > 0;var is_redirect = contents.indexOf('gformRedirect(){') >= 0;var is_form = form_content.length > 0 && ! is_redirect && ! is_confirmation;var mt = parseInt(jQuery('html').css('margin-top'), 10) + parseInt(jQuery('body').css('margin-top'), 10) + 100;if(is_form){jQuery('#gform_wrapper_1').html(form_content.html());if(form_content.hasClass('gform_validation_error')){jQuery('#gform_wrapper_1').addClass('gform_validation_error');} else {jQuery('#gform_wrapper_1').removeClass('gform_validation_error');}setTimeout( function() { \/* delay the scroll by 50 milliseconds to fix a bug in chrome *\/  }, 50 );if(window['gformInitDatepicker']) {gformInitDatepicker();}if(window['gformInitPriceFields']) {gformInitPriceFields();}var current_page = jQuery('#gform_source_page_number_1').val();gformInitSpinner( 1, 'https:\/\/sites.ffkarate.fr\/hautsdeseine\/wp-content\/plugins\/gravityforms\/images\/spinner.svg', true );jQuery(document).trigger('gform_page_loaded', [1, current_page]);window['gf_submitting_1'] = false;}else if(!is_redirect){var confirmation_content = jQuery(this).contents().find('.GF_AJAX_POSTBACK').html();if(!confirmation_content){confirmation_content = contents;}jQuery('#gform_wrapper_1').replaceWith(confirmation_content);jQuery(document).trigger('gform_confirmation_loaded', [1]);window['gf_submitting_1'] = false;wp.a11y.speak(jQuery('#gform_confirmation_message_1').text());}else{jQuery('#gform_1').append(contents);if(window['gformRedirect']) {gformRedirect();}}jQuery(document).trigger(\"gform_pre_post_render\", [{ formId: \"1\", currentPage: \"current_page\", abort: function() { this.preventDefault(); } }]);        if (event && event.defaultPrevented) {                return;        }        const gformWrapperDiv = document.getElementById( \"gform_wrapper_1\" );        if ( gformWrapperDiv ) {            const visibilitySpan = document.createElement( \"span\" );            visibilitySpan.id = \"gform_visibility_test_1\";            gformWrapperDiv.insertAdjacentElement( \"afterend\", visibilitySpan );        }        const visibilityTestDiv = document.getElementById( \"gform_visibility_test_1\" );        let postRenderFired = false;        function triggerPostRender() {            if ( postRenderFired ) {                return;            }            postRenderFired = true;            gform.core.triggerPostRenderEvents( 1, current_page );            if ( visibilityTestDiv ) {                visibilityTestDiv.parentNode.removeChild( visibilityTestDiv );            }        }        function debounce( func, wait, immediate ) {            var timeout;            return function() {                var context = this, args = arguments;                var later = function() {                    timeout = null;                    if ( !immediate ) func.apply( context, args );                };                var callNow = immediate && !timeout;                clearTimeout( timeout );                timeout = setTimeout( later, wait );                if ( callNow ) func.apply( context, args );            };        }        const debouncedTriggerPostRender = debounce( function() {            triggerPostRender();        }, 200 );        if ( visibilityTestDiv && visibilityTestDiv.offsetParent === null ) {            const observer = new MutationObserver( ( mutations ) => {                mutations.forEach( ( mutation ) => {                    if ( mutation.type === 'attributes' && visibilityTestDiv.offsetParent !== null ) {                        debouncedTriggerPostRender();                        observer.disconnect();                    }                });            });            observer.observe( document.body, {                attributes: true,                childList: false,                subtree: true,                attributeFilter: [ 'style', 'class' ],            });        } else {            triggerPostRender();        }    } );} ); \n\/* ]]> *\/\n<\/script>\n[\/vc_column][\/vc_row]<\/p>\n<\/div>","protected":false},"excerpt":{"rendered":"<p>[vc_row][vc_column][vc_column_text] Stages organis\u00e9s par le Comit\u00e9 D\u00e9partemental de Karat\u00e9 des Hauts-De-Seine [\/vc_column_text][vc_column_text]La commission arbitrage du CDKarate92 en co-organisation avec le CDKarate95\u00a0vous propose un stage d\u2019arbitrage le samedi 3 janvier 2026\u00a0de 9h00 \u00e0\u00a016h00. Ce stage sera anim\u00e9 par : Laura DA SILVA\u00a0(Arbitre mondiale et adjointe au responsable d\u00e9partemental des Hauts-De-Seine) Yacine FARES\u00a0(Responsable d\u00e9partemental du Val d&rsquo;Oise) [&hellip;]<\/p>\n","protected":false},"author":20,"featured_media":7089,"parent":0,"menu_order":0,"comment_status":"closed","ping_status":"closed","template":"","meta":{"footnotes":""},"class_list":["post-8771","page","type-page","status-publish","hentry"],"_links":{"self":[{"href":"https:\/\/sites.ffkarate.fr\/hautsdeseine\/wp-json\/wp\/v2\/pages\/8771","targetHints":{"allow":["GET"]}}],"collection":[{"href":"https:\/\/sites.ffkarate.fr\/hautsdeseine\/wp-json\/wp\/v2\/pages"}],"about":[{"href":"https:\/\/sites.ffkarate.fr\/hautsdeseine\/wp-json\/wp\/v2\/types\/page"}],"author":[{"embeddable":true,"href":"https:\/\/sites.ffkarate.fr\/hautsdeseine\/wp-json\/wp\/v2\/users\/20"}],"replies":[{"embeddable":true,"href":"https:\/\/sites.ffkarate.fr\/hautsdeseine\/wp-json\/wp\/v2\/comments?post=8771"}],"version-history":[{"count":27,"href":"https:\/\/sites.ffkarate.fr\/hautsdeseine\/wp-json\/wp\/v2\/pages\/8771\/revisions"}],"predecessor-version":[{"id":18165,"href":"https:\/\/sites.ffkarate.fr\/hautsdeseine\/wp-json\/wp\/v2\/pages\/8771\/revisions\/18165"}],"wp:featuredmedia":[{"embeddable":true,"href":"https:\/\/sites.ffkarate.fr\/hautsdeseine\/wp-json\/wp\/v2\/media\/7089"}],"wp:attachment":[{"href":"https:\/\/sites.ffkarate.fr\/hautsdeseine\/wp-json\/wp\/v2\/media?parent=8771"}],"curies":[{"name":"wp","href":"https:\/\/api.w.org\/{rel}","templated":true}]}}