{"id":9614,"date":"2014-09-30T07:21:32","date_gmt":"2014-09-30T05:21:32","guid":{"rendered":"https:\/\/sites.ffkarate.fr\/hautsdeseine\/?page_id=9614"},"modified":"2026-01-29T16:39:25","modified_gmt":"2026-01-29T15:39:25","slug":"passeports-ffk","status":"publish","type":"page","link":"https:\/\/sites.ffkarate.fr\/hautsdeseine\/passeports-ffk\/","title":{"rendered":"Passeports FFK &amp; disciplines associ\u00e9es"},"content":{"rendered":"<div class=\"wpb-content-wrapper\"><p>[vc_row][vc_column][vc_column_text]Le <span style=\"color: #1423a0\"><strong data-start=\"164\" data-end=\"241\">Comit\u00e9 D\u00e9partemental des Hauts-de-Seine de Karat\u00e9 &amp; Disciplines Associ\u00e9es<\/strong><\/span> propose \u00e0 la vente les passeports f\u00e9d\u00e9raux au <span style=\"color: #dc2d5a\"><strong data-start=\"288\" data-end=\"312\">tarif unique de 25\u202f\u20ac<\/strong><\/span>, valable pour les <span style=\"color: #1423a0\"><strong data-start=\"331\" data-end=\"360\">adultes comme les enfants<\/strong><\/span> (<em>la F\u00e9d\u00e9ration ne d\u00e9livrant plus de passeports sp\u00e9cifiques pour les enfants<\/em>).<\/p>\n<p><span style=\"color: #000000\"><strong>Comment commander ?<\/strong><\/span><\/p>\n<p>Merci de compl\u00e9ter le <span style=\"color: #1423a0\"><strong data-start=\"495\" data-end=\"520\">formulaire de demande<\/strong><\/span> (<em>accessible \u00e0 droite de cette page<\/em>) et d\u2019y joindre votre <span style=\"color: #dc2d5a\"><strong data-start=\"578\" data-end=\"591\">r\u00e8glement<\/strong><\/span>.<\/p>\n<p><span style=\"color: #000000\"><strong data-start=\"595\" data-end=\"627\">Modes de paiement accept\u00e9s :<\/strong><\/span><\/p>\n<ul data-start=\"630\" data-end=\"842\">\n<li class=\"\" data-start=\"630\" data-end=\"723\">Par <span style=\"color: #1423a0\"><strong>carte bancaire<\/strong><\/span> via HelloAsso : <span style=\"color: #dc2d5a\"><a style=\"color: #dc2d5a\" href=\"https:\/\/cutt.ly\/Passeports_FFK\" target=\"_blank\" rel=\"noopener\"><strong>https:\/\/cutt.ly\/Passeports_FFK<\/strong><\/a><\/span><\/li>\n<li class=\"\" data-start=\"724\" data-end=\"789\">Par <span style=\"color: #dc2d5a\"><strong>virement bancaire<\/strong><\/span> (<em>RIB disponible sur le formulaire<\/em>)<\/li>\n<\/ul>\n<p data-start=\"849\" data-end=\"862\"><span style=\"color: #000000\"><strong>Tarifs :<\/strong><\/span><\/p>\n<ul>\n<li data-start=\"849\" data-end=\"862\"><span style=\"color: #1423a0\"><strong data-start=\"866\" data-end=\"874\">25 \u20ac<\/strong><\/span> x nombre de passeports demand\u00e9s<\/li>\n<li class=\"\" data-start=\"909\" data-end=\"947\"><span style=\"color: #dc2d5a\"><strong data-start=\"911\" data-end=\"930\">Frais de port<\/strong><\/span> (<em>selon quantit\u00e9<\/em>)<\/li>\n<\/ul>\n<p data-start=\"954\" data-end=\"970\"><span style=\"color: #000000\"><strong>Important :<\/strong><\/span><\/p>\n<p data-start=\"954\" data-end=\"970\">N&rsquo;oubliez pas de nous envoyer le <span style=\"color: #1423a0\"><strong data-start=\"1005\" data-end=\"1039\">formulaire de demande compl\u00e9t\u00e9<\/strong><\/span> par email \u00e0 : <span style=\"color: #dc2d5a\"><strong data-start=\"1059\" data-end=\"1086\"><a class=\"cursor-pointer\" style=\"color: #dc2d5a\" rel=\"noopener\" data-start=\"1061\" data-end=\"1084\">cd92.ffkarate@gmail.com<\/a><\/strong><\/span><\/p>\n<p data-start=\"1093\" data-end=\"1107\"><span style=\"color: #000000\"><strong>Validit\u00e9 :<\/strong><\/span><\/p>\n<p>Chaque passeport est valable <span style=\"color: #1423a0\"><strong data-start=\"1138\" data-end=\"1147\">6 ans<\/strong><\/span> \u00e0 compter de sa date d\u2019\u00e9mission<\/p>\n<p><span style=\"color: #000000\"><strong>Remise en main propre :<\/strong><\/span><br \/>\nLa vente de passeports s\u2019effectue exclusivement <span style=\"color: #1423a0\"><strong>par correspondance<\/strong><\/span>, \u00e0 l\u2019exception des <span style=\"color: #dc2d5a\"><strong>particuliers et clubs situ\u00e9s dans les Hauts-de-Seine<\/strong><\/span>.<\/p>\n<p>Pour ces cas sp\u00e9cifiques, merci de prendre directement contact avec :\u00a0\u00a0<span style=\"color: #1423a0\"><strong>Guy LECAPLAIN<\/strong><\/span> au <strong><span style=\"color: #dc2d5a\">06 80 07 35 15<\/span><\/strong> par mail : <span style=\"color: #1423a0\"><a style=\"color: #1423a0\" href=\"mailto:cd92.ffkarate@gmail.com\"><strong>cd92.ffkarate@gmail.com<\/strong><\/a><\/span>.[\/vc_column_text][vc_single_image image=\u00a0\u00bb9160&Prime;][vc_empty_space height=\u00a0\u00bb20px\u00a0\u00bb][\/vc_column][\/vc_row][vc_row][vc_column]<script type=\"text\/javascript\">\n\/* <![CDATA[ *\/\nvar gform;gform||(document.addEventListener(\"gform_main_scripts_loaded\",function(){gform.scriptsLoaded=!0}),document.addEventListener(\"gform\/theme\/scripts_loaded\",function(){gform.themeScriptsLoaded=!0}),window.addEventListener(\"DOMContentLoaded\",function(){gform.domLoaded=!0}),gform={domLoaded:!1,scriptsLoaded:!1,themeScriptsLoaded:!1,isFormEditor:()=>\"function\"==typeof InitializeEditor,callIfLoaded:function(o){return!(!gform.domLoaded||!gform.scriptsLoaded||!gform.themeScriptsLoaded&&!gform.isFormEditor()||(gform.isFormEditor()&&console.warn(\"The use of gform.initializeOnLoaded() is deprecated in the form editor context and will be removed in Gravity Forms 3.1.\"),o(),0))},initializeOnLoaded:function(o){gform.callIfLoaded(o)||(document.addEventListener(\"gform_main_scripts_loaded\",()=>{gform.scriptsLoaded=!0,gform.callIfLoaded(o)}),document.addEventListener(\"gform\/theme\/scripts_loaded\",()=>{gform.themeScriptsLoaded=!0,gform.callIfLoaded(o)}),window.addEventListener(\"DOMContentLoaded\",()=>{gform.domLoaded=!0,gform.callIfLoaded(o)}))},hooks:{action:{},filter:{}},addAction:function(o,r,e,t){gform.addHook(\"action\",o,r,e,t)},addFilter:function(o,r,e,t){gform.addHook(\"filter\",o,r,e,t)},doAction:function(o){gform.doHook(\"action\",o,arguments)},applyFilters:function(o){return gform.doHook(\"filter\",o,arguments)},removeAction:function(o,r){gform.removeHook(\"action\",o,r)},removeFilter:function(o,r,e){gform.removeHook(\"filter\",o,r,e)},addHook:function(o,r,e,t,n){null==gform.hooks[o][r]&&(gform.hooks[o][r]=[]);var d=gform.hooks[o][r];null==n&&(n=r+\"_\"+d.length),gform.hooks[o][r].push({tag:n,callable:e,priority:t=null==t?10:t})},doHook:function(r,o,e){var t;if(e=Array.prototype.slice.call(e,1),null!=gform.hooks[r][o]&&((o=gform.hooks[r][o]).sort(function(o,r){return o.priority-r.priority}),o.forEach(function(o){\"function\"!=typeof(t=o.callable)&&(t=window[t]),\"action\"==r?t.apply(null,e):e[0]=t.apply(null,e)})),\"filter\"==r)return e[0]},removeHook:function(o,r,t,n){var e;null!=gform.hooks[o][r]&&(e=(e=gform.hooks[o][r]).filter(function(o,r,e){return!!(null!=n&&n!=o.tag||null!=t&&t!=o.priority)}),gform.hooks[o][r]=e)}});\n\/* ]]> *\/\n<\/script>\n\n                <div class='gf_browser_gecko gform_wrapper gform_legacy_markup_wrapper gform-theme--no-framework' data-form-theme='legacy' data-form-index='0' id='gform_wrapper_1' >\n                        <div class='gform_heading'>\n                            <h3 class=\"gform_title\">Contact<\/h3>\n                            <p class='gform_description'><\/p>\n                        <\/div><form method='post' enctype='multipart\/form-data'  id='gform_1'  action='\/hautsdeseine\/wp-json\/wp\/v2\/pages\/9614' data-formid='1' novalidate>\n                        <div class='gform-body gform_body'><ul id='gform_fields_1' class='gform_fields top_label form_sublabel_below description_below validation_below'><li id=\"field_1_1\" class=\"gfield gfield--type-name field_sublabel_below gfield--no-description field_description_below field_validation_below gfield_visibility_visible\"  ><label class='gfield_label gform-field-label gfield_label_before_complex' >Identit\u00e9<\/label><div class='ginput_complex ginput_container ginput_container--name no_prefix has_first_name no_middle_name has_last_name no_suffix gf_name_has_2 ginput_container_name gform-grid-row' id='input_1_1'>\n                            \n                            <span id='input_1_1_3_container' class='name_first gform-grid-col gform-grid-col--size-auto' >\n                                                    <input type='text' name='input_1.3' id='input_1_1_3' value=''   aria-required='false'     \/>\n                                                    <label for='input_1_1_3' class='gform-field-label gform-field-label--type-sub '>Pr\u00e9nom<\/label>\n                                                <\/span>\n                            \n                            <span id='input_1_1_6_container' class='name_last gform-grid-col gform-grid-col--size-auto' >\n                                                    <input type='text' name='input_1.6' id='input_1_1_6' value=''   aria-required='false'     \/>\n                                                    <label for='input_1_1_6' class='gform-field-label gform-field-label--type-sub '>Nom<\/label>\n                                                <\/span>\n                            \n                        <\/div><\/li><li id=\"field_1_2\" class=\"gfield gfield--type-email gfield_contains_required field_sublabel_below gfield--no-description field_description_below field_validation_below gfield_visibility_visible\"  ><label class='gfield_label gform-field-label' for='input_1_2'>E-mail<span class=\"gfield_required\"><span class=\"gfield_required gfield_required_asterisk\">*<\/span><\/span><\/label><div class='ginput_container ginput_container_email'>\n                            <input name='input_2' id='input_1_2' type='email' value='' class='medium'    aria-required=\"true\" aria-invalid=\"false\"  \/>\n                        <\/div><\/li><li id=\"field_1_3\" class=\"gfield gfield--type-textarea field_sublabel_below gfield--no-description field_description_below field_validation_below gfield_visibility_visible\"  ><label class='gfield_label gform-field-label' for='input_1_3'>Votre message<\/label><div class='ginput_container ginput_container_textarea'><textarea name='input_3' id='input_1_3' class='textarea medium'      aria-invalid=\"false\"   rows='10' cols='50'><\/textarea><\/div><\/li><\/ul><\/div>\n        <div class='gform-footer gform_footer top_label'> <input type='submit' id='gform_submit_button_1' class='gform_button button' onclick='gform.submission.handleButtonClick(this);' data-submission-type='submit' value='Envoyer'  \/> \n            <input type='hidden' class='gform_hidden' name='gform_submission_method' data-js='gform_submission_method_1' value='postback' \/>\n            <input type='hidden' class='gform_hidden' name='gform_theme' data-js='gform_theme_1' id='gform_theme_1' value='legacy' \/>\n            <input type='hidden' class='gform_hidden' name='gform_style_settings' data-js='gform_style_settings_1' id='gform_style_settings_1' value='[]' \/>\n            <input type='hidden' class='gform_hidden' name='is_submit_1' value='1' \/>\n            <input type='hidden' class='gform_hidden' name='gform_submit' value='1' \/>\n            \n            <input type='hidden' class='gform_hidden' name='gform_currency' data-currency='EUR' value='gImd8qMv1aH4PvxDYx\/C3R5YUktuWfhdL8oVq7lvsLMuOGfsn9JDd73r6A1J9hwqUJ84KJz\/mTkIQ+QWA1q4lvYWUFeIPfdVCLdVc9t9feLo028=' \/>\n            <input type='hidden' class='gform_hidden' name='gform_unique_id' value='' \/>\n            <input type='hidden' class='gform_hidden' name='state_1' value='WyJbXSIsIjU3NDUxNjFlOWEyZjczODJmMTVlZDFkZGExMWE5Y2QxIl0=' \/>\n            <input type='hidden' autocomplete='off' class='gform_hidden' name='gform_target_page_number_1' id='gform_target_page_number_1' value='0' \/>\n            <input type='hidden' autocomplete='off' class='gform_hidden' name='gform_source_page_number_1' id='gform_source_page_number_1' value='1' \/>\n            <input type='hidden' name='gform_field_values' value='' \/>\n            \n        <\/div>\n                        <input\n                    class=\"apbct_special_field apbct_email_id__gravity_form\"\n                    name=\"apbct__email_id__gravity_form\"\n                    aria-label=\"apbct__label_id__gravity_form\"\n                    type=\"text\" size=\"30\" maxlength=\"200\" autocomplete=\"off\"\n                    value=\"\"\n                \/><\/form>\n                        <\/div><script type=\"text\/javascript\">\n\/* <![CDATA[ *\/\n gform.initializeOnLoaded( function() {gformInitSpinner( 1, 'https:\/\/sites.ffkarate.fr\/hautsdeseine\/wp-content\/plugins\/gravityforms\/images\/spinner.svg', true );jQuery('#gform_ajax_frame_1').on('load',function(){var contents = jQuery(this).contents().find('*').html();var is_postback = contents.indexOf('GF_AJAX_POSTBACK') >= 0;if(!is_postback){return;}var form_content = jQuery(this).contents().find('#gform_wrapper_1');var is_confirmation = jQuery(this).contents().find('#gform_confirmation_wrapper_1').length > 0;var is_redirect = contents.indexOf('gformRedirect(){') >= 0;var is_form = form_content.length > 0 && ! is_redirect && ! is_confirmation;var mt = parseInt(jQuery('html').css('margin-top'), 10) + parseInt(jQuery('body').css('margin-top'), 10) + 100;if(is_form){jQuery('#gform_wrapper_1').html(form_content.html());if(form_content.hasClass('gform_validation_error')){jQuery('#gform_wrapper_1').addClass('gform_validation_error');} else {jQuery('#gform_wrapper_1').removeClass('gform_validation_error');}setTimeout( function() { \/* delay the scroll by 50 milliseconds to fix a bug in chrome *\/  }, 50 );if(window['gformInitDatepicker']) {gformInitDatepicker();}if(window['gformInitPriceFields']) {gformInitPriceFields();}var current_page = jQuery('#gform_source_page_number_1').val();gformInitSpinner( 1, 'https:\/\/sites.ffkarate.fr\/hautsdeseine\/wp-content\/plugins\/gravityforms\/images\/spinner.svg', true );jQuery(document).trigger('gform_page_loaded', [1, current_page]);window['gf_submitting_1'] = false;}else if(!is_redirect){var confirmation_content = jQuery(this).contents().find('.GF_AJAX_POSTBACK').html();if(!confirmation_content){confirmation_content = contents;}jQuery('#gform_wrapper_1').replaceWith(confirmation_content);jQuery(document).trigger('gform_confirmation_loaded', [1]);window['gf_submitting_1'] = false;wp.a11y.speak(jQuery('#gform_confirmation_message_1').text());}else{jQuery('#gform_1').append(contents);if(window['gformRedirect']) {gformRedirect();}}jQuery(document).trigger(\"gform_pre_post_render\", [{ formId: \"1\", currentPage: \"current_page\", abort: function() { this.preventDefault(); } }]);        if (event && event.defaultPrevented) {                return;        }        const gformWrapperDiv = document.getElementById( \"gform_wrapper_1\" );        if ( gformWrapperDiv ) {            const visibilitySpan = document.createElement( \"span\" );            visibilitySpan.id = \"gform_visibility_test_1\";            gformWrapperDiv.insertAdjacentElement( \"afterend\", visibilitySpan );        }        const visibilityTestDiv = document.getElementById( \"gform_visibility_test_1\" );        let postRenderFired = false;        function triggerPostRender() {            if ( postRenderFired ) {                return;            }            postRenderFired = true;            gform.core.triggerPostRenderEvents( 1, current_page );            if ( visibilityTestDiv ) {                visibilityTestDiv.parentNode.removeChild( visibilityTestDiv );            }        }        function debounce( func, wait, immediate ) {            var timeout;            return function() {                var context = this, args = arguments;                var later = function() {                    timeout = null;                    if ( !immediate ) func.apply( context, args );                };                var callNow = immediate && !timeout;                clearTimeout( timeout );                timeout = setTimeout( later, wait );                if ( callNow ) func.apply( context, args );            };        }        const debouncedTriggerPostRender = debounce( function() {            triggerPostRender();        }, 200 );        if ( visibilityTestDiv && visibilityTestDiv.offsetParent === null ) {            const observer = new MutationObserver( ( mutations ) => {                mutations.forEach( ( mutation ) => {                    if ( mutation.type === 'attributes' && visibilityTestDiv.offsetParent !== null ) {                        debouncedTriggerPostRender();                        observer.disconnect();                    }                });            });            observer.observe( document.body, {                attributes: true,                childList: false,                subtree: true,                attributeFilter: [ 'style', 'class' ],            });        } else {            triggerPostRender();        }    } );} ); \n\/* ]]> *\/\n<\/script>\n[\/vc_column][\/vc_row]<\/p>\n<\/div>","protected":false},"excerpt":{"rendered":"<p>[vc_row][vc_column][vc_column_text]Le Comit\u00e9 D\u00e9partemental des Hauts-de-Seine de Karat\u00e9 &amp; Disciplines Associ\u00e9es propose \u00e0 la vente les passeports f\u00e9d\u00e9raux au tarif unique de 25\u202f\u20ac, valable pour les adultes comme les enfants (la F\u00e9d\u00e9ration ne d\u00e9livrant plus de passeports sp\u00e9cifiques pour les enfants). Comment commander ? Merci de compl\u00e9ter le formulaire de demande (accessible \u00e0 droite de cette [&hellip;]<\/p>\n","protected":false},"author":87,"featured_media":9160,"parent":0,"menu_order":0,"comment_status":"closed","ping_status":"closed","template":"","meta":{"footnotes":""},"class_list":["post-9614","page","type-page","status-publish","hentry"],"_links":{"self":[{"href":"https:\/\/sites.ffkarate.fr\/hautsdeseine\/wp-json\/wp\/v2\/pages\/9614","targetHints":{"allow":["GET"]}}],"collection":[{"href":"https:\/\/sites.ffkarate.fr\/hautsdeseine\/wp-json\/wp\/v2\/pages"}],"about":[{"href":"https:\/\/sites.ffkarate.fr\/hautsdeseine\/wp-json\/wp\/v2\/types\/page"}],"author":[{"embeddable":true,"href":"https:\/\/sites.ffkarate.fr\/hautsdeseine\/wp-json\/wp\/v2\/users\/87"}],"replies":[{"embeddable":true,"href":"https:\/\/sites.ffkarate.fr\/hautsdeseine\/wp-json\/wp\/v2\/comments?post=9614"}],"version-history":[{"count":15,"href":"https:\/\/sites.ffkarate.fr\/hautsdeseine\/wp-json\/wp\/v2\/pages\/9614\/revisions"}],"predecessor-version":[{"id":9618,"href":"https:\/\/sites.ffkarate.fr\/hautsdeseine\/wp-json\/wp\/v2\/pages\/9614\/revisions\/9618"}],"wp:featuredmedia":[{"embeddable":true,"href":"https:\/\/sites.ffkarate.fr\/hautsdeseine\/wp-json\/wp\/v2\/media\/9160"}],"wp:attachment":[{"href":"https:\/\/sites.ffkarate.fr\/hautsdeseine\/wp-json\/wp\/v2\/media?parent=9614"}],"curies":[{"name":"wp","href":"https:\/\/api.w.org\/{rel}","templated":true}]}}