{"id":3379,"date":"2025-10-08T11:27:03","date_gmt":"2025-10-08T09:27:03","guid":{"rendered":"https:\/\/sites.ffkarate.fr\/herault\/?page_id=3379"},"modified":"2026-03-26T00:25:59","modified_gmt":"2026-03-25T23:25:59","slug":"stages-divers-2","status":"publish","type":"page","link":"https:\/\/sites.ffkarate.fr\/herault\/stages-divers-2\/","title":{"rendered":"Stages Divers"},"content":{"rendered":"<div class=\"wpb-content-wrapper\"><p>[vc_row][vc_column][vc_column_text]Dans le cadre de notre mission d\u2019aide au d\u00e9veloppement de vos activit\u00e9s, nous diffuserons ici vos avis et affiches de stages dans la mesure du possible et de nos disponibilit\u00e9s.<\/p>\n<p>Vous pouvez les envoyer suffisamment \u00e0 l\u2019avance \u00e0\u00a0<a href=\"mailto:ffkdacd34.directiontechnique@gmail.com\" target=\"_blank\" rel=\"noopener\">ffkdacd34.directiontechnique@gmail.com<\/a>. Pour \u00eatre publi\u00e9 sur le site du CDK34, votre stage doit \u00eatre autoris\u00e9 par l\u2019instance f\u00e9d\u00e9rale (Article L331-7 du code du sport), respecter la r\u00e9glementation et respecter notamment les conditions suivantes :<\/p>\n<ul>\n<li>Etre organis\u00e9 dans l\u2019H\u00e9rault par un club de notre comp\u00e9tence territoriale<\/li>\n<li>Etre destin\u00e9 aux licenci\u00e9s FFK et pour une activit\u00e9 du ressort de la FFKDA, couverte par l\u2019assurance-licence FFK.<\/li>\n<li>Etre dirig\u00e9 par un professeur licenci\u00e9 FFK et titulaire d\u2019un dipl\u00f4me autorisant l\u2019enseignement de la discipline concern\u00e9e (Dipl\u00f4me f\u00e9d\u00e9ral ou dipl\u00f4me d\u2019\u00e9tat)<\/li>\n<\/ul>\n<p>[\/vc_column_text][vc_column_text]<\/p>\n<h2>Stages Clubs 2025-2026<\/h2>\n<p>[\/vc_column_text][vc_column_text]<span style=\"color: #000080\"><strong>Dimanche 29 Mars 2026<\/strong><\/span><br \/>\n<strong>Stage au Palais des Sports de Castelnau dirig\u00e9 par Jean Fran\u00e7ois TISSEYRE Expert F\u00e9d\u00e9ral 8\u00e8me Dan<\/strong><\/p>\n<p><img decoding=\"async\" class=\"alignnone wp-image-3937\" src=\"https:\/\/sites.ffkarate.fr\/herault\/wp-content\/uploads\/sites\/58\/2026\/03\/Stage_Jeff-29-mars-729x1024.jpg\" alt=\"\" width=\"302\" height=\"424\" srcset=\"https:\/\/sites.ffkarate.fr\/herault\/wp-content\/uploads\/sites\/58\/2026\/03\/Stage_Jeff-29-mars-729x1024.jpg 729w, https:\/\/sites.ffkarate.fr\/herault\/wp-content\/uploads\/sites\/58\/2026\/03\/Stage_Jeff-29-mars-214x300.jpg 214w, https:\/\/sites.ffkarate.fr\/herault\/wp-content\/uploads\/sites\/58\/2026\/03\/Stage_Jeff-29-mars-768x1078.jpg 768w, https:\/\/sites.ffkarate.fr\/herault\/wp-content\/uploads\/sites\/58\/2026\/03\/Stage_Jeff-29-mars.jpg 898w\" sizes=\"(max-width: 302px) 100vw, 302px\" \/><\/p>\n<p>Ouvert \u00e0 tous les grades \u00e0 partir de 14 ans[\/vc_column_text][ffk_button link=\u00a0\u00bburl:https%3A%2F%2Fsites.ffkarate.fr%2Fherault%2Fwp-content%2Fuploads%2Fsites%2F58%2F2026%2F03%2FStage_Jeff-29-mars.jpg|title:Affiche\u00a0\u00bb][vc_column_text]Le\u00a0<strong>J\u00f6netsu Karate do Ikigai<\/strong>\u00a0a le plaisir de vous annoncer ses stages de la saison, organis\u00e9s comme chaque ann\u00e9e avec l&rsquo;expertise de\u00a0<strong>Jean-Fran\u00e7ois, expert f\u00e9d\u00e9ral 8e Dan<\/strong>.<\/p>\n<p>Le premier stage aura lieu le\u00a0<strong>1er novembre 2025<\/strong>\u00a0dans notre dojo \u00e0\u00a0<strong>Jacou<\/strong>.<\/p>\n<p><img decoding=\"async\" class=\"alignnone size-medium wp-image-3374\" src=\"https:\/\/sites.ffkarate.fr\/herault\/wp-content\/uploads\/sites\/58\/2025\/10\/Tisseyre_Jacou-214x300.jpg\" alt=\"\" width=\"214\" height=\"300\" srcset=\"https:\/\/sites.ffkarate.fr\/herault\/wp-content\/uploads\/sites\/58\/2025\/10\/Tisseyre_Jacou-214x300.jpg 214w, https:\/\/sites.ffkarate.fr\/herault\/wp-content\/uploads\/sites\/58\/2025\/10\/Tisseyre_Jacou.jpg 377w\" sizes=\"(max-width: 214px) 100vw, 214px\" \/>[\/vc_column_text][\/vc_column][\/vc_row][vc_row][vc_column][ffk_button color=\u00a0\u00bbprimary\u00a0\u00bb link=\u00a0\u00bburl:https%3A%2F%2Fsites.ffkarate.fr%2Fherault%2Fwp-content%2Fuploads%2Fsites%2F58%2F2025%2F10%2FTisseyre_Jacou.pdf|title:Affiche%20Stage\u00a0\u00bb][\/vc_column][\/vc_row][vc_row][vc_column][\/vc_column][\/vc_row]<\/p>\n<\/div>","protected":false},"excerpt":{"rendered":"<p>[vc_row][vc_column][vc_column_text]Dans le cadre de notre mission d\u2019aide au d\u00e9veloppement de vos activit\u00e9s, nous diffuserons ici vos avis et affiches de stages dans la mesure du possible et de nos disponibilit\u00e9s. Vous pouvez les envoyer suffisamment \u00e0 l\u2019avance \u00e0\u00a0ffkdacd34.directiontechnique@gmail.com. Pour \u00eatre publi\u00e9 sur le site du CDK34, votre stage doit \u00eatre autoris\u00e9 par l\u2019instance f\u00e9d\u00e9rale (Article [&hellip;]<\/p>\n","protected":false},"author":88,"featured_media":3374,"parent":0,"menu_order":0,"comment_status":"closed","ping_status":"closed","template":"","meta":{"footnotes":""},"class_list":["post-3379","page","type-page","status-publish","hentry"],"_links":{"self":[{"href":"https:\/\/sites.ffkarate.fr\/herault\/wp-json\/wp\/v2\/pages\/3379","targetHints":{"allow":["GET"]}}],"collection":[{"href":"https:\/\/sites.ffkarate.fr\/herault\/wp-json\/wp\/v2\/pages"}],"about":[{"href":"https:\/\/sites.ffkarate.fr\/herault\/wp-json\/wp\/v2\/types\/page"}],"author":[{"embeddable":true,"href":"https:\/\/sites.ffkarate.fr\/herault\/wp-json\/wp\/v2\/users\/88"}],"replies":[{"embeddable":true,"href":"https:\/\/sites.ffkarate.fr\/herault\/wp-json\/wp\/v2\/comments?post=3379"}],"version-history":[{"count":12,"href":"https:\/\/sites.ffkarate.fr\/herault\/wp-json\/wp\/v2\/pages\/3379\/revisions"}],"predecessor-version":[{"id":3942,"href":"https:\/\/sites.ffkarate.fr\/herault\/wp-json\/wp\/v2\/pages\/3379\/revisions\/3942"}],"wp:featuredmedia":[{"embeddable":true,"href":"https:\/\/sites.ffkarate.fr\/herault\/wp-json\/wp\/v2\/media\/3374"}],"wp:attachment":[{"href":"https:\/\/sites.ffkarate.fr\/herault\/wp-json\/wp\/v2\/media?parent=3379"}],"curies":[{"name":"wp","href":"https:\/\/api.w.org\/{rel}","templated":true}]}}