{"id":3494,"date":"2025-11-22T19:23:23","date_gmt":"2025-11-22T18:23:23","guid":{"rendered":"https:\/\/sites.ffkarate.fr\/herault\/?page_id=3494"},"modified":"2026-04-21T10:45:48","modified_gmt":"2026-04-21T08:45:48","slug":"yoseikan-budo","status":"publish","type":"page","link":"https:\/\/sites.ffkarate.fr\/herault\/yoseikan-budo\/","title":{"rendered":"Yoseikan Budo"},"content":{"rendered":"<div class=\"wpb-content-wrapper\"><p>[vc_row][vc_column][vc_column_text]<\/p>\n<div>Nous avons un coordinateurs qui souhaite aider \u00e0 dynamiser et rassembler les clubs de Yoseikan Budo Pour toutes informations n&rsquo;h\u00e9sitez pas \u00e0 contacter<\/div>\n<div>\n<div><strong>M. Martini-Cendre Christian<\/strong><\/div>\n<div><strong>Tel\u00a0: 07-86-98-57-56<\/strong><\/div>\n<div><\/div>\n<\/div>\n<p>[\/vc_column_text][\/vc_column][\/vc_row][vc_row][vc_column][ffk_button color=\u00a0\u00bbprimary\u00a0\u00bb link=\u00a0\u00bburl:https%3A%2F%2Fwww.ffkarate.fr%2Fyoseikan-budo%2F|title:Info%20Yoseikan\u00a0\u00bb][\/vc_column][\/vc_row][vc_row][vc_column][vc_column_text]<\/p>\n<h4><span style=\"color: #000080\">Le club de Yoseikan Aiki Escarmouche de Lignan-sur-Orb organise une rencontre avec l\u2019A\u00efkido le Dimanche 03 Mai<\/span><\/h4>\n<p><img decoding=\"async\" class=\"wp-image-4029 aligncenter\" src=\"https:\/\/sites.ffkarate.fr\/herault\/wp-content\/uploads\/sites\/58\/2026\/04\/Yoseikan_3-mai-724x1024.jpg\" alt=\"\" width=\"446\" height=\"631\" srcset=\"https:\/\/sites.ffkarate.fr\/herault\/wp-content\/uploads\/sites\/58\/2026\/04\/Yoseikan_3-mai-724x1024.jpg 724w, https:\/\/sites.ffkarate.fr\/herault\/wp-content\/uploads\/sites\/58\/2026\/04\/Yoseikan_3-mai-212x300.jpg 212w, https:\/\/sites.ffkarate.fr\/herault\/wp-content\/uploads\/sites\/58\/2026\/04\/Yoseikan_3-mai-768x1086.jpg 768w, https:\/\/sites.ffkarate.fr\/herault\/wp-content\/uploads\/sites\/58\/2026\/04\/Yoseikan_3-mai-1086x1536.jpg 1086w, https:\/\/sites.ffkarate.fr\/herault\/wp-content\/uploads\/sites\/58\/2026\/04\/Yoseikan_3-mai.jpg 1414w\" sizes=\"(max-width: 446px) 100vw, 446px\" \/>[\/vc_column_text][vc_column_text]Cet \u00e9change a pour but de valoriser les principes \u00ab a\u00efki \u00bb : peu importe la discipline pratiqu\u00e9e, nous utilisons les m\u00eames codes, bien que nos finalit\u00e9s peuvent diff\u00e9rer.<\/p>\n<p>Cet \u00e9v\u00e9nement est destin\u00e9 \u00e0 rapprocher nos disciplines. Plut\u00f4t que de rester chacun de notre c\u00f4t\u00e9, nous souhaitons cr\u00e9er des ponts entre nos pratiques. Les arts martiaux sont une formidable \u00e9cole d&rsquo;ouverture sur le monde, ainsi qu&rsquo;une belle opportunit\u00e9 d&rsquo;en apprendre plus sur soi-m\u00eame et sur les autres.<\/p>\n<p>Venez partager ce moment avec nous et d\u00e9couvrir que nos sp\u00e9cificit\u00e9s nous rapprochent plus qu&rsquo;elles ne nous \u00e9loignent !<\/p>\n<p>L&rsquo;Esprit A\u00efki : Au-del\u00e0 des disciplines[\/vc_column_text][ffk_button link=\u00a0\u00bburl:https%3A%2F%2Fsites.ffkarate.fr%2Fherault%2Fwp-content%2Fuploads%2Fsites%2F58%2F2026%2F04%2FYoseikan_3-mai.jpg|title:T%C3%A9l%C3%A9charger%20l&rsquo;affiche\u00a0\u00bb][vc_column_text]<\/p>\n<h4><span style=\"color: #000080\">Stage Bo Ken \u00e0 Vias le 21 Mars<\/span><\/h4>\n<p><img decoding=\"async\" class=\"alignnone wp-image-3889\" src=\"https:\/\/sites.ffkarate.fr\/herault\/wp-content\/uploads\/sites\/58\/2026\/03\/Yoseikan-21-Mars-200x300.png\" alt=\"\" width=\"247\" height=\"371\" srcset=\"https:\/\/sites.ffkarate.fr\/herault\/wp-content\/uploads\/sites\/58\/2026\/03\/Yoseikan-21-Mars-200x300.png 200w, https:\/\/sites.ffkarate.fr\/herault\/wp-content\/uploads\/sites\/58\/2026\/03\/Yoseikan-21-Mars-683x1024.png 683w, https:\/\/sites.ffkarate.fr\/herault\/wp-content\/uploads\/sites\/58\/2026\/03\/Yoseikan-21-Mars-768x1152.png 768w, https:\/\/sites.ffkarate.fr\/herault\/wp-content\/uploads\/sites\/58\/2026\/03\/Yoseikan-21-Mars.png 1024w\" sizes=\"(max-width: 247px) 100vw, 247px\" \/>[\/vc_column_text][\/vc_column][\/vc_row][vc_row][vc_column][\/vc_column][vc_column][\/vc_column][\/vc_row]<\/p>\n<\/div>","protected":false},"excerpt":{"rendered":"<p>[vc_row][vc_column][vc_column_text] Nous avons un coordinateurs qui souhaite aider \u00e0 dynamiser et rassembler les clubs de Yoseikan Budo Pour toutes informations n&rsquo;h\u00e9sitez pas \u00e0 contacter M. Martini-Cendre Christian Tel\u00a0: 07-86-98-57-56 [\/vc_column_text][\/vc_column][\/vc_row][vc_row][vc_column][ffk_button color=\u00a0\u00bbprimary\u00a0\u00bb link=\u00a0\u00bburl:https%3A%2F%2Fwww.ffkarate.fr%2Fyoseikan-budo%2F|title:Info%20Yoseikan\u00a0\u00bb][\/vc_column][\/vc_row][vc_row][vc_column][vc_column_text] Le club de Yoseikan Aiki Escarmouche de Lignan-sur-Orb organise une rencontre avec l\u2019A\u00efkido le Dimanche 03 Mai [\/vc_column_text][vc_column_text]Cet \u00e9change a pour but de [&hellip;]<\/p>\n","protected":false},"author":88,"featured_media":0,"parent":0,"menu_order":0,"comment_status":"closed","ping_status":"closed","template":"","meta":{"footnotes":""},"class_list":["post-3494","page","type-page","status-publish","hentry"],"_links":{"self":[{"href":"https:\/\/sites.ffkarate.fr\/herault\/wp-json\/wp\/v2\/pages\/3494","targetHints":{"allow":["GET"]}}],"collection":[{"href":"https:\/\/sites.ffkarate.fr\/herault\/wp-json\/wp\/v2\/pages"}],"about":[{"href":"https:\/\/sites.ffkarate.fr\/herault\/wp-json\/wp\/v2\/types\/page"}],"author":[{"embeddable":true,"href":"https:\/\/sites.ffkarate.fr\/herault\/wp-json\/wp\/v2\/users\/88"}],"replies":[{"embeddable":true,"href":"https:\/\/sites.ffkarate.fr\/herault\/wp-json\/wp\/v2\/comments?post=3494"}],"version-history":[{"count":10,"href":"https:\/\/sites.ffkarate.fr\/herault\/wp-json\/wp\/v2\/pages\/3494\/revisions"}],"predecessor-version":[{"id":4041,"href":"https:\/\/sites.ffkarate.fr\/herault\/wp-json\/wp\/v2\/pages\/3494\/revisions\/4041"}],"wp:attachment":[{"href":"https:\/\/sites.ffkarate.fr\/herault\/wp-json\/wp\/v2\/media?parent=3494"}],"curies":[{"name":"wp","href":"https:\/\/api.w.org\/{rel}","templated":true}]}}