{"id":4,"date":"2021-05-07T15:35:17","date_gmt":"2021-05-07T13:35:17","guid":{"rendered":"https:\/\/sites.ffkarate.fr\/herault\/?page_id=4"},"modified":"2026-01-28T01:19:06","modified_gmt":"2026-01-28T00:19:06","slug":"presentation","status":"publish","type":"page","link":"https:\/\/sites.ffkarate.fr\/herault\/presentation\/","title":{"rendered":"Pr\u00e9sentation"},"content":{"rendered":"<div class=\"wpb-content-wrapper\"><p>[vc_row full_width=\u00a0\u00bbstretch_row_content\u00a0\u00bb bg_grey=\u00a0\u00bb1&Prime;][vc_column width=\u00a0\u00bb1\/4&Prime;][ffk_peoplecard image=\u00a0\u00bb1543&Prime; title=\u00a0\u00bbD\u00e9li MUEPU\u00a0\u00bb subtitle=\u00a0\u00bbPr\u00e9sident\u00a0\u00bb][\/vc_column][vc_column width=\u00a0\u00bb3\/4&Prime;][vc_column_text]<\/p>\n<blockquote><p><em>\u00ab\u00a0Bienvenue sur le site officiel du Comit\u00e9 d\u00e9partemental de l&rsquo;H\u00e9rault !<\/em><\/p>\n<p><em>Vous trouverez sur ce site toute l\u2019actualit\u00e9 du karat\u00e9 et de ses disciplines associ\u00e9es :<\/em><br \/>\n<em>le calendrier des diff\u00e9rentes comp\u00e9titions, les passages de grade, stages et autres manifestations, mais aussi toutes les informations et documents n\u00e9cessaires aux dirigeants de club ainsi qu\u2019aux licenci\u00e9s.<\/em><\/p>\n<p><em>Bonne visite.\u00a0\u00bb <\/em><\/p>\n<p><strong>D\u00e9li MUEPU, Pr\u00e9sident du Comit\u00e9 d\u00e9partemental de l&rsquo;H\u00e9rault<\/strong><\/p><\/blockquote>\n<p>[\/vc_column_text][\/vc_column][\/vc_row][vc_row][vc_column][vc_empty_space height=\u00a0\u00bb40&Prime;][vc_row_inner][vc_column_inner][vc_column_text]<\/p>\n<h3 class=\"entry-title\" style=\"text-align: center\"><strong><span style=\"color: #1423a0\">BUREAU DIRECTEUR<\/span><\/strong><\/h3>\n<h5 style=\"text-align: center\"><span style=\"color: #333399\">OLYMPIADE 2024\/2028<\/span><\/h5>\n<p>[\/vc_column_text][ffk_peoplecard image=\u00a0\u00bb1543&Prime; title=\u00a0\u00bbD\u00e9li MUEPU\u00a0\u00bb subtitle=\u00a0\u00bbPr\u00e9sident\u00a0\u00bb][vc_column_text][\/vc_column_text][\/vc_column_inner][\/vc_row_inner][vc_row_inner equal_height=\u00a0\u00bbyes\u00a0\u00bb css=\u00a0\u00bb.vc_custom_1617006214271{border-bottom-width: 10px !important;}\u00a0\u00bb][vc_column_inner width=\u00a0\u00bb1\/3&Prime;][ffk_peoplecard title=\u00a0\u00bbAudrey CHARRIER\u00a0\u00bb subtitle=\u00a0\u00bbSECR\u00c9TAIRE G\u00c9N\u00c9RALE\u00a0\u00bb image=\u00a0\u00bb1546&Prime;][\/vc_column_inner][vc_column_inner width=\u00a0\u00bb1\/3&Prime;][ffk_peoplecard image=\u00a0\u00bb2272&Prime; title=\u00a0\u00bbGuillaume BARON\u00a0\u00bb subtitle=\u00a0\u00bbTr\u00e9sorier G\u00e9n\u00e9ral\u00a0\u00bb][\/vc_column_inner][vc_column_inner width=\u00a0\u00bb1\/3&Prime;][ffk_peoplecard image=\u00a0\u00bb1547&Prime; title=\u00a0\u00bbLAMARQUE Christelle\u00a0\u00bb subtitle=\u00a0\u00bbTr\u00e9sori\u00e8re Adjointe\u00a0\u00bb][\/vc_column_inner][\/vc_row_inner][\/vc_column][\/vc_row][vc_row][vc_column][vc_row_inner][vc_column_inner][vc_empty_space][vc_column_text]<\/p>\n<h3 class=\"entry-title\" style=\"text-align: center\"><strong><span style=\"color: #1423a0\">COMITE DIRECTEUR<\/span><\/strong><\/h3>\n<h4 style=\"text-align: center\"><span style=\"color: #000080\">OLYMPIADE 2024-2028<\/span><\/h4>\n<p>[\/vc_column_text][\/vc_column_inner][\/vc_row_inner][vc_row_inner equal_height=\u00a0\u00bbyes\u00a0\u00bb css=\u00a0\u00bb.vc_custom_1617006214271{border-bottom-width: 10px !important;}\u00a0\u00bb][vc_column_inner width=\u00a0\u00bb1\/2&Prime;][ffk_peoplecard image=\u00a0\u00bb1554&Prime; title=\u00a0\u00bbPhilippe BRIAND\u00a0\u00bb subtitle=\u00a0\u00bbMembre\u00a0\u00bb][ffk_peoplecard image=\u00a0\u00bb1442&Prime; title=\u00a0\u00bbOlivier FRANQUA\u00a0\u00bb subtitle=\u00a0\u00bbMembre\u00a0\u00bb][ffk_peoplecard image=\u00a0\u00bb1556&Prime; title=\u00a0\u00bbJean-G\u00e9rald LUBRANO\u00a0\u00bb subtitle=\u00a0\u00bbMembre\u00a0\u00bb][ffk_peoplecard title=\u00a0\u00bbOCCHIPENTI C\u00e9dric\u00a0\u00bb subtitle=\u00a0\u00bbMembre\u00a0\u00bb image=\u00a0\u00bb2329&Prime;][\/vc_column_inner][vc_column_inner width=\u00a0\u00bb1\/2&Prime;][ffk_peoplecard image=\u00a0\u00bb1545&Prime; title=\u00a0\u00bbCARREL Michel\u00a0\u00bb subtitle=\u00a0\u00bbMembre\u00a0\u00bb][ffk_peoplecard image=\u00a0\u00bb2656&Prime; title=\u00a0\u00bbLudovic FUENTES\u00a0\u00bb subtitle=\u00a0\u00bbMembre\u00a0\u00bb][ffk_peoplecard image=\u00a0\u00bb1945&Prime; title=\u00a0\u00bbLUCIEN Marcellin\u00a0\u00bb subtitle=\u00a0\u00bbMembre\u00a0\u00bb][ffk_peoplecard title=\u00a0\u00bbTROTIN Nathalie\u00a0\u00bb subtitle=\u00a0\u00bbMembre\u00a0\u00bb image=\u00a0\u00bb2327&Prime;][\/vc_column_inner][\/vc_row_inner][vc_column_text]<\/p>\n<h3 class=\"entry-title\" style=\"text-align: center\"><strong><span style=\"color: #1423a0\">EQUIPE TECHNIQUE<\/span><\/strong><\/h3>\n<p>[\/vc_column_text][\/vc_column][\/vc_row][vc_row][vc_column width=\u00a0\u00bb1\/3&Prime;][ffk_peoplecard subtitle=\u00a0\u00bbDirectrice Technique D\u00e9partementale\u00a0\u00bb image=\u00a0\u00bb2327&Prime; title=\u00a0\u00bbTROTIN Nathalie\u00a0\u00bb][\/vc_column][vc_column width=\u00a0\u00bb1\/3&Prime;][ffk_peoplecard title=\u00a0\u00bbMario MARCOU\u00a0\u00bb subtitle=\u00a0\u00bbResponsable d\u00e9partemental des grades\u00a0\u00bb image=\u00a0\u00bb1599&Prime;][\/vc_column][vc_column width=\u00a0\u00bb1\/3&Prime;][ffk_peoplecard image=\u00a0\u00bb1554&Prime; title=\u00a0\u00bbPhilippe BRIAND\u00a0\u00bb subtitle=\u00a0\u00bbR\u00e9f\u00e9rent d\u00e9partemental Krav-maga\u00a0\u00bb][\/vc_column][\/vc_row][vc_row][vc_column width=\u00a0\u00bb1\/3&Prime;][ffk_peoplecard image=\u00a0\u00bb2656&Prime; title=\u00a0\u00bbLudovic FUENTES\u00a0\u00bb subtitle=\u00a0\u00bbResponsable d\u00e9partemental de l&rsquo;arbitrage\u00a0\u00bb][\/vc_column][vc_column width=\u00a0\u00bb1\/3&Prime;][ffk_peoplecard image=\u00a0\u00bb1479&Prime; title=\u00a0\u00bbMartine CIAIS\u00a0\u00bb subtitle=\u00a0\u00bbResponsable d\u00e9partementale de formation\u00a0\u00bb][\/vc_column][vc_column width=\u00a0\u00bb1\/3&Prime;][ffk_peoplecard image=\u00a0\u00bb1556&Prime; title=\u00a0\u00bbJean-G\u00e9rald LUBRANO\u00a0\u00bb subtitle=\u00a0\u00bbR\u00e9f\u00e9rent d\u00e9partemental AMV\u00a0\u00bb][\/vc_column][\/vc_row][vc_row][vc_column width=\u00a0\u00bb1\/3&Prime;][ffk_peoplecard title=\u00a0\u00bbSophie FOUCHER\u00a0\u00bb subtitle=\u00a0\u00bbR\u00e9f\u00e9rent d\u00e9partemental Wushu\u00a0\u00bb image=\u00a0\u00bb2174&Prime;][\/vc_column][vc_column width=\u00a0\u00bb1\/3&Prime;][ffk_peoplecard title=\u00a0\u00bbChristophe DE RUGGIERO\u00a0\u00bb subtitle=\u00a0\u00bbR\u00e9f\u00e9rent d\u00e9partemental Karat\u00e9 Full Contact Karat\u00e9 Contact\u00a0\u00bb image=\u00a0\u00bb3684&Prime;][\/vc_column][vc_column width=\u00a0\u00bb1\/3&Prime;][\/vc_column][\/vc_row][vc_row][vc_column][\/vc_column][\/vc_row]<\/p>\n<\/div>","protected":false},"excerpt":{"rendered":"<p>[vc_row full_width=\u00a0\u00bbstretch_row_content\u00a0\u00bb bg_grey=\u00a0\u00bb1&Prime;][vc_column width=\u00a0\u00bb1\/4&Prime;][ffk_peoplecard image=\u00a0\u00bb1543&Prime; title=\u00a0\u00bbD\u00e9li MUEPU\u00a0\u00bb subtitle=\u00a0\u00bbPr\u00e9sident\u00a0\u00bb][\/vc_column][vc_column width=\u00a0\u00bb3\/4&Prime;][vc_column_text] \u00ab\u00a0Bienvenue sur le site officiel du Comit\u00e9 d\u00e9partemental de l&rsquo;H\u00e9rault ! Vous trouverez sur ce site toute l\u2019actualit\u00e9 du karat\u00e9 et de ses disciplines associ\u00e9es : le calendrier des diff\u00e9rentes comp\u00e9titions, les passages de grade, stages et autres manifestations, mais aussi toutes les informations et documents [&hellip;]<\/p>\n","protected":false},"author":1,"featured_media":0,"parent":0,"menu_order":0,"comment_status":"closed","ping_status":"closed","template":"page-fullwidth.php","meta":{"footnotes":""},"class_list":["post-4","page","type-page","status-publish","hentry"],"_links":{"self":[{"href":"https:\/\/sites.ffkarate.fr\/herault\/wp-json\/wp\/v2\/pages\/4","targetHints":{"allow":["GET"]}}],"collection":[{"href":"https:\/\/sites.ffkarate.fr\/herault\/wp-json\/wp\/v2\/pages"}],"about":[{"href":"https:\/\/sites.ffkarate.fr\/herault\/wp-json\/wp\/v2\/types\/page"}],"author":[{"embeddable":true,"href":"https:\/\/sites.ffkarate.fr\/herault\/wp-json\/wp\/v2\/users\/1"}],"replies":[{"embeddable":true,"href":"https:\/\/sites.ffkarate.fr\/herault\/wp-json\/wp\/v2\/comments?post=4"}],"version-history":[{"count":13,"href":"https:\/\/sites.ffkarate.fr\/herault\/wp-json\/wp\/v2\/pages\/4\/revisions"}],"predecessor-version":[{"id":3685,"href":"https:\/\/sites.ffkarate.fr\/herault\/wp-json\/wp\/v2\/pages\/4\/revisions\/3685"}],"wp:attachment":[{"href":"https:\/\/sites.ffkarate.fr\/herault\/wp-json\/wp\/v2\/media?parent=4"}],"curies":[{"name":"wp","href":"https:\/\/api.w.org\/{rel}","templated":true}]}}