{"id":1567,"date":"2018-10-19T11:49:14","date_gmt":"2018-10-19T09:49:14","guid":{"rendered":"https:\/\/sites.ffkarate.fr\/iledefrance\/?page_id=1567"},"modified":"2024-11-14T08:40:31","modified_gmt":"2024-11-14T07:40:31","slug":"arts-martiaux-vietnamiens","status":"publish","type":"page","link":"https:\/\/sites.ffkarate.fr\/iledefrance\/disciplines-associees\/arts-martiaux-vietnamiens\/","title":{"rendered":"Arts Martiaux Vietnamiens"},"content":{"rendered":"<div class=\"wpb-content-wrapper\"><p>[vc_row][vc_column][vc_video link=\u00a0\u00bbhttps:\/\/www.youtube.com\/watch?v=Fjo8yecEo0E&amp;t=4s\u00a0\u00bb][\/vc_column][\/vc_row][vc_row][vc_column width=\u00a0\u00bb1\/2&Prime;][vc_single_image image=\u00a0\u00bb67&Prime;][\/vc_column][vc_column width=\u00a0\u00bb1\/2&Prime;][vc_column_text][\/vc_column_text][vc_column_text]<\/p>\n<p style=\"text-align: justify\">Pr\u00e8s de 14 000 personnes pratiquent les Arts Martiaux Vietnamiens au sein de la F\u00e9d\u00e9ration Fran\u00e7aise de Karat\u00e9 et Disciplines Associ\u00e9es.\u00a0En France, le Vi\u00eat V\u00f5 \u0110ao \u00a0(\u00ab\u00a0<em>Vi\u00eat\u00a0\u00bb\u00a0<\/em>pour<em>\u00a0Vi\u00eatnam \u2013 \u00ab\u00a0<\/em><em>V\u00f5\u00a0\u00bb<\/em><em>\u00a0<\/em>pour<em>\u00a0Art Martial \u2013 \u00ab\u00a0<\/em><em>\u0110ao\u00a0\u00bb<\/em><em>\u00a0<\/em>pour\u00a0<em>Voie)\u00a0<\/em>se d\u00e9veloppe au d\u00e9but des ann\u00e9es 50, sous l\u2019impulsion de Ma\u00eetres Vietnamiens\u00a0(Nguyen Dan Phu, Pham Xuan Tong, Tasteyre Tran Phuc, Hoang Nam, Pham Hoang, Trung Hoa, Bui Van\u00a0Thinh\u2026) issus de familles de lettr\u00e9s.<\/p>\n<p>Dans la grande famille des Arts martiaux Vietnamiens, on distingue au sein de la FFKDA : les\u00a0<strong><a href=\"http:\/\/www.ffkarate.fr\/arts-martiaux-vietnamiens\/amv-traditionnels\/\" target=\"_blank\" rel=\"noopener\">AMV Traditionnels (Vo Co Truyen)<\/a><\/strong>\u00a0et le\u00a0<strong><a href=\"http:\/\/www.ffkarate.fr\/arts-martiaux-vietnamiens\/vovinam-viet-vo-dao\/\" target=\"_blank\" rel=\"noopener\">Vovinam Viet Vo Dao<\/a>.<\/strong>[\/vc_column_text][\/vc_column][\/vc_row][vc_row][vc_column][vc_column_text]<\/p>\n<h2>Olympiade 2024-2028<\/h2>\n<p><strong>Responsable Technique R\u00e9gional Arts Martiaux Vietnamiens<br \/>\n<\/strong><\/p>\n<p>La Direction Technique Nationale \u00e0 nomm\u00e9 au poste de Responsable Technique R\u00e9gional AMV,<\/p>\n<p><span style=\"color: #0000ff\"><strong>&#8230;&#8230;&#8230;&#8230;&#8230;..<\/strong><\/span><\/p>\n<p><span style=\"text-decoration: underline\">Les missions du RTR :<\/span><\/p>\n<p>Le responsable technique r\u00e9gional Arts martiaux vietnamiens est plac\u00e9 sous l\u2019autorit\u00e9 du DTN et conduit ses missions sous la coordination du Directeur technique r\u00e9gional.<\/p>\n<ul>\n<li>Il dirige, anime et coordonne l\u2019activit\u00e9 des Arts martiaux vietnamiens ;<\/li>\n<li>Il aide et conseille la ligue r\u00e9gionale pour la structuration et le d\u00e9veloppement de ses activit\u00e9s ;<\/li>\n<li>Il veille \u00e0 la bonne organisation des manifestations sportives organis\u00e9es par la ligue r\u00e9gionale et \u00e0 la s\u00e9curit\u00e9 des usagers et comp\u00e9titeurs dans le respect des r\u00e8glements en vigueur dans sa\u00a0 \u00a0 discipline ;<\/li>\n<li>Il organise les stages dispens\u00e9s par les experts f\u00e9d\u00e9raux mis en place par la direction technique nationale ;<\/li>\n<li>Sur convocation du DTN, il participe aux r\u00e9unions nationales des RTR de sa discipline ;<\/li>\n<li>Pour remplir ses missions, le RTR dispose des moyens administratifs et financiers qui sont mis \u00e0 sa disposition par la f\u00e9d\u00e9ration et la ligue r\u00e9gionale ;<\/li>\n<li>Il pr\u00e9sente \u00e0 la fin de chaque saison sportive au DTR le rapport g\u00e9n\u00e9ral de ses activit\u00e9s, et le cas \u00e9ch\u00e9ant, les difficult\u00e9s rencontr\u00e9es dans l\u2019accomplissement de ses missions.<\/li>\n<\/ul>\n<p><strong>Responsable R\u00e9gional Arbitrage :<\/strong><\/p>\n<p><span style=\"color: #0000ff\"><strong>&#8230;&#8230;&#8230;&#8230;&#8230;&#8230;&#8230;.<\/strong><\/span><\/p>\n<p>Les missions du RRA :<\/p>\n<p>Le responsable r\u00e9gional de l\u2019arbitrage accomplit ses missions dans sa discipline en liaison avec le DTR et le RTR de sa discipline.<br \/>\nEn conformit\u00e9 avec la r\u00e9glementation de l\u2019arbitrage :<\/p>\n<ul>\n<li>il choisit les juges et arbitres pour les comp\u00e9titions r\u00e9gionales ;<\/li>\n<li>il organise les sessions r\u00e9gionales de formation et d\u2019examen d\u2019arbitrage ;<\/li>\n<li>il compose le jury de chaque session et en assure la coordination ;<\/li>\n<li>il transmet, dans les meilleurs d\u00e9lais les r\u00e9sultats au responsable national de l\u2019arbitrage par l\u2019interm\u00e9diaire du secr\u00e9tariat de la ligue r\u00e9gionale ;<\/li>\n<li>il veille \u00e0 l\u2019actualisation des connaissances des arbitres d\u00e9j\u00e0 dipl\u00f4m\u00e9s ;<\/li>\n<li>il organise l\u2019arbitrage lors des manifestations de ligue, en veillant \u00e0 la s\u00e9curit\u00e9 des comp\u00e9titeurs, dans le respect des r\u00e8glements en vigueur.<\/li>\n<li>il \u00e9met un avis sur la liste des arbitres r\u00e9gionaux susceptibles d\u2019\u00eatre promus au niveau national.<\/li>\n<li>Sur convocation du responsable national de l\u2019arbitrage, il participe \u00e0 toute r\u00e9union, \u00e0 l\u2019occasion de laquelle sont pr\u00e9cis\u00e9es les directives concernant l\u2019arbitrage.<\/li>\n<li>Pour remplir ses missions, le responsable r\u00e9gional de l\u2019arbitrage dispose des moyens administratifs qui sont mis \u00e0 sa disposition par la ligue r\u00e9gionale.<\/li>\n<li>Il pr\u00e9sente \u00e0 la fin de chaque saison sportive au DTN et au DTR, le rapport g\u00e9n\u00e9ral de ses activit\u00e9s et le cas \u00e9ch\u00e9ant les difficult\u00e9s rencontr\u00e9es dans l\u2019accomplissement de ses missions.<\/li>\n<\/ul>\n<p>Pour toutes questions veuillez \u00e9crire \u00e0 l&rsquo;adresse mail suivante :<\/p>\n<p><a href=\"mailto:amv-idf@ffkarate.fr\">amv-idf@ffkarate.fr<\/a>[\/vc_column_text][\/vc_column][\/vc_row][vc_row][vc_column][vc_column_text][\/vc_column_text][\/vc_column][\/vc_row][vc_row][vc_column width=\u00a0\u00bb1\/3&Prime;][ffk_peoplecard subtitle=\u00a0\u00bbResponsable des Grades AMV\u00a0\u00bb title=\u00a0\u00bbCHARPRENET JACQUES\u00a0\u00bb][\/vc_column][vc_column width=\u00a0\u00bb1\/3&Prime;][ffk_peoplecard subtitle=\u00a0\u00bbResponsable Technique R\u00e9gional AMV\u00a0\u00bb title=\u00a0\u00bbRAUX MARC\u00a0\u00bb][\/vc_column][vc_column width=\u00a0\u00bb1\/3&Prime;][ffk_peoplecard subtitle=\u00a0\u00bbResponsable R\u00e9gional de l&rsquo;Arbitrage AMV\u00a0\u00bb title=\u00a0\u00bbGRANGER MICHEL\u00a0\u00bb][\/vc_column][\/vc_row]<\/p>\n<\/div>","protected":false},"excerpt":{"rendered":"<p>[vc_row][vc_column][vc_video link=\u00a0\u00bbhttps:\/\/www.youtube.com\/watch?v=Fjo8yecEo0E&amp;t=4s\u00a0\u00bb][\/vc_column][\/vc_row][vc_row][vc_column width=\u00a0\u00bb1\/2&Prime;][vc_single_image image=\u00a0\u00bb67&Prime;][\/vc_column][vc_column width=\u00a0\u00bb1\/2&Prime;][vc_column_text][\/vc_column_text][vc_column_text] Pr\u00e8s de 14 000 personnes pratiquent les Arts Martiaux Vietnamiens au sein de la F\u00e9d\u00e9ration Fran\u00e7aise de Karat\u00e9 et Disciplines Associ\u00e9es.\u00a0En France, le Vi\u00eat V\u00f5 \u0110ao \u00a0(\u00ab\u00a0Vi\u00eat\u00a0\u00bb\u00a0pour\u00a0Vi\u00eatnam \u2013 \u00ab\u00a0V\u00f5\u00a0\u00bb\u00a0pour\u00a0Art Martial \u2013 \u00ab\u00a0\u0110ao\u00a0\u00bb\u00a0pour\u00a0Voie)\u00a0se d\u00e9veloppe au d\u00e9but des ann\u00e9es 50, sous l\u2019impulsion de Ma\u00eetres Vietnamiens\u00a0(Nguyen Dan Phu, Pham Xuan Tong, Tasteyre Tran [&hellip;]<\/p>\n","protected":false},"author":61,"featured_media":67,"parent":883,"menu_order":0,"comment_status":"closed","ping_status":"closed","template":"page-fullwidth.php","meta":{"footnotes":""},"class_list":["post-1567","page","type-page","status-publish","hentry"],"_links":{"self":[{"href":"https:\/\/sites.ffkarate.fr\/iledefrance\/wp-json\/wp\/v2\/pages\/1567","targetHints":{"allow":["GET"]}}],"collection":[{"href":"https:\/\/sites.ffkarate.fr\/iledefrance\/wp-json\/wp\/v2\/pages"}],"about":[{"href":"https:\/\/sites.ffkarate.fr\/iledefrance\/wp-json\/wp\/v2\/types\/page"}],"author":[{"embeddable":true,"href":"https:\/\/sites.ffkarate.fr\/iledefrance\/wp-json\/wp\/v2\/users\/61"}],"replies":[{"embeddable":true,"href":"https:\/\/sites.ffkarate.fr\/iledefrance\/wp-json\/wp\/v2\/comments?post=1567"}],"version-history":[{"count":10,"href":"https:\/\/sites.ffkarate.fr\/iledefrance\/wp-json\/wp\/v2\/pages\/1567\/revisions"}],"predecessor-version":[{"id":5181,"href":"https:\/\/sites.ffkarate.fr\/iledefrance\/wp-json\/wp\/v2\/pages\/1567\/revisions\/5181"}],"up":[{"embeddable":true,"href":"https:\/\/sites.ffkarate.fr\/iledefrance\/wp-json\/wp\/v2\/pages\/883"}],"wp:featuredmedia":[{"embeddable":true,"href":"https:\/\/sites.ffkarate.fr\/iledefrance\/wp-json\/wp\/v2\/media\/67"}],"wp:attachment":[{"href":"https:\/\/sites.ffkarate.fr\/iledefrance\/wp-json\/wp\/v2\/media?parent=1567"}],"curies":[{"name":"wp","href":"https:\/\/api.w.org\/{rel}","templated":true}]}}