{"id":2425,"date":"2021-04-05T14:21:06","date_gmt":"2021-04-05T12:21:06","guid":{"rendered":"https:\/\/sites.ffkarate.fr\/iledefrance\/?page_id=2425"},"modified":"2021-04-05T14:21:06","modified_gmt":"2021-04-05T12:21:06","slug":"comites-departementaux","status":"publish","type":"page","link":"https:\/\/sites.ffkarate.fr\/iledefrance\/la-ligue\/comites-departementaux\/","title":{"rendered":"Comit\u00e9s D\u00e9partementaux"},"content":{"rendered":"<div class=\"wpb-content-wrapper\"><p>[vc_row][vc_column][vc_column_text]<\/p>\n<h2>Comit\u00e9s D\u00e9partementaux<\/h2>\n<p>La Ligue Ile-De-France regroupe 8 Comit\u00e9s D\u00e9partementaux. Retrouvez ci-dessous la liste de vos Comit\u00e9 ainsi que leurs liens afin de suivre leurs actualit\u00e9s !!<\/p>\n<p><span style=\"color: #dc2d5a\"><strong>Paris (75)<\/strong><\/span><\/p>\n<ul>\n<li>Site internet :\u00a0<strong><span style=\"color: #1423a0\"><a href=\"https:\/\/sites.ffkarate.fr\/liguepariskarate\/\" target=\"_blank\" rel=\"noopener\">https:\/\/sites.ffkarate.fr\/liguepariskarate\/<\/a><\/span><\/strong><\/li>\n<\/ul>\n<p><span style=\"color: #dc2d5a\"><strong>Seine-Et-Marne (77)<\/strong><\/span><\/p>\n<ul>\n<li>Site internet :\u00a0<span style=\"color: #1423a0\"><strong><a style=\"color: #1423a0\" href=\"https:\/\/sites.ffkarate.fr\/seineetmarne\/\" target=\"_blank\" rel=\"noopener\">https:\/\/sites.ffkarate.fr\/seineetmarne\/<\/a><\/strong><\/span><\/li>\n<li>Facebook :\u00a0<span style=\"color: #1432a0\"><strong><a style=\"color: #1432a0\" href=\"https:\/\/www.facebook.com\/CDK-77-Comit%C3%A9-D%C3%A9partemental-Karat%C3%A9-Seine-et-Marne-296340984230930\" target=\"_blank\" rel=\"noopener\">https:\/\/www.facebook.com\/CDK77<\/a><\/strong><\/span><\/li>\n<\/ul>\n<p><span style=\"color: #dc2d5a\"><strong>Yvelines (78)<\/strong><\/span><\/p>\n<ul>\n<li>Site internet : <span style=\"color: #1423a0\"><strong><a href=\"https:\/\/sites.ffkarate.fr\/yvelines78\/\" target=\"_blank\" rel=\"noopener\">https:\/\/sites.ffkarate.fr\/yvelines78\/<\/a><\/strong><\/span><\/li>\n<li>Facebook :\u00a0<span style=\"color: #1423a0\"><strong><a style=\"color: #1423a0\" href=\"https:\/\/www.facebook.com\/CDK-78-1828738137358431\" target=\"_blank\" rel=\"noopener\">https:\/\/www.facebook.com\/CDK78<\/a><\/strong><\/span><\/li>\n<\/ul>\n<p><span style=\"color: #dc2d5a\"><strong>Essone (91)<\/strong><\/span><\/p>\n<ul>\n<li>Site internet : <span style=\"color: #1423a0\"><strong><a href=\"https:\/\/sites.ffkarate.fr\/essonne\/\" target=\"_blank\" rel=\"noopener\">https:\/\/sites.ffkarate.fr\/essonne\/<\/a><\/strong><\/span><\/li>\n<li>Facebook :\u00a0<span style=\"color: #1432a0\"><strong><a style=\"color: #1432a0\" href=\"https:\/\/www.facebook.com\/Comit%C3%A9-D%C3%A9partemental-de-lEssonne-de-Karat%C3%A9-et-Disciplines-Associ%C3%A9es-1858653614414728\" target=\"_blank\" rel=\"noopener\">https:\/\/www.facebook.com\/CDK91<\/a><\/strong><\/span><\/li>\n<\/ul>\n<p><span style=\"color: #dc2d5a\"><strong>Hauts-De-Seine (92)<\/strong><\/span><\/p>\n<ul>\n<li>Site internet : <span style=\"color: #1423a0\"><strong><a href=\"https:\/\/sites.ffkarate.fr\/hautsdeseine\/\" target=\"_blank\" rel=\"noopener\">https:\/\/sites.ffkarate.fr\/hautsdeseine\/<\/a><\/strong><\/span><\/li>\n<li>Facebook :\u00a0<span style=\"color: #1423a0\"><strong><a href=\"https:\/\/www.facebook.com\/CDKarate92\/\" target=\"_blank\" rel=\"noopener\">https:\/\/www.facebook.com\/CDKarate92\/<\/a><\/strong><\/span><\/li>\n<li>Instagram :\u00a0<span style=\"color: #1423a0\"><strong><a href=\"https:\/\/www.instagram.com\/cdkarate92\/\" target=\"_blank\" rel=\"noopener\">https:\/\/www.instagram.com\/CDKarate92\/<\/a><\/strong><\/span><\/li>\n<li>Twitter :\u00a0<span style=\"color: #1423a0\"><strong><a style=\"color: #1423a0\" href=\"https:\/\/twitter.com\/CDKarate92\" target=\"_blank\" rel=\"noopener\">https:\/\/twitter.com\/CDKarate92<\/a><\/strong><\/span><\/li>\n<li>Youtube :\u00a0<span style=\"color: #1423a0\"><strong><a style=\"color: #1423a0\" href=\"https:\/\/www.youtube.com\/channel\/UC5xlHXxUD323PwFWeeH2ZGA\" target=\"_blank\" rel=\"noopener\">https:\/\/youtube.com\/CDKarate92<\/a><\/strong><\/span><\/li>\n<\/ul>\n<p><span style=\"color: #dc2d5a\"><strong>Seine-Saint-Denis (93)<\/strong><\/span><\/p>\n<ul>\n<li>Site internet :\u00a0<strong><span style=\"color: #1423a0\"><a style=\"color: #1423a0\" href=\"https:\/\/sites.ffkarate.fr\/seinesaintdenis\/\" target=\"_blank\" rel=\"noopener\">https:\/\/sites.ffkarate.fr\/seinesaintdenis\/<\/a><\/span><\/strong><\/li>\n<li>Facebook :\u00a0<span style=\"color: #1432a0\"><strong><a style=\"color: #1432a0\" href=\"https:\/\/www.facebook.com\/CDK93karate\" target=\"_blank\" rel=\"noopener\">https:\/\/www.facebook.com\/CDK93karate<\/a><\/strong><\/span><\/li>\n<\/ul>\n<p><strong><span style=\"color: #dc2d5a\">Val-De-Marne (94)<\/span><\/strong><\/p>\n<ul>\n<li>Site internet : <span style=\"color: #1423a0\"><strong><a style=\"color: #1423a0\" href=\"https:\/\/sites.ffkarate.fr\/valdemarne\/\" target=\"_blank\" rel=\"noopener\">https:\/\/sites.ffkarate.fr\/valdemarne\/<\/a><\/strong><\/span><\/li>\n<li>Facebook : <a href=\"https:\/\/www.facebook.com\/groups\/1154520205007062\" target=\"_blank\" rel=\"noopener\"><span style=\"color: #1423a0\"><strong>https:\/\/www.facebook.com\/CDK94<\/strong><\/span><\/a><\/li>\n<li>Instagram :\u00a0<span style=\"color: #1423a0\"><strong><a style=\"color: #1423a0\" href=\"https:\/\/www.instagram.com\/karate.valdemarne\/\" target=\"_blank\" rel=\"noopener\">https:\/\/www.instagram.com\/karate.valdemarne\/<\/a><\/strong><\/span><\/li>\n<\/ul>\n<p><span style=\"color: #dc2d5a\"><strong>Val D&rsquo;oise (95)<\/strong><\/span><\/p>\n<ul>\n<li>Site internet :\u00a0<strong><span style=\"color: #1423a0\"><a style=\"color: #1423a0\" href=\"https:\/\/sites.ffkarate.fr\/valdoise\/\" target=\"_blank\" rel=\"noopener\">https:\/\/sites.ffkarate.fr\/valdoise\/<\/a><\/span><\/strong><\/li>\n<li>Facebook :\u00a0<span style=\"color: #1423a0\"><strong><a style=\"color: #1423a0\" href=\"https:\/\/www.facebook.com\/liguevoffkda.ffkda\" target=\"_blank\" rel=\"noopener\">https:\/\/www.facebook.com\/liguevoffkda.ffkda<\/a><\/strong><\/span><\/li>\n<\/ul>\n<p>[\/vc_column_text][\/vc_column][\/vc_row]<\/p>\n<\/div>","protected":false},"excerpt":{"rendered":"<p>[vc_row][vc_column][vc_column_text] Comit\u00e9s D\u00e9partementaux La Ligue Ile-De-France regroupe 8 Comit\u00e9s D\u00e9partementaux. Retrouvez ci-dessous la liste de vos Comit\u00e9 ainsi que leurs liens afin de suivre leurs actualit\u00e9s !! Paris (75) Site internet :\u00a0https:\/\/sites.ffkarate.fr\/liguepariskarate\/ Seine-Et-Marne (77) Site internet :\u00a0https:\/\/sites.ffkarate.fr\/seineetmarne\/ Facebook :\u00a0https:\/\/www.facebook.com\/CDK77 Yvelines (78) Site internet : https:\/\/sites.ffkarate.fr\/yvelines78\/ Facebook :\u00a0https:\/\/www.facebook.com\/CDK78 Essone (91) Site internet : https:\/\/sites.ffkarate.fr\/essonne\/ Facebook :\u00a0https:\/\/www.facebook.com\/CDK91 [&hellip;]<\/p>\n","protected":false},"author":61,"featured_media":0,"parent":50,"menu_order":0,"comment_status":"closed","ping_status":"closed","template":"","meta":{"footnotes":""},"class_list":["post-2425","page","type-page","status-publish","hentry"],"_links":{"self":[{"href":"https:\/\/sites.ffkarate.fr\/iledefrance\/wp-json\/wp\/v2\/pages\/2425","targetHints":{"allow":["GET"]}}],"collection":[{"href":"https:\/\/sites.ffkarate.fr\/iledefrance\/wp-json\/wp\/v2\/pages"}],"about":[{"href":"https:\/\/sites.ffkarate.fr\/iledefrance\/wp-json\/wp\/v2\/types\/page"}],"author":[{"embeddable":true,"href":"https:\/\/sites.ffkarate.fr\/iledefrance\/wp-json\/wp\/v2\/users\/61"}],"replies":[{"embeddable":true,"href":"https:\/\/sites.ffkarate.fr\/iledefrance\/wp-json\/wp\/v2\/comments?post=2425"}],"version-history":[{"count":0,"href":"https:\/\/sites.ffkarate.fr\/iledefrance\/wp-json\/wp\/v2\/pages\/2425\/revisions"}],"up":[{"embeddable":true,"href":"https:\/\/sites.ffkarate.fr\/iledefrance\/wp-json\/wp\/v2\/pages\/50"}],"wp:attachment":[{"href":"https:\/\/sites.ffkarate.fr\/iledefrance\/wp-json\/wp\/v2\/media?parent=2425"}],"curies":[{"name":"wp","href":"https:\/\/api.w.org\/{rel}","templated":true}]}}