{"id":2507,"date":"2015-01-12T16:05:20","date_gmt":"2015-01-12T16:05:20","guid":{"rendered":"https:\/\/sites.ffkarate.fr\/testclone\/?page_id=101"},"modified":"2026-04-13T18:39:28","modified_gmt":"2026-04-13T16:39:28","slug":"galeries-photos","status":"publish","type":"page","link":"https:\/\/sites.ffkarate.fr\/iledefrance\/la-ligue\/galeries-photos\/","title":{"rendered":"Galeries photos"},"content":{"rendered":"<div class=\"wpb-content-wrapper\"><p>[vc_row][vc_column][vc_column_text]<\/p>\n<hr \/>\n<p>[\/vc_column_text][\/vc_column][\/vc_row][vc_row][vc_column][vc_single_image image=\u00a0\u00bb6349&Prime; title=\u00a0\u00bb12-04-2026 : Initiation aux Arts Martiaux : Viet Vo Dao \/ Wushu \/ Krav-Maga\u00a0\u00bb link=\u00a0\u00bbhttps:\/\/sites.ffkarate.fr\/iledefrance\/wp-content\/uploads\/sites\/115\/2026\/04\/20260411-12_Stages_Formation_01.jpeg\u00a0\u00bb onclick=\u00a0\u00bbcustom_link\u00a0\u00bb][\/vc_column][\/vc_row][vc_row][vc_column][vc_column_text]<\/p>\n<hr \/>\n<p>[\/vc_column_text][\/vc_column][\/vc_row][vc_row][vc_column][vc_single_image image=\u00a0\u00bb6350&Prime; title=\u00a0\u00bb12-04-2026 : Formation Certificat Body-Karat\u00e9 (Jour 1)\u00a0\u00bb link=\u00a0\u00bbhttps:\/\/sites.ffkarate.fr\/iledefrance\/wp-content\/uploads\/sites\/115\/2026\/04\/20260411-12_Stages_Formation_02.jpeg\u00a0\u00bb onclick=\u00a0\u00bbcustom_link\u00a0\u00bb][\/vc_column][\/vc_row][vc_row][vc_column][vc_column_text]<\/p>\n<hr \/>\n<p>[\/vc_column_text][\/vc_column][\/vc_row][vc_row][vc_column][vc_gallery images=\u00a0\u00bb6021,6022&Prime; title=\u00a0\u00bb15-03-2026 : Stage R\u00e9gional de Body-Karat\u00e9 anim\u00e9 par Matthieu LARUE\u00a0\u00bb][\/vc_column][\/vc_row][vc_row][vc_column][vc_column_text]<\/p>\n<hr \/>\n<p>[\/vc_column_text][\/vc_column][\/vc_row][vc_row][vc_column][vc_gallery images=\u00a0\u00bb6032,6046,6047,6045,6044,6043,6042,6048,6041&Prime; title=\u00a0\u00bb14-03-2026 : Championnat de France des Ligues R\u00e9gionales &#8211; L&rsquo;IDF sur le podium !\u00a0\u00bb][\/vc_column][\/vc_row]<\/p>\n<\/div>","protected":false},"excerpt":{"rendered":"<p>[vc_row][vc_column][vc_column_text] [\/vc_column_text][\/vc_column][\/vc_row][vc_row][vc_column][vc_single_image image=\u00a0\u00bb6349&Prime; title=\u00a0\u00bb12-04-2026 : Initiation aux Arts Martiaux : Viet Vo Dao \/ Wushu \/ Krav-Maga\u00a0\u00bb link=\u00a0\u00bbhttps:\/\/sites.ffkarate.fr\/iledefrance\/wp-content\/uploads\/sites\/115\/2026\/04\/20260411-12_Stages_Formation_01.jpeg\u00a0\u00bb onclick=\u00a0\u00bbcustom_link\u00a0\u00bb][\/vc_column][\/vc_row][vc_row][vc_column][vc_column_text] [\/vc_column_text][\/vc_column][\/vc_row][vc_row][vc_column][vc_single_image image=\u00a0\u00bb6350&Prime; title=\u00a0\u00bb12-04-2026 : Formation Certificat Body-Karat\u00e9 (Jour 1)\u00a0\u00bb link=\u00a0\u00bbhttps:\/\/sites.ffkarate.fr\/iledefrance\/wp-content\/uploads\/sites\/115\/2026\/04\/20260411-12_Stages_Formation_02.jpeg\u00a0\u00bb onclick=\u00a0\u00bbcustom_link\u00a0\u00bb][\/vc_column][\/vc_row][vc_row][vc_column][vc_column_text] [\/vc_column_text][\/vc_column][\/vc_row][vc_row][vc_column][vc_gallery images=\u00a0\u00bb6021,6022&Prime; title=\u00a0\u00bb15-03-2026 : Stage R\u00e9gional de Body-Karat\u00e9 anim\u00e9 par Matthieu LARUE\u00a0\u00bb][\/vc_column][\/vc_row][vc_row][vc_column][vc_column_text] [\/vc_column_text][\/vc_column][\/vc_row][vc_row][vc_column][vc_gallery images=\u00a0\u00bb6032,6046,6047,6045,6044,6043,6042,6048,6041&Prime; title=\u00a0\u00bb14-03-2026 : Championnat de France des Ligues R\u00e9gionales &#8211; L&rsquo;IDF sur [&hellip;]<\/p>\n","protected":false},"author":20,"featured_media":0,"parent":50,"menu_order":0,"comment_status":"closed","ping_status":"closed","template":"","meta":{"footnotes":""},"class_list":["post-2507","page","type-page","status-publish","hentry"],"_links":{"self":[{"href":"https:\/\/sites.ffkarate.fr\/iledefrance\/wp-json\/wp\/v2\/pages\/2507","targetHints":{"allow":["GET"]}}],"collection":[{"href":"https:\/\/sites.ffkarate.fr\/iledefrance\/wp-json\/wp\/v2\/pages"}],"about":[{"href":"https:\/\/sites.ffkarate.fr\/iledefrance\/wp-json\/wp\/v2\/types\/page"}],"author":[{"embeddable":true,"href":"https:\/\/sites.ffkarate.fr\/iledefrance\/wp-json\/wp\/v2\/users\/20"}],"replies":[{"embeddable":true,"href":"https:\/\/sites.ffkarate.fr\/iledefrance\/wp-json\/wp\/v2\/comments?post=2507"}],"version-history":[{"count":8,"href":"https:\/\/sites.ffkarate.fr\/iledefrance\/wp-json\/wp\/v2\/pages\/2507\/revisions"}],"predecessor-version":[{"id":6355,"href":"https:\/\/sites.ffkarate.fr\/iledefrance\/wp-json\/wp\/v2\/pages\/2507\/revisions\/6355"}],"up":[{"embeddable":true,"href":"https:\/\/sites.ffkarate.fr\/iledefrance\/wp-json\/wp\/v2\/pages\/50"}],"wp:attachment":[{"href":"https:\/\/sites.ffkarate.fr\/iledefrance\/wp-json\/wp\/v2\/media?parent=2507"}],"curies":[{"name":"wp","href":"https:\/\/api.w.org\/{rel}","templated":true}]}}