{"id":2508,"date":"2015-01-16T15:03:41","date_gmt":"2015-01-16T14:03:41","guid":{"rendered":"https:\/\/sites.ffkarate.fr\/testclone\/?page_id=133"},"modified":"2015-01-16T15:03:41","modified_gmt":"2015-01-16T14:03:41","slug":"comite-directeur","status":"publish","type":"page","link":"https:\/\/sites.ffkarate.fr\/iledefrance\/la-ligue\/comite-directeur\/","title":{"rendered":"Comit\u00e9 directeur"},"content":{"rendered":"<div class=\"wpb-content-wrapper\"><p>[vc_row][vc_column][vc_column_text]<\/p>\n<h2>Olympiade 2020\/2024<\/h2>\n<ul class=\"trombi-list-top\">\n<li><a href=\"https:\/\/sites.ffkarate.fr\/iledefrance\/wp-content\/uploads\/sites\/115\/2015\/01\/Boulet-site.jpg\"><img decoding=\"async\" class=\"alignnone  wp-image-686\" src=\"https:\/\/sites.ffkarate.fr\/iledefrance\/wp-content\/uploads\/sites\/115\/2015\/01\/Boulet-site.jpg\" alt=\"Boulet site\" width=\"160\" height=\"160\" \/><\/a>\n<div class=\"title\">Philippe<br \/>\n<b>BOULET<\/b><\/div>\n<div class=\"function\">Pr\u00e9sident<\/div>\n<div class=\"desc\"><\/div>\n<\/li>\n<li>\n\t\t<style type=\"text\/css\">\n\t\t\t#gallery-1 {\n\t\t\t\tmargin: auto;\n\t\t\t}\n\t\t\t#gallery-1 .gallery-item {\n\t\t\t\tfloat: left;\n\t\t\t\tmargin-top: 10px;\n\t\t\t\ttext-align: center;\n\t\t\t\twidth: 33%;\n\t\t\t}\n\t\t\t#gallery-1 img {\n\t\t\t\tborder: 2px solid #cfcfcf;\n\t\t\t}\n\t\t\t#gallery-1 .gallery-caption {\n\t\t\t\tmargin-left: 0;\n\t\t\t}\n\t\t\t\/* see gallery_shortcode() in wp-includes\/media.php *\/\n\t\t<\/style>\n\t\t<div id='gallery-1' class='gallery galleryid-2508 gallery-columns-3 gallery-size-thumbnail'><dl class='gallery-item'>\n\t\t\t<dt class='gallery-icon landscape'>\n\t\t\t\t<a href='https:\/\/sites.ffkarate.fr\/iledefrance\/2021\/01\/17\/election-du-bureau-du-comite-directeur-de-la-ligue-idf\/photo-jean\/'><img decoding=\"async\" width=\"133\" height=\"133\" src=\"https:\/\/sites.ffkarate.fr\/iledefrance\/wp-content\/uploads\/sites\/115\/2021\/01\/photo-jean-e1623308654938.jpg\" class=\"attachment-thumbnail size-thumbnail\" alt=\"\" \/><\/a>\n\t\t\t<\/dt><\/dl>\n\t\t\t<br style='clear: both' \/>\n\t\t<\/div>\n<br \/>\n<h2><strong>Jean<\/strong><\/h2>\n<h2>\u00a0<strong>MOREL<\/strong><\/h2>\n<h3>Secr\u00e9taire G\u00e9n\u00e9ral<\/h3>\n<\/li>\n<li>\n\t\t<style type=\"text\/css\">\n\t\t\t#gallery-2 {\n\t\t\t\tmargin: auto;\n\t\t\t}\n\t\t\t#gallery-2 .gallery-item {\n\t\t\t\tfloat: left;\n\t\t\t\tmargin-top: 10px;\n\t\t\t\ttext-align: center;\n\t\t\t\twidth: 33%;\n\t\t\t}\n\t\t\t#gallery-2 img {\n\t\t\t\tborder: 2px solid #cfcfcf;\n\t\t\t}\n\t\t\t#gallery-2 .gallery-caption {\n\t\t\t\tmargin-left: 0;\n\t\t\t}\n\t\t\t\/* see gallery_shortcode() in wp-includes\/media.php *\/\n\t\t<\/style>\n\t\t<div id='gallery-2' class='gallery galleryid-2508 gallery-columns-3 gallery-size-thumbnail'><dl class='gallery-item'>\n\t\t\t<dt class='gallery-icon landscape'>\n\t\t\t\t<a href='https:\/\/sites.ffkarate.fr\/iledefrance\/la-ligue\/comite-directeur\/dalleracbureau\/'><img decoding=\"async\" width=\"160\" height=\"160\" src=\"https:\/\/sites.ffkarate.fr\/iledefrance\/wp-content\/uploads\/sites\/115\/2017\/02\/DALLERACbureau.jpg\" class=\"attachment-thumbnail size-thumbnail\" alt=\"\" \/><\/a>\n\t\t\t<\/dt><\/dl>\n\t\t\t<br style='clear: both' \/>\n\t\t<\/div>\n<br \/>\n<h2 style=\"text-align: left\"><strong>Francis\u00a0<\/strong><\/h2>\n<h2 style=\"text-align: left\"><strong>DALLERAC\u00a0<\/strong><\/h2>\n<p style=\"text-align: left\">Tr\u00e9sorier<\/p>\n<\/li>\n<\/ul>\n<p><!-- --><\/p>\n<h2>Membres du\u00a0Comit\u00e9 Directeur<\/h2>\n<p><strong>PERBAL<\/strong> Jean<\/p>\n<p><strong>DERVEAUX<\/strong> Pierre<\/p>\n<p><strong>BASCUNANA<\/strong> Michel<\/p>\n<p><strong>LEPRINCE<\/strong> Philippe<\/p>\n<p><strong>GALIANA<\/strong> Alain<\/p>\n<p><strong>LEPAON<\/strong> Philippe<\/p>\n<p><strong>DEGROUVE<\/strong> Christine<\/p>\n<p><strong>LECOQ<\/strong> Remy<\/p>\n<p><strong>LOCO<\/strong> Sandra<\/p>\n<p><strong>LAURENCE<\/strong> Dina<\/p>\n<p><strong>MANIEY<\/strong> Georges<\/p>\n<hr \/>\n<p>&nbsp;<\/p>\n<p>\u00a9 Denis Boulanger \/ FFKDA[\/vc_column_text][\/vc_column][\/vc_row]<\/p>\n<\/div>","protected":false},"excerpt":{"rendered":"<p>[vc_row][vc_column][vc_column_text] Olympiade 2020\/2024 Philippe BOULET Pr\u00e9sident Jean \u00a0MOREL Secr\u00e9taire G\u00e9n\u00e9ral Francis\u00a0 DALLERAC\u00a0 Tr\u00e9sorier Membres du\u00a0Comit\u00e9 Directeur PERBAL Jean DERVEAUX Pierre BASCUNANA Michel LEPRINCE Philippe GALIANA Alain LEPAON Philippe DEGROUVE Christine LECOQ Remy LOCO Sandra LAURENCE Dina MANIEY Georges &nbsp; \u00a9 Denis Boulanger \/ FFKDA[\/vc_column_text][\/vc_column][\/vc_row]<\/p>\n","protected":false},"author":20,"featured_media":0,"parent":50,"menu_order":0,"comment_status":"closed","ping_status":"open","template":"","meta":{"footnotes":""},"class_list":["post-2508","page","type-page","status-publish","hentry"],"_links":{"self":[{"href":"https:\/\/sites.ffkarate.fr\/iledefrance\/wp-json\/wp\/v2\/pages\/2508","targetHints":{"allow":["GET"]}}],"collection":[{"href":"https:\/\/sites.ffkarate.fr\/iledefrance\/wp-json\/wp\/v2\/pages"}],"about":[{"href":"https:\/\/sites.ffkarate.fr\/iledefrance\/wp-json\/wp\/v2\/types\/page"}],"author":[{"embeddable":true,"href":"https:\/\/sites.ffkarate.fr\/iledefrance\/wp-json\/wp\/v2\/users\/20"}],"replies":[{"embeddable":true,"href":"https:\/\/sites.ffkarate.fr\/iledefrance\/wp-json\/wp\/v2\/comments?post=2508"}],"version-history":[{"count":1,"href":"https:\/\/sites.ffkarate.fr\/iledefrance\/wp-json\/wp\/v2\/pages\/2508\/revisions"}],"predecessor-version":[{"id":2542,"href":"https:\/\/sites.ffkarate.fr\/iledefrance\/wp-json\/wp\/v2\/pages\/2508\/revisions\/2542"}],"up":[{"embeddable":true,"href":"https:\/\/sites.ffkarate.fr\/iledefrance\/wp-json\/wp\/v2\/pages\/50"}],"wp:attachment":[{"href":"https:\/\/sites.ffkarate.fr\/iledefrance\/wp-json\/wp\/v2\/media?parent=2508"}],"curies":[{"name":"wp","href":"https:\/\/api.w.org\/{rel}","templated":true}]}}