{"id":2671,"date":"2021-10-18T15:29:14","date_gmt":"2021-10-18T13:29:14","guid":{"rendered":"https:\/\/sites.ffkarate.fr\/iledefrance\/?page_id=2671"},"modified":"2024-07-14T13:20:11","modified_gmt":"2024-07-14T11:20:11","slug":"commission-sportive","status":"publish","type":"page","link":"https:\/\/sites.ffkarate.fr\/iledefrance\/commission-sportive\/","title":{"rendered":"Commission sportive"},"content":{"rendered":"<div class=\"wpb-content-wrapper\"><p>[vc_row][vc_column][vc_row_inner][vc_column_inner][\/vc_column_inner][\/vc_row_inner][vc_row_inner][vc_column_inner width=\u00a0\u00bb1\/3&Prime;][\/vc_column_inner][vc_column_inner width=\u00a0\u00bb1\/3&Prime;][\/vc_column_inner][vc_column_inner width=\u00a0\u00bb1\/3&Prime;][\/vc_column_inner][\/vc_row_inner][\/vc_column][\/vc_row][vc_row][vc_column][vc_empty_space][vc_column_text]<\/p>\n<h2>Organisation des comp\u00e9titions<\/h2>\n<p>Les comit\u00e9s d\u00e9partementaux organisent :<\/p>\n<ul>\n<li>les championnats d\u00e9partementaux individuels kata et combat des cat\u00e9gories MINIME, CADET, JUNIOR, SENIOR.<\/li>\n<li>les coupes d\u00e9partementales individuelles kata et combat des cat\u00e9gories, PUPILLE et BENJAMIN.<\/li>\n<\/ul>\n<p><span style=\"color: #ff0000\"><strong>La participation \u00e0 ces comp\u00e9titions est qualificative pour les Coupes et Championnats r\u00e9gionaux.<\/strong><\/span>[\/vc_column_text][\/vc_column][\/vc_row][vc_row][vc_column][vc_column_text]<\/p>\n<h2>Administration des comp\u00e9titions<\/h2>\n<p>Avant chaque comp\u00e9tition, un responsable administratif d\u00e9sign\u00e9 par l\u2019organisateur :<\/p>\n<ul>\n<li>R\u00e9ceptionne les inscriptions des comp\u00e9titeurs ;<\/li>\n<li>Enregistre les comp\u00e9titeurs et \u00e9tablit les listes d\u2019engag\u00e9s ;<\/li>\n<li>Proc\u00e8de au tirage au sort de chaque cat\u00e9gorie, en tenant compte des t\u00eates de s\u00e9ries;<\/li>\n<li>Emm\u00e8ne \u00e0 la comp\u00e9tition : les tableaux, les listes d\u2019engag\u00e9s pour l\u2019affichage et le contr\u00f4le, et le dossier des feuilles d\u2019engagement en cas de litige.<\/li>\n<\/ul>\n<p>Au cours de chaque comp\u00e9tition, un responsable d\u00e9sign\u00e9 par l\u2019organisateur :<\/p>\n<ul>\n<li>Assure le bon d\u00e9roulement de la comp\u00e9tition, depuis le d\u00e9but de la pes\u00e9e jusqu\u2019\u00e0 la fin du protocole ;<\/li>\n<li>Assure le suivi du\/des services d\u2019accueil et de s\u00e9curit\u00e9 ;<\/li>\n<li>Assure le contr\u00f4le des passeports, la r\u00e9gularit\u00e9 de la pes\u00e9e et de l\u2019inscription aux tableaux de comp\u00e9titions ;<\/li>\n<li>Proc\u00e8de \u00e0 l\u2019affichage des tableaux de comp\u00e9tition pour chaque cat\u00e9gorie, avant la comp\u00e9tition et au cours du d\u00e9roulement de celle-ci ;<\/li>\n<li>G\u00e8re l\u2019administration de la comp\u00e9tition;<\/li>\n<li>Assure au nom de la f\u00e9d\u00e9ration le respect de la r\u00e9glementation ;<\/li>\n<li>Intervient pour pr\u00e9venir et r\u00e9gler les \u00e9ventuels conflits ;<\/li>\n<li>Organise le protocole des remises des m\u00e9dailles et des dipl\u00f4mes.<\/li>\n<\/ul>\n<p>Apr\u00e8s chaque comp\u00e9tition, un responsable administratif d\u00e9sign\u00e9 par l\u2019organisateur :<\/p>\n<ul>\n<li>Constitue un dossier complet de la comp\u00e9tition ;<\/li>\n<li>Envoie un exemplaire du dossier de la comp\u00e9tition \u00e0 la ligue ;<\/li>\n<li>Inscrit en ligne ou envoie la liste des participants aupr\u00e8s de la ligue.<\/li>\n<\/ul>\n<p>[\/vc_column_text][\/vc_column][\/vc_row]<\/p>\n<\/div>","protected":false},"excerpt":{"rendered":"<p>[vc_row][vc_column][vc_row_inner][vc_column_inner][\/vc_column_inner][\/vc_row_inner][vc_row_inner][vc_column_inner width=\u00a0\u00bb1\/3&Prime;][\/vc_column_inner][vc_column_inner width=\u00a0\u00bb1\/3&Prime;][\/vc_column_inner][vc_column_inner width=\u00a0\u00bb1\/3&Prime;][\/vc_column_inner][\/vc_row_inner][\/vc_column][\/vc_row][vc_row][vc_column][vc_empty_space][vc_column_text] Organisation des comp\u00e9titions Les comit\u00e9s d\u00e9partementaux organisent : les championnats d\u00e9partementaux individuels kata et combat des cat\u00e9gories MINIME, CADET, JUNIOR, SENIOR. les coupes d\u00e9partementales individuelles kata et combat des cat\u00e9gories, PUPILLE et BENJAMIN. La participation \u00e0 ces comp\u00e9titions est qualificative pour les Coupes et Championnats r\u00e9gionaux.[\/vc_column_text][\/vc_column][\/vc_row][vc_row][vc_column][vc_column_text] Administration des comp\u00e9titions Avant chaque [&hellip;]<\/p>\n","protected":false},"author":61,"featured_media":0,"parent":0,"menu_order":0,"comment_status":"closed","ping_status":"closed","template":"page-fullwidth.php","meta":{"footnotes":""},"class_list":["post-2671","page","type-page","status-publish","hentry"],"_links":{"self":[{"href":"https:\/\/sites.ffkarate.fr\/iledefrance\/wp-json\/wp\/v2\/pages\/2671","targetHints":{"allow":["GET"]}}],"collection":[{"href":"https:\/\/sites.ffkarate.fr\/iledefrance\/wp-json\/wp\/v2\/pages"}],"about":[{"href":"https:\/\/sites.ffkarate.fr\/iledefrance\/wp-json\/wp\/v2\/types\/page"}],"author":[{"embeddable":true,"href":"https:\/\/sites.ffkarate.fr\/iledefrance\/wp-json\/wp\/v2\/users\/61"}],"replies":[{"embeddable":true,"href":"https:\/\/sites.ffkarate.fr\/iledefrance\/wp-json\/wp\/v2\/comments?post=2671"}],"version-history":[{"count":12,"href":"https:\/\/sites.ffkarate.fr\/iledefrance\/wp-json\/wp\/v2\/pages\/2671\/revisions"}],"predecessor-version":[{"id":4851,"href":"https:\/\/sites.ffkarate.fr\/iledefrance\/wp-json\/wp\/v2\/pages\/2671\/revisions\/4851"}],"wp:attachment":[{"href":"https:\/\/sites.ffkarate.fr\/iledefrance\/wp-json\/wp\/v2\/media?parent=2671"}],"curies":[{"name":"wp","href":"https:\/\/api.w.org\/{rel}","templated":true}]}}