{"id":50,"date":"2015-01-08T11:31:53","date_gmt":"2015-01-08T11:31:53","guid":{"rendered":"https:\/\/sites.ffkarate.fr\/testclone\/?page_id=50"},"modified":"2015-01-08T11:31:53","modified_gmt":"2015-01-08T11:31:53","slug":"la-ligue","status":"publish","type":"page","link":"https:\/\/sites.ffkarate.fr\/iledefrance\/la-ligue\/","title":{"rendered":"Ligue R\u00e9gionale"},"content":{"rendered":"<div class=\"wpb-content-wrapper\"><p>[vc_row][vc_column][vc_column_text]Bienvenue sur le site officiel de la Ligue r\u00e9gionale Ile de France de Karat\u00e9 et Disciplines Associ\u00e9es<\/p>\n<p>Vous trouverez sur ce site toute l&rsquo;actualit\u00e9 du karat\u00e9,\u00a0 le calendrier des diff\u00e9rentes comp\u00e9titions et\u00a0stages\u00a0et\u00a0aussi toutes les informations\u00a0et documents n\u00e9cessaires.<\/p>\n<p>Bonne visite.<\/p>\n<p>Le Pr\u00e9sident de la Ligue r\u00e9gionale Ile de France<\/p>\n<p>&nbsp;<\/p>\n<p>&nbsp;<\/p>\n<p>&nbsp;<\/p>\n<p>&nbsp;<\/p>\n<p>&nbsp;[\/vc_column_text][\/vc_column][\/vc_row]<\/p>\n<\/div>","protected":false},"excerpt":{"rendered":"<p>[vc_row][vc_column][vc_column_text]Bienvenue sur le site officiel de la Ligue r\u00e9gionale Ile de France de Karat\u00e9 et Disciplines Associ\u00e9es Vous trouverez sur ce site toute l&rsquo;actualit\u00e9 du karat\u00e9,\u00a0 le calendrier des diff\u00e9rentes comp\u00e9titions et\u00a0stages\u00a0et\u00a0aussi toutes les informations\u00a0et documents n\u00e9cessaires. Bonne visite. Le Pr\u00e9sident de la Ligue r\u00e9gionale Ile de France &nbsp; &nbsp; &nbsp; &nbsp; &nbsp;[\/vc_column_text][\/vc_column][\/vc_row]<\/p>\n","protected":false},"author":20,"featured_media":0,"parent":0,"menu_order":0,"comment_status":"closed","ping_status":"open","template":"","meta":{"footnotes":""},"class_list":["post-50","page","type-page","status-publish","hentry"],"_links":{"self":[{"href":"https:\/\/sites.ffkarate.fr\/iledefrance\/wp-json\/wp\/v2\/pages\/50","targetHints":{"allow":["GET"]}}],"collection":[{"href":"https:\/\/sites.ffkarate.fr\/iledefrance\/wp-json\/wp\/v2\/pages"}],"about":[{"href":"https:\/\/sites.ffkarate.fr\/iledefrance\/wp-json\/wp\/v2\/types\/page"}],"author":[{"embeddable":true,"href":"https:\/\/sites.ffkarate.fr\/iledefrance\/wp-json\/wp\/v2\/users\/20"}],"replies":[{"embeddable":true,"href":"https:\/\/sites.ffkarate.fr\/iledefrance\/wp-json\/wp\/v2\/comments?post=50"}],"version-history":[{"count":0,"href":"https:\/\/sites.ffkarate.fr\/iledefrance\/wp-json\/wp\/v2\/pages\/50\/revisions"}],"wp:attachment":[{"href":"https:\/\/sites.ffkarate.fr\/iledefrance\/wp-json\/wp\/v2\/media?parent=50"}],"curies":[{"name":"wp","href":"https:\/\/api.w.org\/{rel}","templated":true}]}}