{"id":879,"date":"2017-07-05T10:36:53","date_gmt":"2017-07-05T08:36:53","guid":{"rendered":"https:\/\/sites.ffkarate.fr\/iledefrance\/?page_id=879"},"modified":"2026-05-02T13:05:06","modified_gmt":"2026-05-02T11:05:06","slug":"grades-2","status":"publish","type":"page","link":"https:\/\/sites.ffkarate.fr\/iledefrance\/grades-2\/","title":{"rendered":"Grades"},"content":{"rendered":"<div class=\"wpb-content-wrapper\"><p>[vc_row][vc_column][vc_column_text]<\/p>\n<h1 style=\"text-align: center\"><span style=\"color: #333399\">LES RESPONSABLES DES GRADES<\/span><\/h1>\n<p>[\/vc_column_text][\/vc_column][\/vc_row][vc_row][vc_column width=\u00a0\u00bb1\/5&Prime;][ffk_peoplecard subtitle=\u00a0\u00bbAMV\u00a0\u00bb title=\u00a0\u00bbCHARPRENET JACQUES\u00a0\u00bb][\/vc_column][vc_column width=\u00a0\u00bb1\/5&Prime;][ffk_peoplecard subtitle=\u00a0\u00bbKARATE\u00a0\u00bb title=\u00a0\u00bbBENDELAC EVELYNE\u00a0\u00bb][\/vc_column][vc_column width=\u00a0\u00bb1\/5&Prime;][ffk_peoplecard title=\u00a0\u00bbATTIA FRANCK\u00a0\u00bb subtitle=\u00a0\u00bbKARATE MIX\u00a0\u00bb][\/vc_column][vc_column width=\u00a0\u00bb1\/5&Prime;][ffk_peoplecard subtitle=\u00a0\u00bbKRAV-MAGA\u00a0\u00bb title=\u00a0\u00bbDARAGON SEBASTIEN\u00a0\u00bb][\/vc_column][vc_column width=\u00a0\u00bb1\/5&Prime;][ffk_peoplecard subtitle=\u00a0\u00bbWUSHU\u00a0\u00bb title=\u00a0\u00bbNAUD MYRIAM\u00a0\u00bb][\/vc_column][\/vc_row][vc_row][vc_column][vc_column_text]<\/p>\n<h2><span style=\"color: #dc2d5a\">Inscriptions<\/span><\/h2>\n<p><strong><span style=\"color: #1423a0\">Les inscriptions et le paiement s\u2019effectuent uniquement<\/span><span style=\"color: #1423a0\">\u00a0en ligne sur internet<\/span><\/strong>, <strong><span style=\"color: #dc2d5a\">soit par le club soit par le licenci\u00e9<\/span>, <span style=\"color: #1423a0\">au plus tard\u00a030 jours avant\u00a0la date de<\/span><\/strong><span style=\"color: #1423a0\"><strong>\u00a0l\u2019examen<\/strong><\/span><em>\u00a0(voir calendrier)<\/em>.[\/vc_column_text][ffk_button color=\u00a0\u00bbprimary\u00a0\u00bb size=\u00a0\u00bbbig\u00a0\u00bb link=\u00a0\u00bburl:https%3A%2F%2Fwww.sikada.fr%2FSiKadaIns%2FAppLib_Login.aspx%3FReturnUrl%3D%252fsikadaIns|title:Inscriptions%20au%20grade|target:_blank\u00a0\u00bb][vc_column_text]<em>(Utiliser vos\u00a0<strong><span style=\"color: #1423a0\">identifiants<\/span>\u00a0<\/strong>de connexion\u00a0<span style=\"color: #dc2d5a\"><strong>SIKADA<\/strong><\/span> pour acc\u00e9der aux inscriptions).<\/em><\/p>\n<div>Indiquer uniquement la r\u00e9f\u00e9rence suivante dans le champ \u00ab <span style=\"color: #1423a0\"><strong>R\u00e9f\u00e9rence<\/strong><\/span> \u00bb : <span style=\"color: #dc2d5a\"><strong>G2026.01.002<\/strong><\/span>, sans renseigner <span style=\"color: #1423a0\"><strong>aucun autre filtre<\/strong><\/span>, puis de suivre les instructions afin de finaliser votre inscription.<\/div>\n<p>[\/vc_column_text][vc_single_image image=\u00a0\u00bb6393&Prime;][vc_column_text]<span style=\"color: #dc2d5a\"><em><strong>Rubrique \u00ab Adh\u00e9rent \u00bb :\u00a0<\/strong><\/em><\/span><\/p>\n<p>Veuillez v\u00e9rifier que <span style=\"color: #1423a0\"><strong>votre adresse e\u2011mail<\/strong><\/span> est correctement renseign\u00e9e. Celle-ci nous est indispensable pour vous contacter et vous transmettre les informations n\u00e9cessaires \u00e0 la validation de votre inscription et de votre passage de grade.<\/p>\n<p>Merci \u00e9galement de vous assurer que vous remplissez <span style=\"color: #dc2d5a\"><strong>l\u2019ensemble des conditions requises<\/strong><\/span> (<em>pr\u00e9requis)<\/em> pour le passage de grade. Un message d\u2019alerte en rouge s\u2019affichera dans le cas contraire.[\/vc_column_text][vc_column_text]<strong><span style=\"color: #dc2d5a\">Rubrique \u00ab\u00a0Documents pour l&rsquo;inscription\u00a0\u00bb :<\/span><\/strong><\/p>\n<ul>\n<li><span style=\"color: #1423a0\"><strong>Bonification temps de pratique<\/strong><\/span> : <span class=\"Class-Libelle\">Le document \u2013\u00a0<\/span><span style=\"color: #dc2d5a\"><strong>Article 209 \u2013 Demande de bonification en temps de pratique<\/strong><\/span>\u00a0\u2013 sign\u00e9 et tamponn\u00e9 par la FFK (<em>3 mois minimum avant le passage de grade<\/em>)<\/li>\n<li><span style=\"color: #1423a0\"><strong>D\u00e9rogation<\/strong><\/span>\u00a0: Le\u00a0<span style=\"color: #dc2d5a\"><strong>courrier de la CSDGE<\/strong><\/span>\u00a0en cas de d\u00e9rogation sp\u00e9ciale<\/li>\n<li><strong><span style=\"color: #1423a0\">Fiche de notes<\/span>\u00a0<\/strong>:\u00a0Photocopie de la\u00a0<span style=\"color: #dc2d5a\"><strong>page des U.V. d\u00e9j\u00e0 obtenues<\/strong><\/span><\/li>\n<li><strong><span style=\"color: #1423a0\">Formulaire d\u2019inscription<\/span><\/strong>:\u00a0non applicable si vous avez renseign\u00e9 et fournit toutes les informations<\/li>\n<\/ul>\n<p>[\/vc_column_text][vc_column_text]<strong><span style=\"color: #dc2d5a\">Rubrique \u00ab\u00a0Inscription\u00a0\u00bb :<\/span><\/strong><\/p>\n<p>En fonction du grade pour lequel vous vous inscrivez, s\u00e9lectionnez les informations suivantes :<\/p>\n<ul>\n<li><span style=\"color: #1423a0\"><strong>Discipline\u00a0<\/strong><\/span><\/li>\n<li><span style=\"color: #1423a0\"><strong>Style<\/strong><\/span><\/li>\n<\/ul>\n<p>[\/vc_column_text][vc_column_text]<\/p>\n<h2><span style=\"color: #dc2d5a\"><strong>Validation de l\u2019inscription<\/strong><\/span><\/h2>\n<p>La <span style=\"color: #1423a0\"><strong>validation de votre demande d\u2019inscription<\/strong><\/span> d\u00e9clenche votre <span style=\"color: #dc2d5a\"><strong>pr\u00e9\u2011inscription<\/strong><\/span>.<\/p>\n<p>Le dossier de pr\u00e9\u2011inscription est ensuite examin\u00e9 par la <span style=\"color: #1423a0\"><strong>Commission R\u00e9gionale des Grades<\/strong><\/span>.<\/p>\n<p>\u00c0 l\u2019issue de cette v\u00e9rification, un courriel vous sera adress\u00e9 afin de vous informer de la conformit\u00e9 ou non de votre dossier.<\/p>\n<p>Si votre dossier est conforme, il vous sera alors demand\u00e9 de proc\u00e9der au <span style=\"color: #dc2d5a\"><strong>paiement en ligne<\/strong><\/span>.<\/p>\n<p>L\u2019inscription au passage de grade ne sera consid\u00e9r\u00e9e comme <span style=\"color: #1423a0\"><strong>d\u00e9finitivement valid\u00e9e qu\u2019apr\u00e8s r\u00e9ception du paiement<\/strong><\/span>, effectu\u00e9 via la plateforme <span style=\"color: #dc2d5a\"><strong>SIKADA \u2013 Inscription<\/strong><\/span>.[\/vc_column_text][vc_column_text]<\/p>\n<h2><span style=\"color: #dc2d5a\">Paiement<\/span><\/h2>\n<div>Le co\u00fbt du passage de grade est fix\u00e9 \u00e0 <strong><span style=\"color: #1423a0\">50 \u20ac par candidat<\/span><\/strong> et <strong><span style=\"color: #dc2d5a\">par session<\/span><\/strong>.<\/div>\n<p>[\/vc_column_text][vc_column_text]<\/p>\n<h2><span style=\"color: #dc2d5a\">Convocation<\/span><\/h2>\n<p>Les convocations au passage de grade sont envoy\u00e9es <span style=\"color: #1423a0\"><strong>10 jours avant la date de l\u2019examen<\/strong><\/span>.<\/p>\n<div>\n<p>Si vous n\u2019avez pas re\u00e7u votre convocation pour votre passage de grade, merci d\u2019en <span style=\"color: #dc2d5a\"><strong>informer la ligue dans les meilleurs d\u00e9lais<\/strong><\/span> par courriel \u00e0 l\u2019adresse suivante : <a href=\"mailto:secretaire.idf@ffkarate.fr\"><span style=\"color: #1423a0\"><strong>secretaire.idf@ffkarate.fr<\/strong><\/span><\/a>.<\/p>\n<\/div>\n<p>.[\/vc_column_text][vc_column_text]<\/p>\n<h2><span style=\"color: #dc2d5a\">Documents<\/span><\/h2>\n<p>Le jour de l\u2019examen, merci de vous munir de :<\/p>\n<ul>\n<li>Votre\u00a0<span style=\"color: #1423a0\"><strong>passeport sportif<\/strong><\/span><\/li>\n<li>Une\u00a0<span style=\"color: #1423a0\"><strong>enveloppe format C4<\/strong><\/span>\u00a0minimum (<em>229 x 324 mm<\/em>) affranchie pour 100 g, \u00e0 votre adresse en vue du retour de votre dipl\u00f4me<\/li>\n<li>Photocopie de la (<em>ou des pages<\/em>) des\u00a0<span style=\"color: #1423a0\"><strong>points de bonification<\/strong><\/span>\u00a0(<em>le cas \u00e9ch\u00e9ant<\/em>) avec votre pr\u00e9nom, votre nom et num\u00e9ro de licence inscrit sur la feuille<\/li>\n<\/ul>\n<p><span style=\"color: #dc2d5a\"><strong>Important :<\/strong><\/span><\/p>\n<div>\n<p>Merci d\u2019indiquer votre <span style=\"color: #1423a0\"><strong>adresse de mani\u00e8re lisible<\/strong><\/span> sur l\u2019enveloppe et de l\u2019<span style=\"color: #dc2d5a\"><strong>affranchir<\/strong><\/span>.<br \/>\nEn cas de domiciliation chez un tiers portant un nom diff\u00e9rent, merci de <span style=\"color: #1423a0\"><strong>pr\u00e9ciser \u00e9galement le nom du candidat<\/strong><\/span>.<\/p>\n<p>Pensez \u00e9galement \u00e0 <span style=\"color: #dc2d5a\"><strong>vous munir de l\u2019ensemble de votre mat\u00e9riel<\/strong><\/span> le jour de l\u2019examen.<\/p>\n<p>Il vous appartient de v\u00e9rifier que votre <span style=\"color: #1423a0\"><strong>passeport sportif est en cours de validit\u00e9<\/strong><\/span> (<em>validit\u00e9 : 6 ans<\/em>).<\/p>\n<div>\n<p>Si celui\u2011ci n\u2019est plus valide, merci de vous munir le jour de l\u2019examen :<\/p>\n<ul>\n<li>d\u2019une <span style=\"color: #1423a0\"><strong>photo d\u2019identit\u00e9<\/strong><\/span>,<\/li>\n<li>de votre <span style=\"color: #1423a0\"><strong>\u00e9tiquette identifiante<\/strong><span style=\"color: #000000\"> (<em>se trouve sur votre \u00ab\u00a0attestation historique de licences\u00a0\u00bb \u00e0 t\u00e9l\u00e9charger sur Sikada<\/em>)<\/span><\/span><\/li>\n<li>et d\u2019un <span style=\"color: #1423a0\"><strong>r\u00e8glement de 25 \u20ac<\/strong><\/span>, afin que nous puissions \u00e9tablir un nouveau passeport sur place.<\/li>\n<\/ul>\n<p>\u00c0 d\u00e9faut, vous avez \u00e9galement la possibilit\u00e9 d\u2019effectuer votre demande directement via votre <span style=\"color: #dc2d5a\"><strong>comit\u00e9 d\u00e9partemental<\/strong><\/span>.<\/p>\n<\/div>\n<\/div>\n<p>[\/vc_column_text][\/vc_column][\/vc_row]<\/p>\n<\/div>","protected":false},"excerpt":{"rendered":"<p>[vc_row][vc_column][vc_column_text] LES RESPONSABLES DES GRADES [\/vc_column_text][\/vc_column][\/vc_row][vc_row][vc_column width=\u00a0\u00bb1\/5&Prime;][ffk_peoplecard subtitle=\u00a0\u00bbAMV\u00a0\u00bb title=\u00a0\u00bbCHARPRENET JACQUES\u00a0\u00bb][\/vc_column][vc_column width=\u00a0\u00bb1\/5&Prime;][ffk_peoplecard subtitle=\u00a0\u00bbKARATE\u00a0\u00bb title=\u00a0\u00bbBENDELAC EVELYNE\u00a0\u00bb][\/vc_column][vc_column width=\u00a0\u00bb1\/5&Prime;][ffk_peoplecard title=\u00a0\u00bbATTIA FRANCK\u00a0\u00bb subtitle=\u00a0\u00bbKARATE MIX\u00a0\u00bb][\/vc_column][vc_column width=\u00a0\u00bb1\/5&Prime;][ffk_peoplecard subtitle=\u00a0\u00bbKRAV-MAGA\u00a0\u00bb title=\u00a0\u00bbDARAGON SEBASTIEN\u00a0\u00bb][\/vc_column][vc_column width=\u00a0\u00bb1\/5&Prime;][ffk_peoplecard subtitle=\u00a0\u00bbWUSHU\u00a0\u00bb title=\u00a0\u00bbNAUD MYRIAM\u00a0\u00bb][\/vc_column][\/vc_row][vc_row][vc_column][vc_column_text] Inscriptions Les inscriptions et le paiement s\u2019effectuent uniquement\u00a0en ligne sur internet, soit par le club soit par le licenci\u00e9, au plus tard\u00a030 jours avant\u00a0la date de\u00a0l\u2019examen\u00a0(voir calendrier).[\/vc_column_text][ffk_button color=\u00a0\u00bbprimary\u00a0\u00bb [&hellip;]<\/p>\n","protected":false},"author":61,"featured_media":0,"parent":0,"menu_order":0,"comment_status":"closed","ping_status":"closed","template":"page-fullwidth.php","meta":{"footnotes":""},"class_list":["post-879","page","type-page","status-publish","hentry"],"_links":{"self":[{"href":"https:\/\/sites.ffkarate.fr\/iledefrance\/wp-json\/wp\/v2\/pages\/879","targetHints":{"allow":["GET"]}}],"collection":[{"href":"https:\/\/sites.ffkarate.fr\/iledefrance\/wp-json\/wp\/v2\/pages"}],"about":[{"href":"https:\/\/sites.ffkarate.fr\/iledefrance\/wp-json\/wp\/v2\/types\/page"}],"author":[{"embeddable":true,"href":"https:\/\/sites.ffkarate.fr\/iledefrance\/wp-json\/wp\/v2\/users\/61"}],"replies":[{"embeddable":true,"href":"https:\/\/sites.ffkarate.fr\/iledefrance\/wp-json\/wp\/v2\/comments?post=879"}],"version-history":[{"count":20,"href":"https:\/\/sites.ffkarate.fr\/iledefrance\/wp-json\/wp\/v2\/pages\/879\/revisions"}],"predecessor-version":[{"id":6400,"href":"https:\/\/sites.ffkarate.fr\/iledefrance\/wp-json\/wp\/v2\/pages\/879\/revisions\/6400"}],"wp:attachment":[{"href":"https:\/\/sites.ffkarate.fr\/iledefrance\/wp-json\/wp\/v2\/media?parent=879"}],"curies":[{"name":"wp","href":"https:\/\/api.w.org\/{rel}","templated":true}]}}