{"id":1074,"date":"2024-12-11T17:46:46","date_gmt":"2024-12-11T16:46:46","guid":{"rendered":"https:\/\/sites.ffkarate.fr\/indre\/?page_id=1074"},"modified":"2025-11-13T09:47:12","modified_gmt":"2025-11-13T08:47:12","slug":"presentation-du-comite","status":"publish","type":"page","link":"https:\/\/sites.ffkarate.fr\/indre\/presentation-du-comite\/","title":{"rendered":"Pr\u00e9sentation du comit\u00e9"},"content":{"rendered":"<div class=\"wpb-content-wrapper\"><p>[vc_row full_width=\u00a0\u00bbstretch_row_content\u00a0\u00bb bg_grey=\u00a0\u00bb1&Prime;][vc_column width=\u00a0\u00bb1\/4&Prime;][ffk_peoplecard image=\u00a0\u00bb1080&Prime; title=\u00a0\u00bbCARCAT Philippe\u00a0\u00bb subtitle=\u00a0\u00bbPr\u00e9sident\u00a0\u00bb description=\u00a0\u00bbT\u00e9l : 06.76.73.10.27<br \/>\nEmail : carcatphilippe8@gmail.com\u00a0\u00bb][\/vc_column][vc_column width=\u00a0\u00bb3\/4&Prime;][vc_column_text]<\/p>\n<blockquote><p><em>\u00ab\u00a0Bienvenue sur le site officiel du Comit\u00e9 d\u00e9partemental !<\/em><\/p>\n<p><em>Vous trouverez sur ce site toute l\u2019actualit\u00e9 du karat\u00e9 et de ses disciplines associ\u00e9es :<\/em><br \/>\n<em>le calendrier des diff\u00e9rentes comp\u00e9titions, les passages de grade, stages et autres manifestations, mais aussi toutes les informations et documents n\u00e9cessaires aux dirigeants de club ainsi qu\u2019aux licenci\u00e9s.<\/em><\/p>\n<p><em>Bonne visite.\u00a0\u00bb <\/em><\/p>\n<p><strong>Le Pr\u00e9sident du Comit\u00e9 d\u00e9partemental<\/strong><\/p><\/blockquote>\n<p>[\/vc_column_text][\/vc_column][\/vc_row][vc_row][vc_column][vc_empty_space height=\u00a0\u00bb40&Prime;][vc_row_inner][vc_column_inner][vc_column_text]<\/p>\n<h3 class=\"entry-title\" style=\"text-align: center\"><strong><span style=\"color: #1423a0\">COMIT\u00c9 DIRECTEUR<\/span><\/strong><\/h3>\n<h6 style=\"text-align: center\">OLYMPIADE 2024\/2028<\/h6>\n<p>[\/vc_column_text][\/vc_column_inner][\/vc_row_inner][vc_row_inner equal_height=\u00a0\u00bbyes\u00a0\u00bb css=\u00a0\u00bb.vc_custom_1617006214271{border-bottom-width: 10px !important;}\u00a0\u00bb][vc_column_inner width=\u00a0\u00bb1\/3&Prime;][ffk_peoplecard title=\u00a0\u00bbCARCAT Philippe\u00a0\u00bb subtitle=\u00a0\u00bbPr\u00e9sident\u00a0\u00bb image=\u00a0\u00bb1451&Prime;][\/vc_column_inner][vc_column_inner width=\u00a0\u00bb1\/3&Prime;][ffk_peoplecard title=\u00a0\u00bbCOGET Patrice\u00a0\u00bb subtitle=\u00a0\u00bbSecr\u00e9taire\u00a0\u00bb image=\u00a0\u00bb1450&Prime;][\/vc_column_inner][vc_column_inner width=\u00a0\u00bb1\/3&Prime;][ffk_peoplecard image=\u00a0\u00bb779&Prime; title=\u00a0\u00bbROUILLIER Jean-Pierre\u00a0\u00bb subtitle=\u00a0\u00bbTr\u00e9sorier\u00a0\u00bb][\/vc_column_inner][\/vc_row_inner][vc_empty_space height=\u00a0\u00bb40&Prime;][vc_row_inner][vc_column_inner][\/vc_column_inner][\/vc_row_inner][\/vc_column][\/vc_row][vc_row][vc_column][vc_empty_space height=\u00a0\u00bb40&Prime;][vc_row_inner][vc_column_inner][vc_column_text]<\/p>\n<h3 class=\"entry-title\" style=\"text-align: center\"><strong><span style=\"color: #1423a0\">Membres du bureau<\/span><\/strong><\/h3>\n<p>[\/vc_column_text][\/vc_column_inner][\/vc_row_inner][vc_row_inner equal_height=\u00a0\u00bbyes\u00a0\u00bb][vc_column_inner width=\u00a0\u00bb1\/4&Prime;][ffk_peoplecard image=\u00a0\u00bb1452&Prime; title=\u00a0\u00bbBETANT Patrick\u00a0\u00bb subtitle=\u00a0\u00bbRESPONSABLE COMMUNICATION\u00a0\u00bb][\/vc_column_inner][vc_column_inner width=\u00a0\u00bb1\/4&Prime;][ffk_peoplecard image=\u00a0\u00bb1453&Prime; title=\u00a0\u00bbBROSSAIS Christopher\u00a0\u00bb subtitle=\u00a0\u00bbMEMBRE\u00a0\u00bb][\/vc_column_inner][vc_column_inner width=\u00a0\u00bb1\/4&Prime;][ffk_peoplecard image=\u00a0\u00bb1454&Prime; title=\u00a0\u00bbNAUDON Eric\u00a0\u00bb subtitle=\u00a0\u00bbMEMBRE\u00a0\u00bb][\/vc_column_inner][vc_column_inner width=\u00a0\u00bb1\/4&Prime;][ffk_peoplecard image=\u00a0\u00bb1455&Prime; title=\u00a0\u00bbBOUZID GHEZIEL Hada\u00a0\u00bb subtitle=\u00a0\u00bbMEMBRE\u00a0\u00bb][\/vc_column_inner][\/vc_row_inner][vc_row_inner equal_height=\u00a0\u00bbyes\u00a0\u00bb][vc_column_inner width=\u00a0\u00bb1\/3&Prime;][ffk_peoplecard image=\u00a0\u00bb1137&Prime; title=\u00a0\u00bbFarid NASSIH\u00a0\u00bb subtitle=\u00a0\u00bbRep\u00e9rage comp\u00e9titeurs\u00a0\u00bb][\/vc_column_inner][vc_column_inner width=\u00a0\u00bb1\/3&Prime;][ffk_peoplecard image=\u00a0\u00bb1456&Prime; title=\u00a0\u00bbFOUCHET Sebastien\u00a0\u00bb subtitle=\u00a0\u00bbMEMBRE\u00a0\u00bb][\/vc_column_inner][vc_column_inner width=\u00a0\u00bb1\/3&Prime;][ffk_peoplecard image=\u00a0\u00bb1457&Prime; title=\u00a0\u00bbPILET Lionel\u00a0\u00bb subtitle=\u00a0\u00bbMEMBRE\u00a0\u00bb][\/vc_column_inner][\/vc_row_inner][vc_row_inner][vc_column_inner width=\u00a0\u00bb1\/4&Prime;][ffk_peoplecard title=\u00a0\u00bbNGUYEN Emilie\u00a0\u00bb image=\u00a0\u00bb1493&Prime; subtitle=\u00a0\u00bbMEMBRE\u00a0\u00bb][\/vc_column_inner][vc_column_inner width=\u00a0\u00bb1\/4&Prime;][ffk_peoplecard title=\u00a0\u00bbNGUYEN Leelou\u00a0\u00bb image=\u00a0\u00bb1492&Prime; subtitle=\u00a0\u00bbMEMBRE\u00a0\u00bb][\/vc_column_inner][vc_column_inner width=\u00a0\u00bb1\/4&Prime;][ffk_peoplecard title=\u00a0\u00bbROBUCHON Philippe\u00a0\u00bb subtitle=\u00a0\u00bbMEMBRE\u00a0\u00bb][\/vc_column_inner][vc_column_inner width=\u00a0\u00bb1\/4&Prime;][\/vc_column_inner][\/vc_row_inner][\/vc_column][\/vc_row]<\/p>\n<\/div>","protected":false},"excerpt":{"rendered":"<p>[vc_row full_width=\u00a0\u00bbstretch_row_content\u00a0\u00bb bg_grey=\u00a0\u00bb1&Prime;][vc_column width=\u00a0\u00bb1\/4&Prime;][ffk_peoplecard image=\u00a0\u00bb1080&Prime; title=\u00a0\u00bbCARCAT Philippe\u00a0\u00bb subtitle=\u00a0\u00bbPr\u00e9sident\u00a0\u00bb description=\u00a0\u00bbT\u00e9l : 06.76.73.10.27 Email : carcatphilippe8@gmail.com\u00a0\u00bb][\/vc_column][vc_column width=\u00a0\u00bb3\/4&Prime;][vc_column_text] \u00ab\u00a0Bienvenue sur le site officiel du Comit\u00e9 d\u00e9partemental ! Vous trouverez sur ce site toute l\u2019actualit\u00e9 du karat\u00e9 et de ses disciplines associ\u00e9es : le calendrier des diff\u00e9rentes comp\u00e9titions, les passages de grade, stages et autres manifestations, mais aussi toutes [&hellip;]<\/p>\n","protected":false},"author":51,"featured_media":0,"parent":0,"menu_order":0,"comment_status":"closed","ping_status":"closed","template":"page-fullwidth.php","meta":{"footnotes":""},"class_list":["post-1074","page","type-page","status-publish","hentry"],"_links":{"self":[{"href":"https:\/\/sites.ffkarate.fr\/indre\/wp-json\/wp\/v2\/pages\/1074","targetHints":{"allow":["GET"]}}],"collection":[{"href":"https:\/\/sites.ffkarate.fr\/indre\/wp-json\/wp\/v2\/pages"}],"about":[{"href":"https:\/\/sites.ffkarate.fr\/indre\/wp-json\/wp\/v2\/types\/page"}],"author":[{"embeddable":true,"href":"https:\/\/sites.ffkarate.fr\/indre\/wp-json\/wp\/v2\/users\/51"}],"replies":[{"embeddable":true,"href":"https:\/\/sites.ffkarate.fr\/indre\/wp-json\/wp\/v2\/comments?post=1074"}],"version-history":[{"count":17,"href":"https:\/\/sites.ffkarate.fr\/indre\/wp-json\/wp\/v2\/pages\/1074\/revisions"}],"predecessor-version":[{"id":1501,"href":"https:\/\/sites.ffkarate.fr\/indre\/wp-json\/wp\/v2\/pages\/1074\/revisions\/1501"}],"wp:attachment":[{"href":"https:\/\/sites.ffkarate.fr\/indre\/wp-json\/wp\/v2\/media?parent=1074"}],"curies":[{"name":"wp","href":"https:\/\/api.w.org\/{rel}","templated":true}]}}