{"id":304,"date":"2018-07-04T21:03:39","date_gmt":"2018-07-04T19:03:39","guid":{"rendered":"https:\/\/sites.ffkarate.fr\/indre\/?page_id=304"},"modified":"2018-07-04T21:03:39","modified_gmt":"2018-07-04T19:03:39","slug":"indrathlon-2018-30-juin-2018","status":"publish","type":"page","link":"https:\/\/sites.ffkarate.fr\/indre\/indrathlon-2018-30-juin-2018\/","title":{"rendered":"Indr&rsquo;Athlon 2018 &#8211; 30 juin 2018"},"content":{"rendered":"<div class=\"wpb-content-wrapper\"><p>[vc_row][vc_column][vc_column_text]Chaude ambiance pour la seconde session de l&rsquo;Indr&rsquo;athlon 2018\u00a0samedi 30 juin !!!<br \/>\nMalgr\u00e9 la forte chaleur et le match de la France \u00e0 la coupe du Monde de football, pas moins de 42 \u00e9quipes (dont 2 issues de clubs de karat\u00e9) et plus de 160 candidats se sont pr\u00e9sent\u00e9s aux 10 ateliers parcours, dont celui du Comb&rsquo;athlon (karat\u00e9-judo).<br \/>\nLe parcours karat\u00e9 qui a connu un franc succ\u00e8s \u00e9tait anim\u00e9 par le duo Negema Naubron et Aur\u00e9lien Paudat qui ont laiss\u00e9 beaucoup de sueur sur place\u00a0!<br \/>\nUn grand merci de la part du Comit\u00e9 \u00e0 ce bin\u00f4me de choc\u00a0pour leur disponibilit\u00e9 et leur bonne humeur communicative\u00a0!<\/p>\n<p><a href=\"https:\/\/sites.ffkarate.fr\/indre\/indrathlon-2018-30-juin-2018\/img_8324\/\" rel=\"attachment wp-att-305\"><img decoding=\"async\" class=\"alignnone size-medium wp-image-305\" src=\"https:\/\/sites.ffkarate.fr\/indre\/wp-content\/uploads\/sites\/60\/2018\/07\/IMG_8324-300x225.jpg\" alt=\"IMG_8324\" width=\"300\" height=\"225\" \/><\/a> <a href=\"https:\/\/sites.ffkarate.fr\/indre\/indrathlon-2018-30-juin-2018\/img_8489-2\/\" rel=\"attachment wp-att-327\"><img decoding=\"async\" class=\"alignnone size-medium wp-image-327\" src=\"https:\/\/sites.ffkarate.fr\/indre\/wp-content\/uploads\/sites\/60\/2018\/07\/IMG_84891-300x169.png\" alt=\"IMG_8489\" width=\"300\" height=\"169\" \/><\/a> <a href=\"https:\/\/sites.ffkarate.fr\/indre\/indrathlon-2018-30-juin-2018\/img_8483\/\" rel=\"attachment wp-att-322\"><img decoding=\"async\" class=\"alignnone size-medium wp-image-322\" src=\"https:\/\/sites.ffkarate.fr\/indre\/wp-content\/uploads\/sites\/60\/2018\/07\/IMG_8483-300x200.jpg\" alt=\"IMG_8483\" width=\"300\" height=\"200\" \/><\/a> <a href=\"https:\/\/sites.ffkarate.fr\/indre\/indrathlon-2018-30-juin-2018\/img_8482\/\" rel=\"attachment wp-att-321\"><img decoding=\"async\" class=\"alignnone size-medium wp-image-321\" src=\"https:\/\/sites.ffkarate.fr\/indre\/wp-content\/uploads\/sites\/60\/2018\/07\/IMG_8482-300x230.jpg\" alt=\"IMG_8482\" width=\"300\" height=\"230\" \/><\/a> \u00a0<a href=\"https:\/\/sites.ffkarate.fr\/indre\/indrathlon-2018-30-juin-2018\/img_8480\/\" rel=\"attachment wp-att-319\"><img decoding=\"async\" class=\"alignnone size-medium wp-image-319\" src=\"https:\/\/sites.ffkarate.fr\/indre\/wp-content\/uploads\/sites\/60\/2018\/07\/IMG_8480-281x300.jpg\" alt=\"IMG_8480\" width=\"281\" height=\"300\" \/><\/a> <a href=\"https:\/\/sites.ffkarate.fr\/indre\/indrathlon-2018-30-juin-2018\/img_8479-2\/\" rel=\"attachment wp-att-318\"><img decoding=\"async\" class=\"alignnone size-medium wp-image-318\" src=\"https:\/\/sites.ffkarate.fr\/indre\/wp-content\/uploads\/sites\/60\/2018\/07\/IMG_84791-300x286.jpg\" alt=\"IMG_8479\" width=\"300\" height=\"286\" \/>\u00a0<img decoding=\"async\" class=\"alignnone size-medium wp-image-309\" src=\"https:\/\/sites.ffkarate.fr\/indre\/wp-content\/uploads\/sites\/60\/2018\/07\/IMG_8479-300x286.jpg\" alt=\"IMG_8479\" width=\"300\" height=\"286\" \/>\u00a0<img decoding=\"async\" class=\"alignnone size-medium wp-image-313\" src=\"https:\/\/sites.ffkarate.fr\/indre\/wp-content\/uploads\/sites\/60\/2018\/07\/IMG_8473-300x280.jpg\" alt=\"IMG_8473\" width=\"300\" height=\"280\" \/><\/a> <a href=\"https:\/\/sites.ffkarate.fr\/indre\/indrathlon-2018-30-juin-2018\/img_8478\/\" rel=\"attachment wp-att-317\"><img decoding=\"async\" class=\"alignnone size-medium wp-image-317\" src=\"https:\/\/sites.ffkarate.fr\/indre\/wp-content\/uploads\/sites\/60\/2018\/07\/IMG_8478-300x184.jpg\" alt=\"IMG_8478\" width=\"300\" height=\"184\" \/><\/a> <a href=\"https:\/\/sites.ffkarate.fr\/indre\/indrathlon-2018-30-juin-2018\/img_8477-2\/\" rel=\"attachment wp-att-316\"><img decoding=\"async\" class=\"alignnone size-medium wp-image-316\" src=\"https:\/\/sites.ffkarate.fr\/indre\/wp-content\/uploads\/sites\/60\/2018\/07\/IMG_84771-300x189.jpg\" alt=\"IMG_8477\" width=\"300\" height=\"189\" \/><img decoding=\"async\" class=\"alignnone size-medium wp-image-320\" src=\"https:\/\/sites.ffkarate.fr\/indre\/wp-content\/uploads\/sites\/60\/2018\/07\/IMG_8481-300x167.jpg\" alt=\"IMG_8481\" width=\"300\" height=\"167\" \/><\/a>\u00a0<a href=\"https:\/\/sites.ffkarate.fr\/indre\/indrathlon-2018-30-juin-2018\/img_8476\/\" rel=\"attachment wp-att-315\"><img decoding=\"async\" class=\"alignnone size-medium wp-image-315\" src=\"https:\/\/sites.ffkarate.fr\/indre\/wp-content\/uploads\/sites\/60\/2018\/07\/IMG_8476-300x256.jpg\" alt=\"IMG_8476\" width=\"300\" height=\"256\" \/><\/a>\u00a0\u00a0<a href=\"https:\/\/sites.ffkarate.fr\/indre\/indrathlon-2018-30-juin-2018\/img_8472\/\" rel=\"attachment wp-att-312\"><img decoding=\"async\" class=\"alignnone size-medium wp-image-312\" src=\"https:\/\/sites.ffkarate.fr\/indre\/wp-content\/uploads\/sites\/60\/2018\/07\/IMG_8472-300x260.jpg\" alt=\"IMG_8472\" width=\"300\" height=\"260\" \/><\/a> <a href=\"https:\/\/sites.ffkarate.fr\/indre\/indrathlon-2018-30-juin-2018\/img_8471\/\" rel=\"attachment wp-att-311\"><img decoding=\"async\" class=\"alignnone size-medium wp-image-311\" src=\"https:\/\/sites.ffkarate.fr\/indre\/wp-content\/uploads\/sites\/60\/2018\/07\/IMG_8471-300x169.jpg\" alt=\"IMG_8471\" width=\"300\" height=\"169\" \/><\/a> <a href=\"https:\/\/sites.ffkarate.fr\/indre\/indrathlon-2018-30-juin-2018\/img_8497-2\/\" rel=\"attachment wp-att-326\"><img decoding=\"async\" class=\"alignnone size-medium wp-image-326\" src=\"https:\/\/sites.ffkarate.fr\/indre\/wp-content\/uploads\/sites\/60\/2018\/07\/IMG_84971-300x229.jpg\" alt=\"IMG_8497\" width=\"300\" height=\"229\" \/><\/a> <a href=\"https:\/\/sites.ffkarate.fr\/indre\/indrathlon-2018-30-juin-2018\/img_8477\/\" rel=\"attachment wp-att-308\"><img decoding=\"async\" class=\"alignnone size-medium wp-image-308\" src=\"https:\/\/sites.ffkarate.fr\/indre\/wp-content\/uploads\/sites\/60\/2018\/07\/IMG_8477-300x189.jpg\" alt=\"IMG_8477\" width=\"300\" height=\"189\" \/><\/a> <a href=\"https:\/\/sites.ffkarate.fr\/indre\/indrathlon-2018-30-juin-2018\/img_8371\/\" rel=\"attachment wp-att-307\"><img decoding=\"async\" class=\"alignnone size-medium wp-image-307\" src=\"https:\/\/sites.ffkarate.fr\/indre\/wp-content\/uploads\/sites\/60\/2018\/07\/IMG_8371-300x225.jpg\" alt=\"IMG_8371\" width=\"300\" height=\"225\" \/><\/a> <a href=\"https:\/\/sites.ffkarate.fr\/indre\/indrathlon-2018-30-juin-2018\/img_8352\/\" rel=\"attachment wp-att-306\"><img decoding=\"async\" class=\"alignnone size-medium wp-image-306\" src=\"https:\/\/sites.ffkarate.fr\/indre\/wp-content\/uploads\/sites\/60\/2018\/07\/IMG_8352-300x225.jpg\" alt=\"IMG_8352\" width=\"300\" height=\"225\" \/><\/a>[\/vc_column_text][\/vc_column][\/vc_row]<\/p>\n<\/div>","protected":false},"excerpt":{"rendered":"<p>[vc_row][vc_column][vc_column_text]Chaude ambiance pour la seconde session de l&rsquo;Indr&rsquo;athlon 2018\u00a0samedi 30 juin !!! Malgr\u00e9 la forte chaleur et le match de la France \u00e0 la coupe du Monde de football, pas moins de 42 \u00e9quipes (dont 2 issues de clubs de karat\u00e9) et plus de 160 candidats se sont pr\u00e9sent\u00e9s aux 10 ateliers parcours, dont celui [&hellip;]<\/p>\n","protected":false},"author":51,"featured_media":307,"parent":0,"menu_order":0,"comment_status":"closed","ping_status":"closed","template":"","meta":{"footnotes":""},"class_list":["post-304","page","type-page","status-publish","hentry"],"_links":{"self":[{"href":"https:\/\/sites.ffkarate.fr\/indre\/wp-json\/wp\/v2\/pages\/304","targetHints":{"allow":["GET"]}}],"collection":[{"href":"https:\/\/sites.ffkarate.fr\/indre\/wp-json\/wp\/v2\/pages"}],"about":[{"href":"https:\/\/sites.ffkarate.fr\/indre\/wp-json\/wp\/v2\/types\/page"}],"author":[{"embeddable":true,"href":"https:\/\/sites.ffkarate.fr\/indre\/wp-json\/wp\/v2\/users\/51"}],"replies":[{"embeddable":true,"href":"https:\/\/sites.ffkarate.fr\/indre\/wp-json\/wp\/v2\/comments?post=304"}],"version-history":[{"count":0,"href":"https:\/\/sites.ffkarate.fr\/indre\/wp-json\/wp\/v2\/pages\/304\/revisions"}],"wp:featuredmedia":[{"embeddable":true,"href":"https:\/\/sites.ffkarate.fr\/indre\/wp-json\/wp\/v2\/media\/307"}],"wp:attachment":[{"href":"https:\/\/sites.ffkarate.fr\/indre\/wp-json\/wp\/v2\/media?parent=304"}],"curies":[{"name":"wp","href":"https:\/\/api.w.org\/{rel}","templated":true}]}}