{"id":1347,"date":"2021-11-28T11:51:29","date_gmt":"2021-11-28T10:51:29","guid":{"rendered":"https:\/\/sites.ffkarate.fr\/indreetloire\/?page_id=1347"},"modified":"2021-11-28T11:51:29","modified_gmt":"2021-11-28T10:51:29","slug":"ass-socio-cult-courteline","status":"publish","type":"page","link":"https:\/\/sites.ffkarate.fr\/indreetloire\/clubs\/ass-socio-cult-courteline\/","title":{"rendered":"ASS SOCIO CULT COURTELINE"},"content":{"rendered":"<div class=\"wpb-content-wrapper\"><p>[vc_row][vc_column][vc_column_text]<\/p>\n<h2>Identit\u00e9 du club<\/h2>\n<p>&nbsp;<\/p>\n<table border=\"0\" cellspacing=\"1\" cellpadding=\"2\">\n<tbody>\n<tr>\n<td class=\"txt10\" bgcolor=\"#ffffff\"><b>Club<\/b><\/td>\n<td class=\"txt10\" bgcolor=\"#ffffff\"><b>0370634 ASS SOCIO CULT COURTELINE<\/b><\/td>\n<\/tr>\n<tr>\n<td class=\"txt10\" bgcolor=\"#ffffff\"><b>Dojo\u00a0<\/b><\/td>\n<td class=\"txt10\" bgcolor=\"#ffffff\">DOJO CHARLES BOUTARD &#8211; Annexe Charles Boutard<\/td>\n<\/tr>\n<tr>\n<td class=\"txt10\" bgcolor=\"#ffffff\"><b>Adresse<\/b><\/td>\n<td class=\"txt10\" bgcolor=\"#ffffff\"><span id=\"ongletEquipement_numero\">9<\/span>\u00a0<span id=\"ongletEquipement_typeVoie\">RUE<\/span>\u00a0<span id=\"ongletEquipement_nomVoie\">CHARLES BOUTARD<\/span><\/td>\n<\/tr>\n<tr>\n<td class=\"txt10\" bgcolor=\"#ffffff\"><b>\u00a0<\/b><\/td>\n<td class=\"txt10\" bgcolor=\"#ffffff\"><span id=\"ongletEquipement_codePostal\">37000<\/span>\u00a0<span id=\"ongletEquipement_ville\">TOURS<\/span><\/td>\n<\/tr>\n<tr>\n<td class=\"txt10\" bgcolor=\"#ffffff\"><b>Style de Karat\u00e9<\/b><\/td>\n<td class=\"txt10\" bgcolor=\"#ffffff\">Karat\u00e9 Uechi Ryu<\/td>\n<\/tr>\n<tr>\n<td class=\"txt10\" bgcolor=\"#ffffff\"><b>Site Web<\/b><\/td>\n<td class=\"txt10\" bgcolor=\"#ffffff\"><a href=\"http:\/\/www.courteline.fr\" target=\"_blank\" rel=\"noopener\">http:\/\/www.courteline.fr<\/a><\/td>\n<\/tr>\n<tr>\n<td class=\"txt10\" bgcolor=\"#ffffff\"><b>Facebook<\/b><\/td>\n<td class=\"txt10\" bgcolor=\"#ffffff\"><\/td>\n<\/tr>\n<\/tbody>\n<\/table>\n<h2>Correspondant<\/h2>\n<table border=\"0\" width=\"100%\" cellspacing=\"1\" cellpadding=\"2\">\n<tbody>\n<tr>\n<td class=\"txt10\" bgcolor=\"#ffffff\" width=\"90\"><b>Contact<\/b><\/td>\n<td class=\"txt10\" bgcolor=\"#ffffff\">Georges DUMAS<\/td>\n<\/tr>\n<tr>\n<td class=\"txt10\" bgcolor=\"#ffffff\" width=\"90\"><b>\u00a0<\/b><\/td>\n<td class=\"txt10\" bgcolor=\"#ffffff\"><span id=\"numero\">48<\/span>\u00a0<span id=\"typeVoie\">RUE<\/span>\u00a0<span id=\"nomVoie\">GEORGES COURTELINE<\/span><\/td>\n<\/tr>\n<tr>\n<td class=\"txt10\" bgcolor=\"#ffffff\" width=\"90\"><b>\u00a0<\/b><\/td>\n<td class=\"txt10\" bgcolor=\"#ffffff\"><span id=\"codePostal\">37000<\/span>\u00a0<span id=\"ville\">TOURS<\/span><\/td>\n<\/tr>\n<tr>\n<td class=\"txt10\" bgcolor=\"#ffffff\" width=\"90\"><b>T\u00e9l\u00e9phone<\/b><\/td>\n<td class=\"txt10\" bgcolor=\"#ffffff\">02 47 76 02 67<\/td>\n<\/tr>\n<tr>\n<td class=\"txt10\" bgcolor=\"#ffffff\" width=\"90\"><b>Email<\/b><\/td>\n<td class=\"txt10\" bgcolor=\"#ffffff\"><a href=\"mailto:culturel@courteline.fr\">culturel@courteline.fr<\/a><\/td>\n<\/tr>\n<tr>\n<td class=\"txt10\" bgcolor=\"#ffffff\" width=\"90\"><b>Email compl\u00e9mentaire<\/b><\/td>\n<td class=\"txt10\" bgcolor=\"#ffffff\"><\/td>\n<\/tr>\n<\/tbody>\n<\/table>\n<h2>Professeur<\/h2>\n<table border=\"0\" width=\"100%\" cellspacing=\"1\" cellpadding=\"2\">\n<tbody>\n<tr>\n<td class=\"txt10\" bgcolor=\"#ffffff\" width=\"90\"><b>Nom<\/b><\/td>\n<td class=\"txt10\" bgcolor=\"#ffffff\">Herv\u00e9 LESUEUR<\/td>\n<\/tr>\n<tr>\n<td class=\"txt10\" bgcolor=\"#ffffff\" width=\"90\"><b>Dipl\u00f4me<\/b><\/td>\n<td class=\"txt10\" bgcolor=\"#ffffff\">B.E.E.S 2<\/td>\n<\/tr>\n<tr>\n<td class=\"txt10\" bgcolor=\"#ffffff\" width=\"90\"><b>Grade<\/b><\/td>\n<td class=\"txt10\" bgcolor=\"#ffffff\">Ceinture Noire 6\u00e8me DAN<\/td>\n<\/tr>\n<tr>\n<td class=\"txt10\" bgcolor=\"#ffffff\" width=\"90\"><b>T\u00e9l\u00e9phone<\/b><\/td>\n<td class=\"txt10\" bgcolor=\"#ffffff\"><span id=\"mobile\">06 44 02 66 92<\/span><\/td>\n<\/tr>\n<tr>\n<td class=\"txt10\" bgcolor=\"#ffffff\" width=\"90\"><b>Email<\/b><\/td>\n<td class=\"txt10\" bgcolor=\"#ffffff\"><a href=\"mailto:culturel@courteline.fr\">culturel@courteline.fr<\/a><\/td>\n<\/tr>\n<\/tbody>\n<\/table>\n<p>[\/vc_column_text][\/vc_column][\/vc_row]<\/p>\n<\/div>","protected":false},"excerpt":{"rendered":"<p>[vc_row][vc_column][vc_column_text] Identit\u00e9 du club &nbsp; Club 0370634 ASS SOCIO CULT COURTELINE Dojo\u00a0 DOJO CHARLES BOUTARD &#8211; Annexe Charles Boutard Adresse 9\u00a0RUE\u00a0CHARLES BOUTARD \u00a0 37000\u00a0TOURS Style de Karat\u00e9 Karat\u00e9 Uechi Ryu Site Web http:\/\/www.courteline.fr Facebook Correspondant Contact Georges DUMAS \u00a0 48\u00a0RUE\u00a0GEORGES COURTELINE \u00a0 37000\u00a0TOURS T\u00e9l\u00e9phone 02 47 76 02 67 Email culturel@courteline.fr Email compl\u00e9mentaire Professeur Nom [&hellip;]<\/p>\n","protected":false},"author":96,"featured_media":0,"parent":386,"menu_order":0,"comment_status":"closed","ping_status":"closed","template":"","meta":{"footnotes":""},"class_list":["post-1347","page","type-page","status-publish","hentry"],"_links":{"self":[{"href":"https:\/\/sites.ffkarate.fr\/indreetloire\/wp-json\/wp\/v2\/pages\/1347","targetHints":{"allow":["GET"]}}],"collection":[{"href":"https:\/\/sites.ffkarate.fr\/indreetloire\/wp-json\/wp\/v2\/pages"}],"about":[{"href":"https:\/\/sites.ffkarate.fr\/indreetloire\/wp-json\/wp\/v2\/types\/page"}],"author":[{"embeddable":true,"href":"https:\/\/sites.ffkarate.fr\/indreetloire\/wp-json\/wp\/v2\/users\/96"}],"replies":[{"embeddable":true,"href":"https:\/\/sites.ffkarate.fr\/indreetloire\/wp-json\/wp\/v2\/comments?post=1347"}],"version-history":[{"count":1,"href":"https:\/\/sites.ffkarate.fr\/indreetloire\/wp-json\/wp\/v2\/pages\/1347\/revisions"}],"predecessor-version":[{"id":1348,"href":"https:\/\/sites.ffkarate.fr\/indreetloire\/wp-json\/wp\/v2\/pages\/1347\/revisions\/1348"}],"up":[{"embeddable":true,"href":"https:\/\/sites.ffkarate.fr\/indreetloire\/wp-json\/wp\/v2\/pages\/386"}],"wp:attachment":[{"href":"https:\/\/sites.ffkarate.fr\/indreetloire\/wp-json\/wp\/v2\/media?parent=1347"}],"curies":[{"name":"wp","href":"https:\/\/api.w.org\/{rel}","templated":true}]}}