{"id":1763,"date":"2023-11-20T16:21:18","date_gmt":"2023-11-20T15:21:18","guid":{"rendered":"https:\/\/sites.ffkarate.fr\/indreetloire\/?page_id=1763"},"modified":"2023-11-20T16:21:18","modified_gmt":"2023-11-20T15:21:18","slug":"useabkarate","status":"publish","type":"page","link":"https:\/\/sites.ffkarate.fr\/indreetloire\/clubs\/useabkarate\/","title":{"rendered":"UNION SPORTIVE ELECTRIQUE A B SECT KARATE"},"content":{"rendered":"<div class=\"wpb-content-wrapper\"><p>[vc_row][vc_column][vc_column_text]<\/p>\n<h2>Identit\u00e9 du club<\/h2>\n<p>&nbsp;<\/p>\n<table border=\"0\" cellspacing=\"1\" cellpadding=\"2\">\n<tbody>\n<tr>\n<td class=\"txt10\" bgcolor=\"#ffffff\"><b>Club<\/b><\/td>\n<td class=\"txt10\" bgcolor=\"#ffffff\"><b>0370650 UNION SPORTIVE ELECTRIQUE A B SECT KARATE<\/b><\/td>\n<\/tr>\n<tr>\n<td class=\"txt10\" bgcolor=\"#ffffff\"><b>Dojo<\/b><\/td>\n<td class=\"txt10\" bgcolor=\"#ffffff\">Dojo Principal Avoine<\/td>\n<\/tr>\n<tr>\n<td class=\"txt10\" bgcolor=\"#ffffff\"><b>Adresse<\/b><\/td>\n<td class=\"txt10\" bgcolor=\"#ffffff\"><\/td>\n<\/tr>\n<tr>\n<td class=\"txt10\" bgcolor=\"#ffffff\"><b>\u00a0<\/b><\/td>\n<td class=\"txt10\" bgcolor=\"#ffffff\">37420 AVOINE<\/td>\n<\/tr>\n<tr>\n<td class=\"txt10\" bgcolor=\"#ffffff\"><b>Style de Karat\u00e9<\/b><\/td>\n<td class=\"txt10\" bgcolor=\"#ffffff\">Karat\u00e9 Shotokan<\/td>\n<\/tr>\n<tr>\n<td class=\"txt10\" bgcolor=\"#ffffff\"><b>Site Web<\/b><\/td>\n<td class=\"txt10\" bgcolor=\"#ffffff\"><a href=\"https:\/\/www.facebook.com\/karateavoine\" target=\"_blank\" rel=\"noopener\">https:\/\/www.facebook.com\/karateavoine<\/a><\/td>\n<\/tr>\n<\/tbody>\n<\/table>\n<h2>Correspondant<\/h2>\n<table border=\"0\" width=\"100%\" cellspacing=\"1\" cellpadding=\"2\">\n<tbody>\n<tr>\n<td class=\"txt10\" bgcolor=\"#ffffff\" width=\"90\"><b>Contact<\/b><\/td>\n<td class=\"txt10\" bgcolor=\"#ffffff\">Bruno MAUGER<\/td>\n<\/tr>\n<tr>\n<td class=\"txt10\" bgcolor=\"#ffffff\" width=\"90\"><b>\u00a0<\/b><\/td>\n<td class=\"txt10\" bgcolor=\"#ffffff\"><\/td>\n<\/tr>\n<tr>\n<td class=\"txt10\" bgcolor=\"#ffffff\" width=\"90\"><b>\u00a0<\/b><\/td>\n<td class=\"txt10\" bgcolor=\"#ffffff\">37420 AVOINE<\/td>\n<\/tr>\n<tr>\n<td class=\"txt10\" bgcolor=\"#ffffff\" width=\"90\"><b>T\u00e9l\u00e9phone<\/b><\/td>\n<td class=\"txt10\" bgcolor=\"#ffffff\">06 45 55 77 36<\/td>\n<\/tr>\n<tr>\n<td class=\"txt10\" bgcolor=\"#ffffff\" width=\"90\"><b>Email<\/b><\/td>\n<td class=\"txt10\" bgcolor=\"#ffffff\">bruno.mauger@gmail.com<\/td>\n<\/tr>\n<tr>\n<td class=\"txt10\" bgcolor=\"#ffffff\" width=\"90\"><b>Email compl\u00e9mentaire<\/b><\/td>\n<td class=\"txt10\" bgcolor=\"#ffffff\"><\/td>\n<\/tr>\n<\/tbody>\n<\/table>\n<h2>Professeur<\/h2>\n<table border=\"0\" width=\"100%\" cellspacing=\"1\" cellpadding=\"2\">\n<tbody>\n<tr>\n<td class=\"txt10\" bgcolor=\"#ffffff\" width=\"90\"><b>Nom<\/b><\/td>\n<td class=\"txt10\" bgcolor=\"#ffffff\">Bruno MAUGER<\/td>\n<\/tr>\n<tr>\n<td class=\"txt10\" bgcolor=\"#ffffff\" width=\"90\"><b>Dipl\u00f4me<\/b><\/td>\n<td class=\"txt10\" bgcolor=\"#ffffff\">BPJEPS<\/td>\n<\/tr>\n<tr>\n<td class=\"txt10\" bgcolor=\"#ffffff\" width=\"90\"><b>Grade<\/b><\/td>\n<td class=\"txt10\" bgcolor=\"#ffffff\">Ceinture Noire 5\u00e8me DAN<\/td>\n<\/tr>\n<tr>\n<td class=\"txt10\" bgcolor=\"#ffffff\" width=\"90\"><b>T\u00e9l\u00e9phone<\/b><\/td>\n<td class=\"txt10\" bgcolor=\"#ffffff\">06 45 55 77 36<\/td>\n<\/tr>\n<tr>\n<td class=\"txt10\" bgcolor=\"#ffffff\" width=\"90\"><b>Email<\/b><\/td>\n<td class=\"txt10\" bgcolor=\"#ffffff\">bruno.mauger@gmail.com<\/td>\n<\/tr>\n<\/tbody>\n<\/table>\n<p>[\/vc_column_text][\/vc_column][\/vc_row]<\/p>\n<\/div>","protected":false},"excerpt":{"rendered":"<p>[vc_row][vc_column][vc_column_text] Identit\u00e9 du club &nbsp; Club 0370650 UNION SPORTIVE ELECTRIQUE A B SECT KARATE Dojo Dojo Principal Avoine Adresse \u00a0 37420 AVOINE Style de Karat\u00e9 Karat\u00e9 Shotokan Site Web https:\/\/www.facebook.com\/karateavoine Correspondant Contact Bruno MAUGER \u00a0 \u00a0 37420 AVOINE T\u00e9l\u00e9phone 06 45 55 77 36 Email bruno.mauger@gmail.com Email compl\u00e9mentaire Professeur Nom Bruno MAUGER Dipl\u00f4me BPJEPS Grade [&hellip;]<\/p>\n","protected":false},"author":96,"featured_media":0,"parent":386,"menu_order":0,"comment_status":"closed","ping_status":"closed","template":"","meta":{"footnotes":""},"class_list":["post-1763","page","type-page","status-publish","hentry"],"_links":{"self":[{"href":"https:\/\/sites.ffkarate.fr\/indreetloire\/wp-json\/wp\/v2\/pages\/1763","targetHints":{"allow":["GET"]}}],"collection":[{"href":"https:\/\/sites.ffkarate.fr\/indreetloire\/wp-json\/wp\/v2\/pages"}],"about":[{"href":"https:\/\/sites.ffkarate.fr\/indreetloire\/wp-json\/wp\/v2\/types\/page"}],"author":[{"embeddable":true,"href":"https:\/\/sites.ffkarate.fr\/indreetloire\/wp-json\/wp\/v2\/users\/96"}],"replies":[{"embeddable":true,"href":"https:\/\/sites.ffkarate.fr\/indreetloire\/wp-json\/wp\/v2\/comments?post=1763"}],"version-history":[{"count":2,"href":"https:\/\/sites.ffkarate.fr\/indreetloire\/wp-json\/wp\/v2\/pages\/1763\/revisions"}],"predecessor-version":[{"id":1765,"href":"https:\/\/sites.ffkarate.fr\/indreetloire\/wp-json\/wp\/v2\/pages\/1763\/revisions\/1765"}],"up":[{"embeddable":true,"href":"https:\/\/sites.ffkarate.fr\/indreetloire\/wp-json\/wp\/v2\/pages\/386"}],"wp:attachment":[{"href":"https:\/\/sites.ffkarate.fr\/indreetloire\/wp-json\/wp\/v2\/media?parent=1763"}],"curies":[{"name":"wp","href":"https:\/\/api.w.org\/{rel}","templated":true}]}}