{"id":366,"date":"2017-08-25T22:42:16","date_gmt":"2017-08-25T20:42:16","guid":{"rendered":"https:\/\/sites.ffkarate.fr\/indreetloire\/?page_id=366"},"modified":"2021-09-18T18:12:14","modified_gmt":"2021-09-18T16:12:14","slug":"calendrier-elite","status":"publish","type":"page","link":"https:\/\/sites.ffkarate.fr\/indreetloire\/formations-2\/calendrier-elite\/","title":{"rendered":"Calendrier Elite"},"content":{"rendered":"<div class=\"wpb-content-wrapper\"><p>[vc_row][vc_column][vc_column_text]<\/p>\n<h2>Entra\u00eenements d\u00e9partementaux Elite<\/h2>\n<p>Les entra\u00eenements d\u00e9partementaux Elite sont <strong>gratuits <\/strong> et ouverts \u00e0 tous les pratiquants du d\u00e9partement d\u00e9sirants pr\u00e9parer une comp\u00e9tition, un grade &#8230;<br \/>\nPour le Kumit\u00e9, les pratiquants doivent se munir au minimum de protections de poings et de pieds et d&rsquo;une bouteille d&rsquo;eau bien s\u00fbr !<\/p>\n<p>Les entra\u00eenements Kumit\u00e9 sont dirig\u00e9s par <a href=\"mailto:nicolas.pailot@hotmail.fr\"> Nicolas PAILOT <\/a> (06 72 94 58 98)<br \/>\n<img decoding=\"async\" class=\"alignnone wp-image-1253 size-full\" src=\"https:\/\/sites.ffkarate.fr\/indreetloire\/wp-content\/uploads\/sites\/61\/2021\/09\/EntrainementEliteKumite_Saison2021-2022.jpg\" alt=\"\" width=\"952\" height=\"801\" srcset=\"https:\/\/sites.ffkarate.fr\/indreetloire\/wp-content\/uploads\/sites\/61\/2021\/09\/EntrainementEliteKumite_Saison2021-2022.jpg 952w, https:\/\/sites.ffkarate.fr\/indreetloire\/wp-content\/uploads\/sites\/61\/2021\/09\/EntrainementEliteKumite_Saison2021-2022-300x252.jpg 300w, https:\/\/sites.ffkarate.fr\/indreetloire\/wp-content\/uploads\/sites\/61\/2021\/09\/EntrainementEliteKumite_Saison2021-2022-768x646.jpg 768w\" sizes=\"(max-width: 952px) 100vw, 952px\" \/>[\/vc_column_text][\/vc_column][\/vc_row]<\/p>\n<\/div>","protected":false},"excerpt":{"rendered":"<p>[vc_row][vc_column][vc_column_text] Entra\u00eenements d\u00e9partementaux Elite Les entra\u00eenements d\u00e9partementaux Elite sont gratuits et ouverts \u00e0 tous les pratiquants du d\u00e9partement d\u00e9sirants pr\u00e9parer une comp\u00e9tition, un grade &#8230; Pour le Kumit\u00e9, les pratiquants doivent se munir au minimum de protections de poings et de pieds et d&rsquo;une bouteille d&rsquo;eau bien s\u00fbr ! Les entra\u00eenements Kumit\u00e9 sont dirig\u00e9s par [&hellip;]<\/p>\n","protected":false},"author":96,"featured_media":0,"parent":56,"menu_order":0,"comment_status":"closed","ping_status":"closed","template":"","meta":{"footnotes":""},"class_list":["post-366","page","type-page","status-publish","hentry"],"_links":{"self":[{"href":"https:\/\/sites.ffkarate.fr\/indreetloire\/wp-json\/wp\/v2\/pages\/366","targetHints":{"allow":["GET"]}}],"collection":[{"href":"https:\/\/sites.ffkarate.fr\/indreetloire\/wp-json\/wp\/v2\/pages"}],"about":[{"href":"https:\/\/sites.ffkarate.fr\/indreetloire\/wp-json\/wp\/v2\/types\/page"}],"author":[{"embeddable":true,"href":"https:\/\/sites.ffkarate.fr\/indreetloire\/wp-json\/wp\/v2\/users\/96"}],"replies":[{"embeddable":true,"href":"https:\/\/sites.ffkarate.fr\/indreetloire\/wp-json\/wp\/v2\/comments?post=366"}],"version-history":[{"count":1,"href":"https:\/\/sites.ffkarate.fr\/indreetloire\/wp-json\/wp\/v2\/pages\/366\/revisions"}],"predecessor-version":[{"id":1256,"href":"https:\/\/sites.ffkarate.fr\/indreetloire\/wp-json\/wp\/v2\/pages\/366\/revisions\/1256"}],"up":[{"embeddable":true,"href":"https:\/\/sites.ffkarate.fr\/indreetloire\/wp-json\/wp\/v2\/pages\/56"}],"wp:attachment":[{"href":"https:\/\/sites.ffkarate.fr\/indreetloire\/wp-json\/wp\/v2\/media?parent=366"}],"curies":[{"name":"wp","href":"https:\/\/api.w.org\/{rel}","templated":true}]}}