{"id":502,"date":"2017-10-05T22:01:42","date_gmt":"2017-10-05T20:01:42","guid":{"rendered":"https:\/\/sites.ffkarate.fr\/indreetloire\/?page_id=502"},"modified":"2022-05-28T11:42:32","modified_gmt":"2022-05-28T09:42:32","slug":"karate-club-cinq-marsien","status":"publish","type":"page","link":"https:\/\/sites.ffkarate.fr\/indreetloire\/clubs\/karate-club-cinq-marsien\/","title":{"rendered":"KARATE CLUB CINQ MARSIEN"},"content":{"rendered":"<div class=\"wpb-content-wrapper\"><p>[vc_row][vc_column][vc_column_text]<\/p>\n<h2>Identit\u00e9 du club<\/h2>\n<p><img decoding=\"async\" class=\"alignnone wp-image-510\" src=\"https:\/\/sites.ffkarate.fr\/indreetloire\/wp-content\/uploads\/sites\/61\/2017\/10\/logoK2CM.jpg\" alt=\"logoK2CM\" width=\"180\" height=\"180\" srcset=\"https:\/\/sites.ffkarate.fr\/indreetloire\/wp-content\/uploads\/sites\/61\/2017\/10\/logoK2CM.jpg 500w, https:\/\/sites.ffkarate.fr\/indreetloire\/wp-content\/uploads\/sites\/61\/2017\/10\/logoK2CM-176x176.jpg 176w\" sizes=\"(max-width: 180px) 100vw, 180px\" \/><\/p>\n<table border=\"0\" cellspacing=\"1\" cellpadding=\"2\">\n<tbody>\n<tr>\n<td class=\"txt10\" bgcolor=\"#ffffff\"><b>Club<\/b><\/td>\n<td class=\"txt10\" bgcolor=\"#ffffff\"><b>0370619\u00a0K2CM &#8211; Karat\u00e9 Club Cinq-Marsien<\/b><\/td>\n<\/tr>\n<tr>\n<td class=\"txt10\" bgcolor=\"#ffffff\"><b>Dojo<\/b><\/td>\n<td class=\"txt10\" bgcolor=\"#ffffff\">Gymnase Cinq-Mars-La-Pile<\/td>\n<\/tr>\n<tr>\n<td class=\"txt10\" bgcolor=\"#ffffff\"><b>Adresse<\/b><\/td>\n<td class=\"txt10\" bgcolor=\"#ffffff\"><\/td>\n<\/tr>\n<tr>\n<td class=\"txt10\" bgcolor=\"#ffffff\"><b>\u00a0<\/b><\/td>\n<td class=\"txt10\" bgcolor=\"#ffffff\">37130\u00a0CINQ-MARS-LA-PILE<\/td>\n<\/tr>\n<tr>\n<td class=\"txt10\" bgcolor=\"#ffffff\"><b>Style de Karat\u00e9<\/b><\/td>\n<td class=\"txt10\" bgcolor=\"#ffffff\">Karat\u00e9 Shotokan<\/td>\n<\/tr>\n<tr>\n<td class=\"txt10\" bgcolor=\"#ffffff\"><b>Site Web<\/b><\/td>\n<td class=\"txt10\" bgcolor=\"#ffffff\"><a href=\"http:\/\/www.k2cm.fr\" target=\"_blank\" rel=\"noopener\">http:\/\/www.k2cm.fr<\/a><\/td>\n<\/tr>\n<\/tbody>\n<\/table>\n<h2>Correspondant<\/h2>\n<table border=\"0\" width=\"100%\" cellspacing=\"1\" cellpadding=\"2\">\n<tbody>\n<tr>\n<td class=\"txt10\" bgcolor=\"#ffffff\" width=\"90\"><b>Contact<\/b><\/td>\n<td class=\"txt10\" bgcolor=\"#ffffff\">S\u00e9bastien\u00a0FOURASTE<\/td>\n<\/tr>\n<tr>\n<td class=\"txt10\" bgcolor=\"#ffffff\" width=\"90\"><b>\u00a0<\/b><\/td>\n<td class=\"txt10\" bgcolor=\"#ffffff\">40\u00a0impasse des Lilas<\/td>\n<\/tr>\n<tr>\n<td class=\"txt10\" bgcolor=\"#ffffff\" width=\"90\"><b>\u00a0<\/b><\/td>\n<td class=\"txt10\" bgcolor=\"#ffffff\">37130\u00a0CINQ-MARS-LA-PILE<\/td>\n<\/tr>\n<tr>\n<td class=\"txt10\" bgcolor=\"#ffffff\" width=\"90\"><b>T\u00e9l\u00e9phone<\/b><\/td>\n<td class=\"txt10\" bgcolor=\"#ffffff\">06 62 54 14 89<\/td>\n<\/tr>\n<tr>\n<td class=\"txt10\" bgcolor=\"#ffffff\" width=\"90\"><b>Email<\/b><\/td>\n<td class=\"txt10\" bgcolor=\"#ffffff\">sebastienfouraste@free.fr<\/td>\n<\/tr>\n<tr>\n<td class=\"txt10\" bgcolor=\"#ffffff\" width=\"90\"><b>Email compl\u00e9mentaire<\/b><\/td>\n<td class=\"txt10\" bgcolor=\"#ffffff\">k2cm@outlook.fr<\/td>\n<\/tr>\n<\/tbody>\n<\/table>\n<h2>Professeur<\/h2>\n<table border=\"0\" width=\"100%\" cellspacing=\"1\" cellpadding=\"2\">\n<tbody>\n<tr>\n<td class=\"txt10\" bgcolor=\"#ffffff\" width=\"90\"><b>Nom<\/b><\/td>\n<td class=\"txt10\" bgcolor=\"#ffffff\">S\u00e9bastien FOURASTE<\/td>\n<\/tr>\n<tr>\n<td class=\"txt10\" bgcolor=\"#ffffff\" width=\"90\"><b>Dipl\u00f4me<\/b><\/td>\n<td class=\"txt10\" bgcolor=\"#ffffff\">D.I.F<\/td>\n<\/tr>\n<tr>\n<td class=\"txt10\" bgcolor=\"#ffffff\" width=\"90\"><b>Grade<\/b><\/td>\n<td class=\"txt10\" bgcolor=\"#ffffff\">Ceinture Noire 2\u00e8me DAN<\/td>\n<\/tr>\n<tr>\n<td class=\"txt10\" bgcolor=\"#ffffff\" width=\"90\"><b>T\u00e9l\u00e9phone<\/b><\/td>\n<td class=\"txt10\" bgcolor=\"#ffffff\">06 62 54 14 89<\/td>\n<\/tr>\n<tr>\n<td class=\"txt10\" bgcolor=\"#ffffff\" width=\"90\"><b>Email<\/b><\/td>\n<td class=\"txt10\" bgcolor=\"#ffffff\">sebastienfouraste@free.fr<\/td>\n<\/tr>\n<\/tbody>\n<\/table>\n<p>[\/vc_column_text][\/vc_column][\/vc_row]<\/p>\n<\/div>","protected":false},"excerpt":{"rendered":"<p>[vc_row][vc_column][vc_column_text] Identit\u00e9 du club Club 0370619\u00a0K2CM &#8211; Karat\u00e9 Club Cinq-Marsien Dojo Gymnase Cinq-Mars-La-Pile Adresse \u00a0 37130\u00a0CINQ-MARS-LA-PILE Style de Karat\u00e9 Karat\u00e9 Shotokan Site Web http:\/\/www.k2cm.fr Correspondant Contact S\u00e9bastien\u00a0FOURASTE \u00a0 40\u00a0impasse des Lilas \u00a0 37130\u00a0CINQ-MARS-LA-PILE T\u00e9l\u00e9phone 06 62 54 14 89 Email sebastienfouraste@free.fr Email compl\u00e9mentaire k2cm@outlook.fr Professeur Nom S\u00e9bastien FOURASTE Dipl\u00f4me D.I.F Grade Ceinture Noire 2\u00e8me DAN [&hellip;]<\/p>\n","protected":false},"author":96,"featured_media":0,"parent":386,"menu_order":0,"comment_status":"closed","ping_status":"closed","template":"","meta":{"footnotes":""},"class_list":["post-502","page","type-page","status-publish","hentry"],"_links":{"self":[{"href":"https:\/\/sites.ffkarate.fr\/indreetloire\/wp-json\/wp\/v2\/pages\/502","targetHints":{"allow":["GET"]}}],"collection":[{"href":"https:\/\/sites.ffkarate.fr\/indreetloire\/wp-json\/wp\/v2\/pages"}],"about":[{"href":"https:\/\/sites.ffkarate.fr\/indreetloire\/wp-json\/wp\/v2\/types\/page"}],"author":[{"embeddable":true,"href":"https:\/\/sites.ffkarate.fr\/indreetloire\/wp-json\/wp\/v2\/users\/96"}],"replies":[{"embeddable":true,"href":"https:\/\/sites.ffkarate.fr\/indreetloire\/wp-json\/wp\/v2\/comments?post=502"}],"version-history":[{"count":2,"href":"https:\/\/sites.ffkarate.fr\/indreetloire\/wp-json\/wp\/v2\/pages\/502\/revisions"}],"predecessor-version":[{"id":1428,"href":"https:\/\/sites.ffkarate.fr\/indreetloire\/wp-json\/wp\/v2\/pages\/502\/revisions\/1428"}],"up":[{"embeddable":true,"href":"https:\/\/sites.ffkarate.fr\/indreetloire\/wp-json\/wp\/v2\/pages\/386"}],"wp:attachment":[{"href":"https:\/\/sites.ffkarate.fr\/indreetloire\/wp-json\/wp\/v2\/media?parent=502"}],"curies":[{"name":"wp","href":"https:\/\/api.w.org\/{rel}","templated":true}]}}