{"id":2299,"date":"2015-01-08T11:32:45","date_gmt":"2015-01-08T11:32:45","guid":{"rendered":"https:\/\/sites.ffkarate.fr\/testclone\/?page_id=55"},"modified":"2015-01-08T11:32:45","modified_gmt":"2015-01-08T11:32:45","slug":"commissions-techniques","status":"publish","type":"page","link":"https:\/\/sites.ffkarate.fr\/isere\/commissions-techniques\/","title":{"rendered":"Commission technique"},"content":{"rendered":"<div class=\"wpb-content-wrapper\"><p>[vc_row][vc_column][vc_column_text]<\/p>\n<h3>Directeur Technique D\u00e9partemental<\/h3>\n<p>&nbsp;<\/p>\n<p>Le Comit\u00e9 D\u00e9partemental de Karat\u00e9 de l\u2019Is\u00e8re a le plaisir de vous annoncer la nomination de <strong>Monsieur \u00a0Cuenca Lucien\u00a0\u00a0<\/strong> \u00e0 la fonction de<strong> D<\/strong><strong>irecteur <\/strong><strong>T<\/strong><strong>echnique du <\/strong><strong>D<\/strong><strong>\u00e9partement de l\u2019<\/strong><strong>I<\/strong><strong>s\u00e8re.<\/strong><\/p>\n<p>Son profil, son exp\u00e9rience et son savoir-faire correspondent aux besoins du Comit\u00e9 D\u00e9partemental de Karat\u00e9 de l\u2019Is\u00e8re afin d\u2019assurer sa mission pendant l&rsquo;olympiade 2020-2024.<\/p>\n<p><a href=\"mailto:dtd@karateisere.fr\" target=\"_blank\" rel=\"noopener\">dtd@karateisere.fr<\/a><\/p>\n<p>&nbsp;[\/vc_column_text][\/vc_column][\/vc_row]<\/p>\n<\/div>","protected":false},"excerpt":{"rendered":"<p>[vc_row][vc_column][vc_column_text] Directeur Technique D\u00e9partemental &nbsp; Le Comit\u00e9 D\u00e9partemental de Karat\u00e9 de l\u2019Is\u00e8re a le plaisir de vous annoncer la nomination de Monsieur \u00a0Cuenca Lucien\u00a0\u00a0 \u00e0 la fonction de Directeur Technique du D\u00e9partement de l\u2019Is\u00e8re. Son profil, son exp\u00e9rience et son savoir-faire correspondent aux besoins du Comit\u00e9 D\u00e9partemental de Karat\u00e9 de l\u2019Is\u00e8re afin d\u2019assurer sa mission [&hellip;]<\/p>\n","protected":false},"author":20,"featured_media":0,"parent":0,"menu_order":0,"comment_status":"closed","ping_status":"open","template":"","meta":{"footnotes":""},"class_list":["post-2299","page","type-page","status-publish","hentry"],"_links":{"self":[{"href":"https:\/\/sites.ffkarate.fr\/isere\/wp-json\/wp\/v2\/pages\/2299","targetHints":{"allow":["GET"]}}],"collection":[{"href":"https:\/\/sites.ffkarate.fr\/isere\/wp-json\/wp\/v2\/pages"}],"about":[{"href":"https:\/\/sites.ffkarate.fr\/isere\/wp-json\/wp\/v2\/types\/page"}],"author":[{"embeddable":true,"href":"https:\/\/sites.ffkarate.fr\/isere\/wp-json\/wp\/v2\/users\/20"}],"replies":[{"embeddable":true,"href":"https:\/\/sites.ffkarate.fr\/isere\/wp-json\/wp\/v2\/comments?post=2299"}],"version-history":[{"count":0,"href":"https:\/\/sites.ffkarate.fr\/isere\/wp-json\/wp\/v2\/pages\/2299\/revisions"}],"wp:attachment":[{"href":"https:\/\/sites.ffkarate.fr\/isere\/wp-json\/wp\/v2\/media?parent=2299"}],"curies":[{"name":"wp","href":"https:\/\/api.w.org\/{rel}","templated":true}]}}