{"id":2301,"date":"2015-01-08T11:33:29","date_gmt":"2015-01-08T11:33:29","guid":{"rendered":"https:\/\/sites.ffkarate.fr\/testclone\/?page_id=59"},"modified":"2026-03-15T23:32:18","modified_gmt":"2026-03-15T22:32:18","slug":"stages-2","status":"publish","type":"page","link":"https:\/\/sites.ffkarate.fr\/isere\/stages-2\/","title":{"rendered":"Stages officiels"},"content":{"rendered":"<div class=\"wpb-content-wrapper\"><p>[vc_row][vc_column][vc_column_text]<strong>Stage de karat\u00e9 shotokai anim\u00e9 par Damien BERT (6\u00e8me dan)<\/strong><\/p>\n<p>Dimanche 26 avril 2026<\/p>\n<p>VOIRON (38), P\u00f4le de Vouise, avenue du 8 mai 1945<\/p>\n<p><img decoding=\"async\" class=\"alignnone wp-image-4095\" src=\"https:\/\/sites.ffkarate.fr\/isere\/wp-content\/uploads\/sites\/62\/2025\/07\/Voiron-Stage-de-decouverte-et-dapprofondissement-du-Shotokai-26-avril-2026-300x300.jpg\" alt=\"\" width=\"688\" height=\"688\" srcset=\"https:\/\/sites.ffkarate.fr\/isere\/wp-content\/uploads\/sites\/62\/2025\/07\/Voiron-Stage-de-decouverte-et-dapprofondissement-du-Shotokai-26-avril-2026-300x300.jpg 300w, https:\/\/sites.ffkarate.fr\/isere\/wp-content\/uploads\/sites\/62\/2025\/07\/Voiron-Stage-de-decouverte-et-dapprofondissement-du-Shotokai-26-avril-2026-176x176.jpg 176w, https:\/\/sites.ffkarate.fr\/isere\/wp-content\/uploads\/sites\/62\/2025\/07\/Voiron-Stage-de-decouverte-et-dapprofondissement-du-Shotokai-26-avril-2026-150x150.jpg 150w, https:\/\/sites.ffkarate.fr\/isere\/wp-content\/uploads\/sites\/62\/2025\/07\/Voiron-Stage-de-decouverte-et-dapprofondissement-du-Shotokai-26-avril-2026.jpg 768w\" sizes=\"(max-width: 688px) 100vw, 688px\" \/><\/p>\n<p>&nbsp;<\/p>\n<p><strong>Stage de karat\u00e9 anim\u00e9 par Aaron TERRITORIO (5\u00e8me dan)<\/strong><\/p>\n<p>Dimanche 1er f\u00e9vrier 2026<\/p>\n<p>VOIRON (38), P\u00f4le de Vouise, avenue du 8 mai 1945<\/p>\n<p><img decoding=\"async\" class=\"alignnone wp-image-4056\" src=\"https:\/\/sites.ffkarate.fr\/isere\/wp-content\/uploads\/sites\/62\/2025\/07\/Stage-Territorio-2026-02-01-212x300.jpg\" alt=\"\" width=\"685\" height=\"969\" srcset=\"https:\/\/sites.ffkarate.fr\/isere\/wp-content\/uploads\/sites\/62\/2025\/07\/Stage-Territorio-2026-02-01-212x300.jpg 212w, https:\/\/sites.ffkarate.fr\/isere\/wp-content\/uploads\/sites\/62\/2025\/07\/Stage-Territorio-2026-02-01-724x1024.jpg 724w, https:\/\/sites.ffkarate.fr\/isere\/wp-content\/uploads\/sites\/62\/2025\/07\/Stage-Territorio-2026-02-01-768x1086.jpg 768w, https:\/\/sites.ffkarate.fr\/isere\/wp-content\/uploads\/sites\/62\/2025\/07\/Stage-Territorio-2026-02-01-1086x1536.jpg 1086w, https:\/\/sites.ffkarate.fr\/isere\/wp-content\/uploads\/sites\/62\/2025\/07\/Stage-Territorio-2026-02-01-1448x2048.jpg 1448w, https:\/\/sites.ffkarate.fr\/isere\/wp-content\/uploads\/sites\/62\/2025\/07\/Stage-Territorio-2026-02-01-scaled.jpg 1810w\" sizes=\"(max-width: 685px) 100vw, 685px\" \/><\/p>\n<p>&nbsp;<\/p>\n<p><strong>Stage de karat\u00e9 sp\u00e9cial grades (du 1er au 4\u00e8me dan) anim\u00e9 par Daniel SOUSSAN (8\u00e8me dan)<\/strong><\/p>\n<p>Dimanche 18 janvier 2026<\/p>\n<p>VOIRON (38), P\u00f4le de Vouise, avenue du 8 mai 1945<\/p>\n<p><img decoding=\"async\" class=\"alignnone wp-image-4047\" src=\"https:\/\/sites.ffkarate.fr\/isere\/wp-content\/uploads\/sites\/62\/2025\/07\/Stage-technique-Daniel-Soussan-2026-01-18-245x300.png\" alt=\"\" width=\"688\" height=\"843\" srcset=\"https:\/\/sites.ffkarate.fr\/isere\/wp-content\/uploads\/sites\/62\/2025\/07\/Stage-technique-Daniel-Soussan-2026-01-18-245x300.png 245w, https:\/\/sites.ffkarate.fr\/isere\/wp-content\/uploads\/sites\/62\/2025\/07\/Stage-technique-Daniel-Soussan-2026-01-18.png 368w\" sizes=\"(max-width: 688px) 100vw, 688px\" \/><\/p>\n<p>&nbsp;<\/p>\n<p><strong>Stage de karat\u00e9 anim\u00e9 par Daniel SOUSSAN (8\u00e8me dan)<\/strong><\/p>\n<p>Dimanche 30 novembre 2025<\/p>\n<p>VOIRON (38), P\u00f4le de Vouise, avenue du 8 mai 1945<\/p>\n<p><img decoding=\"async\" class=\"alignnone wp-image-4040\" src=\"https:\/\/sites.ffkarate.fr\/isere\/wp-content\/uploads\/sites\/62\/2025\/07\/Stage-technique-Daniel-Soussan-a-Voiron-30-11-2025-212x300.jpg\" alt=\"\" width=\"664\" height=\"940\" srcset=\"https:\/\/sites.ffkarate.fr\/isere\/wp-content\/uploads\/sites\/62\/2025\/07\/Stage-technique-Daniel-Soussan-a-Voiron-30-11-2025-212x300.jpg 212w, https:\/\/sites.ffkarate.fr\/isere\/wp-content\/uploads\/sites\/62\/2025\/07\/Stage-technique-Daniel-Soussan-a-Voiron-30-11-2025-724x1024.jpg 724w, https:\/\/sites.ffkarate.fr\/isere\/wp-content\/uploads\/sites\/62\/2025\/07\/Stage-technique-Daniel-Soussan-a-Voiron-30-11-2025-768x1087.jpg 768w, https:\/\/sites.ffkarate.fr\/isere\/wp-content\/uploads\/sites\/62\/2025\/07\/Stage-technique-Daniel-Soussan-a-Voiron-30-11-2025-1085x1536.jpg 1085w, https:\/\/sites.ffkarate.fr\/isere\/wp-content\/uploads\/sites\/62\/2025\/07\/Stage-technique-Daniel-Soussan-a-Voiron-30-11-2025.jpg 1447w\" sizes=\"(max-width: 664px) 100vw, 664px\" \/>[\/vc_column_text][\/vc_column][\/vc_row]<\/p>\n<\/div>","protected":false},"excerpt":{"rendered":"<p>[vc_row][vc_column][vc_column_text]Stage de karat\u00e9 shotokai anim\u00e9 par Damien BERT (6\u00e8me dan) Dimanche 26 avril 2026 VOIRON (38), P\u00f4le de Vouise, avenue du 8 mai 1945 &nbsp; Stage de karat\u00e9 anim\u00e9 par Aaron TERRITORIO (5\u00e8me dan) Dimanche 1er f\u00e9vrier 2026 VOIRON (38), P\u00f4le de Vouise, avenue du 8 mai 1945 &nbsp; Stage de karat\u00e9 sp\u00e9cial grades (du [&hellip;]<\/p>\n","protected":false},"author":20,"featured_media":0,"parent":0,"menu_order":0,"comment_status":"closed","ping_status":"closed","template":"","meta":{"footnotes":""},"class_list":["post-2301","page","type-page","status-publish","hentry"],"_links":{"self":[{"href":"https:\/\/sites.ffkarate.fr\/isere\/wp-json\/wp\/v2\/pages\/2301","targetHints":{"allow":["GET"]}}],"collection":[{"href":"https:\/\/sites.ffkarate.fr\/isere\/wp-json\/wp\/v2\/pages"}],"about":[{"href":"https:\/\/sites.ffkarate.fr\/isere\/wp-json\/wp\/v2\/types\/page"}],"author":[{"embeddable":true,"href":"https:\/\/sites.ffkarate.fr\/isere\/wp-json\/wp\/v2\/users\/20"}],"replies":[{"embeddable":true,"href":"https:\/\/sites.ffkarate.fr\/isere\/wp-json\/wp\/v2\/comments?post=2301"}],"version-history":[{"count":15,"href":"https:\/\/sites.ffkarate.fr\/isere\/wp-json\/wp\/v2\/pages\/2301\/revisions"}],"predecessor-version":[{"id":4096,"href":"https:\/\/sites.ffkarate.fr\/isere\/wp-json\/wp\/v2\/pages\/2301\/revisions\/4096"}],"wp:attachment":[{"href":"https:\/\/sites.ffkarate.fr\/isere\/wp-json\/wp\/v2\/media?parent=2301"}],"curies":[{"name":"wp","href":"https:\/\/api.w.org\/{rel}","templated":true}]}}