{"id":31,"date":"2021-05-07T15:58:18","date_gmt":"2021-05-07T13:58:18","guid":{"rendered":"https:\/\/sites.ffkarate.fr\/isere\/?page_id=31"},"modified":"2026-01-20T22:25:49","modified_gmt":"2026-01-20T21:25:49","slug":"competitions","status":"publish","type":"page","link":"https:\/\/sites.ffkarate.fr\/isere\/competitions\/","title":{"rendered":"Comp\u00e9titions"},"content":{"rendered":"<div class=\"wpb-content-wrapper\"><p>[vc_row gap=\u00a0\u00bb15&Prime;][vc_column][vc_column_text]Toutes les inscriptions se font en ligne :[\/vc_column_text][ffk_button color=\u00a0\u00bbprimary\u00a0\u00bb size=\u00a0\u00bbbig\u00a0\u00bb link=\u00a0\u00bburl:http%3A%2F%2Fwww.ffkcompetition.fr%2F|title:Inscriptions%20en%20ligne|target:_blank\u00a0\u00bb][vc_column_text]<\/p>\n<h3>Le calendrier<\/h3>\n<p>Le calendrier est mis \u00e0 jour r\u00e9guli\u00e8rement. <strong>La version publi\u00e9e sur Internet prime sur le calendrier papier.<\/strong>[\/vc_column_text][ffk_button size=\u00a0\u00bbsmall\u00a0\u00bb link=\u00a0\u00bburl:https%3A%2F%2Fsites.ffkarate.fr%2Fisere%2Fcalendrier%2F|title:Pour%20le%20consulter%2C%20cliquez%20ici|target:_blank\u00a0\u00bb][vc_column_text]<a href=\"https:\/\/sites.ffkarate.fr\/isere\/wp-content\/uploads\/sites\/62\/2023\/10\/Reglement-competitions-2023-2024.pdf\">Reglement-competitions-2023-2024<\/a><\/p>\n<p><a href=\"https:\/\/sites.ffkarate.fr\/isere\/wp-content\/uploads\/sites\/62\/2023\/10\/Tableaux-des-categories-dages-et-de-poids-2023-2024.pdf\">Tableaux des cat\u00e9gories d&rsquo;ages et de poids 2023-2024<\/a><\/p>\n<p><a href=\"https:\/\/sites.ffkarate.fr\/isere\/wp-content\/uploads\/sites\/62\/2023\/10\/Reglement-coaching-2023-2024.pdf\">Reglement-coaching-2023-2024<\/a><\/p>\n<p><a href=\"https:\/\/sites.ffkarate.fr\/isere\/wp-content\/uploads\/sites\/62\/2025\/11\/Autorisation_Parentale_2025-2026.pdf\">Autorisation_Parentale_2025-2026<\/a><\/p>\n<p><a href=\"https:\/\/sites.ffkarate.fr\/isere\/wp-content\/uploads\/sites\/62\/2025\/07\/DTD-Info-Carte-Coach-2025-2026.pdf\">DTD Info Carte Coach 2025-2026<\/a><\/p>\n<p><a href=\"https:\/\/sites.ffkarate.fr\/isere\/wp-content\/uploads\/sites\/62\/2025\/07\/Dimanche-23-Novembre-2025-Complement-dinformations-DTD-V2.pdf\">Dimanche-23-Novembre-2025-Complement-dinformations-DTD-V2<\/a><\/p>\n<p><a href=\"https:\/\/sites.ffkarate.fr\/isere\/wp-content\/uploads\/sites\/62\/2025\/11\/Dimanche-9-Novembre-2025-Complement-dinformations-DTD-V2.pdf\">Dimanche-9-Novembre-2025-Complement-dinformations-DTD-V2<\/a><\/p>\n<p>&nbsp;<\/p>\n<div>Pour les qualifi\u00e9(e)s aux comp\u00e9titions r\u00e9gionales (Ligue AURA) les clubs doivent valider les comp\u00e9titeurs qui participeront \u00e0 ces comp\u00e9titions dans le logiciel Comp\u00e9titions de la FFK.<\/div>\n<div>Les dates limites de validation sont les suivantes :<\/div>\n<div><b>Championnat Kata MCJS du 31\/01\/2026 : le 25\/01\/2026<\/b><\/div>\n<div><b>Coupe Kata Pupilles Benjamins du 21\/02\/2026 : le 15\/02\/2026<\/b><\/div>\n<div><b>Coupe Kumite\u00a0 Pupilles Benjamins du 21\/02\/2026 : le 15\/02\/2026<\/b><\/div>\n<div><b>Championnat Kumite MCJS du 22\/02\/2026 : le 15\/02\/2026<\/b><\/div>\n<p>&nbsp;<\/p>\n<p><a href=\"https:\/\/sites.ffkarate.fr\/isere\/wp-content\/uploads\/sites\/62\/2026\/01\/RESULTATS-CHAMPIONNAT-KATA-MCJS-23-NOVEMBRE-2025-V2.pdf\">RESULTATS CHAMPIONNAT KATA MCJS 23 NOVEMBRE 2025 V2<\/a><\/p>\n<p><a href=\"https:\/\/sites.ffkarate.fr\/isere\/wp-content\/uploads\/sites\/62\/2026\/01\/RESULTATS-COUPE-KATA-PUPILLES-BENJAMINS-23-novembre-2025.pdf\">RESULTATS COUPE KATA PUPILLES BENJAMINS 23 novembre 2025<\/a><\/p>\n<p><a href=\"https:\/\/sites.ffkarate.fr\/isere\/wp-content\/uploads\/sites\/62\/2026\/01\/RESULTATS-COUPE-KUMITE-PUPILLES-BENJAMINS-9-novembre-2025.pdf\">RESULTATS COUPE KUMITE PUPILLES BENJAMINS 9 novembre 2025<\/a><\/p>\n<p><a href=\"https:\/\/sites.ffkarate.fr\/isere\/wp-content\/uploads\/sites\/62\/2026\/01\/RESULTATS-COUPE-KUMITE-MCJS-9-novembre-2025.pdf\">RESULTATS COUPE KUMITE MCJS 9 novembre 2025<\/a>[\/vc_column_text][vc_column_text][\/vc_column_text][vc_column_text]<\/p>\n<h5>Demandes de passeports<\/h5>\n<p>Les passeports sont vendus par les comit\u00e9s d\u00e9partementaux au prix de 25\u20ac, tarif unique qui s\u2019applique aux adultes et aux enfants (la f\u00e9d\u00e9ration ne d\u00e9livre plus de passeports enfants).<\/p>\n<p>Vous devez adresser votre commande au moyen du formulaire ci-dessous, avec un ch\u00e8que correspondant \u00e0 25 \u20ac X nombre de passeports, plus les frais de port.[\/vc_column_text][ffk_button color=\u00a0\u00bbprimary\u00a0\u00bb size=\u00a0\u00bbbig\u00a0\u00bb link=\u00a0\u00bburl:https%3A%2F%2Fsites.ffkarate.fr%2Fisere%2Fwp-content%2Fuploads%2Fsites%2F62%2F2024%2F11%2FCDKI_PASSEPORTS_BON_DE_COMMANDE_2024-2025.pdf|title:Fiche%20commande%20passeports|target:_blank\u00a0\u00bb][\/vc_column][\/vc_row][vc_row][vc_column][ffk_buttons buttons=\u00a0\u00bb%5B%7B%22link%22%3A%22url%3Ahttps%253A%252F%252Fsites.ffkarate.fr%252Fisere%252Fwp-content%252Fuploads%252Fsites%252F62%252F2021%252F01%252FCDKI_classement-final-_E-COUPE-2020_.pdf%7Ctitle%3AClassement%2520final%2520_E-Coupe%25202020%7Ctarget%3A_blank%22%7D%5D\u00a0\u00bb][\/vc_column][\/vc_row][vc_row][vc_column][\/vc_column][\/vc_row]<\/p>\n<\/div>","protected":false},"excerpt":{"rendered":"<p>L\u2019inscription de vos licenci\u00e9s aux Comp\u00e9titions D\u00e9partementales est soumise \u00e0 un droit d\u2019inscription.<\/p>\n","protected":false},"author":1,"featured_media":0,"parent":0,"menu_order":0,"comment_status":"closed","ping_status":"closed","template":"","meta":{"footnotes":""},"class_list":["post-31","page","type-page","status-publish","hentry"],"_links":{"self":[{"href":"https:\/\/sites.ffkarate.fr\/isere\/wp-json\/wp\/v2\/pages\/31","targetHints":{"allow":["GET"]}}],"collection":[{"href":"https:\/\/sites.ffkarate.fr\/isere\/wp-json\/wp\/v2\/pages"}],"about":[{"href":"https:\/\/sites.ffkarate.fr\/isere\/wp-json\/wp\/v2\/types\/page"}],"author":[{"embeddable":true,"href":"https:\/\/sites.ffkarate.fr\/isere\/wp-json\/wp\/v2\/users\/1"}],"replies":[{"embeddable":true,"href":"https:\/\/sites.ffkarate.fr\/isere\/wp-json\/wp\/v2\/comments?post=31"}],"version-history":[{"count":19,"href":"https:\/\/sites.ffkarate.fr\/isere\/wp-json\/wp\/v2\/pages\/31\/revisions"}],"predecessor-version":[{"id":4071,"href":"https:\/\/sites.ffkarate.fr\/isere\/wp-json\/wp\/v2\/pages\/31\/revisions\/4071"}],"wp:attachment":[{"href":"https:\/\/sites.ffkarate.fr\/isere\/wp-json\/wp\/v2\/media?parent=31"}],"curies":[{"name":"wp","href":"https:\/\/api.w.org\/{rel}","templated":true}]}}