{"id":2770,"date":"2017-02-16T18:58:48","date_gmt":"2017-02-16T17:58:48","guid":{"rendered":"http:\/\/ffkda1.dev\/?page_id=2"},"modified":"2025-01-30T22:26:17","modified_gmt":"2025-01-30T21:26:17","slug":"accueil","status":"publish","type":"page","link":"https:\/\/sites.ffkarate.fr\/jura\/accueil\/","title":{"rendered":"Accueil CDK"},"content":{"rendered":"<div class=\"wpb-content-wrapper\"><p>[vc_row][vc_column][vc_column_text]<\/p>\n<h2 style=\"text-align: center\">\u00a0<span style=\"color: #0000ff\">KARATE JURA<\/span><\/h2>\n<p style=\"text-align: center\"><span style=\"color: #ff0000\"><b>Le\u00a0<\/b><b>karat\u00e9 du JURA c\u2019est 11\u00a0<\/b><b>clubs\u00a0<\/b><b>de<\/b><b><b>\u00a0proximit\u00e9\u00a0<\/b><b>dynamiques et\u00a0<\/b><b>passionn\u00e9s\u00a0<\/b><b>qui\u00a0<\/b><b><b>mettent\u00a0<\/b><b>en avant les valeurs\u00a0<\/b><b>du\u00a0<\/b><b>karat\u00e9 et de la\u00a0<b>F\u00e9d\u00e9ration\u00a0<\/b><b>Fran\u00e7aise\u00a0<\/b><b>(\u00a0<\/b><b>FFKDA\u00a0<\/b><b>).<\/b><\/b><\/b><\/b><\/span><\/p>\n<p>&nbsp;<\/p>\n<p><a href=\"https:\/\/sites.ffkarate.fr\/jura\/wp-content\/uploads\/sites\/63\/2017\/02\/CARTE-CLUB-ET-IMAGES.jpg\"><img decoding=\"async\" class=\"aligncenter wp-image-1896 size-full\" src=\"https:\/\/sites.ffkarate.fr\/jura\/wp-content\/uploads\/sites\/63\/2017\/02\/CARTE-CLUB-ET-IMAGES.jpg\" alt=\"CARTE CLUB ET IMAGES\" width=\"965\" height=\"724\" \/><\/a><\/p>\n<p><a href=\"https:\/\/sites.ffkarate.fr\/jura\/wp-content\/uploads\/sites\/63\/2017\/03\/alain-michaud.jpg\">\u00a0<\/a><\/p>\n<p><a href=\"https:\/\/sites.ffkarate.fr\/jura\/wp-content\/uploads\/sites\/63\/2015\/01\/alain-jeannier-V3.jpg\">\u00a0<\/a><\/p>\n<p>&nbsp;<\/p>\n<h3 style=\"text-align: center\"><span style=\"color: #ff0000\">Nouveaut\u00e9:<\/span><\/h3>\n<h3 style=\"text-align: center\">Le CDK jura ouvre\u00a0la collection pense pas b\u00eate sur\u00a0diff\u00e9rentes th\u00e9matiques\u00a0.<\/h3>\n<p style=\"text-align: center\"><a href=\"https:\/\/sites.ffkarate.fr\/jura\/collection-pense-pas-bete\/\">Cliquer\u00a0pour ouvrir la page\u00a0:<\/a><\/p>\n<h3><a href=\"https:\/\/sites.ffkarate.fr\/jura\/wp-content\/uploads\/sites\/63\/2017\/03\/KCPL-FFKDA-v2.jpg\">\u00a0<\/a><\/h3>\n<h3 style=\"text-align: center\">\u00a0CLIQUER SUR LE LIEN : <a href=\"https:\/\/sites.ffkarate.fr\/jura\/wp-content\/uploads\/sites\/63\/2019\/06\/Preside-depuis-2016-par-Frederic-David.pdf\">Article FFKDA KCPL<\/a><\/h3>\n<p>&nbsp;<\/p>\n<p><a href=\"https:\/\/sites.ffkarate.fr\/jura\/wp-content\/uploads\/sites\/63\/2017\/03\/Diapositive12.jpg\">\u00a0<\/a><\/p>\n<p>&nbsp;<\/p>\n<h2 style=\"text-align: center\"><a href=\"https:\/\/sites.ffkarate.fr\/jura\/wp-content\/uploads\/sites\/63\/2017\/02\/Diapositive13.jpg\">\u00a0<\/a><\/h2>\n<h6 style=\"text-align: right\"><img decoding=\"async\" class=\"wp-image-714 size-large aligncenter\" src=\"https:\/\/sites.ffkarate.fr\/jura\/wp-content\/uploads\/sites\/63\/2017\/02\/Imagedu-jura-pour-accueil-1024x120.jpg\" alt=\"Imagedu jura pour accueil\" width=\"640\" height=\"75\" \/><\/h6>\n<h6 style=\"text-align: center\">Comit\u00e9 D\u00e9partemental de Karat\u00e9 du Jura<\/h6>\n<hr \/>\n<h6 style=\"text-align: center\"><\/h6>\n<h3 style=\"text-align: center\">\u00a0<a href=\"https:\/\/sites.ffkarate.fr\/jura\/wp-content\/uploads\/sites\/63\/2017\/02\/carte-club-et-images-v2.jpg\"><br \/>\n<\/a><\/h3>\n<h3 style=\"text-align: center\"><a href=\"https:\/\/sites.ffkarate.fr\/jura\/wp-content\/uploads\/sites\/63\/2017\/02\/CARTE-CLUB-ET-IMAGES.jpg\">\u00a0<\/a><\/h3>\n<h6 style=\"text-align: center\"><a href=\"https:\/\/sites.ffkarate.fr\/jura\/wp-content\/uploads\/sites\/63\/2017\/02\/Diapositive1.jpg\">\u00a0<\/a><\/h6>\n<p>&nbsp;<\/p>\n<p><a href=\"https:\/\/sites.ffkarate.fr\/jura\/wp-content\/uploads\/sites\/63\/2015\/01\/JO-2020.jpg\"><img decoding=\"async\" class=\"aligncenter size-medium wp-image-533\" src=\"https:\/\/sites.ffkarate.fr\/jura\/wp-content\/uploads\/sites\/63\/2015\/01\/JO-2020-300x111.jpg\" alt=\"JO 2020\" width=\"300\" height=\"111\" \/><\/a> <a href=\"https:\/\/sites.ffkarate.fr\/jura\/wp-content\/uploads\/sites\/63\/2017\/03\/logo-cdk-jura.jpg\"><img decoding=\"async\" class=\"aligncenter wp-image-1508\" src=\"https:\/\/sites.ffkarate.fr\/jura\/wp-content\/uploads\/sites\/63\/2017\/03\/logo-cdk-jura.jpg\" alt=\"logo cdk jura\" width=\"150\" height=\"151\" srcset=\"https:\/\/sites.ffkarate.fr\/jura\/wp-content\/uploads\/sites\/63\/2017\/03\/logo-cdk-jura.jpg 286w, https:\/\/sites.ffkarate.fr\/jura\/wp-content\/uploads\/sites\/63\/2017\/03\/logo-cdk-jura-176x176.jpg 176w\" sizes=\"(max-width: 150px) 100vw, 150px\" \/><\/a>[\/vc_column_text][\/vc_column][\/vc_row]<\/p>\n<\/div>","protected":false},"excerpt":{"rendered":"<p>[vc_row][vc_column][vc_column_text] \u00a0KARATE JURA Le\u00a0karat\u00e9 du JURA c\u2019est 11\u00a0clubs\u00a0de\u00a0proximit\u00e9\u00a0dynamiques et\u00a0passionn\u00e9s\u00a0qui\u00a0mettent\u00a0en avant les valeurs\u00a0du\u00a0karat\u00e9 et de la\u00a0F\u00e9d\u00e9ration\u00a0Fran\u00e7aise\u00a0(\u00a0FFKDA\u00a0). &nbsp; \u00a0 \u00a0 &nbsp; Nouveaut\u00e9: Le CDK jura ouvre\u00a0la collection pense pas b\u00eate sur\u00a0diff\u00e9rentes th\u00e9matiques\u00a0. Cliquer\u00a0pour ouvrir la page\u00a0: \u00a0 \u00a0CLIQUER SUR LE LIEN : Article FFKDA KCPL &nbsp; \u00a0 &nbsp; \u00a0 Comit\u00e9 D\u00e9partemental de Karat\u00e9 du Jura \u00a0 \u00a0 [&hellip;]<\/p>\n","protected":false},"author":20,"featured_media":255,"parent":0,"menu_order":0,"comment_status":"closed","ping_status":"closed","template":"","meta":{"footnotes":""},"class_list":["post-2770","page","type-page","status-publish","hentry"],"_links":{"self":[{"href":"https:\/\/sites.ffkarate.fr\/jura\/wp-json\/wp\/v2\/pages\/2770","targetHints":{"allow":["GET"]}}],"collection":[{"href":"https:\/\/sites.ffkarate.fr\/jura\/wp-json\/wp\/v2\/pages"}],"about":[{"href":"https:\/\/sites.ffkarate.fr\/jura\/wp-json\/wp\/v2\/types\/page"}],"author":[{"embeddable":true,"href":"https:\/\/sites.ffkarate.fr\/jura\/wp-json\/wp\/v2\/users\/20"}],"replies":[{"embeddable":true,"href":"https:\/\/sites.ffkarate.fr\/jura\/wp-json\/wp\/v2\/comments?post=2770"}],"version-history":[{"count":2,"href":"https:\/\/sites.ffkarate.fr\/jura\/wp-json\/wp\/v2\/pages\/2770\/revisions"}],"predecessor-version":[{"id":4509,"href":"https:\/\/sites.ffkarate.fr\/jura\/wp-json\/wp\/v2\/pages\/2770\/revisions\/4509"}],"wp:featuredmedia":[{"embeddable":true,"href":"https:\/\/sites.ffkarate.fr\/jura\/wp-json\/wp\/v2\/media\/255"}],"wp:attachment":[{"href":"https:\/\/sites.ffkarate.fr\/jura\/wp-json\/wp\/v2\/media?parent=2770"}],"curies":[{"name":"wp","href":"https:\/\/api.w.org\/{rel}","templated":true}]}}