{"id":366,"date":"2017-02-15T23:50:03","date_gmt":"2017-02-15T22:50:03","guid":{"rendered":"https:\/\/sites.ffkarate.fr\/jura\/?page_id=366"},"modified":"2025-03-14T17:38:52","modified_gmt":"2025-03-14T16:38:52","slug":"vince-karate","status":"publish","type":"page","link":"https:\/\/sites.ffkarate.fr\/jura\/clubs-du-jura\/clubs-karate\/vince-karate\/","title":{"rendered":"VINCE KARATE"},"content":{"rendered":"<div class=\"wpb-content-wrapper\"><p>[vc_row][vc_column][vc_column_text]<\/p>\n<h2 style=\"text-align: center\"><a href=\"https:\/\/sites.ffkarate.fr\/jura\/wp-content\/uploads\/sites\/63\/2017\/02\/titre_InPixio.png\"><img decoding=\"async\" class=\"aligncenter size-medium wp-image-2226\" src=\"https:\/\/sites.ffkarate.fr\/jura\/wp-content\/uploads\/sites\/63\/2017\/02\/titre_InPixio-300x95.png\" alt=\"titre_InPixio\" width=\"300\" height=\"95\" \/><\/a><\/h2>\n<h2 style=\"text-align: center\"><\/h2>\n<p style=\"text-align: center\"><span style=\"color: #0000ff\">\u00a0<a style=\"color: #0000ff\" href=\"http:\/\/www.karate-champa.com\/\" target=\"_blank\" rel=\"noopener\">lien du site<\/a><\/span><\/p>\n<p style=\"text-align: center\">Vincent Maillet &#8211; 06.87.92.30.87<\/p>\n<p style=\"text-align: center\">Dipl\u00f4m\u00e9 de la F\u00e9d\u00e9ration Fran\u00e7aise de Karat\u00e9<\/p>\n<h2 style=\"text-align: center\"><a href=\"https:\/\/sites.ffkarate.fr\/jura\/wp-content\/uploads\/sites\/63\/2017\/02\/image-groupe.jpg\"><img decoding=\"async\" class=\"aligncenter size-medium wp-image-2228\" src=\"https:\/\/sites.ffkarate.fr\/jura\/wp-content\/uploads\/sites\/63\/2017\/02\/image-groupe-300x225.jpg\" alt=\"image groupe\" width=\"300\" height=\"225\" \/><\/a><\/h2>\n<p><a href=\"https:\/\/sites.ffkarate.fr\/jura\/wp-content\/uploads\/sites\/63\/2017\/02\/photos-club_InPixio.png\"><img decoding=\"async\" class=\"wp-image-2230 size-medium aligncenter\" src=\"https:\/\/sites.ffkarate.fr\/jura\/wp-content\/uploads\/sites\/63\/2017\/02\/photos-club_InPixio-300x62.png\" alt=\"photos club_InPixio\" width=\"300\" height=\"62\" \/><\/a><\/p>\n<p><a href=\"https:\/\/sites.ffkarate.fr\/jura\/wp-content\/uploads\/sites\/63\/2017\/02\/photo-ceinture-noire.jpg\"><img decoding=\"async\" class=\"aligncenter size-medium wp-image-2233\" src=\"https:\/\/sites.ffkarate.fr\/jura\/wp-content\/uploads\/sites\/63\/2017\/02\/photo-ceinture-noire-225x300.jpg\" alt=\"photo ceinture noire\" width=\"225\" height=\"300\" \/><\/a><\/p>\n<h1 class=\"view-title\" style=\"text-align: center\">Bravo Antoine !!! 1\u00e8re ceinture noire du Club<\/h1>\n<div id=\"rows-5e42886ebe6cc233ccc71f24\" class=\"rows clearfix\">\n<div class=\"row-container page_1\">\n<div class=\"row-content\">\n<h2 class=\"row-title\">Ceinture noire obtenue du 1er coup \u00e0 Vesoul samedi 08 f\u00e9vrier 2020&#8230;F\u00e9licitations !<\/h2>\n<\/div>\n<\/div>\n<\/div>\n<h4 style=\"text-align: center\"><\/h4>\n<p>[\/vc_column_text][\/vc_column][\/vc_row]<\/p>\n<\/div>","protected":false},"excerpt":{"rendered":"<p>[vc_row][vc_column][vc_column_text] \u00a0lien du site Vincent Maillet &#8211; 06.87.92.30.87 Dipl\u00f4m\u00e9 de la F\u00e9d\u00e9ration Fran\u00e7aise de Karat\u00e9 Bravo Antoine !!! 1\u00e8re ceinture noire du Club Ceinture noire obtenue du 1er coup \u00e0 Vesoul samedi 08 f\u00e9vrier 2020&#8230;F\u00e9licitations ! [\/vc_column_text][\/vc_column][\/vc_row]<\/p>\n","protected":false},"author":100,"featured_media":0,"parent":4624,"menu_order":0,"comment_status":"closed","ping_status":"closed","template":"","meta":{"footnotes":""},"class_list":["post-366","page","type-page","status-publish","hentry"],"_links":{"self":[{"href":"https:\/\/sites.ffkarate.fr\/jura\/wp-json\/wp\/v2\/pages\/366","targetHints":{"allow":["GET"]}}],"collection":[{"href":"https:\/\/sites.ffkarate.fr\/jura\/wp-json\/wp\/v2\/pages"}],"about":[{"href":"https:\/\/sites.ffkarate.fr\/jura\/wp-json\/wp\/v2\/types\/page"}],"author":[{"embeddable":true,"href":"https:\/\/sites.ffkarate.fr\/jura\/wp-json\/wp\/v2\/users\/100"}],"replies":[{"embeddable":true,"href":"https:\/\/sites.ffkarate.fr\/jura\/wp-json\/wp\/v2\/comments?post=366"}],"version-history":[{"count":2,"href":"https:\/\/sites.ffkarate.fr\/jura\/wp-json\/wp\/v2\/pages\/366\/revisions"}],"predecessor-version":[{"id":4632,"href":"https:\/\/sites.ffkarate.fr\/jura\/wp-json\/wp\/v2\/pages\/366\/revisions\/4632"}],"up":[{"embeddable":true,"href":"https:\/\/sites.ffkarate.fr\/jura\/wp-json\/wp\/v2\/pages\/4624"}],"wp:attachment":[{"href":"https:\/\/sites.ffkarate.fr\/jura\/wp-json\/wp\/v2\/media?parent=366"}],"curies":[{"name":"wp","href":"https:\/\/api.w.org\/{rel}","templated":true}]}}