{"id":3801,"date":"2022-02-03T17:16:42","date_gmt":"2022-02-03T16:16:42","guid":{"rendered":"https:\/\/sites.ffkarate.fr\/jura\/?page_id=3801"},"modified":"2025-01-30T18:05:33","modified_gmt":"2025-01-30T17:05:33","slug":"fiche-arbitres-jura","status":"publish","type":"page","link":"https:\/\/sites.ffkarate.fr\/jura\/arbitrage\/fiche-arbitres-jura\/","title":{"rendered":"Fiche arbitres Jura"},"content":{"rendered":"<div class=\"wpb-content-wrapper\"><p>[vc_row][vc_column][vc_message message_box_style=\u00a0\u00bbclassic\u00a0\u00bb message_box_color=\u00a0\u00bbalert-info\u00a0\u00bb style=\u00a0\u00bbrounded\u00a0\u00bb]Cette page est mise \u00e0 disposition des responsables ou des organisateurs pour pouvoir contacter plus facilement des arbitres dans le cadre d&rsquo;organisation d&rsquo;\u00e9v\u00e8nements.<\/p>\n<p>&nbsp;<\/p>\n<p>Elle n&rsquo;est pas pens\u00e9e pour \u00eatre publi\u00e9e ou partag\u00e9e partout en ligne, merci.[\/vc_message][\/vc_column][\/vc_row][vc_row][vc_column][vc_column_text]<\/p>\n<h1>Arbitres europ\u00e9ens<\/h1>\n<p>[\/vc_column_text][vc_row_inner][vc_column_inner][ffk_peoplecard title=\u00a0\u00bbAnton NIKOLAIENKO\u00a0\u00bb subtitle=\u00a0\u00bbFormateur arbitres Jura\u00a0\u00bb description=\u00a0\u00bbtigerwkf@gmail.com\u00a0\u00bb][\/vc_column_inner][\/vc_row_inner][vc_empty_space height=\u00a0\u00bb64px\u00a0\u00bb][vc_column_text]<\/p>\n<h1>Arbitres nationaux<\/h1>\n<p>[\/vc_column_text][vc_row_inner][vc_column_inner][vc_column_text]<\/p>\n<p style=\"text-align: center\">&#8211;<\/p>\n<p>[\/vc_column_text][\/vc_column_inner][\/vc_row_inner][vc_empty_space height=\u00a0\u00bb64px\u00a0\u00bb][vc_column_text]<\/p>\n<h1>Arbitres r\u00e9gionaux<\/h1>\n<p>[\/vc_column_text][vc_row_inner][vc_column_inner][ffk_peoplecard title=\u00a0\u00bbC\u00e9dric PUGET\u00a0\u00bb image=\u00a0\u00bb4493&Prime; description=\u00a0\u00bb06.09.67.50.05<br \/>\nsecretaireadjointkcpl@hotmail.fr\u00a0\u00bb][\/vc_column_inner][\/vc_row_inner][vc_empty_space height=\u00a0\u00bb64px\u00a0\u00bb][vc_column_text]<\/p>\n<h1>Arbitres d\u00e9partementaux<\/h1>\n<p>[\/vc_column_text][vc_row_inner][vc_column_inner width=\u00a0\u00bb1\/3&Prime;][ffk_peoplecard title=\u00a0\u00bbMarie PUGET\u00a0\u00bb description=\u00a0\u00bb06.09.67.50.05&Prime;][\/vc_column_inner][vc_column_inner width=\u00a0\u00bb1\/3&Prime;][ffk_peoplecard title=\u00a0\u00bbSarah EME\u00a0\u00bb description=\u00a0\u00bb07.69.77.11.13&Prime;][\/vc_column_inner][vc_column_inner width=\u00a0\u00bb1\/3&Prime;][ffk_peoplecard title=\u00a0\u00bbFr\u00e9d\u00e9rique MOREL\u00a0\u00bb][\/vc_column_inner][\/vc_row_inner][vc_empty_space][vc_row_inner][vc_column_inner width=\u00a0\u00bb1\/3&Prime;][ffk_peoplecard title=\u00a0\u00bbNignom PHANTHACHIT\u00a0\u00bb image=\u00a0\u00bb4308&Prime; description=\u00a0\u00bb06.87.61.12.24<br \/>\nnignom1977@gmail.com\u00a0\u00bb][\/vc_column_inner][vc_column_inner width=\u00a0\u00bb1\/3&Prime;][ffk_peoplecard title=\u00a0\u00bbJ\u00e9r\u00f4me PREUDHOMME\u00a0\u00bb description=\u00a0\u00bb06.07.87.42.45&Prime;][\/vc_column_inner][vc_column_inner width=\u00a0\u00bb1\/3&Prime;][ffk_peoplecard title=\u00a0\u00bbChristine DUGAST\u00a0\u00bb][\/vc_column_inner][\/vc_row_inner][vc_empty_space height=\u00a0\u00bb64px\u00a0\u00bb][vc_column_text]<\/p>\n<h1>Arbitres stagiaires<\/h1>\n<p>[\/vc_column_text][vc_row_inner][vc_column_inner width=\u00a0\u00bb1\/3&Prime;][ffk_peoplecard title=\u00a0\u00bbNolhan VUILLET\u00a0\u00bb][\/vc_column_inner][vc_column_inner width=\u00a0\u00bb1\/3&Prime;][ffk_peoplecard title=\u00a0\u00bbPriscilla DOS SANTOS\u00a0\u00bb][\/vc_column_inner][vc_column_inner width=\u00a0\u00bb1\/3&Prime;][ffk_peoplecard title=\u00a0\u00bbAli RABE\u00a0\u00bb image=\u00a0\u00bb4341&Prime;][\/vc_column_inner][\/vc_row_inner][\/vc_column][\/vc_row]<\/p>\n<\/div>","protected":false},"excerpt":{"rendered":"<p>[vc_row][vc_column][vc_message message_box_style=\u00a0\u00bbclassic\u00a0\u00bb message_box_color=\u00a0\u00bbalert-info\u00a0\u00bb style=\u00a0\u00bbrounded\u00a0\u00bb]Cette page est mise \u00e0 disposition des responsables ou des organisateurs pour pouvoir contacter plus facilement des arbitres dans le cadre d&rsquo;organisation d&rsquo;\u00e9v\u00e8nements. &nbsp; Elle n&rsquo;est pas pens\u00e9e pour \u00eatre publi\u00e9e ou partag\u00e9e partout en ligne, merci.[\/vc_message][\/vc_column][\/vc_row][vc_row][vc_column][vc_column_text] Arbitres europ\u00e9ens [\/vc_column_text][vc_row_inner][vc_column_inner][ffk_peoplecard title=\u00a0\u00bbAnton NIKOLAIENKO\u00a0\u00bb subtitle=\u00a0\u00bbFormateur arbitres Jura\u00a0\u00bb description=\u00a0\u00bbtigerwkf@gmail.com\u00a0\u00bb][\/vc_column_inner][\/vc_row_inner][vc_empty_space height=\u00a0\u00bb64px\u00a0\u00bb][vc_column_text] Arbitres nationaux [\/vc_column_text][vc_row_inner][vc_column_inner][vc_column_text] &#8211; [\/vc_column_text][\/vc_column_inner][\/vc_row_inner][vc_empty_space [&hellip;]<\/p>\n","protected":false},"author":100,"featured_media":0,"parent":3760,"menu_order":0,"comment_status":"closed","ping_status":"closed","template":"","meta":{"footnotes":""},"class_list":["post-3801","page","type-page","status-publish","hentry"],"_links":{"self":[{"href":"https:\/\/sites.ffkarate.fr\/jura\/wp-json\/wp\/v2\/pages\/3801","targetHints":{"allow":["GET"]}}],"collection":[{"href":"https:\/\/sites.ffkarate.fr\/jura\/wp-json\/wp\/v2\/pages"}],"about":[{"href":"https:\/\/sites.ffkarate.fr\/jura\/wp-json\/wp\/v2\/types\/page"}],"author":[{"embeddable":true,"href":"https:\/\/sites.ffkarate.fr\/jura\/wp-json\/wp\/v2\/users\/100"}],"replies":[{"embeddable":true,"href":"https:\/\/sites.ffkarate.fr\/jura\/wp-json\/wp\/v2\/comments?post=3801"}],"version-history":[{"count":11,"href":"https:\/\/sites.ffkarate.fr\/jura\/wp-json\/wp\/v2\/pages\/3801\/revisions"}],"predecessor-version":[{"id":4498,"href":"https:\/\/sites.ffkarate.fr\/jura\/wp-json\/wp\/v2\/pages\/3801\/revisions\/4498"}],"up":[{"embeddable":true,"href":"https:\/\/sites.ffkarate.fr\/jura\/wp-json\/wp\/v2\/pages\/3760"}],"wp:attachment":[{"href":"https:\/\/sites.ffkarate.fr\/jura\/wp-json\/wp\/v2\/media?parent=3801"}],"curies":[{"name":"wp","href":"https:\/\/api.w.org\/{rel}","templated":true}]}}