{"id":1121,"date":"2015-01-16T15:03:41","date_gmt":"2015-01-16T14:03:41","guid":{"rendered":"https:\/\/sites.ffkarate.fr\/testclone\/?page_id=133"},"modified":"2024-10-15T15:38:16","modified_gmt":"2024-10-15T13:38:16","slug":"comite-directeur","status":"publish","type":"page","link":"https:\/\/sites.ffkarate.fr\/landes\/comite\/comite-directeur\/","title":{"rendered":"Membres"},"content":{"rendered":"<div class=\"wpb-content-wrapper\"><p>[vc_row][vc_column][vc_column_text]<\/p>\n<h2>Comit\u00e9 directeur<\/h2>\n<ul class=\"trombi-list-top\">\n<li><img decoding=\"async\" src=\"https:\/\/sites.ffkarate.fr\/landes\/wp-content\/uploads\/sites\/65\/2019\/11\/Hassan-MASTASS.jpg\" alt=\"Elu\" \/>\n<div class=\"title\">Hassan<br \/>\n<b>MASTASS<\/b><\/div>\n<div class=\"function\">Pr\u00e9sident<\/div>\n<div class=\"desc\">06 23 02 23 88<\/div>\n<\/li>\n<li>\n<div class=\"title\">Pascal<br \/>\n<b>LANNES<\/b><\/div>\n<div class=\"function\">Directeur Technique<\/div>\n<div class=\"desc\"><b><span id=\"dbADRMOB\" class=\"Class-Input-Libelle\">06 71 98 61 03<\/span>\u00a0<\/b><\/div>\n<\/li>\n<li><img decoding=\"async\" src=\"https:\/\/sites.ffkarate.fr\/landes\/wp-content\/uploads\/sites\/65\/2019\/11\/Myriam-ALMONT.jpg\" alt=\"Elu\" \/>\n<div class=\"title\">Myriam<br \/>\n<b>ALMONT<\/b><\/div>\n<div class=\"function\">Tr\u00e9sori\u00e8re<\/div>\n<div class=\"desk\">06 09 03 92 55<\/div>\n<\/li>\n<li><img decoding=\"async\" src=\"https:\/\/sites.ffkarate.fr\/landes\/wp-content\/uploads\/sites\/65\/2019\/11\/Pascal-GOBERT.jpg\" alt=\"Elu\" \/>\n<div class=\"title\">Pascal<br \/>\n<b>GAUBERT<\/b><\/div>\n<div class=\"function\">Secr\u00e9taire<\/div>\n<div class=\"desc\">06 98 76 24 98<\/div>\n<\/li>\n<\/ul>\n<p><!-- --><\/p>\n<h2>Membres<\/h2>\n<p>&nbsp;<\/p>\n<ul>\n<li class=\"title\">Soumia <b>SABBAR<\/b><\/li>\n<li class=\"title\">Val\u00e9rie<strong> J<\/strong><b>AUNATRE<\/b><\/li>\n<li>Laurence <b>GAUBERT<\/b><\/li>\n<li class=\"title\">\n<div class=\"title\">Yannick <b>LAFAGE<\/b><\/div>\n<\/li>\n<li>Lo\u00efc <strong>PRUVOT<\/strong><\/li>\n<li>Benoit <strong>COMTE<\/strong><\/li>\n<li>David <strong>TESTE<\/strong><\/li>\n<li>Danielle <strong>GO\u00cbTZ<\/strong><\/li>\n<li>G\u00e9rald <strong>BERNAL<\/strong><\/li>\n<li>Pascal <strong>NOGUES<\/strong><\/li>\n<li>Aim\u00e9 D\u00e9sir\u00e9 <strong>RENAUD<\/strong><\/li>\n<\/ul>\n<ul>\n<li>Commission<\/li>\n<\/ul>\n<ul class=\"trombi-list-top\">\n<li><img decoding=\"async\" src=\"https:\/\/sites.ffkarate.fr\/landes\/wp-content\/uploads\/sites\/65\/2019\/11\/Antoine-ROSA-e1574002277275.jpg\" alt=\"Elu\" \/>\n<div class=\"title\">Antoine<br \/>\n<b>ROSA<\/b><\/div>\n<div class=\"function\">Responsable des grades<\/div>\n<div class=\"desc\">06 87 05 48 07<\/div>\n<\/li>\n<li>\n<div class=\"title\">Charles<br \/>\n<b>BESSA<\/b><\/div>\n<div class=\"function\">Responsable de l&rsquo;arbitrage<\/div>\n<\/li>\n<li>\n<div class=\"function\"><\/div>\n<div class=\"function\"><\/div>\n<div class=\"desc\"><span style=\"color: #ffffff\">007xx xx xx xx xx<\/span><\/div>\n<\/li>\n<li>\n<div class=\"title\">Michel<br \/>\n<b>POUEY<\/b><\/div>\n<div class=\"function\">Responsable de la formation<\/div>\n<div class=\"desc\"><\/div>\n<\/li>\n<li><img decoding=\"async\" src=\"https:\/\/sites.ffkarate.fr\/landes\/wp-content\/uploads\/sites\/65\/2019\/11\/SOUMIA-SABBAR.jpg\" alt=\"Elu\" \/>\n<div class=\"title\">Soumia<br \/>\n<b>SABBAR<\/b><\/div>\n<div class=\"function\">Commission f\u00e9minine<\/div>\n<div class=\"desc\"><span style=\"color: #ffffff\">xx xx xx xx xx<\/span><\/div>\n<\/li>\n<\/ul>\n<p>[\/vc_column_text][\/vc_column][\/vc_row]<\/p>\n<\/div>","protected":false},"excerpt":{"rendered":"<p>[vc_row][vc_column][vc_column_text] Comit\u00e9 directeur Hassan MASTASS Pr\u00e9sident 06 23 02 23 88 Pascal LANNES Directeur Technique 06 71 98 61 03\u00a0 Myriam ALMONT Tr\u00e9sori\u00e8re 06 09 03 92 55 Pascal GAUBERT Secr\u00e9taire 06 98 76 24 98 Membres &nbsp; Soumia SABBAR Val\u00e9rie JAUNATRE Laurence GAUBERT Yannick LAFAGE Lo\u00efc PRUVOT Benoit COMTE David TESTE Danielle GO\u00cbTZ G\u00e9rald [&hellip;]<\/p>\n","protected":false},"author":20,"featured_media":0,"parent":50,"menu_order":0,"comment_status":"closed","ping_status":"closed","template":"","meta":{"footnotes":""},"class_list":["post-1121","page","type-page","status-publish","hentry"],"_links":{"self":[{"href":"https:\/\/sites.ffkarate.fr\/landes\/wp-json\/wp\/v2\/pages\/1121","targetHints":{"allow":["GET"]}}],"collection":[{"href":"https:\/\/sites.ffkarate.fr\/landes\/wp-json\/wp\/v2\/pages"}],"about":[{"href":"https:\/\/sites.ffkarate.fr\/landes\/wp-json\/wp\/v2\/types\/page"}],"author":[{"embeddable":true,"href":"https:\/\/sites.ffkarate.fr\/landes\/wp-json\/wp\/v2\/users\/20"}],"replies":[{"embeddable":true,"href":"https:\/\/sites.ffkarate.fr\/landes\/wp-json\/wp\/v2\/comments?post=1121"}],"version-history":[{"count":2,"href":"https:\/\/sites.ffkarate.fr\/landes\/wp-json\/wp\/v2\/pages\/1121\/revisions"}],"predecessor-version":[{"id":1630,"href":"https:\/\/sites.ffkarate.fr\/landes\/wp-json\/wp\/v2\/pages\/1121\/revisions\/1630"}],"up":[{"embeddable":true,"href":"https:\/\/sites.ffkarate.fr\/landes\/wp-json\/wp\/v2\/pages\/50"}],"wp:attachment":[{"href":"https:\/\/sites.ffkarate.fr\/landes\/wp-json\/wp\/v2\/media?parent=1121"}],"curies":[{"name":"wp","href":"https:\/\/api.w.org\/{rel}","templated":true}]}}