{"id":23,"date":"2021-05-07T15:54:07","date_gmt":"2021-05-07T13:54:07","guid":{"rendered":"https:\/\/sites.ffkarate.fr\/landes\/?page_id=23"},"modified":"2026-03-24T12:45:35","modified_gmt":"2026-03-24T11:45:35","slug":"grades","status":"publish","type":"page","link":"https:\/\/sites.ffkarate.fr\/landes\/grades\/","title":{"rendered":"Grades"},"content":{"rendered":"<div class=\"wpb-content-wrapper\"><p>[vc_row gap=\u00a0\u00bb15&Prime;][vc_column][vc_column_text]<\/p>\n<h2>Inscriptions aux examens de grades<\/h2>\n<h4>Envoi des dossiers<\/h4>\n<p>Le dossier de candidature devra \u00eatre complet et retourn\u00e9 <strong>en courrier simple non recommand\u00e9 au moins 30 jours franc avant la date de l\u2019examen<\/strong> (cachet poste faisant foi) au Comit\u00e9 D\u00e9partemental de Karat\u00e9 Des Landes.<\/p>\n<p>Adresse :<br \/>\nComit\u00e9 d\u00e9partemental de Karat\u00e9 des Landes<br \/>\n346 avenue du stade<br \/>\n40000 MONT DE MARSAN<\/p>\n<h4><\/h4>\n<h4>Contenu du dossier<\/h4>\n<ul>\n<li style=\"list-style-type: none\">\n<ul>\n<li>T\u00e9l\u00e9charger la<strong>:\u00a0 <a href=\"https:\/\/sites.ffkarate.fr\/landes\/wp-content\/uploads\/sites\/65\/2026\/03\/fiche-inscirption-grades-CDK40-1.pdf\">fiche-inscirption-grades-CDK40<\/a>\u00a0<\/strong>compl\u00e9t\u00e9e et sign\u00e9e avec la photo du candidat.<\/li>\n<\/ul>\n<\/li>\n<li>Une enveloppe courrier affranchie au tarif lettre 20 gr \u00e0 votre adresse et \u00e0 votre nom pour l\u2019envoi de la convocation.<\/li>\n<li>Une attestation historique des licences que vous obtenez sur votre page du site f\u00e9d\u00e9ral<\/li>\n<li>Les photocopies des pages suivantes de votre passeport sportif :\n<ul>\n<li>Page d\u2019identit\u00e9<\/li>\n<li>Page du certificat m\u00e9dical d\u2019aptitude au Karat\u00e9 (Sinon \u00e0 fournir sur papier libre)<\/li>\n<li>Page d\u2019authentification des grades d\u00e9j\u00e0 obtenus<\/li>\n<li>Le cas \u00e9ch\u00e9ant, page des UV d\u00e9j\u00e0 obtenues avec les notes pour l\u2019examen concern\u00e9<\/li>\n<li>Le cas \u00e9ch\u00e9ant la page des points de bonifications acquis lors des stages d\u2019experts f\u00e9d\u00e9raux<\/li>\n<\/ul>\n<\/li>\n<li><strong>L\u2019autorisation parentale pour les candidats mineurs<\/strong><\/li>\n<li>Le courrier de la CSDGE en cas de d\u00e9rogation sp\u00e9ciale<\/li>\n<li>Un ch\u00e8que de 50 \u20ac \u00e0 l\u2019ordre du Comit\u00e9 D\u00e9partemental de Karat\u00e9 des Landes (Non remboursable en cas de non pr\u00e9sentation \u00e0 l\u2019examen).<\/li>\n<\/ul>\n<h4><\/h4>\n<h2>Le jour de l\u2019examen<\/h2>\n<h4 style=\"text-align: center\"><strong>Tous les candidats devront \u00eatre obligatoirement d\u00e9tenteurs d\u2019un Pass Sanitaire (test PCR de moins de 24H ou d\u2019une attestation de vaccination d\u00e9livr\u00e9e par l\u2019autorit\u00e9 ayant offici\u00e9)<\/strong><\/h4>\n<p>Vous devez vous pr\u00e9senter au moins 15 minutes avant l\u2019heure de convocation avec :<\/p>\n<ul>\n<li>Votre karategi<\/li>\n<li>Votre passeport sportif<\/li>\n<li>Une pi\u00e8ce d\u2019identit\u00e9<\/li>\n<li>La lettre de convocation qui vous aura \u00e9t\u00e9 adress\u00e9e par la CODG au moyen de votre enveloppe timbr\u00e9e<\/li>\n<li>Vos cibles si vous avez \u00e0 pr\u00e9senter l\u2019UV Kihon.<\/li>\n<li>Une enveloppe format A4 (21\u00d729,7 cm) affranchie minimum \u00e0 250 gr, \u00e0 votre adresse et \u00e0 votre nom en vue du retour de votre passeport, carte et dipl\u00f4me. Elle vous sera demand\u00e9 en cas de r\u00e9ussite \u00e0 l\u2019examen.<\/li>\n<\/ul>\n<p>[\/vc_column_text][vc_column_text]<\/p>\n<h2>Explications compl\u00e9mentaires<\/h2>\n<p>Avant d\u2019aborder les examens, nous invitons tous les candidats mais aussi professeurs et membres des jurys \u00e0 participer aux stages qui auront lieu le 18\/11\/2023 \u00e0 DAX<\/p>\n<p>Les examens de grade 1er, 2\u00e8me, 3\u00e8me et 4\u00e8me Dan auront lieu \u00e0 DAX les :<\/p>\n<ul>\n<li>samedi 13\/01\/2024 et samedi 25\/05\/2024 pour le 4\u00e8me dan<\/li>\n<li>dimanche 14\/01\/2024 et dimanche 26\/05\/2024 pour les 1er, 2\u00e8me et 3\u00e8me dan<\/li>\n<\/ul>\n<p>La CODG des Landes organise les examens concernant <strong>uniquement le Karat\u00e9-Do <\/strong>(Tous styles)<strong>, Karat\u00e9-contact et Krav Maga<\/strong> .<\/p>\n<p>Pour les candidats d\u00e9sirant se pr\u00e9senter aux examens de grades dans les autres disciplines (en Karat\u00e9-Jutsu, Yoseikan Budo, Kali escrima, Penchak Silat, Shorinji Kempo, Nanbudo, A\u00efto, Kobudo, Wushu, Ta\u00ef-Do, Shindoka\u00ef, nunchaku de combat, Karat\u00e9 d\u00e9fense training), ils devront adresser leur candidature \u00e0 la Ligue Nouvelle Aquitaine et passer leur examen avec la CORG de la Nouvelle Aquitaine (Dates sur calendrier de la Ligue).<\/p>\n<p>Toutes demandes de d\u00e9rogation devront \u00eatre justifi\u00e9es et pr\u00e9sent\u00e9es directement \u00e0 la F\u00e9d\u00e9ration dans les temps imparties par la r\u00e8glementation : concernant les articles 205, 206, 207, 209 et 216.<\/p>\n<p>&nbsp;<\/p>\n<ul>\n<li>Article 205 \u2013 Conditions d\u2019\u00e2ge pour les passages de Dans et grades \u00e9quivalents<\/li>\n<li>Article 206 \u2013 Temps de pratique entre chaque passage de Dans et Grades \u00e9quivalents<\/li>\n<li>Article 207 \u2013 Fr\u00e9quence des pages de Dans et Grades \u00e9quivalents<\/li>\n<li>Article 209 \u2013 Bonifications en temps de Pratique<\/li>\n<li>Article 216 \u2013 Reconnaissance des Dans et Grades \u00e9quivalents obtenus \u00e0 l\u2019\u00e9tranger<\/li>\n<\/ul>\n<p>[\/vc_column_text][\/vc_column][\/vc_row]<\/p>\n<\/div>","protected":false},"excerpt":{"rendered":"<p>Le dossier de candidature devra \u00eatre complet et retourn\u00e9 en courrier simple non recommand\u00e9 au moins 30 jours avant la date de l\u2019examen (cachet poste faisant foi) au Comit\u00e9 D\u00e9partemental de Karat\u00e9 De La Gironde.<\/p>\n","protected":false},"author":1,"featured_media":0,"parent":0,"menu_order":0,"comment_status":"closed","ping_status":"closed","template":"","meta":{"footnotes":""},"class_list":["post-23","page","type-page","status-publish","hentry"],"_links":{"self":[{"href":"https:\/\/sites.ffkarate.fr\/landes\/wp-json\/wp\/v2\/pages\/23","targetHints":{"allow":["GET"]}}],"collection":[{"href":"https:\/\/sites.ffkarate.fr\/landes\/wp-json\/wp\/v2\/pages"}],"about":[{"href":"https:\/\/sites.ffkarate.fr\/landes\/wp-json\/wp\/v2\/types\/page"}],"author":[{"embeddable":true,"href":"https:\/\/sites.ffkarate.fr\/landes\/wp-json\/wp\/v2\/users\/1"}],"replies":[{"embeddable":true,"href":"https:\/\/sites.ffkarate.fr\/landes\/wp-json\/wp\/v2\/comments?post=23"}],"version-history":[{"count":12,"href":"https:\/\/sites.ffkarate.fr\/landes\/wp-json\/wp\/v2\/pages\/23\/revisions"}],"predecessor-version":[{"id":1698,"href":"https:\/\/sites.ffkarate.fr\/landes\/wp-json\/wp\/v2\/pages\/23\/revisions\/1698"}],"wp:attachment":[{"href":"https:\/\/sites.ffkarate.fr\/landes\/wp-json\/wp\/v2\/media?parent=23"}],"curies":[{"name":"wp","href":"https:\/\/api.w.org\/{rel}","templated":true}]}}