{"id":56,"date":"2015-01-08T11:32:52","date_gmt":"2015-01-08T11:32:52","guid":{"rendered":"https:\/\/sites.ffkarate.fr\/testclone\/?page_id=56"},"modified":"2022-06-16T15:43:27","modified_gmt":"2022-06-16T13:43:27","slug":"formations-2","status":"publish","type":"page","link":"https:\/\/sites.ffkarate.fr\/liguebretagne\/formations-2\/","title":{"rendered":"Formations"},"content":{"rendered":"<div class=\"wpb-content-wrapper\"><p>[vc_row][vc_column][vc_column_text]<\/p>\n<h3>FORMATION DIF, DAF et AFA DANS LES D\u00c9PARTEMENTS<\/h3>\n<p>[\/vc_column_text][\/vc_column][\/vc_row][vc_row][vc_column][vc_column_text]<strong>Les formations DIF\/DAF\/AFA sont dor\u00e9navant g\u00e9r\u00e9s par les\u00a0 comit\u00e9s d\u00e9partementaux<\/strong><\/p>\n<p>Contactez les personnes r\u00e9f\u00e9rentes suivantes\u00a0 ou les comit\u00e9s d\u00e9partementaux<\/p>\n<ul>\n<li style=\"list-style-type: none\">\n<ul>\n<li style=\"list-style-type: none\">\n<ul>\n<li>CDK 22 : H.DENIS T\u00e9l : 06 88 17 98 43<\/li>\n<li>CDK 29 : N.SEGARD T\u00e9l : 06.61.81.75.94<\/li>\n<li>CDK 35 : V.MEGNAN T\u00e9l : 06.06.80.48.00<\/li>\n<li>CDK 56 : A.LE SENECHAL<\/li>\n<\/ul>\n<\/li>\n<\/ul>\n<\/li>\n<\/ul>\n<p>[\/vc_column_text][\/vc_column][\/vc_row]<\/p>\n<\/div>","protected":false},"excerpt":{"rendered":"<p>[vc_row][vc_column][vc_column_text] FORMATION DIF, DAF et AFA DANS LES D\u00c9PARTEMENTS [\/vc_column_text][\/vc_column][\/vc_row][vc_row][vc_column][vc_column_text]Les formations DIF\/DAF\/AFA sont dor\u00e9navant g\u00e9r\u00e9s par les\u00a0 comit\u00e9s d\u00e9partementaux Contactez les personnes r\u00e9f\u00e9rentes suivantes\u00a0 ou les comit\u00e9s d\u00e9partementaux CDK 22 : H.DENIS T\u00e9l : 06 88 17 98 43 CDK 29 : N.SEGARD T\u00e9l : 06.61.81.75.94 CDK 35 : V.MEGNAN T\u00e9l : 06.06.80.48.00 CDK 56 [&hellip;]<\/p>\n","protected":false},"author":20,"featured_media":0,"parent":0,"menu_order":0,"comment_status":"closed","ping_status":"closed","template":"","meta":{"footnotes":""},"class_list":["post-56","page","type-page","status-publish","hentry"],"_links":{"self":[{"href":"https:\/\/sites.ffkarate.fr\/liguebretagne\/wp-json\/wp\/v2\/pages\/56","targetHints":{"allow":["GET"]}}],"collection":[{"href":"https:\/\/sites.ffkarate.fr\/liguebretagne\/wp-json\/wp\/v2\/pages"}],"about":[{"href":"https:\/\/sites.ffkarate.fr\/liguebretagne\/wp-json\/wp\/v2\/types\/page"}],"author":[{"embeddable":true,"href":"https:\/\/sites.ffkarate.fr\/liguebretagne\/wp-json\/wp\/v2\/users\/20"}],"replies":[{"embeddable":true,"href":"https:\/\/sites.ffkarate.fr\/liguebretagne\/wp-json\/wp\/v2\/comments?post=56"}],"version-history":[{"count":10,"href":"https:\/\/sites.ffkarate.fr\/liguebretagne\/wp-json\/wp\/v2\/pages\/56\/revisions"}],"predecessor-version":[{"id":9078,"href":"https:\/\/sites.ffkarate.fr\/liguebretagne\/wp-json\/wp\/v2\/pages\/56\/revisions\/9078"}],"wp:attachment":[{"href":"https:\/\/sites.ffkarate.fr\/liguebretagne\/wp-json\/wp\/v2\/media?parent=56"}],"curies":[{"name":"wp","href":"https:\/\/api.w.org\/{rel}","templated":true}]}}