{"id":4,"date":"2021-05-07T15:35:17","date_gmt":"2021-05-07T13:35:17","guid":{"rendered":"https:\/\/sites.ffkarate.fr\/liguecorse\/?page_id=4"},"modified":"2021-09-16T10:01:54","modified_gmt":"2021-09-16T08:01:54","slug":"presentation","status":"publish","type":"page","link":"https:\/\/sites.ffkarate.fr\/liguecorse\/presentation\/","title":{"rendered":"Pr\u00e9sentation"},"content":{"rendered":"<div class=\"wpb-content-wrapper\"><p>[vc_row full_width=\u00a0\u00bbstretch_row_content\u00a0\u00bb bg_grey=\u00a0\u00bb1&Prime;][vc_column width=\u00a0\u00bb1\/4&Prime;][ffk_peoplecard image=\u00a0\u00bb1376&Prime; title=\u00a0\u00bbJean Michel FERACCI\u00a0\u00bb subtitle=\u00a0\u00bbPr\u00e9sident\u00a0\u00bb][\/vc_column][vc_column width=\u00a0\u00bb3\/4&Prime;][vc_column_text]<\/p>\n<blockquote><p><em>\u00ab\u00a0Bienvenue sur le site officiel du Comit\u00e9 d\u00e9partemental !<\/em><\/p>\n<p><em>Vous trouverez sur ce site toute l\u2019actualit\u00e9 du karat\u00e9 et de ses disciplines associ\u00e9es :<\/em><br \/>\n<em>le calendrier des diff\u00e9rentes comp\u00e9titions, les passages de grade, stages et autres manifestations, mais aussi toutes les informations et documents n\u00e9cessaires aux dirigeants de club ainsi qu\u2019aux licenci\u00e9s.<\/em><\/p>\n<p><em>Bonne visite.\u00a0\u00bb <\/em><\/p>\n<p><strong>Le Pr\u00e9sident du Comit\u00e9 d\u00e9partemental<\/strong><\/p><\/blockquote>\n<p>[\/vc_column_text][\/vc_column][\/vc_row][vc_row][vc_column][vc_empty_space height=\u00a0\u00bb40&Prime;][vc_row_inner][vc_column_inner][vc_column_text]<\/p>\n<h3 class=\"entry-title\" style=\"text-align: center\"><strong><span style=\"color: #1423a0\">COMIT\u00c9 DIRECTEUR<\/span><\/strong><\/h3>\n<h6 style=\"text-align: center\">OLYMPIADE 2020\/2024<\/h6>\n<p>[\/vc_column_text][\/vc_column_inner][\/vc_row_inner][vc_row_inner equal_height=\u00a0\u00bbyes\u00a0\u00bb css=\u00a0\u00bb.vc_custom_1617006214271{border-bottom-width: 10px !important;}\u00a0\u00bb][vc_column_inner width=\u00a0\u00bb1\/4&Prime;][\/vc_column_inner][vc_column_inner width=\u00a0\u00bb1\/4&Prime;][ffk_peoplecard image=\u00a0\u00bb1376&Prime; title=\u00a0\u00bbJean Michel FERACCI\u00a0\u00bb subtitle=\u00a0\u00bbPr\u00e9sident\u00a0\u00bb][\/vc_column_inner][vc_column_inner width=\u00a0\u00bb1\/4&Prime;][ffk_peoplecard title=\u00a0\u00bbRen\u00e9\u00a0\u00bb subtitle=\u00a0\u00bbCARRUGGI\u00a0\u00bb image=\u00a0\u00bb1384&Prime;][\/vc_column_inner][vc_column_inner width=\u00a0\u00bb1\/4&Prime;][\/vc_column_inner][\/vc_row_inner][vc_row_inner][vc_column_inner width=\u00a0\u00bb1\/4&Prime;][\/vc_column_inner][vc_column_inner width=\u00a0\u00bb1\/4&Prime;][ffk_peoplecard title=\u00a0\u00bbAlain ESCOFFIER\u00a0\u00bb subtitle=\u00a0\u00bbSECR\u00c9TAIRE G\u00c9N\u00c9RAL\u00a0\u00bb image=\u00a0\u00bb1380&Prime;][\/vc_column_inner][vc_column_inner width=\u00a0\u00bb1\/4&Prime;][ffk_peoplecard title=\u00a0\u00bbFabienne FERACCI\u00a0\u00bb subtitle=\u00a0\u00bbTR\u00c9SORIER G\u00c9N\u00c9RAL\u00a0\u00bb image=\u00a0\u00bb354&Prime;][\/vc_column_inner][vc_column_inner width=\u00a0\u00bb1\/4&Prime;][\/vc_column_inner][\/vc_row_inner][vc_row_inner][vc_column_inner width=\u00a0\u00bb1\/4&Prime;][ffk_peoplecard title=\u00a0\u00bbFranck BORGOMANO\u00a0\u00bb image=\u00a0\u00bb1403&Prime;][\/vc_column_inner][vc_column_inner width=\u00a0\u00bb1\/4&Prime;][ffk_peoplecard title=\u00a0\u00bbMarie Ange MILLELIRI\u00a0\u00bb image=\u00a0\u00bb1393&Prime;][\/vc_column_inner][vc_column_inner width=\u00a0\u00bb1\/4&Prime;][ffk_peoplecard title=\u00a0\u00bbDenis LLORCA\u00a0\u00bb image=\u00a0\u00bb1394&Prime;][\/vc_column_inner][vc_column_inner width=\u00a0\u00bb1\/4&Prime;][ffk_peoplecard title=\u00a0\u00bbChristian ZANELLA\u00a0\u00bb image=\u00a0\u00bb1387&Prime;][\/vc_column_inner][\/vc_row_inner][vc_row_inner][vc_column_inner width=\u00a0\u00bb1\/4&Prime;][ffk_peoplecard title=\u00a0\u00bbAntoine NIEDDU\u00a0\u00bb image=\u00a0\u00bb7&Prime;][\/vc_column_inner][vc_column_inner width=\u00a0\u00bb1\/4&Prime;][ffk_peoplecard title=\u00a0\u00bbH\u00e9l\u00e8ne SPINOSI\u00a0\u00bb image=\u00a0\u00bb1390&Prime;][\/vc_column_inner][vc_column_inner width=\u00a0\u00bb1\/4&Prime;][ffk_peoplecard title=\u00a0\u00bbLaurent MEI\u00a0\u00bb image=\u00a0\u00bb1402&Prime;][\/vc_column_inner][vc_column_inner width=\u00a0\u00bb1\/4&Prime;][ffk_peoplecard title=\u00a0\u00bbJean Paul CORRIERI\u00a0\u00bb image=\u00a0\u00bb1400&Prime;][\/vc_column_inner][\/vc_row_inner][vc_row_inner][vc_column_inner width=\u00a0\u00bb1\/4&Prime;][\/vc_column_inner][vc_column_inner width=\u00a0\u00bb1\/4&Prime;][ffk_peoplecard title=\u00a0\u00bbThomas GIOVANNETTI\u00a0\u00bb image=\u00a0\u00bb1398&Prime;][\/vc_column_inner][vc_column_inner width=\u00a0\u00bb1\/4&Prime;][ffk_peoplecard title=\u00a0\u00bbJean Baptiste DAU\u00a0\u00bb image=\u00a0\u00bb7&Prime;][\/vc_column_inner][vc_column_inner width=\u00a0\u00bb1\/4&Prime;][\/vc_column_inner][\/vc_row_inner][vc_empty_space height=\u00a0\u00bb40&Prime;][\/vc_column][\/vc_row][vc_row][vc_column][vc_empty_space height=\u00a0\u00bb40&Prime;][vc_row_inner][vc_column_inner][vc_column_text]<\/p>\n<h3 class=\"entry-title\" style=\"text-align: center\"><strong><span style=\"color: #1423a0\">\u00c9QUIPE TECHNIQUE R<\/span><\/strong><strong><span style=\"color: #1423a0\">\u00c9GIONALE<\/span><\/strong><\/h3>\n<h6 style=\"text-align: center\">OLYMPIADE 2020\/2024<\/h6>\n<p>[\/vc_column_text][\/vc_column_inner][\/vc_row_inner][vc_row_inner css=\u00a0\u00bb.vc_custom_1617006214271{border-bottom-width: 10px !important;}\u00a0\u00bb][vc_column_inner width=\u00a0\u00bb1\/4&Prime;][\/vc_column_inner][vc_column_inner width=\u00a0\u00bb1\/4&Prime;][ffk_peoplecard image=\u00a0\u00bb1405&Prime; title=\u00a0\u00bbJean Marie COMITI\u00a0\u00bb subtitle=\u00a0\u00bbDIRECTEUR TECHNIQUE REGIONAL\u00a0\u00bb][\/vc_column_inner][vc_column_inner width=\u00a0\u00bb1\/4&Prime;][ffk_peoplecard title=\u00a0\u00bbVal\u00e9rie TAUNAY\u00a0\u00bb subtitle=\u00a0\u00bbVICE-PR\u00c9SIDENTE\u00a0\u00bb image=\u00a0\u00bb46&Prime;][\/vc_column_inner][vc_column_inner width=\u00a0\u00bb1\/4&Prime;][\/vc_column_inner][\/vc_row_inner][vc_row_inner][vc_column_inner width=\u00a0\u00bb1\/4&Prime;][ffk_peoplecard title=\u00a0\u00bbCarine BALDRICHI\u00a0\u00bb subtitle=\u00a0\u00bbCOMMISSION \u00c9COLE R\u00c9GIONALE DE FORMATION\u00a0\u00bb image=\u00a0\u00bb1406&Prime;][\/vc_column_inner][vc_column_inner width=\u00a0\u00bb1\/4&Prime;][ffk_peoplecard title=\u00a0\u00bbMarc CALZAGHE\u00a0\u00bb subtitle=\u00a0\u00bbCOMMISSION ARBITRAGE KARAT\u00c9\u00a0\u00bb image=\u00a0\u00bb1407&Prime;][\/vc_column_inner][vc_column_inner width=\u00a0\u00bb1\/4&Prime;][ffk_peoplecard title=\u00a0\u00bbSylvie NUNZI\u00a0\u00bb subtitle=\u00a0\u00bbCOMMISSION DES GRADES KARAT\u00c9\u00a0\u00bb image=\u00a0\u00bb1383&Prime;][\/vc_column_inner][vc_column_inner width=\u00a0\u00bb1\/4&Prime;][ffk_peoplecard title=\u00a0\u00bbAlexandra FERACCI\u00a0\u00bb subtitle=\u00a0\u00bbEXPERT R\u00c9GIONAL KATA\u00a0\u00bb image=\u00a0\u00bb46&Prime;][\/vc_column_inner][\/vc_row_inner][vc_row_inner][vc_column_inner width=\u00a0\u00bb1\/4&Prime;][ffk_peoplecard title=\u00a0\u00bbLaetitia FERACCI\u00a0\u00bb subtitle=\u00a0\u00bbENTRAINEUR R\u00c9GIONAL ET DU POLE ESPOIR KATA &amp; KUMIT\u00c9\u00a0\u00bb image=\u00a0\u00bb46&Prime;][\/vc_column_inner][vc_column_inner width=\u00a0\u00bb1\/4&Prime;][ffk_peoplecard title=\u00a0\u00bbMathieu SPINOSI\u00a0\u00bb subtitle=\u00a0\u00bbENTRAINEUR R\u00c9GIONAL ADJOINT KATA\u00a0\u00bb image=\u00a0\u00bb7&Prime;][\/vc_column_inner][vc_column_inner width=\u00a0\u00bb1\/4&Prime;][ffk_peoplecard title=\u00a0\u00bbJohn CHAN KIN\u00a0\u00bb subtitle=\u00a0\u00bbDTL ADJOINT &#8211; COMMISSION KUNG FU WUSHU ET GRADE\u00a0\u00bb image=\u00a0\u00bb7&Prime;][\/vc_column_inner][vc_column_inner width=\u00a0\u00bb1\/4&Prime;][ffk_peoplecard title=\u00a0\u00bbLaurent MEI\u00a0\u00bb subtitle=\u00a0\u00bbCOMMISSION ARBITRAGE KUNG FU WUSHU\u00a0\u00bb image=\u00a0\u00bb1402&Prime;][\/vc_column_inner][\/vc_row_inner][vc_row_inner][vc_column_inner width=\u00a0\u00bb1\/4&Prime;][ffk_peoplecard title=\u00a0\u00bbRenato BIANCO\u00a0\u00bb subtitle=\u00a0\u00bbCOMMISSION TECHNIQUE &#8211; TAI CHI CHUAN &#8211; QI GONG\u00a0\u00bb image=\u00a0\u00bb7&Prime;][\/vc_column_inner][vc_column_inner width=\u00a0\u00bb1\/4&Prime;][ffk_peoplecard title=\u00a0\u00bbRen\u00e9 CARRUGGI\u00a0\u00bb subtitle=\u00a0\u00bbDTL ADJOINT DISCIPLINE KRAV MAGA\u00a0\u00bb image=\u00a0\u00bb1384&Prime;][\/vc_column_inner][vc_column_inner width=\u00a0\u00bb1\/4&Prime;][ffk_peoplecard title=\u00a0\u00bbMatthieu BRIAND\u00a0\u00bb subtitle=\u00a0\u00bbCOMMISSION KRAV MAGA\u00a0\u00bb image=\u00a0\u00bb7&Prime;][\/vc_column_inner][vc_column_inner width=\u00a0\u00bb1\/4&Prime;][ffk_peoplecard title=\u00a0\u00bbSebastien CARRUGGI\u00a0\u00bb subtitle=\u00a0\u00bbCOMMISSION DES GRADES KRAV MAGA\u00a0\u00bb image=\u00a0\u00bb1392&Prime;][\/vc_column_inner][\/vc_row_inner][vc_row_inner][vc_column_inner width=\u00a0\u00bb1\/4&Prime;][\/vc_column_inner][vc_column_inner width=\u00a0\u00bb1\/4&Prime;][ffk_peoplecard title=\u00a0\u00bbSebastien ROUSSEL\u00a0\u00bb subtitle=\u00a0\u00bbCOMMISSION KARAT\u00c9 SCOLAIRE\u00a0\u00bb image=\u00a0\u00bb1409&Prime;][\/vc_column_inner][vc_column_inner width=\u00a0\u00bb1\/4&Prime;][\/vc_column_inner][vc_column_inner width=\u00a0\u00bb1\/4&Prime;][\/vc_column_inner][\/vc_row_inner][vc_empty_space height=\u00a0\u00bb40&Prime;][\/vc_column][\/vc_row]<\/p>\n<\/div>","protected":false},"excerpt":{"rendered":"<p>[vc_row full_width=\u00a0\u00bbstretch_row_content\u00a0\u00bb bg_grey=\u00a0\u00bb1&Prime;][vc_column width=\u00a0\u00bb1\/4&Prime;][ffk_peoplecard image=\u00a0\u00bb1376&Prime; title=\u00a0\u00bbJean Michel FERACCI\u00a0\u00bb subtitle=\u00a0\u00bbPr\u00e9sident\u00a0\u00bb][\/vc_column][vc_column width=\u00a0\u00bb3\/4&Prime;][vc_column_text] \u00ab\u00a0Bienvenue sur le site officiel du Comit\u00e9 d\u00e9partemental ! Vous trouverez sur ce site toute l\u2019actualit\u00e9 du karat\u00e9 et de ses disciplines associ\u00e9es : le calendrier des diff\u00e9rentes comp\u00e9titions, les passages de grade, stages et autres manifestations, mais aussi toutes les informations et documents n\u00e9cessaires [&hellip;]<\/p>\n","protected":false},"author":1,"featured_media":0,"parent":0,"menu_order":0,"comment_status":"closed","ping_status":"closed","template":"page-fullwidth.php","meta":{"footnotes":""},"class_list":["post-4","page","type-page","status-publish","hentry"],"_links":{"self":[{"href":"https:\/\/sites.ffkarate.fr\/liguecorse\/wp-json\/wp\/v2\/pages\/4","targetHints":{"allow":["GET"]}}],"collection":[{"href":"https:\/\/sites.ffkarate.fr\/liguecorse\/wp-json\/wp\/v2\/pages"}],"about":[{"href":"https:\/\/sites.ffkarate.fr\/liguecorse\/wp-json\/wp\/v2\/types\/page"}],"author":[{"embeddable":true,"href":"https:\/\/sites.ffkarate.fr\/liguecorse\/wp-json\/wp\/v2\/users\/1"}],"replies":[{"embeddable":true,"href":"https:\/\/sites.ffkarate.fr\/liguecorse\/wp-json\/wp\/v2\/comments?post=4"}],"version-history":[{"count":3,"href":"https:\/\/sites.ffkarate.fr\/liguecorse\/wp-json\/wp\/v2\/pages\/4\/revisions"}],"predecessor-version":[{"id":1522,"href":"https:\/\/sites.ffkarate.fr\/liguecorse\/wp-json\/wp\/v2\/pages\/4\/revisions\/1522"}],"wp:attachment":[{"href":"https:\/\/sites.ffkarate.fr\/liguecorse\/wp-json\/wp\/v2\/media?parent=4"}],"curies":[{"name":"wp","href":"https:\/\/api.w.org\/{rel}","templated":true}]}}