{"id":2225,"date":"2024-09-18T01:23:40","date_gmt":"2024-09-17T23:23:40","guid":{"rendered":"https:\/\/sites.ffkarate.fr\/ligueguadeloupe\/?page_id=2225"},"modified":"2024-09-21T22:51:49","modified_gmt":"2024-09-21T20:51:49","slug":"les-clubes-de-karate-jutsu","status":"publish","type":"page","link":"https:\/\/sites.ffkarate.fr\/ligueguadeloupe\/les-clubes-de-karate-jutsu\/","title":{"rendered":"Les Clubes de Karat\u00e9 Jutsu"},"content":{"rendered":"<div class=\"wpb-content-wrapper\"><p>[vc_row][vc_column][vc_column_text]<strong>A\u00cfTO<\/strong><\/p>\n<ul>\n<li><strong><span style=\"color: #0000ff\">A\u00efto Kwondo*<\/span><\/strong><\/li>\n<\/ul>\n<p>Petit Paris &#8211; Basse Terre<\/p>\n<p><span style=\"color: #ff0000\"><em>Style : A\u00efto<\/em><\/span><\/p>\n<p><em><span style=\"text-decoration: underline\">Contact<\/span> : Elin LUREL &#8211; <strong><span style=\"color: #000080\">0690 99 49 63<\/span><\/strong><\/em><\/p>\n<p>&nbsp;<\/p>\n<p>&nbsp;<\/p>\n<p><strong>NIHON TA\u00cf-JITSU<\/strong><\/p>\n<ul>\n<li><strong><span style=\"color: #0000ff\">Ntj Deshaies Ryu<\/span><\/strong><\/li>\n<\/ul>\n<p>Ancienne \u00c9cole Primaire Jules Annerose &#8211; Rifflet &#8211; Deshaies<\/p>\n<p><span style=\"color: #ff0000\"><em>Style : Nihon Ta\u00ef Jitsu<\/em><\/span><\/p>\n<p><em><span style=\"text-decoration: underline\">Contact<\/span> : Barbara JEANNE &#8211; <span style=\"color: #000080\"><strong>0690 40 80 47<\/strong> <\/span>&#8211; <\/em><em>ntjdeshaiesryu@aol.com &#8211; <\/em>Fb : <a title=\"Ntj Deshaies Ryu\" href=\"https:\/\/www.facebook.com\/profile.php?id=100063443360528\" target=\"_blank\" rel=\"noopener\">Ntj Deshaies Ryu<\/a> \/ Insta :\u00a0<a title=\"Ntj Deshaies Ryu\" href=\"https:\/\/www.instagram.com\/ntj_deshaies_ryu?igsh=MWI4cWVybXFiOG9jcg%3D%3D&amp;utm_source=qr\" target=\"_blank\" rel=\"noopener\">Ntj Deshaies Ryu<\/a><\/p>\n<p>&nbsp;<\/p>\n<p>&nbsp;<\/p>\n<p><strong>SHIDOKAN<\/strong><\/p>\n<ul>\n<li><span style=\"color: #0000ff\"><strong>Carribean Shidokan<\/strong><\/span><\/li>\n<\/ul>\n<p>Dojo Zac de Bellevue &#8211; Saint Martin<\/p>\n<p><span style=\"color: #ff0000\"><em>Style : Karat\u00e9 Shidokan<\/em><\/span><\/p>\n<p><em><span style=\"text-decoration: underline\">Contact<\/span> : Rodolphe ARNAL &#8211; <span style=\"color: #000080\"><strong>0690 57 57 27<\/strong><\/span> &#8211; caribbean.shidokan@gmail.com \/ <\/em><em>Florence &#8211; <span style=\"color: #000080\"><strong>0690 45 24 71\u00a0<\/strong><\/span><\/em><\/p>\n<p>&nbsp;<\/p>\n<p><strong>SHINDOKA\u00cf<\/strong><\/p>\n<ul>\n<li><span style=\"color: #0000ff\"><strong>Caribean Karat\u00e9 Oyama SXM and Fitness<\/strong><\/span><\/li>\n<\/ul>\n<p>Hope-state &#8211; Saint Martin<\/p>\n<p><span style=\"color: #ff0000\"><em>Style : Karat\u00e9 Shindoka\u00ef<\/em><\/span><\/p>\n<p><span style=\"color: #000000\"><em><span style=\"text-decoration: underline\">Contact<\/span> : Thierry St AURET &#8211; <\/em><\/span><strong><span style=\"color: #000080\"><em>0690 32 15 60<\/em><\/span><\/strong><\/p>\n<p>&nbsp;<\/p>\n<p><strong>TA\u00cf-JITSU<\/strong><\/p>\n<ul>\n<li><strong><span style=\"color: #0000ff\">Antilles Ta\u00ef Jitsu*<\/span><\/strong><\/li>\n<\/ul>\n<p>Salle de Maison du Quartier de Madame &#8211; Sainte Rose<\/p>\n<p><span style=\"color: #ff0000\"><em>Style : Ta\u00ef Jitsu<\/em><\/span><\/p>\n<p><em><span style=\"text-decoration: underline\">Contact<\/span> : Christian BISONI &#8211; <span style=\"color: #000080\"><strong>06 86 81 36 96<\/strong><\/span><\/em><\/p>\n<p>&nbsp;<\/p>\n<ul>\n<li><strong><span style=\"color: #0000ff\">Karukera Ta\u00ef Jitsu<\/span><\/strong><\/li>\n<\/ul>\n<p>Camp Dugommier &#8211; RSMA &#8211; Baie Mahault<\/p>\n<p><span style=\"color: #ff0000\"><em>Style : Ta\u00ef Jitsu<\/em><\/span><\/p>\n<p><em><span style=\"text-decoration: underline\">Contact<\/span> : Didier TESTUD &#8211; <span style=\"color: #000080\"><strong>0690 19 50 80<\/strong><\/span> &#8211;\u00a0<\/em><i>karukera.taijitsu@gmail.com &#8211; <\/i>Fb :\u00a0<a href=\"https:\/\/www.facebook.com\/karukerataijitsu\" target=\"_blank\" rel=\"noopener\">Karukera Ta\u00ef Jitsu<\/a>[\/vc_column_text][\/vc_column][\/vc_row]<\/p>\n<\/div>","protected":false},"excerpt":{"rendered":"<p>[vc_row][vc_column][vc_column_text]A\u00cfTO A\u00efto Kwondo* Petit Paris &#8211; Basse Terre Style : A\u00efto Contact : Elin LUREL &#8211; 0690 99 49 63 &nbsp; &nbsp; NIHON TA\u00cf-JITSU Ntj Deshaies Ryu Ancienne \u00c9cole Primaire Jules Annerose &#8211; Rifflet &#8211; Deshaies Style : Nihon Ta\u00ef Jitsu Contact : Barbara JEANNE &#8211; 0690 40 80 47 &#8211; ntjdeshaiesryu@aol.com &#8211; Fb : [&hellip;]<\/p>\n","protected":false},"author":84,"featured_media":0,"parent":0,"menu_order":0,"comment_status":"closed","ping_status":"closed","template":"","meta":{"footnotes":""},"class_list":["post-2225","page","type-page","status-publish","hentry"],"_links":{"self":[{"href":"https:\/\/sites.ffkarate.fr\/ligueguadeloupe\/wp-json\/wp\/v2\/pages\/2225","targetHints":{"allow":["GET"]}}],"collection":[{"href":"https:\/\/sites.ffkarate.fr\/ligueguadeloupe\/wp-json\/wp\/v2\/pages"}],"about":[{"href":"https:\/\/sites.ffkarate.fr\/ligueguadeloupe\/wp-json\/wp\/v2\/types\/page"}],"author":[{"embeddable":true,"href":"https:\/\/sites.ffkarate.fr\/ligueguadeloupe\/wp-json\/wp\/v2\/users\/84"}],"replies":[{"embeddable":true,"href":"https:\/\/sites.ffkarate.fr\/ligueguadeloupe\/wp-json\/wp\/v2\/comments?post=2225"}],"version-history":[{"count":6,"href":"https:\/\/sites.ffkarate.fr\/ligueguadeloupe\/wp-json\/wp\/v2\/pages\/2225\/revisions"}],"predecessor-version":[{"id":2251,"href":"https:\/\/sites.ffkarate.fr\/ligueguadeloupe\/wp-json\/wp\/v2\/pages\/2225\/revisions\/2251"}],"wp:attachment":[{"href":"https:\/\/sites.ffkarate.fr\/ligueguadeloupe\/wp-json\/wp\/v2\/media?parent=2225"}],"curies":[{"name":"wp","href":"https:\/\/api.w.org\/{rel}","templated":true}]}}