{"id":413,"date":"2016-09-07T01:13:46","date_gmt":"2016-09-06T23:13:46","guid":{"rendered":"https:\/\/sites.ffkarate.fr\/ligueguadeloupe\/?page_id=413"},"modified":"2021-09-01T15:36:36","modified_gmt":"2021-09-01T13:36:36","slug":"arts-martiaux-vietnamiens","status":"publish","type":"page","link":"https:\/\/sites.ffkarate.fr\/ligueguadeloupe\/disciplines-associees\/arts-martiaux-vietnamiens\/","title":{"rendered":"Arts Martiaux Vietnamiens"},"content":{"rendered":"<div class=\"wpb-content-wrapper\"><p>[vc_row][vc_column][vc_column_text]<\/p>\n<h1 style=\"text-align: center\"><\/h1>\n<h1 style=\"text-align: center\">\u00a0<strong>Les ARTS MARTIAUX VIETNAMIEN<\/strong><\/h1>\n<p>&nbsp;<\/p>\n<h1 style=\"text-align: center\"><\/h1>\n<p>Aujourd&rsquo;hui, au Vietnam, la plupart des arts martiaux sont repr\u00e9sent\u00e9s, que ce soit le<br \/>\nTaekwondo pour la Cor\u00e9e, le Karat\u00e9, le Judo et l&rsquo;A\u00efkido pour le Japon, le Wushu pour la Chine&#8230;<br \/>\nA c\u00f4t\u00e9 de ces disciplines, les arts martiaux autochtones sont rassembl\u00e9s au sein de deux<br \/>\ngrandes f\u00e9d\u00e9rations :<\/p>\n<p style=\"padding-left: 30px\">\u2192 la F\u00e9d\u00e9ration des Arts Martiaux Traditionnels du Vietnam (Li\u00ean \u0111o\u00e0n v\u00f5 thu\u1eadt c\u1ed5 truy\u1ec1n<br \/>\nVi\u1ec7t Nam) qui regroupe un grand nombre de styles anciens<br \/>\n\u2192 et la F\u00e9d\u00e9ration de Vovinam Vi\u1ec7t V\u00f5 \u0110\u1ea1o, discipline \u00abcontemporaine\u00bb cr\u00e9\u00e9e au milieu du<br \/>\n20e si\u00e8cle par le ma\u00eetre Nguy\u00ean L\u1ed9c \u00e0 partir de savoirs anciens glan\u00e9s \u00e0 travers tout le<br \/>\nVietnam.<\/p>\n<p>Pr\u00e9cisons tout d&rsquo;abord, que les termes exacts, au Vietnam, pour d\u00e9signer les \u00ab arts martiaux \u00bb sont<br \/>\nV\u00f5 Thu\u1eadt (ou plus simplement V\u00f5) l&rsquo;\u00e9quivalent chinois de Wu Shu, V\u00f5 Thu\u1eadt C\u1ed5 Truy\u1ec1n (\u00ab art<br \/>\nmartial traditionnel \u00bb), ou encore V\u00f5 Tr\u1eadn \u0110\u1ea1i Vi\u1ec7t (\u00ab Tradition martiale des champs de bataille<br \/>\ndu \u0110\u1ea1i Vi\u1ec7t \u00bb), appellation revendiqu\u00e9e par de nombreuses \u00e9coles dont la g\u00e9n\u00e9alogie, les archives,<br \/>\nles savoirs transmis et les formes de pratique montrent un lien \u00e9troit entre l\u2019\u00e9laboration de leur<br \/>\nm\u00e9thode et les r\u00e9alit\u00e9s de l\u2019affrontement militaire.<br \/>\nCertaines de ces \u00e9coles, d\u2019ailleurs, \u00e0 l\u2019image de l&rsquo;\u00e9cole B\u00ecnh \u00d0\u1ecbnh Sa Long C\u01b0\u01a1ng, se battent pour<br \/>\nconserver, en tant que patrimoine national \u00e0 prot\u00e9ger, la sp\u00e9cificit\u00e9 et l\u2019authenticit\u00e9 de la pratique du<br \/>\nV\u00f5 Tr\u1eadn \u0110\u1ea1i Vi\u1ec7t, en ne retenant sous cette appellation que les enseignements qui appartiennent \u00e0 la<br \/>\nstricte tradition Vi\u1ec7t.<br \/>\n\u00ab Art martial \u00bb se traduit par V\u00f5 Thu\u1eadt, mais pour diff\u00e9rencier les diff\u00e9rentes formes de pratiques, on<br \/>\ndistingue :<\/p>\n<p style=\"padding-left: 60px\">\u25cf V\u00f5 T\u1ef1 V\u1ec7 : \u00ab art de l\u2019auto-d\u00e9fense \u00bb ;<br \/>\n\u25cf V\u00f5 Quy\u1ec1n Thu\u1eadt : \u00ab art de la boxe \u00bb ;<br \/>\n\u25cf V\u00f5 T\u1ef1 Do : \u00ab combat libre \u00bb ;<br \/>\n\u25cf V\u00f5 Vu Thu\u1eadt : \u00ab la magie de l&rsquo;art martial \u00bb, pratique d\u00e9monstrative ;<br \/>\n\u25cf V\u00f5 Binh Kh\u00ed : la pratique avec armes ;<br \/>\n\u25cf V\u1eadt C\u1ed5 Truy\u1ec1n : la lutte traditionnelle.<\/p>\n<p>Maintenant, il est aussi habituel de d\u00e9signer une m\u00e9thode directement par son nom auquel on peut<br \/>\n\u00e9ventuellement adjoindre le terme \u00abV\u00f5 Ph\u00e1i\u00bb (m\u00e9thode), M\u00f4n Ph\u00e1i (\u00e9cole), Quy\u1ec1n (boxe), Quy\u1ec1n<br \/>\nThu\u1eadt (art de la boxe), C\u00f4ng Ph\u1ee5 (Kung fu, \u00ab ma\u00eetrise obtenue par l&rsquo;entra\u00eenement \u00bb) ou \u0110\u1ea1o (Voie).<br \/>\nAinsi, parlera-t-on du S\u1ecfn Long Quy\u1ec1n Thu\u1eadt, du Lam S\u01a1n V\u00f5 \u0110\u1ea1o, du H\u00e0n B\u00e1i C\u00f4ng Ph\u1ee5, du Thi\u1ebfu<br \/>\nL\u00e2m Nam Ph\u00e1i, &#8230;<br \/>\nLe V\u00f5 C\u1ed5 Truy\u1ec1n Vi\u1ec7t Nam regroupe donc de nombreux styles d&rsquo;origine vietnamienne ou sinovietnamienne<br \/>\ncomme les styles B\u00ecnh \u0110\u1ecbnh, B\u1eafc Ninh, T\u00e2y S\u01a1n, Tinh Hoa V\u00f5 \u0110\u1ea1o, Long H\u1ed5 H\u1ed9i, Thanh<br \/>\nLong V\u00f5 \u0110\u1ea1o, Lam s\u01a1n, Thi\u1ebfu L\u00e2m Ch\u00e1nh T\u00f4ng, Thi\u1ebfu L\u00e2m N\u1ed9i Quy\u1ec1n&#8230; Les \u00e9coles de ces diff\u00e9rents<br \/>\nstyles conservent une grande autonomie, m\u00eame si des formes techniques communes (Th\u00e1o),<br \/>\nemprunt\u00e9es au patrimoine de diverses \u00e9coles, ont assez r\u00e9cemment \u00e9t\u00e9 choisies pour constituer un \u00ab<br \/>\nlangage commun \u00bb lors des grandes rencontres inter-styles.<br \/>\nLa F\u00e9d\u00e9ration des Arts Martiaux Traditionnels du Vietnam compte environ un million de licenci\u00e9s<br \/>\ndans tout le pays. Le Vovinam Vi\u1ec7t V\u00f5 \u0110\u1ea1o, qui rappelons-le, est au Vietnam, un style \u00e0 part enti\u00e8re,<br \/>\ncompterait au moins 150 000 adh\u00e9rents.<br \/>\nAu Vietnam, on a aussi coutume de classer les \u00e9coles en fonction de leur implantation<br \/>\ng\u00e9ographique. Ainsi distingue-t-on : le V\u00f5 Ph\u00e1i B\u1eafc H\u00e0 ou V\u00f5 B\u1eafc Ninh, courant rassemblant les<br \/>\n\u00e9coles originaires du Nord Vietnam ; le V\u00f5 Qu\u1ea3ng B\u00ecnh et le V\u00f5 B\u00ecnh \u0110\u1ecbnh au Centre Vietnam ; et enfin<br \/>\nle V\u00f5 Ph\u00e1i Nam B\u1ed9 du Sud Vietnam.<br \/>\nUne autre classification consiste \u00e0 diff\u00e9rencier : les \u00ab \u00e9coles anciennes \u00bb du Vietnam appel\u00e9es,<br \/>\ncomme nous l&rsquo;avons vu plus haut V\u00f5 C\u1ed5 Truy\u1ec1n Vi\u1ec7t Nam et V\u00f5 Tr\u1eadn \u0110\u1ea1i Vi\u1ec7t ; les \u00ab \u00e9coles<br \/>\ncontemporaines \u00bb cr\u00e9\u00e9es \u00e0 partir du 20e si\u00e8cle et qui, bien qu&rsquo;ayant des racines anciennes, ont fait<br \/>\nl&rsquo;objet d&rsquo;une restructuration profonde par leur fondateur ; les \u00e9coles cr\u00e9\u00e9es en dehors du<br \/>\nterritoire vietnamien, g\u00e9n\u00e9ralement par des membres de la diaspora vietnamienne mais aussi,<br \/>\nquelque fois, par des Occidentaux ayant \u00e9t\u00e9 form\u00e9s \u00e0 \u00ab l&rsquo;art du combat du Vietnam \u00bb (V\u00f5 Thu\u1eadt<br \/>\nVietnam).<br \/>\nA toutes ces \u00e9coles vietnamiennes ou sino-vietnamiennes, s&rsquo;ajoutent les styles plus proprement<br \/>\nchinois (V\u00f5 Ph\u00e1i G\u1ed1c Trung Hoa) comme le Ch\u00e2u Gia (Zhou Jia), Nga Mi (E Mei), V\u1ecbnh Xu\u00e2n (Wing<br \/>\nChun), Thi\u1ebfu L\u00e2m H\u1ed3ng Gia (Hung Gar), mais aussi les arts martiaux japonais (Karat\u00e9, A\u00efkido&#8230;) ou<br \/>\ncor\u00e9ens.<\/p>\n<p>&nbsp;<\/p>\n<p><span style=\"color: #000000\">La FFKDA regroupe actuellement 14 000 pratiquants, r\u00e9partis dans une vingtaine de styles diff\u00e9rents, de factures plus ou moins r\u00e9centes. On peut y voir entre autres (pratiqu\u00e9s en Guadeloupe) :<\/span><\/p>\n<ul>\n<li><span style=\"color: #000000\">le Vovinam,<\/span><\/li>\n<li><span style=\"color: #000000\">le Thanh Long,<\/span><\/li>\n<li><span style=\"color: #000000\">le Qwan Ki Do.<\/span><\/li>\n<\/ul>\n<p>&nbsp;<\/p>\n<p>&nbsp;<\/p>\n<p><a href=\"https:\/\/sites.ffkarate.fr\/ligueguadeloupe\/wp-content\/uploads\/sites\/114\/2020\/11\/3.jpg\">\u00a0<\/a><a href=\"https:\/\/sites.ffkarate.fr\/ligueguadeloupe\/wp-content\/uploads\/sites\/114\/2020\/11\/1.jpg\"><br \/>\n<\/a>[\/vc_column_text][\/vc_column][\/vc_row][vc_row][vc_column][ffk_postgrid category=\u00a0\u00bb7&Prime;][\/vc_column][\/vc_row]<\/p>\n<\/div>","protected":false},"excerpt":{"rendered":"<p>[vc_row][vc_column][vc_column_text] \u00a0Les ARTS MARTIAUX VIETNAMIEN &nbsp; Aujourd&rsquo;hui, au Vietnam, la plupart des arts martiaux sont repr\u00e9sent\u00e9s, que ce soit le Taekwondo pour la Cor\u00e9e, le Karat\u00e9, le Judo et l&rsquo;A\u00efkido pour le Japon, le Wushu pour la Chine&#8230; A c\u00f4t\u00e9 de ces disciplines, les arts martiaux autochtones sont rassembl\u00e9s au sein de deux grandes f\u00e9d\u00e9rations [&hellip;]<\/p>\n","protected":false},"author":84,"featured_media":0,"parent":374,"menu_order":0,"comment_status":"closed","ping_status":"closed","template":"","meta":{"footnotes":""},"class_list":["post-413","page","type-page","status-publish","hentry"],"_links":{"self":[{"href":"https:\/\/sites.ffkarate.fr\/ligueguadeloupe\/wp-json\/wp\/v2\/pages\/413","targetHints":{"allow":["GET"]}}],"collection":[{"href":"https:\/\/sites.ffkarate.fr\/ligueguadeloupe\/wp-json\/wp\/v2\/pages"}],"about":[{"href":"https:\/\/sites.ffkarate.fr\/ligueguadeloupe\/wp-json\/wp\/v2\/types\/page"}],"author":[{"embeddable":true,"href":"https:\/\/sites.ffkarate.fr\/ligueguadeloupe\/wp-json\/wp\/v2\/users\/84"}],"replies":[{"embeddable":true,"href":"https:\/\/sites.ffkarate.fr\/ligueguadeloupe\/wp-json\/wp\/v2\/comments?post=413"}],"version-history":[{"count":2,"href":"https:\/\/sites.ffkarate.fr\/ligueguadeloupe\/wp-json\/wp\/v2\/pages\/413\/revisions"}],"predecessor-version":[{"id":1490,"href":"https:\/\/sites.ffkarate.fr\/ligueguadeloupe\/wp-json\/wp\/v2\/pages\/413\/revisions\/1490"}],"up":[{"embeddable":true,"href":"https:\/\/sites.ffkarate.fr\/ligueguadeloupe\/wp-json\/wp\/v2\/pages\/374"}],"wp:attachment":[{"href":"https:\/\/sites.ffkarate.fr\/ligueguadeloupe\/wp-json\/wp\/v2\/media?parent=413"}],"curies":[{"name":"wp","href":"https:\/\/api.w.org\/{rel}","templated":true}]}}