{"id":984,"date":"2020-09-16T01:20:49","date_gmt":"2020-09-15T23:20:49","guid":{"rendered":"https:\/\/sites.ffkarate.fr\/ligueguadeloupe\/?page_id=984"},"modified":"2024-09-17T16:25:27","modified_gmt":"2024-09-17T14:25:27","slug":"les-differents-styles-de-karate","status":"publish","type":"page","link":"https:\/\/sites.ffkarate.fr\/ligueguadeloupe\/karate\/les-differents-styles-de-karate\/","title":{"rendered":"Les Diff\u00e9rents Types d&rsquo;Arts Martiaux"},"content":{"rendered":"<div class=\"wpb-content-wrapper\"><p>[vc_row][vc_column][vc_column_text]Il existe une multitude de styles de karat\u00e9 et disciplines associ\u00e9es. La diversit\u00e9 des styles permet \u00e0 tout un chacun de trouver une forme d&rsquo;expression en ad\u00e9quation avec sa conception des arts martiaux. Les sp\u00e9cificit\u00e9s r\u00e9sident tant\u00f4t dans la finesse et la ma\u00eetrise des blocages, tant\u00f4t sur le contact, avec comme objectif la recherche de l\u2019efficacit\u00e9 ou encore un travail ax\u00e9 sur les esquives et les saisies, ou la capacit\u00e9 \u00e0 se d\u00e9fendre dans la rue (self-d\u00e9fense).<\/p>\n<p style=\"text-align: justify\">Aujourd&rsquo;hui la FFK (F\u00e9d\u00e9ration Fran\u00e7aise de Karat\u00e9 et Disciplines associ\u00e9es) r\u00e9pertorie un vaste panel de styles de karat\u00e9 et de disciplines associ\u00e9es. Voici des exemples de styles de karat\u00e9, karat\u00e9 justu et de disciplines associ\u00e9es pratiqu\u00e9 aujourd&rsquo;hui en Guadeloupe. Cette liste n&rsquo;est qu&rsquo;un petit aper\u00e7u des arts martiaux et disciplines associ\u00e9es qui existent.<\/p>\n<p style=\"text-align: center\"><em>(Les styles \u00e9crits en caract\u00e8res gras et en bleu sont aujourd&rsquo;hui enseign\u00e9s en Guadeloupe)<\/em><\/p>\n<h3><\/h3>\n<h3><\/h3>\n<h3>Le <strong>Karat\u00e9 :<\/strong><\/h3>\n<ul>\n<li>Body Karat\u00e9<\/li>\n<li><em>Goju Ryu<\/em><\/li>\n<li><strong><span style=\"color: #0000ff\">Karat\u00e9 Contact<\/span><\/strong><\/li>\n<li><em>Karat\u00e9 D\u00e9fense<\/em><\/li>\n<li><em>Kempo<\/em><\/li>\n<li><strong><span style=\"color: #0000ff\">Kyokushinka\u00ef<\/span><\/strong><\/li>\n<li><em>Shito Ryu<\/em><\/li>\n<li><em>Shorin Ryu<\/em><\/li>\n<li>Shotoka\u00ef<\/li>\n<li><em>Shotokan Ryu<\/em><\/li>\n<li>Shukokai<\/li>\n<li><strong><span style=\"color: #0000ff\">Shotokan<\/span><\/strong><\/li>\n<li><em>Uechi Ryu<\/em><\/li>\n<li><strong><span style=\"color: #0000ff\">Wado Ryu<\/span><\/strong><\/li>\n<li>&#8230;<\/li>\n<\/ul>\n<h3><\/h3>\n<p>&nbsp;<\/p>\n<h3>Le <strong>Karat\u00e9 Jutsu :<\/strong><\/h3>\n<ul>\n<li><strong><span style=\"color: #0000ff\">A\u00efto Self D\u00e9fense<\/span><\/strong><\/li>\n<li>Body Karat\u00e9<\/li>\n<li>Karat\u00e9 D\u00e9fense<\/li>\n<li>Ko Budo<\/li>\n<li><strong><span style=\"color: #0000ff\">Nihon Ta\u00ef Jitsu<\/span><\/strong><\/li>\n<li><em>Nunchaku<\/em><\/li>\n<li><strong><span style=\"color: #0000ff\">Shido<\/span><\/strong><strong><span style=\"color: #0000ff\">kan<\/span><\/strong><\/li>\n<li><strong><span style=\"color: #0000ff\">Shindokai<\/span><\/strong><\/li>\n<li>Shinkido<\/li>\n<li>Shorinji Kempo<\/li>\n<li>Shudo Kan<\/li>\n<li><strong><span style=\"color: #0000ff\">Ta\u00ef Jitsu<\/span><\/strong><\/li>\n<li>&#8230;<\/li>\n<\/ul>\n<p>&nbsp;<\/p>\n<p>&nbsp;<\/p>\n<h3>Les Disciplines Associ\u00e9es :<\/h3>\n<p>Arts Martiaux Vietnamiens traditionnels<\/p>\n<ul>\n<li>Kali Eskrima<\/li>\n<li><em>Kempo<\/em><\/li>\n<li><strong><span style=\"color: #0000ff\">Krav Maga<\/span><\/strong><\/li>\n<li>Penchak Silat<\/li>\n<li><strong><span style=\"color: #0000ff\">Qwan Ki Do\u00a0<\/span><\/strong><\/li>\n<li>Shorinji Kempo<\/li>\n<li><em>Ta\u00ef-Do<\/em><\/li>\n<li><strong><span style=\"color: #0000ff\">Vovinam Viet Vo Dao<\/span><\/strong><\/li>\n<li>Wushu \/ Art Martiaux Chinois<\/li>\n<li>Wushu Qi Gong<\/li>\n<li><strong><span style=\"color: #0000ff\">Yoseikan Budu<\/span><\/strong><\/li>\n<li>&#8230;<\/li>\n<\/ul>\n<p>[\/vc_column_text][\/vc_column][\/vc_row]<\/p>\n<\/div>","protected":false},"excerpt":{"rendered":"<p>[vc_row][vc_column][vc_column_text]Il existe une multitude de styles de karat\u00e9 et disciplines associ\u00e9es. La diversit\u00e9 des styles permet \u00e0 tout un chacun de trouver une forme d&rsquo;expression en ad\u00e9quation avec sa conception des arts martiaux. Les sp\u00e9cificit\u00e9s r\u00e9sident tant\u00f4t dans la finesse et la ma\u00eetrise des blocages, tant\u00f4t sur le contact, avec comme objectif la recherche de [&hellip;]<\/p>\n","protected":false},"author":84,"featured_media":0,"parent":53,"menu_order":3,"comment_status":"closed","ping_status":"closed","template":"","meta":{"footnotes":""},"class_list":["post-984","page","type-page","status-publish","hentry"],"_links":{"self":[{"href":"https:\/\/sites.ffkarate.fr\/ligueguadeloupe\/wp-json\/wp\/v2\/pages\/984","targetHints":{"allow":["GET"]}}],"collection":[{"href":"https:\/\/sites.ffkarate.fr\/ligueguadeloupe\/wp-json\/wp\/v2\/pages"}],"about":[{"href":"https:\/\/sites.ffkarate.fr\/ligueguadeloupe\/wp-json\/wp\/v2\/types\/page"}],"author":[{"embeddable":true,"href":"https:\/\/sites.ffkarate.fr\/ligueguadeloupe\/wp-json\/wp\/v2\/users\/84"}],"replies":[{"embeddable":true,"href":"https:\/\/sites.ffkarate.fr\/ligueguadeloupe\/wp-json\/wp\/v2\/comments?post=984"}],"version-history":[{"count":6,"href":"https:\/\/sites.ffkarate.fr\/ligueguadeloupe\/wp-json\/wp\/v2\/pages\/984\/revisions"}],"predecessor-version":[{"id":2167,"href":"https:\/\/sites.ffkarate.fr\/ligueguadeloupe\/wp-json\/wp\/v2\/pages\/984\/revisions\/2167"}],"up":[{"embeddable":true,"href":"https:\/\/sites.ffkarate.fr\/ligueguadeloupe\/wp-json\/wp\/v2\/pages\/53"}],"wp:attachment":[{"href":"https:\/\/sites.ffkarate.fr\/ligueguadeloupe\/wp-json\/wp\/v2\/media?parent=984"}],"curies":[{"name":"wp","href":"https:\/\/api.w.org\/{rel}","templated":true}]}}