{"id":4,"date":"2021-05-07T15:35:17","date_gmt":"2021-05-07T13:35:17","guid":{"rendered":"https:\/\/sites.ffkarate.fr\/liguemartinique\/?page_id=4"},"modified":"2022-02-22T12:53:55","modified_gmt":"2022-02-22T11:53:55","slug":"comite-directeur","status":"publish","type":"page","link":"https:\/\/sites.ffkarate.fr\/liguemartinique\/comite-directeur\/","title":{"rendered":"Comit\u00e9 Directeur"},"content":{"rendered":"<div class=\"wpb-content-wrapper\"><p>[vc_row full_width=\u00a0\u00bbstretch_row_content\u00a0\u00bb bg_grey=\u00a0\u00bb1&Prime;][vc_column width=\u00a0\u00bb1\/4&Prime;][ffk_peoplecard image=\u00a0\u00bb2270&Prime; title=\u00a0\u00bbSophie SORRENTE\u00a0\u00bb subtitle=\u00a0\u00bbPr\u00e9sidente\u00a0\u00bb description=\u00a0\u00bbT\u00e9l : 0696 24 36 07<br \/>\nEmail : liguekarate.972@hotmail.com\u00a0\u00bb][\/vc_column][vc_column width=\u00a0\u00bb3\/4&Prime;][vc_column_text]<\/p>\n<blockquote><p><em>\u00ab\u00a0Bienvenue sur le site officiel de la Ligue Karat\u00e9 de Martinique !<\/em><\/p>\n<p><em>Vous trouverez sur ce site toute l\u2019actualit\u00e9 du karat\u00e9 et de ses disciplines associ\u00e9es :<\/em><br \/>\n<em>le calendrier des diff\u00e9rentes comp\u00e9titions, les passages de grade, stages et autres manifestations, mais aussi toutes les informations et documents n\u00e9cessaires aux dirigeants de club ainsi qu\u2019aux licenci\u00e9s.<\/em><\/p>\n<p><em>Bonne visite.\u00a0\u00bb <\/em><\/p>\n<p><strong>La Pr\u00e9sidente de la Ligue<\/strong><\/p><\/blockquote>\n<p>[\/vc_column_text][\/vc_column][\/vc_row][vc_row][vc_column][vc_empty_space height=\u00a0\u00bb40&Prime;][vc_row_inner][vc_column_inner][vc_column_text]<\/p>\n<h3 class=\"entry-title\" style=\"text-align: center\"><strong><span style=\"color: #1423a0\">COMIT\u00c9 DIRECTEUR<\/span><\/strong><\/h3>\n<h6 style=\"text-align: center\">OLYMPIADE 2020\/2024<\/h6>\n<p>[\/vc_column_text][\/vc_column_inner][\/vc_row_inner][vc_row_inner][vc_column_inner width=\u00a0\u00bb1\/4&Prime;][ffk_peoplecard title=\u00a0\u00bbSonia BARRE\u00a0\u00bb subtitle=\u00a0\u00bbVice-Pr\u00e9sidente\u00a0\u00bb description=\u00a0\u00bbMail : vicepresidence.karate972@gmail.com<br \/>\nT\u00e9l : 0696 43 88 87&Prime; image=\u00a0\u00bb2248&Prime;][\/vc_column_inner][vc_column_inner width=\u00a0\u00bb1\/4&Prime;][ffk_peoplecard title=\u00a0\u00bbAriane SCHOLASTIQUE\u00a0\u00bb subtitle=\u00a0\u00bbSecr\u00e9taire G\u00e9n\u00e9rale\u00a0\u00bb description=\u00a0\u00bbMail : sgkaratemartinique@gmail.com<br \/>\nT\u00e9l : 0696 39 73 63&Prime; image=\u00a0\u00bb2249&Prime;][\/vc_column_inner][vc_column_inner width=\u00a0\u00bb1\/4&Prime;][ffk_peoplecard title=\u00a0\u00bbLine PIERRE-CHARLES\u00a0\u00bb subtitle=\u00a0\u00bbSECR\u00c9TAIRE G\u00c9N\u00c9RALE ADJOINTE\u00a0\u00bb description=\u00a0\u00bbMail : sgkaratemartinique@gmail.com<br \/>\nT\u00e9l : 0696 22 76 66&Prime; image=\u00a0\u00bb2264&Prime;][\/vc_column_inner][vc_column_inner width=\u00a0\u00bb1\/4&Prime;][\/vc_column_inner][\/vc_row_inner][vc_row_inner][vc_column_inner width=\u00a0\u00bb1\/4&Prime;][ffk_peoplecard title=\u00a0\u00bbOlivier PIERRE-FRANCOIS\u00a0\u00bb subtitle=\u00a0\u00bbTRESORIER\u00a0\u00bb description=\u00a0\u00bbMail : tresorier.karate972@gmail.com<br \/>\nT\u00e9l : 0696 50 05 00&Prime; image=\u00a0\u00bb2259&Prime;][\/vc_column_inner][vc_column_inner width=\u00a0\u00bb1\/4&Prime;][ffk_peoplecard title=\u00a0\u00bbDavid GERMAIN\u00a0\u00bb subtitle=\u00a0\u00bbTRESORIER ADJOINT\u00a0\u00bb description=\u00a0\u00bbMail : tresorier.karate972@gmail.com<br \/>\nT\u00e9l : 0696 71 10 10&Prime; image=\u00a0\u00bb2380&Prime;][\/vc_column_inner][vc_column_inner width=\u00a0\u00bb1\/4&Prime;][ffk_peoplecard title=\u00a0\u00bbJean-Georges VOISIN\u00a0\u00bb subtitle=\u00a0\u00bbREPRESENTANT DES D.A\u00a0\u00bb description=\u00a0\u00bbMail : representant.da.karate972@gmail.com<br \/>\nT\u00e9l : 0696 28 10 40&Prime; image=\u00a0\u00bb2284&Prime;][\/vc_column_inner][vc_column_inner width=\u00a0\u00bb1\/4&Prime;][\/vc_column_inner][\/vc_row_inner][vc_row_inner][vc_column_inner width=\u00a0\u00bb1\/4&Prime;][ffk_peoplecard title=\u00a0\u00bbLaurent ETZOL\u00a0\u00bb subtitle=\u00a0\u00bbASSESSEUR EN CHARGE DES PROCEDURES\u00a0\u00bb description=\u00a0\u00bbT\u00e9l : 07 70 15 90 64&Prime; image=\u00a0\u00bb2440&Prime;][\/vc_column_inner][vc_column_inner width=\u00a0\u00bb1\/4&Prime;][ffk_peoplecard title=\u00a0\u00bbSt\u00e9phane MICHEL\u00a0\u00bb subtitle=\u00a0\u00bbASSESSEUR NUMERIQUE \/ DIGITAL\u00a0\u00bb description=\u00a0\u00bbT\u00e9l : 0696 98 77 89&Prime; image=\u00a0\u00bb2263&Prime;][\/vc_column_inner][vc_column_inner width=\u00a0\u00bb1\/4&Prime;][ffk_peoplecard title=\u00a0\u00bbDaniel CHARLETON GUITTEAUD\u00a0\u00bb subtitle=\u00a0\u00bbASSESSEUR ANIMATION \/ PROMOTION\u00a0\u00bb description=\u00a0\u00bbMail : animation.karate972@gmail.com<br \/>\nT\u00e9l : 0696 45 23 52&Prime; image=\u00a0\u00bb2253&Prime;][\/vc_column_inner][vc_column_inner width=\u00a0\u00bb1\/4&Prime;][ffk_peoplecard title=\u00a0\u00bbCarl EWANDE\u00a0\u00bb subtitle=\u00a0\u00bbASSESSEUR SPONSORING\u00a0\u00bb description=\u00a0\u00bbMail : sponsoring.karate972@gmail.com<br \/>\nT\u00e9l : 0596 61 28 24&Prime; image=\u00a0\u00bb2254&Prime;][\/vc_column_inner][\/vc_row_inner][vc_empty_space height=\u00a0\u00bb40&Prime;][\/vc_column][\/vc_row]<\/p>\n<\/div>","protected":false},"excerpt":{"rendered":"<p>[vc_row full_width=\u00a0\u00bbstretch_row_content\u00a0\u00bb bg_grey=\u00a0\u00bb1&Prime;][vc_column width=\u00a0\u00bb1\/4&Prime;][ffk_peoplecard image=\u00a0\u00bb2270&Prime; title=\u00a0\u00bbSophie SORRENTE\u00a0\u00bb subtitle=\u00a0\u00bbPr\u00e9sidente\u00a0\u00bb description=\u00a0\u00bbT\u00e9l : 0696 24 36 07 Email : liguekarate.972@hotmail.com\u00a0\u00bb][\/vc_column][vc_column width=\u00a0\u00bb3\/4&Prime;][vc_column_text] \u00ab\u00a0Bienvenue sur le site officiel de la Ligue Karat\u00e9 de Martinique ! Vous trouverez sur ce site toute l\u2019actualit\u00e9 du karat\u00e9 et de ses disciplines associ\u00e9es : le calendrier des diff\u00e9rentes comp\u00e9titions, les passages de grade, stages [&hellip;]<\/p>\n","protected":false},"author":1,"featured_media":0,"parent":0,"menu_order":0,"comment_status":"closed","ping_status":"closed","template":"page-fullwidth.php","meta":{"footnotes":""},"class_list":["post-4","page","type-page","status-publish","hentry"],"_links":{"self":[{"href":"https:\/\/sites.ffkarate.fr\/liguemartinique\/wp-json\/wp\/v2\/pages\/4","targetHints":{"allow":["GET"]}}],"collection":[{"href":"https:\/\/sites.ffkarate.fr\/liguemartinique\/wp-json\/wp\/v2\/pages"}],"about":[{"href":"https:\/\/sites.ffkarate.fr\/liguemartinique\/wp-json\/wp\/v2\/types\/page"}],"author":[{"embeddable":true,"href":"https:\/\/sites.ffkarate.fr\/liguemartinique\/wp-json\/wp\/v2\/users\/1"}],"replies":[{"embeddable":true,"href":"https:\/\/sites.ffkarate.fr\/liguemartinique\/wp-json\/wp\/v2\/comments?post=4"}],"version-history":[{"count":11,"href":"https:\/\/sites.ffkarate.fr\/liguemartinique\/wp-json\/wp\/v2\/pages\/4\/revisions"}],"predecessor-version":[{"id":2441,"href":"https:\/\/sites.ffkarate.fr\/liguemartinique\/wp-json\/wp\/v2\/pages\/4\/revisions\/2441"}],"wp:attachment":[{"href":"https:\/\/sites.ffkarate.fr\/liguemartinique\/wp-json\/wp\/v2\/media?parent=4"}],"curies":[{"name":"wp","href":"https:\/\/api.w.org\/{rel}","templated":true}]}}