{"id":40,"date":"2021-05-10T09:45:12","date_gmt":"2021-05-10T07:45:12","guid":{"rendered":"https:\/\/sites.ffkarate.fr\/liguemartinique\/?page_id=40"},"modified":"2024-04-22T22:21:45","modified_gmt":"2024-04-22T20:21:45","slug":"equipe-technique-regionale","status":"publish","type":"page","link":"https:\/\/sites.ffkarate.fr\/liguemartinique\/equipe-technique-regionale\/","title":{"rendered":"Equipe Technique R\u00e9gionale"},"content":{"rendered":"<div class=\"wpb-content-wrapper\"><p>[vc_row][vc_column][vc_row_inner][vc_column_inner][ffk_peoplecard title=\u00a0\u00bbMaryse MICHEL\u00a0\u00bb subtitle=\u00a0\u00bbDirectrice Technique R\u00e9gionale\u00a0\u00bb description=\u00a0\u00bbT\u00e9l : 0696 97 58 76<br \/>\nEmail : dtl.karate972@gmail.com\u00a0\u00bb image=\u00a0\u00bb2247&Prime;][\/vc_column_inner][\/vc_row_inner][vc_row_inner][vc_column_inner width=\u00a0\u00bb1\/3&Prime;][ffk_peoplecard title=\u00a0\u00bbSt\u00e9phane MICHEL\u00a0\u00bb subtitle=\u00a0\u00bbResponsable Arbitrage\u00a0\u00bb description=\u00a0\u00bbT\u00e9l : 0697 98 77 89<br \/>\nEmail : arbitrage.karate972@gmail.com\u00a0\u00bb image=\u00a0\u00bb2263&Prime;][\/vc_column_inner][vc_column_inner width=\u00a0\u00bb1\/3&Prime;][ffk_peoplecard title=\u00a0\u00bbEug\u00e8ne BATARDOT\u00a0\u00bb subtitle=\u00a0\u00bbResponsable Grades Karat\u00e9\u00a0\u00bb description=\u00a0\u00bbT\u00e9l : 0696 94 66 87<br \/>\nEmail : grades1.karate972@gmail.com\u00a0\u00bb image=\u00a0\u00bb2258&Prime;][\/vc_column_inner][vc_column_inner width=\u00a0\u00bb1\/3&Prime;][ffk_peoplecard title=\u00a0\u00bbArmand RAIMONE\u00a0\u00bb subtitle=\u00a0\u00bbResponsable Grades AMV\u00a0\u00bb description=\u00a0\u00bbT\u00e9l : 0696 86 12 91<br \/>\nEmail : grades.amv972@gmail.com\u00a0\u00bb][\/vc_column_inner][\/vc_row_inner][vc_row_inner][vc_column_inner width=\u00a0\u00bb1\/3&Prime;][ffk_peoplecard title=\u00a0\u00bbManuel NAYARADOU\u00a0\u00bb subtitle=\u00a0\u00bbResponsable Formation\u00a0\u00bb description=\u00a0\u00bbT\u00e9l : +596 696 45 71 07<br \/>\nEmail : formations.karate972@gmail.com\u00a0\u00bb][\/vc_column_inner][vc_column_inner width=\u00a0\u00bb1\/3&Prime;][ffk_peoplecard title=\u00a0\u00bbLine PIERRE-CHARLES\u00a0\u00bb subtitle=\u00a0\u00bbR\u00e9f\u00e9rent Administratif S\u00e9lection\u00a0\u00bb description=\u00a0\u00bbT\u00e9l : 0696 22 76 66<br \/>\nEmail : eliteregionale.karate972@gmail.com\u00a0\u00bb image=\u00a0\u00bb2264&Prime;][\/vc_column_inner][vc_column_inner width=\u00a0\u00bb1\/3&Prime;][\/vc_column_inner][\/vc_row_inner][vc_row_inner][vc_column_inner width=\u00a0\u00bb1\/3&Prime;][ffk_peoplecard title=\u00a0\u00bbLudwig LEANDRY\u00a0\u00bb subtitle=\u00a0\u00bbEntraineur R\u00e9gional Combat\u00a0\u00bb description=\u00a0\u00bbT\u00e9l : 0696 36 56 28<br \/>\nEmail : eliteregionale.karate972@gmail.com\u00a0\u00bb][\/vc_column_inner][vc_column_inner width=\u00a0\u00bb1\/3&Prime;][ffk_peoplecard title=\u00a0\u00bbPascal VIRGAL\u00a0\u00bb subtitle=\u00a0\u00bbEntraineur R\u00e9gional Kata\u00a0\u00bb description=\u00a0\u00bbT\u00e9l : 0696 79 46 13<br \/>\nEmail : eliteregionale.karate972@gmail.com\u00a0\u00bb][\/vc_column_inner][vc_column_inner width=\u00a0\u00bb1\/3&Prime;][\/vc_column_inner][\/vc_row_inner][\/vc_column][\/vc_row][vc_row][vc_column][vc_empty_space][vc_column_text]<\/p>\n<h2>Vos contacts \u00e0 la Ligue :<\/h2>\n<ul>\n<li><strong>Laure Filopon<\/strong> &#8211; Responsable Commission sportive<br \/>\n0696 74 75 66 \/ <a style=\"font-size: medium;font-family: Verdana\" href=\"mailto:competitions.karate972@gmail.com\">competitions.karate972@gmail.com<\/a><\/li>\n<\/ul>\n<p>&nbsp;<\/p>\n<ul>\n<li><strong>M\u00e9lanie Thaly<\/strong> &#8211; Assistante administrative et comp\u00e9titions<br \/>\n0696 06 51 61<span style=\"color: #000000;font-family: Verdana;font-size: medium\">\u00a0\/ <\/span><a style=\"font-size: medium;font-family: Verdana\" href=\"mailto:assistante.karate972@gmail.com\">assistante.karate972@gmail.com<\/a><\/li>\n<\/ul>\n<p>&nbsp;<\/p>\n<ul>\n<li><strong>Aur\u00e9lie Eloise<\/strong> &#8211; Presse<br \/>\n0696 61 60 36 \/ <a style=\"font-family: Verdana;font-size: medium\" href=\"mailto:relationpresse.karate972@gmail.com\">relationpresse.karate972@gmail.com<\/a><\/li>\n<\/ul>\n<p>&nbsp;<\/p>\n<ul>\n<li><strong>Maxime Rannou<\/strong> &#8211; Communication<br \/>\n<span style=\"color: #000000;font-family: Verdana;font-size: medium\"><a href=\"mailto:communication.karate972@gmail.com\">communication.karate972@gmail.com<\/a><\/span><\/li>\n<\/ul>\n<p>&nbsp;<\/p>\n<ul>\n<li><strong>Armel Talbot<\/strong> &#8211; Communication NTIC<br \/>\n0696 07 83 95 \/\u00a0<span style=\"color: #000000;font-family: Verdana;font-size: medium\"><a href=\"mailto:communication.karate972@gmail.com\">communication.karate972@gmail.com<\/a><\/span><\/li>\n<\/ul>\n<p>[\/vc_column_text][\/vc_column][\/vc_row]<\/p>\n<\/div>","protected":false},"excerpt":{"rendered":"<p>[vc_row][vc_column][vc_row_inner][vc_column_inner][ffk_peoplecard title=\u00a0\u00bbMaryse MICHEL\u00a0\u00bb subtitle=\u00a0\u00bbDirectrice Technique R\u00e9gionale\u00a0\u00bb description=\u00a0\u00bbT\u00e9l : 0696 97 58 76 Email : dtl.karate972@gmail.com\u00a0\u00bb image=\u00a0\u00bb2247&Prime;][\/vc_column_inner][\/vc_row_inner][vc_row_inner][vc_column_inner width=\u00a0\u00bb1\/3&Prime;][ffk_peoplecard title=\u00a0\u00bbSt\u00e9phane MICHEL\u00a0\u00bb subtitle=\u00a0\u00bbResponsable Arbitrage\u00a0\u00bb description=\u00a0\u00bbT\u00e9l : 0697 98 77 89 Email : arbitrage.karate972@gmail.com\u00a0\u00bb image=\u00a0\u00bb2263&Prime;][\/vc_column_inner][vc_column_inner width=\u00a0\u00bb1\/3&Prime;][ffk_peoplecard title=\u00a0\u00bbEug\u00e8ne BATARDOT\u00a0\u00bb subtitle=\u00a0\u00bbResponsable Grades Karat\u00e9\u00a0\u00bb description=\u00a0\u00bbT\u00e9l : 0696 94 66 87 Email : grades1.karate972@gmail.com\u00a0\u00bb image=\u00a0\u00bb2258&Prime;][\/vc_column_inner][vc_column_inner width=\u00a0\u00bb1\/3&Prime;][ffk_peoplecard title=\u00a0\u00bbArmand RAIMONE\u00a0\u00bb subtitle=\u00a0\u00bbResponsable Grades AMV\u00a0\u00bb description=\u00a0\u00bbT\u00e9l : [&hellip;]<\/p>\n","protected":false},"author":1,"featured_media":0,"parent":0,"menu_order":0,"comment_status":"closed","ping_status":"closed","template":"","meta":{"footnotes":""},"class_list":["post-40","page","type-page","status-publish","hentry"],"_links":{"self":[{"href":"https:\/\/sites.ffkarate.fr\/liguemartinique\/wp-json\/wp\/v2\/pages\/40","targetHints":{"allow":["GET"]}}],"collection":[{"href":"https:\/\/sites.ffkarate.fr\/liguemartinique\/wp-json\/wp\/v2\/pages"}],"about":[{"href":"https:\/\/sites.ffkarate.fr\/liguemartinique\/wp-json\/wp\/v2\/types\/page"}],"author":[{"embeddable":true,"href":"https:\/\/sites.ffkarate.fr\/liguemartinique\/wp-json\/wp\/v2\/users\/1"}],"replies":[{"embeddable":true,"href":"https:\/\/sites.ffkarate.fr\/liguemartinique\/wp-json\/wp\/v2\/comments?post=40"}],"version-history":[{"count":11,"href":"https:\/\/sites.ffkarate.fr\/liguemartinique\/wp-json\/wp\/v2\/pages\/40\/revisions"}],"predecessor-version":[{"id":3116,"href":"https:\/\/sites.ffkarate.fr\/liguemartinique\/wp-json\/wp\/v2\/pages\/40\/revisions\/3116"}],"wp:attachment":[{"href":"https:\/\/sites.ffkarate.fr\/liguemartinique\/wp-json\/wp\/v2\/media?parent=40"}],"curies":[{"name":"wp","href":"https:\/\/api.w.org\/{rel}","templated":true}]}}