{"id":55,"date":"2021-05-10T10:05:08","date_gmt":"2021-05-10T08:05:08","guid":{"rendered":"https:\/\/sites.ffkarate.fr\/liguepariskarate\/?page_id=55"},"modified":"2022-09-15T12:53:22","modified_gmt":"2022-09-15T10:53:22","slug":"stages","status":"publish","type":"page","link":"https:\/\/sites.ffkarate.fr\/liguepariskarate\/stages\/","title":{"rendered":"Stages"},"content":{"rendered":"<div class=\"wpb-content-wrapper\"><p>[vc_row][vc_column][vc_column_text]<\/p>\n<h3>STAGES DE PR\u00c9PARATION \u00c0 LA COMP\u00c9TITION<\/h3>\n<p>Trois stages \u00c9lite de pr\u00e9paration \u00e0 la comp\u00e9tition destin\u00e9s \u00e0 tous les comp\u00e9titeurs auront lieu durant la saison 2022-2023.<\/p>\n<p>Vous pouvez consulter les dates et lieux en cliquant sur le lien ci-dessous :<\/p>\n<p><a href=\"https:\/\/sites.ffkarate.fr\/liguepariskarate\/wp-content\/uploads\/sites\/82\/2022\/09\/Stages-Elite-kumite-kata-2022-2023.pdf\">Calendrier Stages \u00c9lite de pr\u00e9paration \u00e0 la comp\u00e9tition<\/a><\/p>\n<p>&nbsp;<\/p>\n<p>Dans le cadre de notre mission d\u2019aide au d\u00e9veloppement de vos activit\u00e9s, nous diffuserons ici vos avis et affiches de stages dans la mesure du possible et de nos disponibilit\u00e9s.<\/p>\n<p>Vous pouvez les envoyer suffisamment \u00e0 l\u2019avance \u00e0 <a href=\"mailto:paris@ffkarate.fr\"><em>paris@ffkarate.fr<\/em><\/a>. Pour \u00eatre publi\u00e9 sur le site du CDK 75, votre stage doit \u00eatre autoris\u00e9 par l\u2019instance f\u00e9d\u00e9rale (Article L331-7 du code du sport), respecter la r\u00e8glementation et respecter notamment les conditions suivantes :<\/p>\n<ul>\n<li>Etre organis\u00e9 \u00e0 Paris par un club relevant de notre comp\u00e9tence territoriale<\/li>\n<li>Etre destin\u00e9 aux licenci\u00e9s dont l&rsquo;activit\u00e9 est du ressort de la FFKDA, couverte par l\u2019assurance-licence FFK.<\/li>\n<li>Etre dirig\u00e9 par un professeur licenci\u00e9 FFK et titulaire d\u2019un dipl\u00f4me autorisant l\u2019enseignement de la discipline concern\u00e9e (Dipl\u00f4me f\u00e9d\u00e9ral ou dipl\u00f4me d\u2019\u00e9tat)<\/li>\n<li>Ne pas faire \u00e9tat de titres, grades, dipl\u00f4mes non officiels ou mensongers<\/li>\n<li>Ne pas interf\u00e9rer avec une manifestation officielle destin\u00e9e au m\u00eame public licenci\u00e9 sur le m\u00eame territoire.<\/li>\n<\/ul>\n<p>[\/vc_column_text][\/vc_column][vc_column][\/vc_column][\/vc_row][vc_row][vc_column][\/vc_column][\/vc_row]<\/p>\n<\/div>","protected":false},"excerpt":{"rendered":"<p>Dans le cadre de notre mission d\u2019aide au d\u00e9veloppement de vos activit\u00e9s, nous diffuserons ici vos avis et affiches de stages dans la mesure du possible et de nos disponibilit\u00e9s.<\/p>\n","protected":false},"author":1,"featured_media":58,"parent":0,"menu_order":0,"comment_status":"closed","ping_status":"closed","template":"","meta":{"footnotes":""},"class_list":["post-55","page","type-page","status-publish","hentry"],"_links":{"self":[{"href":"https:\/\/sites.ffkarate.fr\/liguepariskarate\/wp-json\/wp\/v2\/pages\/55","targetHints":{"allow":["GET"]}}],"collection":[{"href":"https:\/\/sites.ffkarate.fr\/liguepariskarate\/wp-json\/wp\/v2\/pages"}],"about":[{"href":"https:\/\/sites.ffkarate.fr\/liguepariskarate\/wp-json\/wp\/v2\/types\/page"}],"author":[{"embeddable":true,"href":"https:\/\/sites.ffkarate.fr\/liguepariskarate\/wp-json\/wp\/v2\/users\/1"}],"replies":[{"embeddable":true,"href":"https:\/\/sites.ffkarate.fr\/liguepariskarate\/wp-json\/wp\/v2\/comments?post=55"}],"version-history":[{"count":7,"href":"https:\/\/sites.ffkarate.fr\/liguepariskarate\/wp-json\/wp\/v2\/pages\/55\/revisions"}],"predecessor-version":[{"id":2782,"href":"https:\/\/sites.ffkarate.fr\/liguepariskarate\/wp-json\/wp\/v2\/pages\/55\/revisions\/2782"}],"wp:featuredmedia":[{"embeddable":true,"href":"https:\/\/sites.ffkarate.fr\/liguepariskarate\/wp-json\/wp\/v2\/media\/58"}],"wp:attachment":[{"href":"https:\/\/sites.ffkarate.fr\/liguepariskarate\/wp-json\/wp\/v2\/media?parent=55"}],"curies":[{"name":"wp","href":"https:\/\/api.w.org\/{rel}","templated":true}]}}