{"id":13958,"date":"2021-07-18T06:08:14","date_gmt":"2021-07-18T04:08:14","guid":{"rendered":"https:\/\/sites.ffkarate.fr\/liguereunion\/?page_id=13958"},"modified":"2021-07-31T10:17:52","modified_gmt":"2021-07-31T08:17:52","slug":"galeries-videos-web-tv-suite","status":"publish","type":"page","link":"https:\/\/sites.ffkarate.fr\/liguereunion\/la-ligue\/galeries-videos-web-tv-suite\/","title":{"rendered":"Galeries Vid\u00e9os (Web TV) &#8211; suite"},"content":{"rendered":"<div class=\"wpb-content-wrapper\"><p>[vc_row][vc_column][vc_column_text]<\/p>\n<h2><\/h2>\n<h2>\u00a0<strong>Toutes les Vid\u00e9os de la Ligue Karat\u00e9 R\u00e9union (suite)\u00a0\u00a0 <\/strong><\/h2>\n<p>[\/vc_column_text][vc_video link=\u00a0\u00bbhttps:\/\/youtu.be\/828eAPvxNa4&Prime; title=\u00a0\u00bbA l&rsquo;occasion des JO de Tokyo, promotion du Karat\u00e9 avec \u00ab\u00a0Julie la f\u00e9\u00ab\u00a0 sur Canal+R\u00e9union\u00a0\u00bb][vc_video link=\u00a0\u00bbhttps:\/\/youtu.be\/uXQX_Q63vVM\u00a0\u00bb title=\u00a0\u00bbPODIUM KATA CADETS juil 2021&Prime;][vc_video link=\u00a0\u00bbhttps:\/\/youtu.be\/MC1M2IDkCjA\u00a0\u00bb title=\u00a0\u00bbchamp combat juin 2021&Prime;][vc_video link=\u00a0\u00bbhttps:\/\/youtu.be\/upbo1hJvfWE\u00a0\u00bb title=\u00a0\u00bbchamp kata juin 2021&Prime;][vc_video link=\u00a0\u00bbhttps:\/\/youtu.be\/7XVvZuvAIjs\u00a0\u00bb title=\u00a0\u00bbentr juin 2021-1&Prime;][vc_video link=\u00a0\u00bbhttps:\/\/youtu.be\/_GIe5qkUpZQ\u00a0\u00bb title=\u00a0\u00bbentr juin 2021-2&Prime;][vc_video link=\u00a0\u00bbhttps:\/\/youtu.be\/DG4I94pOAQc\u00a0\u00bb title=\u00a0\u00bb12-Yame Indyra Jeune arbitre regionale Niveau A1 AVRIL 2020&Prime;][vc_video link=\u00a0\u00bbhttps:\/\/youtu.be\/X_cfUi-xiCY\u00a0\u00bb title=\u00a0\u00bb11-Tsuzu Indyra Jeune arbitre regionale Niveau A1 AVRIL 2020&Prime;][vc_video link=\u00a0\u00bbhttps:\/\/youtu.be\/v08-JBWmL2E\u00a0\u00bb title=\u00a0\u00bb10-Kiken Faurez arbitre nationale A en Kumite1 AVRIL 2020&Prime;][vc_video link=\u00a0\u00bbhttps:\/\/youtu.be\/TjLhTfL24gE\u00a0\u00bb title=\u00a0\u00bb9-Senshu Faurez arbitre nationale A en Kumite1 AVRIL 2020&Prime;][vc_video link=\u00a0\u00bbhttps:\/\/youtu.be\/ppHOPvgplE8&Prime; title=\u00a0\u00bbAURE &#8211; AVRIL 2020&Prime;][vc_video link=\u00a0\u00bbhttps:\/\/youtu.be\/dFpppAa6aRA\u00a0\u00bb title=\u00a0\u00bb8-hansoku-chui Jean-Marie Juge national B en Kata &#8211; avril 2020&Prime;][vc_video link=\u00a0\u00bbhttps:\/\/youtu.be\/lXQ_uGDZxXU\u00a0\u00bb title=\u00a0\u00bb7-Shugo Pascal Juge National A en Kata &#8211; avril 2020&Prime;][vc_video link=\u00a0\u00bbhttps:\/\/youtu.be\/N6QI8DZmt_Y\u00a0\u00bb title=\u00a0\u00bb6-Shobu Hajime Sarah Jeune arbitre regionale Niveau A &#8211; avril 2020&Prime;][vc_video link=\u00a0\u00bbhttps:\/\/youtu.be\/Ey2caslApLs\u00a0\u00bb title=\u00a0\u00bb5-No Kachi Pascal Juge National A en Kata &#8211; avril 2020&Prime;][vc_video link=\u00a0\u00bbhttps:\/\/youtu.be\/i9TSO_P-oX4&Prime; title=\u00a0\u00bb4-Mubobi Malyka arbitre nationale A en Kumite &#8211; avril 2020&Prime;][vc_video link=\u00a0\u00bbhttps:\/\/youtu.be\/Jsx-bYp8K9g\u00a0\u00bb title=\u00a0\u00bb3-Keikoku Sarah Jeune arbitre regionale Niveau A &#8211; avril 2020&Prime;][vc_video link=\u00a0\u00bbhttps:\/\/youtu.be\/s7N6FPdPedI\u00a0\u00bb title=\u00a0\u00bb2-Jogai Jean-Marie Juge national B en Kata &#8211; avril 2020&Prime;][vc_video link=\u00a0\u00bbhttps:\/\/youtu.be\/DZQnhLGVOEw\u00a0\u00bb title=\u00a0\u00bb1-chukoku Malyka arbitre nationale A en Kumite &#8211; avril 2020&Prime;][vc_video link=\u00a0\u00bbhttps:\/\/youtu.be\/ZmC4eP_m5_w\u00a0\u00bb title=\u00a0\u00bbREST ZOT KAZ &#8211; avril 2020&Prime;][vc_video link=\u00a0\u00bbhttps:\/\/youtu.be\/xKgM1h4yAxA\u00a0\u00bb title=\u00a0\u00bbreponse a la question 10 &#8211; avril 2020&Prime;][vc_video link=\u00a0\u00bbhttps:\/\/youtu.be\/0fFqMG7DOkY\u00a0\u00bb title=\u00a0\u00bbreponse a la question 9 &#8211; avril 2020&Prime;][vc_video link=\u00a0\u00bbhttps:\/\/youtu.be\/CU9hwE7nFys\u00a0\u00bb title=\u00a0\u00bbreponse a la question 8 &#8211; avril 2020&Prime;][vc_video link=\u00a0\u00bbhttps:\/\/youtu.be\/YfOKZ8QKaI8&Prime; title=\u00a0\u00bbreponse aux questions 3, 5 et 6 &#8211; avril 2020&Prime;][vc_video link=\u00a0\u00bbhttps:\/\/youtu.be\/qyFjomExG_0&Prime; title=\u00a0\u00bbreponse a la question 7 &#8211; avril 2020&Prime;][vc_video link=\u00a0\u00bbhttps:\/\/youtu.be\/tWKH6Oo8Qwo\u00a0\u00bb title=\u00a0\u00bbreponse a la question 4 &#8211; avril 2020&Prime;][vc_video link=\u00a0\u00bbhttps:\/\/youtu.be\/kf5C-MeRqiM\u00a0\u00bb title=\u00a0\u00bbreponse a la question 2 &#8211; avril 2020&Prime;][vc_video link=\u00a0\u00bbhttps:\/\/youtu.be\/HhMKCdW0qK4&Prime; title=\u00a0\u00bbCHALLENGE BERGER DEC 2019&Prime;][vc_video link=\u00a0\u00bbhttps:\/\/youtu.be\/kN-pWWUtvJk\u00a0\u00bb title=\u00a0\u00bbKarat\u00e9l\u00e9thon d\u00e9cembre 2019&Prime;][vc_video link=\u00a0\u00bbhttps:\/\/youtu.be\/x65dBFp7Km4&Prime; title=\u00a0\u00bbT\u00e9l\u00e9thon d\u00e9cembre 2018-3&Prime;][vc_video link=\u00a0\u00bbhttps:\/\/youtu.be\/PMFlB34UyKE\u00a0\u00bb title=\u00a0\u00bbT\u00e9l\u00e9thon d\u00e9cembre 2018-2&Prime;][vc_video link=\u00a0\u00bbhttps:\/\/youtu.be\/pncY25_dkNU\u00a0\u00bb title=\u00a0\u00bbT\u00e9l\u00e9thon d\u00e9cembre 2018-1&Prime;][vc_video link=\u00a0\u00bbhttps:\/\/youtu.be\/f8tltawZy5s\u00a0\u00bb title=\u00a0\u00bbStage JF Tisseyre nov 2018&Prime;][vc_video link=\u00a0\u00bbhttps:\/\/youtu.be\/b2IPHei-LD4&Prime; title=\u00a0\u00bbSamoura\u00ef oct 2018 -2&Prime;][vc_video link=\u00a0\u00bbhttps:\/\/youtu.be\/u7JTXF7GNag\u00a0\u00bb title=\u00a0\u00bbSamoura\u00ef oct 2018 -1&Prime;][\/vc_column][\/vc_row]<\/p>\n<\/div>","protected":false},"excerpt":{"rendered":"<p>[vc_row][vc_column][vc_column_text] \u00a0Toutes les Vid\u00e9os de la Ligue Karat\u00e9 R\u00e9union (suite)\u00a0\u00a0 [\/vc_column_text][vc_video link=\u00a0\u00bbhttps:\/\/youtu.be\/828eAPvxNa4&Prime; title=\u00a0\u00bbA l&rsquo;occasion des JO de Tokyo, promotion du Karat\u00e9 avec \u00ab\u00a0Julie la f\u00e9\u00ab\u00a0 sur Canal+R\u00e9union\u00a0\u00bb][vc_video link=\u00a0\u00bbhttps:\/\/youtu.be\/uXQX_Q63vVM\u00a0\u00bb title=\u00a0\u00bbPODIUM KATA CADETS juil 2021&Prime;][vc_video link=\u00a0\u00bbhttps:\/\/youtu.be\/MC1M2IDkCjA\u00a0\u00bb title=\u00a0\u00bbchamp combat juin 2021&Prime;][vc_video link=\u00a0\u00bbhttps:\/\/youtu.be\/upbo1hJvfWE\u00a0\u00bb title=\u00a0\u00bbchamp kata juin 2021&Prime;][vc_video link=\u00a0\u00bbhttps:\/\/youtu.be\/7XVvZuvAIjs\u00a0\u00bb title=\u00a0\u00bbentr juin 2021-1&Prime;][vc_video link=\u00a0\u00bbhttps:\/\/youtu.be\/_GIe5qkUpZQ\u00a0\u00bb title=\u00a0\u00bbentr juin 2021-2&Prime;][vc_video link=\u00a0\u00bbhttps:\/\/youtu.be\/DG4I94pOAQc\u00a0\u00bb title=\u00a0\u00bb12-Yame Indyra Jeune [&hellip;]<\/p>\n","protected":false},"author":142,"featured_media":0,"parent":50,"menu_order":0,"comment_status":"closed","ping_status":"closed","template":"","meta":{"footnotes":""},"class_list":["post-13958","page","type-page","status-publish","hentry"],"_links":{"self":[{"href":"https:\/\/sites.ffkarate.fr\/liguereunion\/wp-json\/wp\/v2\/pages\/13958","targetHints":{"allow":["GET"]}}],"collection":[{"href":"https:\/\/sites.ffkarate.fr\/liguereunion\/wp-json\/wp\/v2\/pages"}],"about":[{"href":"https:\/\/sites.ffkarate.fr\/liguereunion\/wp-json\/wp\/v2\/types\/page"}],"author":[{"embeddable":true,"href":"https:\/\/sites.ffkarate.fr\/liguereunion\/wp-json\/wp\/v2\/users\/142"}],"replies":[{"embeddable":true,"href":"https:\/\/sites.ffkarate.fr\/liguereunion\/wp-json\/wp\/v2\/comments?post=13958"}],"version-history":[{"count":7,"href":"https:\/\/sites.ffkarate.fr\/liguereunion\/wp-json\/wp\/v2\/pages\/13958\/revisions"}],"predecessor-version":[{"id":14096,"href":"https:\/\/sites.ffkarate.fr\/liguereunion\/wp-json\/wp\/v2\/pages\/13958\/revisions\/14096"}],"up":[{"embeddable":true,"href":"https:\/\/sites.ffkarate.fr\/liguereunion\/wp-json\/wp\/v2\/pages\/50"}],"wp:attachment":[{"href":"https:\/\/sites.ffkarate.fr\/liguereunion\/wp-json\/wp\/v2\/media?parent=13958"}],"curies":[{"name":"wp","href":"https:\/\/api.w.org\/{rel}","templated":true}]}}