{"id":13976,"date":"2021-07-19T12:42:05","date_gmt":"2021-07-19T10:42:05","guid":{"rendered":"https:\/\/sites.ffkarate.fr\/liguereunion\/?page_id=13976"},"modified":"2021-07-19T13:01:56","modified_gmt":"2021-07-19T11:01:56","slug":"galerie-photos-telethon-le-8-decembre-2019","status":"publish","type":"page","link":"https:\/\/sites.ffkarate.fr\/liguereunion\/la-ligue\/galeries-photos\/galerie-photos-telethon-le-8-decembre-2019\/","title":{"rendered":"Galerie photos &#8211; T\u00e9l\u00e9thon le 8 d\u00e9cembre 2019"},"content":{"rendered":"<div class=\"wpb-content-wrapper\"><p>[vc_row][vc_column][vc_single_image image=\u00a0\u00bb10952&Prime; title=\u00a0\u00bbpassage de la caravane du T\u00e9l\u00e9thon \u00ab\u00a0][vc_single_image image=\u00a0\u00bb10953&Prime;][vc_single_image image=\u00a0\u00bb10954&Prime;][vc_single_image image=\u00a0\u00bb10955&Prime;][vc_single_image image=\u00a0\u00bb10956&Prime;][vc_single_image image=\u00a0\u00bb10957&Prime;][vc_single_image image=\u00a0\u00bb10958&Prime;][vc_single_image image=\u00a0\u00bb10959&Prime;][vc_single_image image=\u00a0\u00bb10960&Prime;][vc_single_image image=\u00a0\u00bb10961&Prime;][vc_single_image image=\u00a0\u00bb10962&Prime;][vc_single_image image=\u00a0\u00bb10963&Prime;][vc_single_image image=\u00a0\u00bb10964&Prime;][vc_single_image image=\u00a0\u00bb10965&Prime;][vc_single_image image=\u00a0\u00bb10966&Prime;][vc_single_image image=\u00a0\u00bb10967&Prime;][vc_single_image image=\u00a0\u00bb10968&Prime;][vc_single_image image=\u00a0\u00bb10969&Prime;][vc_single_image image=\u00a0\u00bb10970&Prime;][vc_single_image image=\u00a0\u00bb10971&Prime;][vc_single_image image=\u00a0\u00bb10972&Prime;][vc_single_image image=\u00a0\u00bb10973&Prime;][vc_single_image image=\u00a0\u00bb10974&Prime;][vc_single_image image=\u00a0\u00bb10975&Prime;][vc_single_image image=\u00a0\u00bb10976&Prime;][vc_single_image image=\u00a0\u00bb10977&Prime; title=\u00a0\u00bbJacky en maitre de c\u00e9r\u00e9monie\u00a0\u00bb][vc_single_image image=\u00a0\u00bb10978&Prime; title=\u00a0\u00bbremise de don du club ASR Petite Ile\u00a0\u00bb][vc_single_image image=\u00a0\u00bb10979&Prime; title=\u00a0\u00bbremise de don du club KCF Ste Marie\u00a0\u00bb][vc_single_image image=\u00a0\u00bb10980&Prime; title=\u00a0\u00bbremise de don du r\u00e9f\u00e9rent du Karat\u00e9 Mix\u00a0\u00bb][vc_single_image image=\u00a0\u00bb10981&Prime; title=\u00a0\u00bbremise de dons de 2 clubs Jisei Budo et Tai Global\u00a0\u00bb][vc_single_image image=\u00a0\u00bb10982&Prime; title=\u00a0\u00bbremise de don du club Yoseikan Budo de Trois Bassins\u00a0\u00bb][vc_single_image image=\u00a0\u00bb10983&Prime; title=\u00a0\u00bbla Marraine du T\u00e9l\u00e9thon et le Tr\u00e9sorier de la Ligue Enrico\u00a0\u00bb][vc_single_image image=\u00a0\u00bb10984&Prime; title=\u00a0\u00bbpassage de la caravane du T\u00e9l\u00e9thon \u00ab\u00a0][vc_single_image image=\u00a0\u00bb10985&Prime; title=\u00a0\u00bbla Marraine du T\u00e9l\u00e9thon et Jacky\u00a0\u00bb][vc_single_image image=\u00a0\u00bb10986&Prime; title=\u00a0\u00bbEntrainement de Kata \u00ab\u00a0][vc_single_image image=\u00a0\u00bb10987&Prime;][vc_single_image image=\u00a0\u00bb10988&Prime;][vc_single_image image=\u00a0\u00bb10989&Prime;][vc_single_image image=\u00a0\u00bb10990\u00a0\u00bb title=\u00a0\u00bbgroupe Shotokan \u00ab\u00a0][vc_single_image image=\u00a0\u00bb10991\u00a0\u00bb title=\u00a0\u00bbgroupe Yoseikan Budo \u00ab\u00a0][vc_single_image image=\u00a0\u00bb10992\u00a0\u00bb title=\u00a0\u00bbPascal, Guy Berger, Jean Marie et Aur\u00e9lie \u00ab\u00a0][vc_single_image image=\u00a0\u00bb10993&Prime;][vc_single_image image=\u00a0\u00bb11005&Prime; title=\u00a0\u00bbGuy Berger et le Secr\u00e9taire G\u00e9n\u00e9ral de la Ligue\u00a0\u00bb][vc_single_image image=\u00a0\u00bb11006&Prime; title=\u00a0\u00bbJacky et Yoland\u00a0\u00bb][vc_single_image image=\u00a0\u00bb11008&Prime; title=\u00a0\u00bbles Experts en d\u00e9monstration\u00a0\u00bb][\/vc_column][\/vc_row]<\/p>\n<\/div>","protected":false},"excerpt":{"rendered":"<p>[vc_row][vc_column][vc_single_image image=\u00a0\u00bb10952&Prime; title=\u00a0\u00bbpassage de la caravane du T\u00e9l\u00e9thon \u00ab\u00a0][vc_single_image image=\u00a0\u00bb10953&Prime;][vc_single_image image=\u00a0\u00bb10954&Prime;][vc_single_image image=\u00a0\u00bb10955&Prime;][vc_single_image image=\u00a0\u00bb10956&Prime;][vc_single_image image=\u00a0\u00bb10957&Prime;][vc_single_image image=\u00a0\u00bb10958&Prime;][vc_single_image image=\u00a0\u00bb10959&Prime;][vc_single_image image=\u00a0\u00bb10960&Prime;][vc_single_image image=\u00a0\u00bb10961&Prime;][vc_single_image image=\u00a0\u00bb10962&Prime;][vc_single_image image=\u00a0\u00bb10963&Prime;][vc_single_image image=\u00a0\u00bb10964&Prime;][vc_single_image image=\u00a0\u00bb10965&Prime;][vc_single_image image=\u00a0\u00bb10966&Prime;][vc_single_image image=\u00a0\u00bb10967&Prime;][vc_single_image image=\u00a0\u00bb10968&Prime;][vc_single_image image=\u00a0\u00bb10969&Prime;][vc_single_image image=\u00a0\u00bb10970&Prime;][vc_single_image image=\u00a0\u00bb10971&Prime;][vc_single_image image=\u00a0\u00bb10972&Prime;][vc_single_image image=\u00a0\u00bb10973&Prime;][vc_single_image image=\u00a0\u00bb10974&Prime;][vc_single_image image=\u00a0\u00bb10975&Prime;][vc_single_image image=\u00a0\u00bb10976&Prime;][vc_single_image image=\u00a0\u00bb10977&Prime; title=\u00a0\u00bbJacky en maitre de c\u00e9r\u00e9monie\u00a0\u00bb][vc_single_image image=\u00a0\u00bb10978&Prime; title=\u00a0\u00bbremise de don du club ASR Petite Ile\u00a0\u00bb][vc_single_image image=\u00a0\u00bb10979&Prime; title=\u00a0\u00bbremise de don du club KCF [&hellip;]<\/p>\n","protected":false},"author":142,"featured_media":0,"parent":12654,"menu_order":0,"comment_status":"closed","ping_status":"closed","template":"","meta":{"footnotes":""},"class_list":["post-13976","page","type-page","status-publish","hentry"],"_links":{"self":[{"href":"https:\/\/sites.ffkarate.fr\/liguereunion\/wp-json\/wp\/v2\/pages\/13976","targetHints":{"allow":["GET"]}}],"collection":[{"href":"https:\/\/sites.ffkarate.fr\/liguereunion\/wp-json\/wp\/v2\/pages"}],"about":[{"href":"https:\/\/sites.ffkarate.fr\/liguereunion\/wp-json\/wp\/v2\/types\/page"}],"author":[{"embeddable":true,"href":"https:\/\/sites.ffkarate.fr\/liguereunion\/wp-json\/wp\/v2\/users\/142"}],"replies":[{"embeddable":true,"href":"https:\/\/sites.ffkarate.fr\/liguereunion\/wp-json\/wp\/v2\/comments?post=13976"}],"version-history":[{"count":4,"href":"https:\/\/sites.ffkarate.fr\/liguereunion\/wp-json\/wp\/v2\/pages\/13976\/revisions"}],"predecessor-version":[{"id":13980,"href":"https:\/\/sites.ffkarate.fr\/liguereunion\/wp-json\/wp\/v2\/pages\/13976\/revisions\/13980"}],"up":[{"embeddable":true,"href":"https:\/\/sites.ffkarate.fr\/liguereunion\/wp-json\/wp\/v2\/pages\/12654"}],"wp:attachment":[{"href":"https:\/\/sites.ffkarate.fr\/liguereunion\/wp-json\/wp\/v2\/media?parent=13976"}],"curies":[{"name":"wp","href":"https:\/\/api.w.org\/{rel}","templated":true}]}}