{"id":14672,"date":"2021-10-18T11:52:00","date_gmt":"2021-10-18T09:52:00","guid":{"rendered":"https:\/\/sites.ffkarate.fr\/liguereunion\/?page_id=14672"},"modified":"2021-10-18T12:41:07","modified_gmt":"2021-10-18T10:41:07","slug":"galerie-photos-club-dojo-st-andre-challenge-est-le-10-octobre-2021","status":"publish","type":"page","link":"https:\/\/sites.ffkarate.fr\/liguereunion\/la-ligue\/galeries-photos\/galerie-photos-club-dojo-st-andre-challenge-est-le-10-octobre-2021\/","title":{"rendered":"Galerie photos &#8211; Club Dojo St Andr\u00e9 Challenge Est le 10 octobre 2021"},"content":{"rendered":"<div class=\"wpb-content-wrapper\"><p>[vc_row][vc_column][vc_single_image image=\u00a0\u00bb14529&Prime; title=\u00a0\u00bbbriefing des Arbitres et coachs\u00a0\u00bb][vc_single_image image=\u00a0\u00bb14530&Prime; title=\u00a0\u00bbbriefing des Arbitres et coachs\u00a0\u00bb][vc_single_image image=\u00a0\u00bb14531&Prime; title=\u00a0\u00bbbriefing des Arbitres et coachs\u00a0\u00bb][vc_single_image image=\u00a0\u00bb14532&Prime; title=\u00a0\u00bbbriefing des Arbitres et coachs\u00a0\u00bb][vc_single_image image=\u00a0\u00bb14533&Prime;][vc_single_image image=\u00a0\u00bb14534&Prime;][vc_single_image image=\u00a0\u00bb14535&Prime;][vc_single_image image=\u00a0\u00bb14536&Prime; title=\u00a0\u00bble mot du Pr\u00e9sident de Ligue \u00ab\u00a0][vc_single_image image=\u00a0\u00bb14537&Prime;][vc_single_image image=\u00a0\u00bb14538&Prime;][vc_single_image image=\u00a0\u00bb14539&Prime; title=\u00a0\u00bbF\u00e9licitations \u00e0 Sully, Pr\u00e9sident du club m\u00e9ritant cette ann\u00e9e encore au vu de l&rsquo;\u00e9volution de ses licenci\u00e9s\u00a0\u00bb][vc_single_image image=\u00a0\u00bb14540&Prime; title=\u00a0\u00bbremise de dipl\u00f4mes de secouristes pour des arbitres\u00a0\u00bb][vc_single_image image=\u00a0\u00bb14542&Prime; title=\u00a0\u00bble mot de l&rsquo;Adjoint aux sports de la Mairie\u00a0\u00bb][vc_single_image image=\u00a0\u00bb14541&Prime;][vc_single_image image=\u00a0\u00bb14543&Prime;][vc_single_image image=\u00a0\u00bb14544&Prime; title=\u00a0\u00bbles Arbitres du tatamis 2&Prime;][vc_single_image image=\u00a0\u00bb14545&Prime; title=\u00a0\u00bbles Arbitres du tatamis 1&Prime;][vc_single_image image=\u00a0\u00bb14546&Prime;][vc_single_image image=\u00a0\u00bb14547&Prime;][vc_single_image image=\u00a0\u00bb14548&Prime; title=\u00a0\u00bbles membres de la Protection Civile qui surveillent les combats \u00ab\u00a0][vc_single_image image=\u00a0\u00bb14549&Prime; title=\u00a0\u00bbexamen de coachs\u00a0\u00bb][vc_single_image image=\u00a0\u00bb14550&Prime;][vc_single_image image=\u00a0\u00bb14551&Prime;][vc_single_image image=\u00a0\u00bb14552&Prime;][vc_single_image image=\u00a0\u00bb14553&Prime;][vc_single_image image=\u00a0\u00bb14554&Prime;][vc_single_image image=\u00a0\u00bb14555&Prime;][vc_single_image image=\u00a0\u00bb14556&Prime;][vc_single_image image=\u00a0\u00bb14557&Prime; title=\u00a0\u00bbPodium Mini-Poussines -20 kg\u00a0\u00bb][vc_single_image image=\u00a0\u00bb14558&Prime; title=\u00a0\u00bbPodium Mini-Poussine -25 kg\u00a0\u00bb][vc_single_image image=\u00a0\u00bb14559&Prime; title=\u00a0\u00bbPodium Mini-Poussins -20 kg\u00a0\u00bb][vc_single_image image=\u00a0\u00bb14560&Prime; title=\u00a0\u00bbPodium Poussines -20 kg\u00a0\u00bb][vc_single_image image=\u00a0\u00bb14561&Prime; title=\u00a0\u00bbPodium Poussines -25 kg\u00a0\u00bb][vc_single_image image=\u00a0\u00bb14562&Prime; title=\u00a0\u00bbPodium Poussines -30 kg\u00a0\u00bb][vc_single_image image=\u00a0\u00bb14563&Prime; title=\u00a0\u00bbPodium Poussines -35 kg\u00a0\u00bb][vc_single_image image=\u00a0\u00bb14564&Prime; title=\u00a0\u00bbPodium Poussins -20 kg\u00a0\u00bb][vc_single_image image=\u00a0\u00bb14565&Prime; title=\u00a0\u00bbPodium Poussins -25 kg\u00a0\u00bb][vc_single_image image=\u00a0\u00bb14566&Prime; title=\u00a0\u00bbPodium Poussins -30 kg\u00a0\u00bb][vc_single_image image=\u00a0\u00bb14567&Prime; title=\u00a0\u00bbPodium Poussins -45 kg\u00a0\u00bb][vc_single_image image=\u00a0\u00bb14568&Prime; title=\u00a0\u00bbPodium Pupilles -25 kg\u00a0\u00bb][vc_single_image image=\u00a0\u00bb14569&Prime; title=\u00a0\u00bbPodium Pupilles -35 kg\u00a0\u00bb][vc_single_image image=\u00a0\u00bb14570&Prime; title=\u00a0\u00bbPodium Pupilles -25 kg\u00a0\u00bb][vc_single_image image=\u00a0\u00bb14571&Prime; title=\u00a0\u00bbPodium Pupilles -30 kg\u00a0\u00bb][vc_single_image image=\u00a0\u00bb14572&Prime; title=\u00a0\u00bbPodium Pupilles -35 kg\u00a0\u00bb][vc_single_image image=\u00a0\u00bb14573&Prime; title=\u00a0\u00bbPodium Pupilles -40 kg\u00a0\u00bb][vc_single_image image=\u00a0\u00bb14574&Prime; title=\u00a0\u00bbPodium Pupilles -45 kg\u00a0\u00bb][\/vc_column][\/vc_row]<\/p>\n<\/div>","protected":false},"excerpt":{"rendered":"<p>[vc_row][vc_column][vc_single_image image=\u00a0\u00bb14529&Prime; title=\u00a0\u00bbbriefing des Arbitres et coachs\u00a0\u00bb][vc_single_image image=\u00a0\u00bb14530&Prime; title=\u00a0\u00bbbriefing des Arbitres et coachs\u00a0\u00bb][vc_single_image image=\u00a0\u00bb14531&Prime; title=\u00a0\u00bbbriefing des Arbitres et coachs\u00a0\u00bb][vc_single_image image=\u00a0\u00bb14532&Prime; title=\u00a0\u00bbbriefing des Arbitres et coachs\u00a0\u00bb][vc_single_image image=\u00a0\u00bb14533&Prime;][vc_single_image image=\u00a0\u00bb14534&Prime;][vc_single_image image=\u00a0\u00bb14535&Prime;][vc_single_image image=\u00a0\u00bb14536&Prime; title=\u00a0\u00bble mot du Pr\u00e9sident de Ligue \u00ab\u00a0][vc_single_image image=\u00a0\u00bb14537&Prime;][vc_single_image image=\u00a0\u00bb14538&Prime;][vc_single_image image=\u00a0\u00bb14539&Prime; title=\u00a0\u00bbF\u00e9licitations \u00e0 Sully, Pr\u00e9sident du club m\u00e9ritant cette ann\u00e9e encore au vu de l&rsquo;\u00e9volution de ses [&hellip;]<\/p>\n","protected":false},"author":142,"featured_media":0,"parent":12654,"menu_order":0,"comment_status":"closed","ping_status":"closed","template":"","meta":{"footnotes":""},"class_list":["post-14672","page","type-page","status-publish","hentry"],"_links":{"self":[{"href":"https:\/\/sites.ffkarate.fr\/liguereunion\/wp-json\/wp\/v2\/pages\/14672","targetHints":{"allow":["GET"]}}],"collection":[{"href":"https:\/\/sites.ffkarate.fr\/liguereunion\/wp-json\/wp\/v2\/pages"}],"about":[{"href":"https:\/\/sites.ffkarate.fr\/liguereunion\/wp-json\/wp\/v2\/types\/page"}],"author":[{"embeddable":true,"href":"https:\/\/sites.ffkarate.fr\/liguereunion\/wp-json\/wp\/v2\/users\/142"}],"replies":[{"embeddable":true,"href":"https:\/\/sites.ffkarate.fr\/liguereunion\/wp-json\/wp\/v2\/comments?post=14672"}],"version-history":[{"count":5,"href":"https:\/\/sites.ffkarate.fr\/liguereunion\/wp-json\/wp\/v2\/pages\/14672\/revisions"}],"predecessor-version":[{"id":14680,"href":"https:\/\/sites.ffkarate.fr\/liguereunion\/wp-json\/wp\/v2\/pages\/14672\/revisions\/14680"}],"up":[{"embeddable":true,"href":"https:\/\/sites.ffkarate.fr\/liguereunion\/wp-json\/wp\/v2\/pages\/12654"}],"wp:attachment":[{"href":"https:\/\/sites.ffkarate.fr\/liguereunion\/wp-json\/wp\/v2\/media?parent=14672"}],"curies":[{"name":"wp","href":"https:\/\/api.w.org\/{rel}","templated":true}]}}