{"id":1883,"date":"2015-11-30T09:11:04","date_gmt":"2015-11-30T08:11:04","guid":{"rendered":"https:\/\/sites.ffkarate.fr\/liguereunion\/?page_id=1883"},"modified":"2021-06-05T16:35:16","modified_gmt":"2021-06-05T14:35:16","slug":"college-des-ceintures-noires","status":"publish","type":"page","link":"https:\/\/sites.ffkarate.fr\/liguereunion\/equipe-technique-regionale-2024-2028\/college-des-ceintures-noires\/","title":{"rendered":"Coll\u00e8ge des Ceintures Noires"},"content":{"rendered":"<div class=\"wpb-content-wrapper\"><p>[vc_row][vc_column][vc_column_text]<img decoding=\"async\" class=\"aligncenter wp-image-1903 size-thumbnail\" src=\"https:\/\/sites.ffkarate.fr\/liguereunion\/wp-content\/uploads\/sites\/122\/2015\/12\/ceinture-noire-176x176.jpg\" alt=\"\u00a9LRK-ap\" width=\"176\" height=\"176\" \/><\/p>\n<p><span style=\"color: #ff6600\"><strong>Le Coll\u00e8ge des Ceintures Noires de la Ligue R\u00e9union a \u00e9t\u00e9 cr\u00e9\u00e9 le samedi 23 f\u00e9vrier \u00e0 Ste Marie.<\/strong><\/span><br \/>\n<span style=\"color: #ff6600\"><strong>Pour en faire partie, <\/strong><\/span><br \/>\n<span style=\"color: #ff6600\"><strong>envoyez nom, pr\u00e9noms, e-mail, n\u00b0 mobile, et ch\u00e8que de 15 \u20acuros (cot. annuelle) au nom de la Ligue<\/strong><\/span><br \/>\n<span style=\"color: #ff6600\"><strong>\u00e0 l&rsquo;adresse suivante : <\/strong><\/span><br \/>\n<span style=\"color: #ff6600\"><strong>Deville Jean Claude<\/strong><\/span><br \/>\n<span style=\"color: #ff6600\"><strong>12 rue Coli<\/strong><\/span><br \/>\n<span style=\"color: #ff6600\"><strong>97438 Ste Marie<\/strong><\/span><br \/>\n<span style=\"color: #ff6600\"><strong>Contact : t\u00e9l 0692 61 74 98<br \/>\n<\/strong><\/span><strong>M\u00e9l :\u00a0\u00a0\u00a0\u00a0<a id=\"jeanclaudedeville@sfr.fr_body\" class=\"adr black-to-orange contextEntry\" href=\"https:\/\/webmail1j.orange.fr\/webmail\/fr_RE\/read.html?FOLDER=SF_INBOX&amp;IDMSG=85748&amp;check=&amp;SORTBY=1#\" target=\"_blank\" rel=\"noopener\">jeanclaudedeville@sfr.fr<\/a>\u00a0 <\/strong><br \/>\n<span style=\"color: #ff6600\"><strong>Les co-responsables du Coll\u00e8ge : Pascal Bassonville et Jean Claude Deville<\/strong><\/span><\/p>\n<hr \/>\n<p>[\/vc_column_text][vc_column_text]<\/p>\n<hr \/>\n<p><strong>Regroupement du 29 mars 2019<br \/>\n<\/strong><\/p>\n<p><img decoding=\"async\" class=\"alignleft wp-image-9696 size-full\" src=\"https:\/\/sites.ffkarate.fr\/liguereunion\/wp-content\/uploads\/sites\/122\/2019\/04\/COLL-CN-29-03-2019.jpg\" alt=\"COLL CN 29-03-2019\" width=\"800\" height=\"403\" \/><\/p>\n<p>&nbsp;<\/p>\n<hr \/>\n<p><strong><a href=\"https:\/\/sites.ffkarate.fr\/liguereunion\/actualites\/college-c-n-regroupement-le-11-fevrier-a-la-plaine\/\" target=\"_blank\" rel=\"noopener\">Dimanche 11 f\u00e9vrier 2018 regroupement \u00e0 la Plaine Palmistes<\/a>\u00a0 &#8211; <\/strong>[\/vc_column_text][\/vc_column][\/vc_row]<\/p>\n<\/div>","protected":false},"excerpt":{"rendered":"<p>[vc_row][vc_column][vc_column_text] Le Coll\u00e8ge des Ceintures Noires de la Ligue R\u00e9union a \u00e9t\u00e9 cr\u00e9\u00e9 le samedi 23 f\u00e9vrier \u00e0 Ste Marie. Pour en faire partie, envoyez nom, pr\u00e9noms, e-mail, n\u00b0 mobile, et ch\u00e8que de 15 \u20acuros (cot. annuelle) au nom de la Ligue \u00e0 l&rsquo;adresse suivante : Deville Jean Claude 12 rue Coli 97438 Ste Marie [&hellip;]<\/p>\n","protected":false},"author":142,"featured_media":1903,"parent":12653,"menu_order":0,"comment_status":"closed","ping_status":"closed","template":"","meta":{"footnotes":""},"class_list":["post-1883","page","type-page","status-publish","hentry"],"_links":{"self":[{"href":"https:\/\/sites.ffkarate.fr\/liguereunion\/wp-json\/wp\/v2\/pages\/1883","targetHints":{"allow":["GET"]}}],"collection":[{"href":"https:\/\/sites.ffkarate.fr\/liguereunion\/wp-json\/wp\/v2\/pages"}],"about":[{"href":"https:\/\/sites.ffkarate.fr\/liguereunion\/wp-json\/wp\/v2\/types\/page"}],"author":[{"embeddable":true,"href":"https:\/\/sites.ffkarate.fr\/liguereunion\/wp-json\/wp\/v2\/users\/142"}],"replies":[{"embeddable":true,"href":"https:\/\/sites.ffkarate.fr\/liguereunion\/wp-json\/wp\/v2\/comments?post=1883"}],"version-history":[{"count":3,"href":"https:\/\/sites.ffkarate.fr\/liguereunion\/wp-json\/wp\/v2\/pages\/1883\/revisions"}],"predecessor-version":[{"id":12810,"href":"https:\/\/sites.ffkarate.fr\/liguereunion\/wp-json\/wp\/v2\/pages\/1883\/revisions\/12810"}],"up":[{"embeddable":true,"href":"https:\/\/sites.ffkarate.fr\/liguereunion\/wp-json\/wp\/v2\/pages\/12653"}],"wp:featuredmedia":[{"embeddable":true,"href":"https:\/\/sites.ffkarate.fr\/liguereunion\/wp-json\/wp\/v2\/media\/1903"}],"wp:attachment":[{"href":"https:\/\/sites.ffkarate.fr\/liguereunion\/wp-json\/wp\/v2\/media?parent=1883"}],"curies":[{"name":"wp","href":"https:\/\/api.w.org\/{rel}","templated":true}]}}