{"id":271,"date":"2015-10-29T21:54:14","date_gmt":"2015-10-29T20:54:14","guid":{"rendered":"https:\/\/sites.ffkarate.fr\/liguereunion\/?page_id=271"},"modified":"2021-05-25T16:46:43","modified_gmt":"2021-05-25T14:46:43","slug":"tokitsu-ryu","status":"publish","type":"page","link":"https:\/\/sites.ffkarate.fr\/liguereunion\/karate-jutsu\/tokitsu-ryu\/","title":{"rendered":"Tokitsu Ryu"},"content":{"rendered":"<div class=\"wpb-content-wrapper\"><p>[vc_row][vc_column][vc_column_text]<strong>Commission Tokitsu Ryu Oc\u00e9an Indien\u00a0\u00a0\u00a0 <\/strong><\/p>\n<p><strong>Pr\u00e9sident : HOAREAU Jean Marc<br \/>\nT\u00e9l. 06 92 64 53 52<br \/>\nM\u00e9l : fr5ao@wanadoo.fr<\/strong><\/p>\n<p><em><strong>Vice Pr\u00e9sident : VIRACAOUNDIN Emile<\/strong><\/em><br \/>\n<em><strong> T\u00e9l. 06 92 66 05 22<\/strong><\/em><br \/>\n<em><strong> M\u00e9l : vira.emile@wanadoo.fr<\/strong><\/em><\/p>\n<p><em><strong>Secr\u00e9taire : GRUFFAZ Amandine<\/strong><\/em><\/p>\n<p><em><strong>Tr\u00e9sorier : CLAIN Jean Claude<\/strong><\/em><\/p>\n<hr \/>\n<p>[\/vc_column_text][\/vc_column][\/vc_row]<\/p>\n<\/div>","protected":false},"excerpt":{"rendered":"<p>[vc_row][vc_column][vc_column_text]Commission Tokitsu Ryu Oc\u00e9an Indien\u00a0\u00a0\u00a0 Pr\u00e9sident : HOAREAU Jean Marc T\u00e9l. 06 92 64 53 52 M\u00e9l : fr5ao@wanadoo.fr Vice Pr\u00e9sident : VIRACAOUNDIN Emile T\u00e9l. 06 92 66 05 22 M\u00e9l : vira.emile@wanadoo.fr Secr\u00e9taire : GRUFFAZ Amandine Tr\u00e9sorier : CLAIN Jean Claude [\/vc_column_text][\/vc_column][\/vc_row]<\/p>\n","protected":false},"author":142,"featured_media":0,"parent":4402,"menu_order":0,"comment_status":"closed","ping_status":"closed","template":"","meta":{"footnotes":""},"class_list":["post-271","page","type-page","status-publish","hentry"],"_links":{"self":[{"href":"https:\/\/sites.ffkarate.fr\/liguereunion\/wp-json\/wp\/v2\/pages\/271","targetHints":{"allow":["GET"]}}],"collection":[{"href":"https:\/\/sites.ffkarate.fr\/liguereunion\/wp-json\/wp\/v2\/pages"}],"about":[{"href":"https:\/\/sites.ffkarate.fr\/liguereunion\/wp-json\/wp\/v2\/types\/page"}],"author":[{"embeddable":true,"href":"https:\/\/sites.ffkarate.fr\/liguereunion\/wp-json\/wp\/v2\/users\/142"}],"replies":[{"embeddable":true,"href":"https:\/\/sites.ffkarate.fr\/liguereunion\/wp-json\/wp\/v2\/comments?post=271"}],"version-history":[{"count":1,"href":"https:\/\/sites.ffkarate.fr\/liguereunion\/wp-json\/wp\/v2\/pages\/271\/revisions"}],"predecessor-version":[{"id":12782,"href":"https:\/\/sites.ffkarate.fr\/liguereunion\/wp-json\/wp\/v2\/pages\/271\/revisions\/12782"}],"up":[{"embeddable":true,"href":"https:\/\/sites.ffkarate.fr\/liguereunion\/wp-json\/wp\/v2\/pages\/4402"}],"wp:attachment":[{"href":"https:\/\/sites.ffkarate.fr\/liguereunion\/wp-json\/wp\/v2\/media?parent=271"}],"curies":[{"name":"wp","href":"https:\/\/api.w.org\/{rel}","templated":true}]}}