{"id":50,"date":"2015-01-08T11:31:53","date_gmt":"2015-01-08T11:31:53","guid":{"rendered":"https:\/\/sites.ffkarate.fr\/testclone\/?page_id=50"},"modified":"2023-02-16T14:25:58","modified_gmt":"2023-02-16T13:25:58","slug":"la-ligue","status":"publish","type":"page","link":"https:\/\/sites.ffkarate.fr\/liguereunion\/la-ligue\/","title":{"rendered":"La Ligue"},"content":{"rendered":"<div class=\"wpb-content-wrapper\"><p>[vc_row][vc_column][vc_column_text]Bienvenue sur le site officiel de la Ligue de La R\u00e9union\u00a0!<\/p>\n<p>Vous trouverez sur ce site toute l&rsquo;actualit\u00e9 du Karat\u00e9 et de ses Disciplines Associ\u00e9es :<br \/>\nle calendrier des diff\u00e9rentes comp\u00e9titions, passage de grades, stages et autres manifestations, mais aussi toutes les informations<br \/>\net documents n\u00e9cessaires aux dirigeants de clubs ainsi qu&rsquo;aux licenci\u00e9s.<\/p>\n<p>Bonne visite.<\/p>\n<p><em>Le Pr\u00e9sident de la Ligue<\/em>[\/vc_column_text][vc_column_text]<\/p>\n<h2>Nos coordonn\u00e9es<\/h2>\n<p><strong>Ligue FFKDA de La R\u00e9union<\/strong><\/p>\n<p>2, impasse des chicor\u00e9es &#8211;<br \/>\nla Bretagne &#8211;<br \/>\n97490 SAINTE CLOTILDE<br \/>\nTel : 06 92 70 11 20<br \/>\nE-mail :\u00a0 ligue.karate.reunion974@orange.fr<\/p>\n<p>le Secr\u00e9tariat fonctionne<br \/>\ndu lundi au vendredi de 8h \u00e0 17h<\/p>\n<p>Contact Secr\u00e9taire G\u00e9n\u00e9ral :<br \/>\nT\u00e9l\u00a0 06 92 31 43 15<br \/>\nE-mail : secretairegeneral.lrk@gmail.com[\/vc_column_text][\/vc_column][\/vc_row]<\/p>\n<\/div>","protected":false},"excerpt":{"rendered":"<p>[vc_row][vc_column][vc_column_text]Bienvenue sur le site officiel de la Ligue de La R\u00e9union\u00a0! Vous trouverez sur ce site toute l&rsquo;actualit\u00e9 du Karat\u00e9 et de ses Disciplines Associ\u00e9es : le calendrier des diff\u00e9rentes comp\u00e9titions, passage de grades, stages et autres manifestations, mais aussi toutes les informations et documents n\u00e9cessaires aux dirigeants de clubs ainsi qu&rsquo;aux licenci\u00e9s. Bonne visite. [&hellip;]<\/p>\n","protected":false},"author":20,"featured_media":0,"parent":0,"menu_order":0,"comment_status":"closed","ping_status":"closed","template":"","meta":{"footnotes":""},"class_list":["post-50","page","type-page","status-publish","hentry"],"_links":{"self":[{"href":"https:\/\/sites.ffkarate.fr\/liguereunion\/wp-json\/wp\/v2\/pages\/50","targetHints":{"allow":["GET"]}}],"collection":[{"href":"https:\/\/sites.ffkarate.fr\/liguereunion\/wp-json\/wp\/v2\/pages"}],"about":[{"href":"https:\/\/sites.ffkarate.fr\/liguereunion\/wp-json\/wp\/v2\/types\/page"}],"author":[{"embeddable":true,"href":"https:\/\/sites.ffkarate.fr\/liguereunion\/wp-json\/wp\/v2\/users\/20"}],"replies":[{"embeddable":true,"href":"https:\/\/sites.ffkarate.fr\/liguereunion\/wp-json\/wp\/v2\/comments?post=50"}],"version-history":[{"count":7,"href":"https:\/\/sites.ffkarate.fr\/liguereunion\/wp-json\/wp\/v2\/pages\/50\/revisions"}],"predecessor-version":[{"id":18206,"href":"https:\/\/sites.ffkarate.fr\/liguereunion\/wp-json\/wp\/v2\/pages\/50\/revisions\/18206"}],"wp:attachment":[{"href":"https:\/\/sites.ffkarate.fr\/liguereunion\/wp-json\/wp\/v2\/media?parent=50"}],"curies":[{"name":"wp","href":"https:\/\/api.w.org\/{rel}","templated":true}]}}