{"id":1157,"date":"2017-11-02T10:46:36","date_gmt":"2017-11-02T09:46:36","guid":{"rendered":"https:\/\/sites.ffkarate.fr\/loire\/?page_id=1157"},"modified":"2017-11-02T10:46:36","modified_gmt":"2017-11-02T09:46:36","slug":"competitions","status":"publish","type":"page","link":"https:\/\/sites.ffkarate.fr\/loire\/arbitrage-competitions\/competitions\/","title":{"rendered":"Comp\u00e9titions"},"content":{"rendered":"<div class=\"wpb-content-wrapper\"><p>[vc_row][vc_column][vc_column_text]<\/p>\n<h2>COMP\u00c9TITIONS<\/h2>\n<h3><span style=\"color: #ff0000\"><em><strong>Inscriptions en ligne obligatoires pour toutes les comp\u00e9titions et manifestations d\u00e9partementales.\u00a0<\/strong><\/em><em><strong>Aucune inscription sur place.<\/strong><\/em><\/span><\/h3>\n<p><strong>Les comp\u00e9titeurs doivent s\u2019inscrire aux comp\u00e9titions par l\u2019interm\u00e9diaire du club dans lequel ils sont licenci\u00e9s.<\/strong><\/p>\n<p>Les comp\u00e9titeurs doivent pr\u00e9senter \u00e0 chaque comp\u00e9tition, que ce soit pour les coupes ou les championnats d\u00e9partementaux, r\u00e9gionaux, inter-r\u00e9gionaux ou nationaux les<strong>pi\u00e8ces\u00a0administratives obligatoires\u00a0<\/strong>suivantes :<img decoding=\"async\" class=\" size-medium wp-image-411 alignright\" src=\"https:\/\/sites.ffkarate.fr\/rhonealpes\/wp-content\/uploads\/sites\/55\/2015\/09\/2014-2015-album-divers-15-300x200.jpg\" alt=\"Souvenirs 2014-2015\" width=\"300\" height=\"200\" \/><\/p>\n<ul>\n<li>Le passeport sportif en cours de validit\u00e9 et qui doit contenir deux timbres de licences minimum, dont celui de la saison en cours<\/li>\n<li>Le certificat m\u00e9dical de non-contre indication \u00e0 la pratique en comp\u00e9tition<\/li>\n<li>L\u2019autorisation parentale pour les mineurs<\/li>\n<li>Une pi\u00e8ce d\u2019identit\u00e9 fran\u00e7aise (sauf pour les coupes)<br \/>\nSauf pour les cat\u00e9gories Pupille et Benjamin pour lesquelles aucun contr\u00f4le de nationalit\u00e9 n\u2019est effectu\u00e9.<br \/>\nLes comp\u00e9titeurs mineurs n\u2019ayant pas la nationalit\u00e9 fran\u00e7aise, des cat\u00e9gories minime, cadet et junior n\u00e9s sur le territoire fran\u00e7ais devront pr\u00e9senter un justificatif de naissance (ex : acte de naissance ou photocopie du livret de famille) ainsi qu\u2019un justificatif de domiciliation en France, pour les championnats individuels d\u00e9partementaux, r\u00e9gionaux, inter-r\u00e9gionaux, et nationaux.<br \/>\nLes juniors mineurs, atteignant la majorit\u00e9 en cours de saison, pr\u00e9serveront le m\u00eame statut que les mineurs jusqu\u2019\u00e0 la fin de la saison sportive.<br \/>\nCes dispositions s\u2019appliquent sous r\u00e9serve de ne pas avoir \u00e9t\u00e9 s\u00e9lectionn\u00e9 dans l\u2019\u00e9quipe nationale d\u2019un autre pays.<\/li>\n<\/ul>\n<h2>LES COMIT\u00c9S D\u00c9PARTEMENTAUX ORGANISENT :<\/h2>\n<ul>\n<li>Les championnats d\u00e9partementaux individuels kata et combat des cat\u00e9gories MINIME, CADET, JUNIOR, SENIOR.<br \/>\nLa participation \u00e0 ces comp\u00e9titions est qualificative pour les championnats r\u00e9gionaux.<\/li>\n<li>Les coupes d\u00e9partementales individuelles kata et combat des cat\u00e9gories PUPILLE, BENJAMIN.<br \/>\nLa participation \u00e0 ces comp\u00e9titions est qualificative pour les coupes de ligue enfants. Ils organisent le cas \u00e9ch\u00e9ant des comp\u00e9titions par \u00e9quipes (sauf pour les enfants).<\/li>\n<\/ul>\n<p>Chaque comp\u00e9titeur devra \u00eatre en possession de ses protections personnelles et individuelles:<\/p>\n<ul>\n<li>TENUES PERSONNELLES OBLIGATOIRES Karat\u00e9 gi blanc \/ Ceinture rouge et ceinture bleue \/ Gants rouges et gants bleus \/ Prot\u00e8ge dents (adapt\u00e9 en cas d\u2019appareil dentaire). \/ Prot\u00e8ge pieds rouges et prot\u00e8ge pieds bleus \/ Prot\u00e8ge tibias \/ Coquille pour les combattants \/ Prot\u00e8ge poitrine pour les combattantes cadettes, juniors, et seniors.<\/li>\n<li>Plastron r\u00e9versible bleu-rouge et casque pour les comp\u00e9titeurs en cat\u00e9gorie Pupille,Benjamin et Minime.<\/li>\n<\/ul>\n<p>&nbsp;<\/p>\n<div class=\"entry-content\">\n<h2>INSCRIPTION EN LIGNE<\/h2>\n<p><a href=\"http:\/\/www.ffkcompetition.fr\/\" target=\"_blank\" rel=\"noopener\"><img decoding=\"async\" class=\"alignleft size-full wp-image-192\" src=\"https:\/\/sites.ffkarate.fr\/rhonealpes\/wp-content\/uploads\/sites\/55\/2015\/01\/bouton-inscription-competition.jpg\" alt=\"bouton-inscription-competition\" width=\"230\" height=\"40\" \/><\/a><\/p>\n<h2><\/h2>\n<h3>\u00a0DOCUMENT POUR L\u2019INSCRIPTION EN LIGNE<\/h3>\n<p><a href=\"https:\/\/sites.ffkarate.fr\/isere\/wp-content\/uploads\/sites\/28\/2017\/10\/QuickStartGDA_Clubs.pdf\">mode d\u2019emploi pour les club.<\/a><\/p>\n<h2><\/h2>\n<\/div>\n<div id=\"page-documents\" class=\"content-area\">\n<h2>DOCUMENTS<\/h2>\n<div class=\"documents-list\">\n<ul>\n<li><span class=\"title\">CATEGORIE-AGE-POIDS-2020-2021\u00a0<\/span><span class=\"link\"><a href=\"https:\/\/www.ffkarate.fr\/wp-content\/uploads\/2020\/09\/categorie_age_poids_2020-2021.pdf\" target=\"_blank\" rel=\"noopener\">t\u00e9l\u00e9charger le document<\/a><\/span><\/li>\n<li><span class=\"title\">AUTORISATION-PARENTALE-2020-2021\u00a0<\/span><span class=\"link\"><a href=\"https:\/\/sites.ffkarate.fr\/rhonealpes\/wp-content\/uploads\/sites\/55\/2017\/09\/autorisation-parentale-2017-2018.pdf\" target=\"_blank\" rel=\"noopener\">t\u00e9l\u00e9charger le document<\/a><\/span><\/li>\n<li><span class=\"title\">KARAT\u00c9 &#8211; R\u00c8GLEMENT DES COMP\u00c9TITIONS &#8211; SAISON 2020\/2021\u00a0<\/span><span class=\"link\"><a href=\"https:\/\/www.ffkarate.fr\/wp-content\/uploads\/2020\/08\/Reglement-competitions-2020-2021-Version-definitive-le-20.07.20.pdf\" target=\"_blank\" rel=\"noopener\">t\u00e9l\u00e9charger le document<\/a><\/span><\/li>\n<\/ul>\n<\/div>\n<\/div>\n<p>[\/vc_column_text][\/vc_column][\/vc_row]<\/p>\n<\/div>","protected":false},"excerpt":{"rendered":"<p>[vc_row][vc_column][vc_column_text] COMP\u00c9TITIONS Inscriptions en ligne obligatoires pour toutes les comp\u00e9titions et manifestations d\u00e9partementales.\u00a0Aucune inscription sur place. Les comp\u00e9titeurs doivent s\u2019inscrire aux comp\u00e9titions par l\u2019interm\u00e9diaire du club dans lequel ils sont licenci\u00e9s. Les comp\u00e9titeurs doivent pr\u00e9senter \u00e0 chaque comp\u00e9tition, que ce soit pour les coupes ou les championnats d\u00e9partementaux, r\u00e9gionaux, inter-r\u00e9gionaux ou nationaux lespi\u00e8ces\u00a0administratives obligatoires\u00a0suivantes : [&hellip;]<\/p>\n","protected":false},"author":111,"featured_media":1177,"parent":408,"menu_order":0,"comment_status":"closed","ping_status":"closed","template":"","meta":{"footnotes":""},"class_list":["post-1157","page","type-page","status-publish","hentry"],"_links":{"self":[{"href":"https:\/\/sites.ffkarate.fr\/loire\/wp-json\/wp\/v2\/pages\/1157","targetHints":{"allow":["GET"]}}],"collection":[{"href":"https:\/\/sites.ffkarate.fr\/loire\/wp-json\/wp\/v2\/pages"}],"about":[{"href":"https:\/\/sites.ffkarate.fr\/loire\/wp-json\/wp\/v2\/types\/page"}],"author":[{"embeddable":true,"href":"https:\/\/sites.ffkarate.fr\/loire\/wp-json\/wp\/v2\/users\/111"}],"replies":[{"embeddable":true,"href":"https:\/\/sites.ffkarate.fr\/loire\/wp-json\/wp\/v2\/comments?post=1157"}],"version-history":[{"count":0,"href":"https:\/\/sites.ffkarate.fr\/loire\/wp-json\/wp\/v2\/pages\/1157\/revisions"}],"up":[{"embeddable":true,"href":"https:\/\/sites.ffkarate.fr\/loire\/wp-json\/wp\/v2\/pages\/408"}],"wp:featuredmedia":[{"embeddable":true,"href":"https:\/\/sites.ffkarate.fr\/loire\/wp-json\/wp\/v2\/media\/1177"}],"wp:attachment":[{"href":"https:\/\/sites.ffkarate.fr\/loire\/wp-json\/wp\/v2\/media?parent=1157"}],"curies":[{"name":"wp","href":"https:\/\/api.w.org\/{rel}","templated":true}]}}