{"id":1926,"date":"2021-03-19T15:45:26","date_gmt":"2021-03-19T14:45:26","guid":{"rendered":"https:\/\/sites.ffkarate.fr\/loire\/?page_id=1926"},"modified":"2021-03-19T15:45:26","modified_gmt":"2021-03-19T14:45:26","slug":"enfants","status":"publish","type":"page","link":"https:\/\/sites.ffkarate.fr\/loire\/commissions-techniques\/enfants\/","title":{"rendered":"Enfants"},"content":{"rendered":"<div class=\"wpb-content-wrapper\"><p>[vc_row][vc_column][vc_column_text]&nbsp;<\/p>\n<p>Le d\u00e9veloppement de la cat\u00e9gorie enfant pour cette olympiade 2020\/2024 fait partie int\u00e9grante des orientations du Comit\u00e9 de la Loire. Aujourd\u2019hui, ces cat\u00e9gories d\u2019\u00e2ge sont repr\u00e9sent\u00e9es dans la majorit\u00e9 des clubs affili\u00e9s. C\u2019est pourquoi la promotion du karat\u00e9 enfant est une orientation essentielle pour le d\u00e9veloppement d\u2019une association sportive.<\/p>\n<blockquote><p>La repr\u00e9sentativit\u00e9 est forte avec pr\u00e8s de 70000 licenci\u00e9s sur un total de 253 000, soit 28%.<\/p><\/blockquote>\n<p>Nous d\u00e9finissons notre p\u00e9rim\u00e8tre d\u2019action \u00e0 travers\u00a0<strong>deux cat\u00e9gories d\u2019\u00e2ge<\/strong>\u00a0:<\/p>\n<ul>\n<li><strong><a href=\"https:\/\/www.ffkarate.fr\/direction-technique-nationale\/developpement\/enfants-jeunes\/baby-karate\/\" target=\"_blank\" rel=\"noopener noreferrer\">Baby Karat\u00e9<\/a>\u00a0:<\/strong>\u00a0maternelle\u00a0<em>(mini poussin de 3 \u00e0 5 ans)<\/em><\/li>\n<li><strong><a href=\"https:\/\/www.ffkarate.fr\/direction-technique-nationale\/developpement\/enfants-jeunes\/karate-kid\/\" target=\"_blank\" rel=\"noopener noreferrer\">Karat\u00e9 Kid<\/a>\u00a0:<\/strong>\u00a0primaire\u00a0<em>(poussin de 6 \u00e0 7 ans, pupille de 8 \u00e0 9 ans et benjamin de 10 \u00e0 11 ans)<\/em><\/li>\n<\/ul>\n<p><a href=\"https:\/\/www.ffkarate.fr\/wp-content\/uploads\/2019\/05\/C.-Menne_4.jpg\" target=\"_blank\" rel=\"noopener\"><img decoding=\"async\" class=\"size-large wp-image-36159 aligncenter\" src=\"https:\/\/www.ffkarate.fr\/wp-content\/uploads\/2019\/05\/C.-Menne_4-1024x1024.jpg\" alt=\"\" width=\"640\" height=\"640\" \/><\/a><\/p>\n<h3>OBJECTIFS<\/h3>\n<p>Autour de ces deux cat\u00e9gories d\u2019\u00e2ge, la strat\u00e9gie du comit\u00e9 est de d\u00e9finir des objectifs :<\/p>\n<ul>\n<li><strong>Organiser des manifestations<\/strong> \u00e0 destination de chaque cycle ;<\/li>\n<li><strong>Former les professeurs<\/strong>\u00a0en activit\u00e9 d\u00e9j\u00e0 titulaires d\u2019un dipl\u00f4me au travers de la formation continue ;<\/li>\n<li><strong>Cr\u00e9er des outils promotionnels<\/strong>\u00a0pour communiquer \u00e0 l\u2019\u00e9chelle d\u00e9partementale;<\/li>\n<\/ul>\n<p>[\/vc_column_text][\/vc_column][\/vc_row]<\/p>\n<\/div>","protected":false},"excerpt":{"rendered":"<p>[vc_row][vc_column][vc_column_text]&nbsp; Le d\u00e9veloppement de la cat\u00e9gorie enfant pour cette olympiade 2020\/2024 fait partie int\u00e9grante des orientations du Comit\u00e9 de la Loire. Aujourd\u2019hui, ces cat\u00e9gories d\u2019\u00e2ge sont repr\u00e9sent\u00e9es dans la majorit\u00e9 des clubs affili\u00e9s. C\u2019est pourquoi la promotion du karat\u00e9 enfant est une orientation essentielle pour le d\u00e9veloppement d\u2019une association sportive. La repr\u00e9sentativit\u00e9 est forte avec [&hellip;]<\/p>\n","protected":false},"author":50,"featured_media":0,"parent":1880,"menu_order":0,"comment_status":"closed","ping_status":"closed","template":"","meta":{"footnotes":""},"class_list":["post-1926","page","type-page","status-publish","hentry"],"_links":{"self":[{"href":"https:\/\/sites.ffkarate.fr\/loire\/wp-json\/wp\/v2\/pages\/1926","targetHints":{"allow":["GET"]}}],"collection":[{"href":"https:\/\/sites.ffkarate.fr\/loire\/wp-json\/wp\/v2\/pages"}],"about":[{"href":"https:\/\/sites.ffkarate.fr\/loire\/wp-json\/wp\/v2\/types\/page"}],"author":[{"embeddable":true,"href":"https:\/\/sites.ffkarate.fr\/loire\/wp-json\/wp\/v2\/users\/50"}],"replies":[{"embeddable":true,"href":"https:\/\/sites.ffkarate.fr\/loire\/wp-json\/wp\/v2\/comments?post=1926"}],"version-history":[{"count":0,"href":"https:\/\/sites.ffkarate.fr\/loire\/wp-json\/wp\/v2\/pages\/1926\/revisions"}],"up":[{"embeddable":true,"href":"https:\/\/sites.ffkarate.fr\/loire\/wp-json\/wp\/v2\/pages\/1880"}],"wp:attachment":[{"href":"https:\/\/sites.ffkarate.fr\/loire\/wp-json\/wp\/v2\/media?parent=1926"}],"curies":[{"name":"wp","href":"https:\/\/api.w.org\/{rel}","templated":true}]}}