{"id":252,"date":"2016-02-05T17:49:35","date_gmt":"2016-02-05T16:49:35","guid":{"rendered":"https:\/\/sites.ffkarate.fr\/loire\/?page_id=252"},"modified":"2016-02-05T17:49:35","modified_gmt":"2016-02-05T16:49:35","slug":"krav-maga","status":"publish","type":"page","link":"https:\/\/sites.ffkarate.fr\/loire\/disciplines-associes\/krav-maga\/","title":{"rendered":"Krav Maga"},"content":{"rendered":"<div class=\"wpb-content-wrapper\"><p>[vc_row][vc_column][vc_column_text]<img decoding=\"async\" class=\"alignnone wp-image-534 size-medium\" src=\"https:\/\/sites.ffkarate.fr\/loire\/wp-content\/uploads\/sites\/64\/2015\/01\/kravmaga_triptyque_part1-175x300.jpg\" alt=\"kravmaga_triptyque_part1\" width=\"175\" height=\"300\" \/>\u00a0 <img decoding=\"async\" class=\"alignnone wp-image-535 size-medium\" src=\"https:\/\/sites.ffkarate.fr\/loire\/wp-content\/uploads\/sites\/64\/2015\/01\/kravmaga_triptyque_part2-175x300.jpg\" alt=\"kravmaga_triptyque_part2\" width=\"175\" height=\"300\" \/>\u00a0\u00a0<img decoding=\"async\" class=\"alignnone wp-image-536 size-medium\" src=\"https:\/\/sites.ffkarate.fr\/loire\/wp-content\/uploads\/sites\/64\/2015\/01\/kravmaga_triptyque_part3-175x300.jpg\" alt=\"kravmaga_triptyque_part3\" width=\"175\" height=\"300\" \/><\/p>\n<p>\u00a9 FFKDA<\/p>\n<p>Le Krav Maga est une <strong>discipline de combat simple, directe, efficace<\/strong>, et accessible \u00e0 toutes les cat\u00e9gories de population. Elle met l\u2019accent sur la gestion du combat, l\u2019analyse de l\u2019environnement, et la pr\u00e9servation de soi en toute circonstance et se compose de deux parties principales :<\/p>\n<ul>\n<li>Le self-d\u00e9fense qui en est la charpente, et qui rassemble des techniques vari\u00e9es permettant de se d\u00e9fendre contre une grande vari\u00e9t\u00e9 d\u2019attaques, arm\u00e9es ou non et de venir rapidement \u00e0 bout d\u2019un ou plusieurs assaillants.<\/li>\n<li>Le combat corps \u00e0 corps qui constitue une phase plus avanc\u00e9e du Krav Maga, et inclut la dimension psychologique du combat (g\u00e9rer le stress, travail \u00e0 plusieurs, les armes\u2026)<\/li>\n<\/ul>\n<p>Elle conna\u00eet aujourd\u2019hui sur la sc\u00e8ne internationale un vif engouement aupr\u00e8s du grand public dans sa version civile.<\/p>\n<p>&nbsp;<\/p>\n<p><em><a href=\"http:\/\/www.ffkarate.fr\/\" target=\"_blank\" rel=\"noopener\">Extrait du site de la F\u00e9d\u00e9ration Fran\u00e7aise de Karat\u00e9<\/a><\/em>[\/vc_column_text][\/vc_column][\/vc_row]<\/p>\n<\/div>","protected":false},"excerpt":{"rendered":"<p>[vc_row][vc_column][vc_column_text]\u00a0 \u00a0\u00a0 \u00a9 FFKDA Le Krav Maga est une discipline de combat simple, directe, efficace, et accessible \u00e0 toutes les cat\u00e9gories de population. Elle met l\u2019accent sur la gestion du combat, l\u2019analyse de l\u2019environnement, et la pr\u00e9servation de soi en toute circonstance et se compose de deux parties principales : Le self-d\u00e9fense qui en est [&hellip;]<\/p>\n","protected":false},"author":111,"featured_media":0,"parent":54,"menu_order":0,"comment_status":"closed","ping_status":"closed","template":"","meta":{"footnotes":""},"class_list":["post-252","page","type-page","status-publish","hentry"],"_links":{"self":[{"href":"https:\/\/sites.ffkarate.fr\/loire\/wp-json\/wp\/v2\/pages\/252","targetHints":{"allow":["GET"]}}],"collection":[{"href":"https:\/\/sites.ffkarate.fr\/loire\/wp-json\/wp\/v2\/pages"}],"about":[{"href":"https:\/\/sites.ffkarate.fr\/loire\/wp-json\/wp\/v2\/types\/page"}],"author":[{"embeddable":true,"href":"https:\/\/sites.ffkarate.fr\/loire\/wp-json\/wp\/v2\/users\/111"}],"replies":[{"embeddable":true,"href":"https:\/\/sites.ffkarate.fr\/loire\/wp-json\/wp\/v2\/comments?post=252"}],"version-history":[{"count":0,"href":"https:\/\/sites.ffkarate.fr\/loire\/wp-json\/wp\/v2\/pages\/252\/revisions"}],"up":[{"embeddable":true,"href":"https:\/\/sites.ffkarate.fr\/loire\/wp-json\/wp\/v2\/pages\/54"}],"wp:attachment":[{"href":"https:\/\/sites.ffkarate.fr\/loire\/wp-json\/wp\/v2\/media?parent=252"}],"curies":[{"name":"wp","href":"https:\/\/api.w.org\/{rel}","templated":true}]}}