{"id":27,"date":"2021-05-07T15:56:14","date_gmt":"2021-05-07T13:56:14","guid":{"rendered":"https:\/\/sites.ffkarate.fr\/loire\/?page_id=27"},"modified":"2025-10-22T11:34:43","modified_gmt":"2025-10-22T09:34:43","slug":"formations","status":"publish","type":"page","link":"https:\/\/sites.ffkarate.fr\/loire\/formations\/","title":{"rendered":"Formations"},"content":{"rendered":"<div class=\"wpb-content-wrapper\"><p>[vc_row][vc_column][vc_single_image image=\u00a0\u00bb366&Prime; img_size=\u00a0\u00bbfull\u00a0\u00bb add_caption=\u00a0\u00bbyes\u00a0\u00bb][vc_empty_space height=\u00a0\u00bb10&Prime;][\/vc_column][\/vc_row][vc_row gap=\u00a0\u00bb15&Prime;][vc_column css_animation=\u00a0\u00bbnone\u00a0\u00bb][vc_column_text]<\/p>\n<h4>Responsable d\u00e9partemental formation<\/h4>\n<p>Alain Bost[\/vc_column_text][vc_column_text]<\/p>\n<h1><span style=\"color: #ff0000\">Attestation F\u00e9d\u00e9rale d\u2019Assistant (AFA)<\/span><\/h1>\n<h2>Objectif<\/h2>\n<p>L\u2019AFA permet de donner une reconnaissance \u00e0 un jeune int\u00e9ress\u00e9 par l\u2019enseignement pour aider et assister un enseignant dipl\u00f4m\u00e9 \u00e0 encadrer des s\u00e9ances de karat\u00e9 et de disciplines associ\u00e9es dans un club affili\u00e9 FFK. Accessible \u00e0 partir de la ceinture marron et de 14 \u00e0 18 ans, cette attestation permet aussi d\u2019inciter des jeunes pratiquants \u00e0 s\u2019impliquer dans la vie associative et elle s\u2019int\u00e8gre donc dans la formation sportive citoyenne.<\/p>\n<h2>Conditions d\u2019acc\u00e8s \u00e0 la formation<\/h2>\n<p>Pour s\u2019inscrire \u00e0 la formation, le candidat doit :<\/p>\n<ul>\n<li>Avoir au minimum la ceinture marron ;<\/li>\n<li>Etre \u00e2g\u00e9 de 14 \u00e0 18 ans ;<\/li>\n<li>Poss\u00e9der au moins deux licences FFK dont celle de la saison en cours.<\/li>\n<\/ul>\n<h2>Organisation\u00a0de la formation<\/h2>\n<p>La formation est organis\u00e9e par votre Comit\u00e9 D\u00e9partemental. Plusieurs formations AFA peuvent \u00eatre organis\u00e9es dans la m\u00eame saison sportive par l\u2019\u00e9quipe de formation de l\u2019Ecole D\u00e9partementale de Formation.<\/p>\n<p>La formation est construite autour de\u00a0<strong>3 blocs de comp\u00e9tences<\/strong>\u00a0:<\/p>\n<ul>\n<li>BC1 \u2013 Enseignement et animation ;<\/li>\n<li>BC2 \u2013 Environnement associatif et f\u00e9d\u00e9ral ;<\/li>\n<li>BC3 \u2013 Participation \u00e0 la vie f\u00e9d\u00e9rale et citoyenne.<\/li>\n<\/ul>\n<p><strong><em>Dur\u00e9e de la formation :\u00a0<\/em><\/strong>8 heures<br \/>\n<strong><em>Tarif :\u00a0<\/em><\/strong>30 \u20ac<\/p>\n<h2>\u00c9valuation et validation<\/h2>\n<p>Pour obtenir l\u2019AFA, il n\u2019y a pas d\u2019\u00e9preuve certificative. Des \u00e9preuves formatives sont organis\u00e9es tout au long de la formation lors des mises en situation pratique. L\u2019AFA est d\u00e9livr\u00e9e par le Comit\u00e9 D\u00e9partemental.<\/p>\n<h2>Orientation vers le DAF<\/h2>\n<p>Le titulaire de l\u2019AFA ne b\u00e9n\u00e9ficie pas d\u2019all\u00e9gement de formation pour le DAF.<\/p>\n<p><a href=\"https:\/\/www.ffkarate.fr\/espace-licencies\/formations\/attestation-federale-assistant-afa\/\" target=\"_blank\" rel=\"noopener\">L\u2019AFA sur le site f\u00e9d\u00e9ral<\/a>[\/vc_column_text][\/vc_column][\/vc_row][vc_row gap=\u00a0\u00bb15&Prime;][vc_column css_animation=\u00a0\u00bbnone\u00a0\u00bb][vc_column_text]<\/p>\n<div class=\"header-article-long header-liste-actualite margin-bottom-30 petit-header\">\n<div class=\"centrer\">\n<div class=\"texte-article\">\n<h1><span style=\"color: #ff0000\">Dipl\u00f4me d\u2019Animateur F\u00e9d\u00e9ral (DAF)<\/span><\/h1>\n<p>&nbsp;<\/p>\n<\/div>\n<\/div>\n<\/div>\n<h2>Objectif<\/h2>\n<p>Le DAF est un dipl\u00f4me assez rapide \u00e0 obtenir, il permet \u00e0 son titulaire d\u2019organiser des entrainements de fa\u00e7on b\u00e9n\u00e9vole au sein des clubs affili\u00e9s FFK et ainsi d\u00e9velopper la pratique du karat\u00e9 et des disciplines associ\u00e9es.<\/p>\n<h2>Conditions d\u2019acc\u00e8s \u00e0 la formation<\/h2>\n<p>Pour s\u2019inscrire \u00e0 la formation, le candidat doit :<\/p>\n<ul>\n<li>Etre \u00e2g\u00e9 de 18 ans minimum ;<\/li>\n<li>Etre ceinture noire 1er Dan minimum ;<\/li>\n<li>Avoir la licence FFK de la saison sportive en cours ;<\/li>\n<li>Poss\u00e9der un dipl\u00f4me de secourisme ou \u00e9quivalent.<\/li>\n<\/ul>\n<h2>Organisation\u00a0de la formation<\/h2>\n<p>La formation est organis\u00e9e par le Responsable D\u00e9partemental sous l\u2019autorit\u00e9 du pr\u00e9sident du Comit\u00e9 D\u00e9partemental.<br \/>\nLe seul mode d\u2019acc\u00e8s possible est la participation en pr\u00e9sentiel \u00e0 la formation.<\/p>\n<p>La formation est construite autour de\u00a0<strong>3 blocs de comp\u00e9tences<\/strong>\u00a0:<\/p>\n<ul>\n<li>BC1 \u2013 Enseignement et animation ;<\/li>\n<li>BC2 \u2013 Environnement associatif et f\u00e9d\u00e9ral ;<\/li>\n<li>BC3 \u2013 Participation \u00e0 la vie f\u00e9d\u00e9rale et citoyenne.<\/li>\n<\/ul>\n<p>La formation s\u2019articule en 3 temps :<\/p>\n<ul>\n<li>Une pr\u00e9formation de 12h (travaux en amont \u00e0 partir de fiches th\u00e9matiques impos\u00e9es par le Responsable D\u00e9partemental de Formation) ;<\/li>\n<li>Un pr\u00e9sentiel en Ecole D\u00e9partementale de Formation de 15h ;<\/li>\n<li>Un pr\u00e9sentiel lors des participations f\u00e9d\u00e9rales de 10h.<\/li>\n<\/ul>\n<p>N\u00e9anmoins, le 3\u00e8me temps (pr\u00e9sentiel lors des manifestations d\u00e9partementales) pourra \u00eatre commenc\u00e9 avant la fin des stages en \u00e9cole de formation si cela est possible.<br \/>\nAucun dipl\u00f4me ne peut \u00eatre propos\u00e9 \u00e0 validation et d\u00e9cern\u00e9 tant que tous les temps de formation n\u2019ont pas \u00e9t\u00e9 effectu\u00e9s.<\/p>\n<p><strong><em>Dur\u00e9e :<\/em><\/strong>\u00a041 heures \u00e9valuation comprise dont 15 heures minimum de participation associative.<br \/>\n<strong><em>Tarif :<\/em><\/strong>\u00a0100 \u20ac<\/p>\n<p><em>Le DAF ne peut \u00eatre obtenu par la Validation des Acquis de l\u2019Exp\u00e9rience.<\/em><\/p>\n<h2>\u00c9valuation et validation<\/h2>\n<p>Afin d\u2019obtenir le DAF, le candidat doit respecter int\u00e9gralement les temps de formation et obtenir la validation des 3 UF. Suite \u00e0 l\u2019\u00e9valuation, le candidat est d\u00e9clar\u00e9 admis ou non admis dans chacune des UF, il n\u2019y a pas de notation. Le candidat non admis peut se repr\u00e9senter, durant une m\u00eame saison sportive.<\/p>\n<p>Le bordereau des r\u00e9sultats (complet et \u00e0 jour) est envoy\u00e9 \u00e0 la FFKDA qui \u00e9tablit les dipl\u00f4mes.<\/p>\n<p>Les r\u00e9sultats sont archiv\u00e9s au Comit\u00e9 D\u00e9partemental et \u00e0 la F\u00e9d\u00e9ration.<\/p>\n<h2>Orientation vers le DIF<\/h2>\n<p>Poursuivre la formation en direction du DIF est fortement conseill\u00e9 pour avoir une cr\u00e9dibilit\u00e9 plus forte et pour pouvoir d\u00e9velopper un club de fa\u00e7on durable. Les all\u00e9gements que permet le DAF encourage en ce sens.<\/p>\n<p><a href=\"https:\/\/www.ffkarate.fr\/espace-licencies\/formations\/diplome-animateur-federal-daf\/\" target=\"_blank\" rel=\"noopener\">Le DAF sur le site f\u00e9d\u00e9ral<\/a>[\/vc_column_text][vc_column_text]<\/p>\n<h1><span style=\"color: #ff0000\">Dipl\u00f4me d\u2019Instructeur F\u00e9d\u00e9ral (DIF)<\/span><\/h1>\n<h2>Objectif<\/h2>\n<p>Le DIF est le niveau avanc\u00e9 de qualification pour l\u2019enseignement b\u00e9n\u00e9vole du karat\u00e9 et des disciplines associ\u00e9es, dans tout club affili\u00e9 \u00e0 la FFK. Il permet de diversifier les activit\u00e9s par rapport aux diff\u00e9rents publics d\u2019un club (Enfants, adolescents, adultes et seniors) et de mieux leur assurer le d\u00e9veloppement \u00e0 long terme.<br \/>\nLe DIF est directement accessible, sans pour autant passer par le DAF.<br \/>\nLe DIF permet l\u2019acquisition de points de bonification de grades et au coach A n\u2019ayant pas les pr\u00e9requis mais n\u00e9anmoins engag\u00e9 dans le processus de formation du DIF et participant au meeting et formation nationale des coaches peut \u00eatre dispens\u00e9 d\u2019un stage au choix de la partie sp\u00e9cifique du DIF.<\/p>\n<h2>Conditions d\u2019acc\u00e8s \u00e0 la formation<\/h2>\n<p>Pour s\u2019inscrire \u00e0 la formation, le candidat doit :<\/p>\n<ul>\n<li>Etre \u00e2g\u00e9 de 18 ans minimum ;<\/li>\n<li>Etre ceinture noire 1<sup>er<\/sup>\u00a0Dan, Duan ou Dang minimum ;<\/li>\n<li>Poss\u00e9der la licence FFK pour la saison sportive en cours ;<\/li>\n<li>Poss\u00e9der un dipl\u00f4me de secourisme ou \u00e9quivalent.<\/li>\n<\/ul>\n<h2>Organisation\u00a0de la formation<\/h2>\n<p>La formation DIF est organis\u00e9e par le Comit\u00e9 D\u00e9partemental. Le candidat au DIF doit suivre la formation dans le Comit\u00e9 D\u00e9partemental o\u00f9 il est licenci\u00e9.<\/p>\n<p>La formation est organis\u00e9e par le Responsable D\u00e9partemental sous l\u2019autorit\u00e9 du pr\u00e9sident du\u00a0Comit\u00e9 D\u00e9partemental.<\/p>\n<p>La formation est construite autour de\u00a0<strong>3 blocs de comp\u00e9tences<\/strong>\u00a0:<\/p>\n<ul>\n<li>BC1 : Enseignement et animation ;<\/li>\n<li>BC2 : Environnement associatif et f\u00e9d\u00e9ral ;<\/li>\n<li>BC3 : Participation \u00e0 la vie f\u00e9d\u00e9rale et citoyenne.<\/li>\n<\/ul>\n<p>Le seul mode d\u2019acc\u00e8s possible est la participation en pr\u00e9sentiel \u00e0 la formation.<\/p>\n<p>La formation s\u2019articule 4 temps :<\/p>\n<ul>\n<li>Une pr\u00e9formation de 12h (travaux en amont \u00e0 partir de fiches th\u00e9matiques impos\u00e9es par le Responsable D\u00e9partemental de Formation) ;<\/li>\n<li>Un pr\u00e9sentiel en Ecole D\u00e9partementale de Formation de 28h ;<\/li>\n<li>Un pr\u00e9sentiel lors des participations f\u00e9d\u00e9rales de 15h ;<\/li>\n<li>Une formation en club de 30 heures.<\/li>\n<\/ul>\n<p><strong><em>Dur\u00e9e :<\/em><\/strong>\u00a085h<br \/>\n<em><strong>Co\u00fbt :<\/strong><\/em>\u00a0250 \u20ac<\/p>\n<p>L\u2019obtention du DAF permet un all\u00e8gement de 41 heures :<\/p>\n<ul>\n<li>la pr\u00e9formation de 12h (travaux en amont \u00e0 partir de fiches th\u00e9matiques impos\u00e9es par le Responsable D\u00e9partemental de Formation) ;<\/li>\n<li>le pr\u00e9sentiel en Ecole D\u00e9partementale de Formation de 14h ;<\/li>\n<li>le pr\u00e9sentiel lors des participations f\u00e9d\u00e9rales de 15h.<\/li>\n<\/ul>\n<p><em><strong>Soit une dur\u00e9e :<\/strong><\/em>\u00a044h (pour les stagiaires en possession du DAF)<br \/>\n<em><strong>Co\u00fbt :<\/strong>\u00a0<\/em>150 \u20ac (pour les stagiaires en possession du DAF)<\/p>\n<p><em>Le DIF ne peut \u00eatre obtenu par la Validation des Acquis de l\u2019Exp\u00e9rience.<\/em><\/p>\n<h2>\u00c9valuation et validation<\/h2>\n<p>Afin d\u2019obtenir le DIF, le candidat doit respecter int\u00e9gralement les temps de formation et obtenir la validation des 3 BC. Suite \u00e0 l\u2019\u00e9valuation, le candidat est d\u00e9clar\u00e9 admis ou non admis dans chacun des BC, il n\u2019y a pas de notation. Le candidat non admis peut se repr\u00e9senter, durant une m\u00eame saison sportive.<\/p>\n<p>Le bordereau des r\u00e9sultats (complet et \u00e0 jour) est envoy\u00e9 \u00e0 la FFK qui \u00e9tablit les dipl\u00f4mes.<br \/>\nLes r\u00e9sultats sont archiv\u00e9s au Comit\u00e9 D\u00e9partemental et \u00e0 la F\u00e9d\u00e9ration.<\/p>\n<p>&nbsp;<\/p>\n<h2>R\u00e8glement des formations<\/h2>\n<p>[\/vc_column_text][ffk_buttons buttons=\u00a0\u00bb%5B%7B%22link%22%3A%22url%3Ahttps%253A%252F%252Fwww.ffkarate.fr%252Fwp-content%252Fuploads%252F2020%252F09%252FReglement-des-formations-20202021-LICENCIES-VERSION-FINALE.pdf%7Ctitle%3AR%25C3%25A8glement%2520des%2520formations%22%7D%5D\u00a0\u00bb][\/vc_column][\/vc_row][vc_row][vc_column][ffk_postgrid category=\u00a0\u00bb12&Prime;][\/vc_column][\/vc_row]<\/p>\n<\/div>","protected":false},"excerpt":{"rendered":"<p>La formation AFA\/DAF pour le d\u00e9partement de la Gironde se d\u00e9roulera les 09 et 10\/01\/2021 au Gymnase \u00e0 VERAC (33).<\/p>\n","protected":false},"author":1,"featured_media":0,"parent":0,"menu_order":0,"comment_status":"closed","ping_status":"closed","template":"","meta":{"footnotes":""},"class_list":["post-27","page","type-page","status-publish","hentry"],"_links":{"self":[{"href":"https:\/\/sites.ffkarate.fr\/loire\/wp-json\/wp\/v2\/pages\/27","targetHints":{"allow":["GET"]}}],"collection":[{"href":"https:\/\/sites.ffkarate.fr\/loire\/wp-json\/wp\/v2\/pages"}],"about":[{"href":"https:\/\/sites.ffkarate.fr\/loire\/wp-json\/wp\/v2\/types\/page"}],"author":[{"embeddable":true,"href":"https:\/\/sites.ffkarate.fr\/loire\/wp-json\/wp\/v2\/users\/1"}],"replies":[{"embeddable":true,"href":"https:\/\/sites.ffkarate.fr\/loire\/wp-json\/wp\/v2\/comments?post=27"}],"version-history":[{"count":13,"href":"https:\/\/sites.ffkarate.fr\/loire\/wp-json\/wp\/v2\/pages\/27\/revisions"}],"predecessor-version":[{"id":2848,"href":"https:\/\/sites.ffkarate.fr\/loire\/wp-json\/wp\/v2\/pages\/27\/revisions\/2848"}],"wp:attachment":[{"href":"https:\/\/sites.ffkarate.fr\/loire\/wp-json\/wp\/v2\/media?parent=27"}],"curies":[{"name":"wp","href":"https:\/\/api.w.org\/{rel}","templated":true}]}}